{"id":67166,"date":"2024-03-10T12:46:43","date_gmt":"2024-03-10T12:46:43","guid":{"rendered":"https:\/\/madame-sensuelle.eu\/?post_type=product&#038;p=67166"},"modified":"2026-04-07T02:23:47","modified_gmt":"2026-04-07T02:23:47","slug":"le-petit-secret-gift-box-culotte-tanga-ouvrable-noir-l-1","status":"publish","type":"product","link":"https:\/\/madame-sensuelle.paris\/fr\/product\/le-petit-secret-gift-box-culotte-tanga-ouvrable-noir-l-1\/","title":{"rendered":"LE PETIT SECRET (Gift box) &#8211; TANGA OUVRABLE"},"content":{"rendered":"<p>Laissez-vous s\u00e9duire par le tanga ouvrable Le Petit Secret, pr\u00e9sent\u00e9 dans une \u00e9l\u00e9gante bo\u00eete cadeau.<\/p>\n<ul>\n<li>Pi\u00e8ce raffin\u00e9e et sulfureuse, il habille vos courbes avec des lani\u00e8res fines et minimalistes, tout en r\u00e9v\u00e9lant subtilement la peau.<\/li>\n<li>Son syst\u00e8me ouvrable \u00e0 l\u2019entrejambe promet une exp\u00e9rience pleine de surprise et de sensualit\u00e9.<\/li>\n<li>Extensible et r\u00e9glable, il \u00e9pouse la silhouette avec d\u00e9licatesse et assure un confort l\u00e9ger.<\/li>\n<li>Plus qu\u2019un simple dessous, ce tanga devient un jeu de s\u00e9duction irr\u00e9sistible.<\/li>\n<\/ul>\n<p>Un bijou de lingerie pens\u00e9 pour \u00e9veiller le d\u00e9sir et \u00e9lectriser vos moments les plus intimes.<\/p>\n","protected":false},"excerpt":{"rendered":"<p>Laissez-vous s\u00e9duire par le tanga ouvrable Le Petit Secret, pr\u00e9sent\u00e9 dans une \u00e9l\u00e9gante bo\u00eete cadeau. Pi\u00e8ce raffin\u00e9e et sulfureuse, il habille vos courbes avec des lani\u00e8res fines et minimalistes, tout en r\u00e9v\u00e9lant subtilement la peau. Son syst\u00e8me ouvrable \u00e0 l\u2019entrejambe promet une exp\u00e9rience pleine de surprise et de sensualit\u00e9. Extensible et r\u00e9glable, il \u00e9pouse la<\/p>\n","protected":false},"featured_media":124977,"template":"","meta":[],"pwb-brand":[2776],"product_brand":[],"product_cat":[1234,1270,1216,1245,1231],"product_tag":[],"giftcard-category":[],"class_list":{"0":"post-67166","1":"product","2":"type-product","3":"status-publish","4":"has-post-thumbnail","6":"pwb-brand-maison-close","7":"product_cat-string-ouvert","8":"product_cat-culottes-sexy","9":"product_cat-idees-cadeaux","10":"product_cat-lingerie-sexy-femme-erotique-et-glamour","11":"product_cat-string","12":"pa_collection-le-petit-secret-gift-box-fr","14":"first","15":"instock","16":"taxable","17":"shipping-taxable","18":"purchasable","19":"product-type-variable","20":"has-default-attributes"},"yoast_head":"<!-- This site is optimized with the Yoast SEO plugin v27.4 - https:\/\/yoast.com\/product\/yoast-seo-wordpress\/ -->\n<title>LE PETIT SECRET (Gift box) - TANGA OUVRABLE - Madame Sensuelle<\/title>\n<meta name=\"description\" content=\"Offrez-vous le magnifique Tanga ouvrable. \u00c9l\u00e9gant, r\u00e9glable et incroyablement sensuel, il transforme chaque instant en une invitation au plaisir. Osez l\u2019essayer d\u00e8s maintenant.\" \/>\n<meta name=\"robots\" content=\"index, follow, max-snippet:-1, max-image-preview:large, max-video-preview:-1\" \/>\n<link rel=\"canonical\" href=\"https:\/\/madame-sensuelle.paris\/fr\/product\/le-petit-secret-gift-box-culotte-tanga-ouvrable-noir-l-1\/\" \/>\n<meta property=\"og:locale\" content=\"fr_FR\" \/>\n<meta property=\"og:type\" content=\"article\" \/>\n<meta property=\"og:title\" content=\"LE PETIT SECRET (Gift box) - TANGA OUVRABLE - Madame Sensuelle\" \/>\n<meta property=\"og:description\" content=\"Offrez-vous le magnifique Tanga ouvrable. \u00c9l\u00e9gant, r\u00e9glable et incroyablement sensuel, il transforme chaque instant en une invitation au plaisir. Osez l\u2019essayer d\u00e8s maintenant.\" \/>\n<meta property=\"og:url\" content=\"https:\/\/madame-sensuelle.paris\/fr\/product\/le-petit-secret-gift-box-culotte-tanga-ouvrable-noir-l-1\/\" \/>\n<meta property=\"og:site_name\" content=\"Madame Sensuelle\" \/>\n<meta property=\"article:publisher\" content=\"https:\/\/www.facebook.com\/madamesensuelle\" \/>\n<meta property=\"article:modified_time\" content=\"2026-04-07T02:23:47+00:00\" \/>\n<meta property=\"og:image\" content=\"http:\/\/madame-sensuelle.paris\/wp-content\/uploads\/2024\/03\/609964_petit_secret_dentelle_004885-scaled.jpg\" \/>\n\t<meta property=\"og:image:width\" content=\"1707\" \/>\n\t<meta property=\"og:image:height\" content=\"2560\" \/>\n\t<meta property=\"og:image:type\" content=\"image\/jpeg\" \/>\n<meta name=\"twitter:card\" content=\"summary_large_image\" \/>\n<meta name=\"twitter:label1\" content=\"Dur\u00e9e de lecture estim\u00e9e\" \/>\n\t<meta name=\"twitter:data1\" content=\"1 minute\" \/>\n<script type=\"application\/ld+json\" class=\"yoast-schema-graph\">{\"@context\":\"https:\\\/\\\/schema.org\",\"@graph\":[{\"@type\":\"WebPage\",\"@id\":\"https:\\\/\\\/madame-sensuelle.paris\\\/fr\\\/product\\\/le-petit-secret-gift-box-culotte-tanga-ouvrable-noir-l-1\\\/\",\"url\":\"https:\\\/\\\/madame-sensuelle.paris\\\/fr\\\/product\\\/le-petit-secret-gift-box-culotte-tanga-ouvrable-noir-l-1\\\/\",\"name\":\"LE PETIT SECRET (Gift box) - TANGA OUVRABLE - Madame Sensuelle\",\"isPartOf\":{\"@id\":\"https:\\\/\\\/madame-sensuelle.paris\\\/fr\\\/#website\"},\"primaryImageOfPage\":{\"@id\":\"https:\\\/\\\/madame-sensuelle.paris\\\/fr\\\/product\\\/le-petit-secret-gift-box-culotte-tanga-ouvrable-noir-l-1\\\/#primaryimage\"},\"image\":{\"@id\":\"https:\\\/\\\/madame-sensuelle.paris\\\/fr\\\/product\\\/le-petit-secret-gift-box-culotte-tanga-ouvrable-noir-l-1\\\/#primaryimage\"},\"thumbnailUrl\":\"https:\\\/\\\/madame-sensuelle.paris\\\/wp-content\\\/uploads\\\/2024\\\/03\\\/609964_petit_secret_dentelle_004885-scaled.jpg\",\"datePublished\":\"2024-03-10T12:46:43+00:00\",\"dateModified\":\"2026-04-07T02:23:47+00:00\",\"description\":\"Offrez-vous le magnifique Tanga ouvrable. \u00c9l\u00e9gant, r\u00e9glable et incroyablement sensuel, il transforme chaque instant en une invitation au plaisir. Osez l\u2019essayer d\u00e8s maintenant.\",\"breadcrumb\":{\"@id\":\"https:\\\/\\\/madame-sensuelle.paris\\\/fr\\\/product\\\/le-petit-secret-gift-box-culotte-tanga-ouvrable-noir-l-1\\\/#breadcrumb\"},\"inLanguage\":\"fr-FR\",\"potentialAction\":[{\"@type\":\"ReadAction\",\"target\":[\"https:\\\/\\\/madame-sensuelle.paris\\\/fr\\\/product\\\/le-petit-secret-gift-box-culotte-tanga-ouvrable-noir-l-1\\\/\"]}]},{\"@type\":\"ImageObject\",\"inLanguage\":\"fr-FR\",\"@id\":\"https:\\\/\\\/madame-sensuelle.paris\\\/fr\\\/product\\\/le-petit-secret-gift-box-culotte-tanga-ouvrable-noir-l-1\\\/#primaryimage\",\"url\":\"https:\\\/\\\/madame-sensuelle.paris\\\/wp-content\\\/uploads\\\/2024\\\/03\\\/609964_petit_secret_dentelle_004885-scaled.jpg\",\"contentUrl\":\"https:\\\/\\\/madame-sensuelle.paris\\\/wp-content\\\/uploads\\\/2024\\\/03\\\/609964_petit_secret_dentelle_004885-scaled.jpg\",\"width\":1707,\"height\":2560},{\"@type\":\"BreadcrumbList\",\"@id\":\"https:\\\/\\\/madame-sensuelle.paris\\\/fr\\\/product\\\/le-petit-secret-gift-box-culotte-tanga-ouvrable-noir-l-1\\\/#breadcrumb\",\"itemListElement\":[{\"@type\":\"ListItem\",\"position\":1,\"name\":\"Acceuil\",\"item\":\"https:\\\/\\\/madame-sensuelle.paris\\\/fr\\\/\"},{\"@type\":\"ListItem\",\"position\":2,\"name\":\"Catalogue\",\"item\":\"https:\\\/\\\/madame-sensuelle.paris\\\/fr\\\/catalogue\\\/\"},{\"@type\":\"ListItem\",\"position\":3,\"name\":\"MAISON CLOSE\",\"item\":\"https:\\\/\\\/madame-sensuelle.paris\\\/fr\\\/brand\\\/maison-close\\\/\"},{\"@type\":\"ListItem\",\"position\":4,\"name\":\"LE PETIT SECRET (Gift box) &#8211; TANGA OUVRABLE\"}]},{\"@type\":\"WebSite\",\"@id\":\"https:\\\/\\\/madame-sensuelle.paris\\\/fr\\\/#website\",\"url\":\"https:\\\/\\\/madame-sensuelle.paris\\\/fr\\\/\",\"name\":\"MADAME SENSUELLE\",\"description\":\"MADAME SENSUELLE: Found the biggest exciting brands of chic &amp; SEXY LINGERIE in Paris Boutique and on the WEB: Aubade, Dita Von Teese, Maison Close, Marjolaine, Bluebella, Atelier Amour, Luxxa, Catanzaro, Gracija Rim. You will found the big pleasure of sexy belt or bra make for you\",\"publisher\":{\"@id\":\"https:\\\/\\\/madame-sensuelle.paris\\\/fr\\\/#organization\"},\"potentialAction\":[{\"@type\":\"SearchAction\",\"target\":{\"@type\":\"EntryPoint\",\"urlTemplate\":\"https:\\\/\\\/madame-sensuelle.paris\\\/fr\\\/?s={search_term_string}\"},\"query-input\":{\"@type\":\"PropertyValueSpecification\",\"valueRequired\":true,\"valueName\":\"search_term_string\"}}],\"inLanguage\":\"fr-FR\"},{\"@type\":\"Organization\",\"@id\":\"https:\\\/\\\/madame-sensuelle.paris\\\/fr\\\/#organization\",\"name\":\"Madame Sensuelle\",\"url\":\"https:\\\/\\\/madame-sensuelle.paris\\\/fr\\\/\",\"logo\":{\"@type\":\"ImageObject\",\"inLanguage\":\"fr-FR\",\"@id\":\"https:\\\/\\\/madame-sensuelle.paris\\\/fr\\\/#\\\/schema\\\/logo\\\/image\\\/\",\"url\":\"https:\\\/\\\/madame-sensuelle.paris\\\/wp-content\\\/uploads\\\/2024\\\/12\\\/logo_a-1-1_696.webp\",\"contentUrl\":\"https:\\\/\\\/madame-sensuelle.paris\\\/wp-content\\\/uploads\\\/2024\\\/12\\\/logo_a-1-1_696.webp\",\"width\":696,\"height\":696,\"caption\":\"Madame Sensuelle\"},\"image\":{\"@id\":\"https:\\\/\\\/madame-sensuelle.paris\\\/fr\\\/#\\\/schema\\\/logo\\\/image\\\/\"},\"sameAs\":[\"https:\\\/\\\/www.facebook.com\\\/madamesensuelle\",\"https:\\\/\\\/www.instagram.com\\\/madame_sensuelle\\\/\"]}]}<\/script>\n<!-- \/ Yoast SEO plugin. -->","yoast_head_json":{"title":"LE PETIT SECRET (Gift box) - TANGA OUVRABLE - Madame Sensuelle","description":"Offrez-vous le magnifique Tanga ouvrable. \u00c9l\u00e9gant, r\u00e9glable et incroyablement sensuel, il transforme chaque instant en une invitation au plaisir. Osez l\u2019essayer d\u00e8s maintenant.","robots":{"index":"index","follow":"follow","max-snippet":"max-snippet:-1","max-image-preview":"max-image-preview:large","max-video-preview":"max-video-preview:-1"},"canonical":"https:\/\/madame-sensuelle.paris\/fr\/product\/le-petit-secret-gift-box-culotte-tanga-ouvrable-noir-l-1\/","og_locale":"fr_FR","og_type":"article","og_title":"LE PETIT SECRET (Gift box) - TANGA OUVRABLE - Madame Sensuelle","og_description":"Offrez-vous le magnifique Tanga ouvrable. \u00c9l\u00e9gant, r\u00e9glable et incroyablement sensuel, il transforme chaque instant en une invitation au plaisir. Osez l\u2019essayer d\u00e8s maintenant.","og_url":"https:\/\/madame-sensuelle.paris\/fr\/product\/le-petit-secret-gift-box-culotte-tanga-ouvrable-noir-l-1\/","og_site_name":"Madame Sensuelle","article_publisher":"https:\/\/www.facebook.com\/madamesensuelle","article_modified_time":"2026-04-07T02:23:47+00:00","og_image":[{"width":1707,"height":2560,"url":"http:\/\/madame-sensuelle.paris\/wp-content\/uploads\/2024\/03\/609964_petit_secret_dentelle_004885-scaled.jpg","type":"image\/jpeg"}],"twitter_card":"summary_large_image","twitter_misc":{"Dur\u00e9e de lecture estim\u00e9e":"1 minute"},"schema":{"@context":"https:\/\/schema.org","@graph":[{"@type":"WebPage","@id":"https:\/\/madame-sensuelle.paris\/fr\/product\/le-petit-secret-gift-box-culotte-tanga-ouvrable-noir-l-1\/","url":"https:\/\/madame-sensuelle.paris\/fr\/product\/le-petit-secret-gift-box-culotte-tanga-ouvrable-noir-l-1\/","name":"LE PETIT SECRET (Gift box) - TANGA OUVRABLE - Madame Sensuelle","isPartOf":{"@id":"https:\/\/madame-sensuelle.paris\/fr\/#website"},"primaryImageOfPage":{"@id":"https:\/\/madame-sensuelle.paris\/fr\/product\/le-petit-secret-gift-box-culotte-tanga-ouvrable-noir-l-1\/#primaryimage"},"image":{"@id":"https:\/\/madame-sensuelle.paris\/fr\/product\/le-petit-secret-gift-box-culotte-tanga-ouvrable-noir-l-1\/#primaryimage"},"thumbnailUrl":"https:\/\/madame-sensuelle.paris\/wp-content\/uploads\/2024\/03\/609964_petit_secret_dentelle_004885-scaled.jpg","datePublished":"2024-03-10T12:46:43+00:00","dateModified":"2026-04-07T02:23:47+00:00","description":"Offrez-vous le magnifique Tanga ouvrable. \u00c9l\u00e9gant, r\u00e9glable et incroyablement sensuel, il transforme chaque instant en une invitation au plaisir. Osez l\u2019essayer d\u00e8s maintenant.","breadcrumb":{"@id":"https:\/\/madame-sensuelle.paris\/fr\/product\/le-petit-secret-gift-box-culotte-tanga-ouvrable-noir-l-1\/#breadcrumb"},"inLanguage":"fr-FR","potentialAction":[{"@type":"ReadAction","target":["https:\/\/madame-sensuelle.paris\/fr\/product\/le-petit-secret-gift-box-culotte-tanga-ouvrable-noir-l-1\/"]}]},{"@type":"ImageObject","inLanguage":"fr-FR","@id":"https:\/\/madame-sensuelle.paris\/fr\/product\/le-petit-secret-gift-box-culotte-tanga-ouvrable-noir-l-1\/#primaryimage","url":"https:\/\/madame-sensuelle.paris\/wp-content\/uploads\/2024\/03\/609964_petit_secret_dentelle_004885-scaled.jpg","contentUrl":"https:\/\/madame-sensuelle.paris\/wp-content\/uploads\/2024\/03\/609964_petit_secret_dentelle_004885-scaled.jpg","width":1707,"height":2560},{"@type":"BreadcrumbList","@id":"https:\/\/madame-sensuelle.paris\/fr\/product\/le-petit-secret-gift-box-culotte-tanga-ouvrable-noir-l-1\/#breadcrumb","itemListElement":[{"@type":"ListItem","position":1,"name":"Acceuil","item":"https:\/\/madame-sensuelle.paris\/fr\/"},{"@type":"ListItem","position":2,"name":"Catalogue","item":"https:\/\/madame-sensuelle.paris\/fr\/catalogue\/"},{"@type":"ListItem","position":3,"name":"MAISON CLOSE","item":"https:\/\/madame-sensuelle.paris\/fr\/brand\/maison-close\/"},{"@type":"ListItem","position":4,"name":"LE PETIT SECRET (Gift box) &#8211; TANGA OUVRABLE"}]},{"@type":"WebSite","@id":"https:\/\/madame-sensuelle.paris\/fr\/#website","url":"https:\/\/madame-sensuelle.paris\/fr\/","name":"MADAME SENSUELLE","description":"MADAME SENSUELLE: Found the biggest exciting brands of chic &amp; SEXY LINGERIE in Paris Boutique and on the WEB: Aubade, Dita Von Teese, Maison Close, Marjolaine, Bluebella, Atelier Amour, Luxxa, Catanzaro, Gracija Rim. You will found the big pleasure of sexy belt or bra make for you","publisher":{"@id":"https:\/\/madame-sensuelle.paris\/fr\/#organization"},"potentialAction":[{"@type":"SearchAction","target":{"@type":"EntryPoint","urlTemplate":"https:\/\/madame-sensuelle.paris\/fr\/?s={search_term_string}"},"query-input":{"@type":"PropertyValueSpecification","valueRequired":true,"valueName":"search_term_string"}}],"inLanguage":"fr-FR"},{"@type":"Organization","@id":"https:\/\/madame-sensuelle.paris\/fr\/#organization","name":"Madame Sensuelle","url":"https:\/\/madame-sensuelle.paris\/fr\/","logo":{"@type":"ImageObject","inLanguage":"fr-FR","@id":"https:\/\/madame-sensuelle.paris\/fr\/#\/schema\/logo\/image\/","url":"https:\/\/madame-sensuelle.paris\/wp-content\/uploads\/2024\/12\/logo_a-1-1_696.webp","contentUrl":"https:\/\/madame-sensuelle.paris\/wp-content\/uploads\/2024\/12\/logo_a-1-1_696.webp","width":696,"height":696,"caption":"Madame Sensuelle"},"image":{"@id":"https:\/\/madame-sensuelle.paris\/fr\/#\/schema\/logo\/image\/"},"sameAs":["https:\/\/www.facebook.com\/madamesensuelle","https:\/\/www.instagram.com\/madame_sensuelle\/"]}]}},"brands":[{"id":2776,"name":"MAISON CLOSE","slug":"maison-close"}],"_links":{"self":[{"href":"https:\/\/madame-sensuelle.paris\/fr\/wp-json\/wp\/v2\/product\/67166","targetHints":{"allow":["GET"]}}],"collection":[{"href":"https:\/\/madame-sensuelle.paris\/fr\/wp-json\/wp\/v2\/product"}],"about":[{"href":"https:\/\/madame-sensuelle.paris\/fr\/wp-json\/wp\/v2\/types\/product"}],"version-history":[{"count":1,"href":"https:\/\/madame-sensuelle.paris\/fr\/wp-json\/wp\/v2\/product\/67166\/revisions"}],"predecessor-version":[{"id":122645,"href":"https:\/\/madame-sensuelle.paris\/fr\/wp-json\/wp\/v2\/product\/67166\/revisions\/122645"}],"wp:featuredmedia":[{"embeddable":true,"href":"https:\/\/madame-sensuelle.paris\/fr\/wp-json\/wp\/v2\/media\/124977"}],"wp:attachment":[{"href":"https:\/\/madame-sensuelle.paris\/fr\/wp-json\/wp\/v2\/media?parent=67166"}],"wp:term":[{"taxonomy":"pwb-brand","embeddable":true,"href":"https:\/\/madame-sensuelle.paris\/fr\/wp-json\/wp\/v2\/pwb-brand?post=67166"},{"taxonomy":"product_brand","embeddable":true,"href":"https:\/\/madame-sensuelle.paris\/fr\/wp-json\/wp\/v2\/product_brand?post=67166"},{"taxonomy":"product_cat","embeddable":true,"href":"https:\/\/madame-sensuelle.paris\/fr\/wp-json\/wp\/v2\/product_cat?post=67166"},{"taxonomy":"product_tag","embeddable":true,"href":"https:\/\/madame-sensuelle.paris\/fr\/wp-json\/wp\/v2\/product_tag?post=67166"},{"taxonomy":"giftcard-category","embeddable":true,"href":"https:\/\/madame-sensuelle.paris\/fr\/wp-json\/wp\/v2\/giftcard-category?post=67166"}],"curies":[{"name":"wp","href":"https:\/\/api.w.org\/{rel}","templated":true}]}}