{"id":67169,"date":"2024-03-10T12:46:43","date_gmt":"2024-03-10T12:46:43","guid":{"rendered":"https:\/\/madame-sensuelle.eu\/?post_type=product&#038;p=67169"},"modified":"2026-04-11T15:39:20","modified_gmt":"2026-04-11T15:39:20","slug":"le-petit-secret-gift-box-porte-jarretelles-menotte-noir","status":"publish","type":"product","link":"https:\/\/madame-sensuelle.paris\/fr\/product\/le-petit-secret-gift-box-porte-jarretelles-menotte-noir\/","title":{"rendered":"Le Petit Secret (Gift Box) &#8211; Porte-Jarretelles Menotte &#8211; Noir"},"content":{"rendered":"<p data-start=\"210\" data-end=\"430\">Laissez-vous s\u00e9duire par le porte-jarretelles menotte <em data-start=\"264\" data-end=\"281\">Le Petit Secret<\/em>, pr\u00e9sent\u00e9 dans un luxueux coffret cadeau.<\/p>\n<ul>\n<li data-start=\"210\" data-end=\"430\">Ses lani\u00e8res fines et \u00e9l\u00e9gantes subliment la silhouette et enveloppent la peau d\u2019un voile de sensualit\u00e9.<\/li>\n<li data-start=\"432\" data-end=\"635\">Les jarretelles ajustables valorisent vos jambes avec raffinement.<\/li>\n<li data-start=\"432\" data-end=\"635\">Le d\u00e9tail menotte ajoute une touche espi\u00e8gle et r\u00e9solument suggestive. Extensible et confortable, il \u00e9pouse vos courbes avec l\u00e9g\u00e8ret\u00e9.<\/li>\n<\/ul>\n<p data-start=\"637\" data-end=\"793\">Plus qu\u2019un simple dessous, ce porte-jarretelles devient l\u2019accessoire ultime de la tentation. Il \u00e9veille le d\u00e9sir et pimente vos instants les plus intimes.<\/p>\n","protected":false},"excerpt":{"rendered":"<p>Laissez-vous s\u00e9duire par le porte-jarretelles menotte Le Petit Secret, pr\u00e9sent\u00e9 dans un luxueux coffret cadeau. Ses lani\u00e8res fines et \u00e9l\u00e9gantes subliment la silhouette et enveloppent la peau d\u2019un voile de sensualit\u00e9. Les jarretelles ajustables valorisent vos jambes avec raffinement. Le d\u00e9tail menotte ajoute une touche espi\u00e8gle et r\u00e9solument suggestive. Extensible et confortable, il \u00e9pouse vos<\/p>\n","protected":false},"featured_media":104742,"template":"","meta":[],"pwb-brand":[2776],"product_brand":[],"product_cat":[1216,1245,2463],"product_tag":[],"giftcard-category":[],"class_list":{"0":"post-67169","1":"product","2":"type-product","3":"status-publish","4":"has-post-thumbnail","6":"pwb-brand-maison-close","7":"product_cat-idees-cadeaux","8":"product_cat-lingerie-sexy-femme-erotique-et-glamour","9":"product_cat-porte-jarretelle-sexy-et-serre-tailles-sexy-lingerie","10":"pa_collection-le-petit-secret-fr","12":"first","13":"instock","14":"taxable","15":"shipping-taxable","16":"purchasable","17":"product-type-variable","18":"has-default-attributes"},"yoast_head":"<!-- This site is optimized with the Yoast SEO plugin v27.4 - https:\/\/yoast.com\/product\/yoast-seo-wordpress\/ -->\n<title>Le Petit Secret (Gift Box) - Porte-Jarretelles Menotte - Noir - Madame Sensuelle<\/title>\n<meta name=\"description\" content=\"Osez le porte-jarretelles menotte Le Petit Secret : raffin\u00e9, sensuel et pr\u00e9sent\u00e9 dans un coffret cadeau \u00e9l\u00e9gant. Essayez-le d\u00e8s maintenant\" \/>\n<meta name=\"robots\" content=\"index, follow, max-snippet:-1, max-image-preview:large, max-video-preview:-1\" \/>\n<link rel=\"canonical\" href=\"https:\/\/madame-sensuelle.paris\/fr\/product\/le-petit-secret-gift-box-porte-jarretelles-menotte-noir\/\" \/>\n<meta property=\"og:locale\" content=\"fr_FR\" \/>\n<meta property=\"og:type\" content=\"article\" \/>\n<meta property=\"og:title\" content=\"Le Petit Secret (Gift Box) - Porte-Jarretelles Menotte - Noir - Madame Sensuelle\" \/>\n<meta property=\"og:description\" content=\"Osez le porte-jarretelles menotte Le Petit Secret : raffin\u00e9, sensuel et pr\u00e9sent\u00e9 dans un coffret cadeau \u00e9l\u00e9gant. Essayez-le d\u00e8s maintenant\" \/>\n<meta property=\"og:url\" content=\"https:\/\/madame-sensuelle.paris\/fr\/product\/le-petit-secret-gift-box-porte-jarretelles-menotte-noir\/\" \/>\n<meta property=\"og:site_name\" content=\"Madame Sensuelle\" \/>\n<meta property=\"article:publisher\" content=\"https:\/\/www.facebook.com\/madamesensuelle\" \/>\n<meta property=\"article:modified_time\" content=\"2026-04-11T15:39:20+00:00\" \/>\n<meta property=\"og:image\" content=\"http:\/\/madame-sensuelle.paris\/wp-content\/uploads\/2024\/03\/609970-8-c8b289d84a7b4bed93ed7bd678c3efba.jpg\" \/>\n\t<meta property=\"og:image:width\" content=\"450\" \/>\n\t<meta property=\"og:image:height\" content=\"600\" \/>\n\t<meta property=\"og:image:type\" content=\"image\/jpeg\" \/>\n<meta name=\"twitter:card\" content=\"summary_large_image\" \/>\n<meta name=\"twitter:label1\" content=\"Dur\u00e9e de lecture estim\u00e9e\" \/>\n\t<meta name=\"twitter:data1\" content=\"2 minutes\" \/>\n<script type=\"application\/ld+json\" class=\"yoast-schema-graph\">{\"@context\":\"https:\\\/\\\/schema.org\",\"@graph\":[{\"@type\":\"WebPage\",\"@id\":\"https:\\\/\\\/madame-sensuelle.paris\\\/fr\\\/product\\\/le-petit-secret-gift-box-porte-jarretelles-menotte-noir\\\/\",\"url\":\"https:\\\/\\\/madame-sensuelle.paris\\\/fr\\\/product\\\/le-petit-secret-gift-box-porte-jarretelles-menotte-noir\\\/\",\"name\":\"Le Petit Secret (Gift Box) - Porte-Jarretelles Menotte - Noir - Madame Sensuelle\",\"isPartOf\":{\"@id\":\"https:\\\/\\\/madame-sensuelle.paris\\\/fr\\\/#website\"},\"primaryImageOfPage\":{\"@id\":\"https:\\\/\\\/madame-sensuelle.paris\\\/fr\\\/product\\\/le-petit-secret-gift-box-porte-jarretelles-menotte-noir\\\/#primaryimage\"},\"image\":{\"@id\":\"https:\\\/\\\/madame-sensuelle.paris\\\/fr\\\/product\\\/le-petit-secret-gift-box-porte-jarretelles-menotte-noir\\\/#primaryimage\"},\"thumbnailUrl\":\"https:\\\/\\\/madame-sensuelle.paris\\\/wp-content\\\/uploads\\\/2024\\\/03\\\/609970-8-c8b289d84a7b4bed93ed7bd678c3efba.jpg\",\"datePublished\":\"2024-03-10T12:46:43+00:00\",\"dateModified\":\"2026-04-11T15:39:20+00:00\",\"description\":\"Osez le porte-jarretelles menotte Le Petit Secret : raffin\u00e9, sensuel et pr\u00e9sent\u00e9 dans un coffret cadeau \u00e9l\u00e9gant. Essayez-le d\u00e8s maintenant\",\"breadcrumb\":{\"@id\":\"https:\\\/\\\/madame-sensuelle.paris\\\/fr\\\/product\\\/le-petit-secret-gift-box-porte-jarretelles-menotte-noir\\\/#breadcrumb\"},\"inLanguage\":\"fr-FR\",\"potentialAction\":[{\"@type\":\"ReadAction\",\"target\":[\"https:\\\/\\\/madame-sensuelle.paris\\\/fr\\\/product\\\/le-petit-secret-gift-box-porte-jarretelles-menotte-noir\\\/\"]}]},{\"@type\":\"ImageObject\",\"inLanguage\":\"fr-FR\",\"@id\":\"https:\\\/\\\/madame-sensuelle.paris\\\/fr\\\/product\\\/le-petit-secret-gift-box-porte-jarretelles-menotte-noir\\\/#primaryimage\",\"url\":\"https:\\\/\\\/madame-sensuelle.paris\\\/wp-content\\\/uploads\\\/2024\\\/03\\\/609970-8-c8b289d84a7b4bed93ed7bd678c3efba.jpg\",\"contentUrl\":\"https:\\\/\\\/madame-sensuelle.paris\\\/wp-content\\\/uploads\\\/2024\\\/03\\\/609970-8-c8b289d84a7b4bed93ed7bd678c3efba.jpg\",\"width\":450,\"height\":600},{\"@type\":\"BreadcrumbList\",\"@id\":\"https:\\\/\\\/madame-sensuelle.paris\\\/fr\\\/product\\\/le-petit-secret-gift-box-porte-jarretelles-menotte-noir\\\/#breadcrumb\",\"itemListElement\":[{\"@type\":\"ListItem\",\"position\":1,\"name\":\"Acceuil\",\"item\":\"https:\\\/\\\/madame-sensuelle.paris\\\/fr\\\/\"},{\"@type\":\"ListItem\",\"position\":2,\"name\":\"Catalogue\",\"item\":\"https:\\\/\\\/madame-sensuelle.paris\\\/fr\\\/catalogue\\\/\"},{\"@type\":\"ListItem\",\"position\":3,\"name\":\"MAISON CLOSE\",\"item\":\"https:\\\/\\\/madame-sensuelle.paris\\\/fr\\\/brand\\\/maison-close\\\/\"},{\"@type\":\"ListItem\",\"position\":4,\"name\":\"Le Petit Secret (Gift Box) &#8211; Porte-Jarretelles Menotte &#8211; Noir\"}]},{\"@type\":\"WebSite\",\"@id\":\"https:\\\/\\\/madame-sensuelle.paris\\\/fr\\\/#website\",\"url\":\"https:\\\/\\\/madame-sensuelle.paris\\\/fr\\\/\",\"name\":\"MADAME SENSUELLE\",\"description\":\"MADAME SENSUELLE: Found the biggest exciting brands of chic &amp; SEXY LINGERIE in Paris Boutique and on the WEB: Aubade, Dita Von Teese, Maison Close, Marjolaine, Bluebella, Atelier Amour, Luxxa, Catanzaro, Gracija Rim. You will found the big pleasure of sexy belt or bra make for you\",\"publisher\":{\"@id\":\"https:\\\/\\\/madame-sensuelle.paris\\\/fr\\\/#organization\"},\"potentialAction\":[{\"@type\":\"SearchAction\",\"target\":{\"@type\":\"EntryPoint\",\"urlTemplate\":\"https:\\\/\\\/madame-sensuelle.paris\\\/fr\\\/?s={search_term_string}\"},\"query-input\":{\"@type\":\"PropertyValueSpecification\",\"valueRequired\":true,\"valueName\":\"search_term_string\"}}],\"inLanguage\":\"fr-FR\"},{\"@type\":\"Organization\",\"@id\":\"https:\\\/\\\/madame-sensuelle.paris\\\/fr\\\/#organization\",\"name\":\"Madame Sensuelle\",\"url\":\"https:\\\/\\\/madame-sensuelle.paris\\\/fr\\\/\",\"logo\":{\"@type\":\"ImageObject\",\"inLanguage\":\"fr-FR\",\"@id\":\"https:\\\/\\\/madame-sensuelle.paris\\\/fr\\\/#\\\/schema\\\/logo\\\/image\\\/\",\"url\":\"https:\\\/\\\/madame-sensuelle.paris\\\/wp-content\\\/uploads\\\/2024\\\/12\\\/logo_a-1-1_696.webp\",\"contentUrl\":\"https:\\\/\\\/madame-sensuelle.paris\\\/wp-content\\\/uploads\\\/2024\\\/12\\\/logo_a-1-1_696.webp\",\"width\":696,\"height\":696,\"caption\":\"Madame Sensuelle\"},\"image\":{\"@id\":\"https:\\\/\\\/madame-sensuelle.paris\\\/fr\\\/#\\\/schema\\\/logo\\\/image\\\/\"},\"sameAs\":[\"https:\\\/\\\/www.facebook.com\\\/madamesensuelle\",\"https:\\\/\\\/www.instagram.com\\\/madame_sensuelle\\\/\"]}]}<\/script>\n<!-- \/ Yoast SEO plugin. -->","yoast_head_json":{"title":"Le Petit Secret (Gift Box) - Porte-Jarretelles Menotte - Noir - Madame Sensuelle","description":"Osez le porte-jarretelles menotte Le Petit Secret : raffin\u00e9, sensuel et pr\u00e9sent\u00e9 dans un coffret cadeau \u00e9l\u00e9gant. Essayez-le d\u00e8s maintenant","robots":{"index":"index","follow":"follow","max-snippet":"max-snippet:-1","max-image-preview":"max-image-preview:large","max-video-preview":"max-video-preview:-1"},"canonical":"https:\/\/madame-sensuelle.paris\/fr\/product\/le-petit-secret-gift-box-porte-jarretelles-menotte-noir\/","og_locale":"fr_FR","og_type":"article","og_title":"Le Petit Secret (Gift Box) - Porte-Jarretelles Menotte - Noir - Madame Sensuelle","og_description":"Osez le porte-jarretelles menotte Le Petit Secret : raffin\u00e9, sensuel et pr\u00e9sent\u00e9 dans un coffret cadeau \u00e9l\u00e9gant. Essayez-le d\u00e8s maintenant","og_url":"https:\/\/madame-sensuelle.paris\/fr\/product\/le-petit-secret-gift-box-porte-jarretelles-menotte-noir\/","og_site_name":"Madame Sensuelle","article_publisher":"https:\/\/www.facebook.com\/madamesensuelle","article_modified_time":"2026-04-11T15:39:20+00:00","og_image":[{"width":450,"height":600,"url":"http:\/\/madame-sensuelle.paris\/wp-content\/uploads\/2024\/03\/609970-8-c8b289d84a7b4bed93ed7bd678c3efba.jpg","type":"image\/jpeg"}],"twitter_card":"summary_large_image","twitter_misc":{"Dur\u00e9e de lecture estim\u00e9e":"2 minutes"},"schema":{"@context":"https:\/\/schema.org","@graph":[{"@type":"WebPage","@id":"https:\/\/madame-sensuelle.paris\/fr\/product\/le-petit-secret-gift-box-porte-jarretelles-menotte-noir\/","url":"https:\/\/madame-sensuelle.paris\/fr\/product\/le-petit-secret-gift-box-porte-jarretelles-menotte-noir\/","name":"Le Petit Secret (Gift Box) - Porte-Jarretelles Menotte - Noir - Madame Sensuelle","isPartOf":{"@id":"https:\/\/madame-sensuelle.paris\/fr\/#website"},"primaryImageOfPage":{"@id":"https:\/\/madame-sensuelle.paris\/fr\/product\/le-petit-secret-gift-box-porte-jarretelles-menotte-noir\/#primaryimage"},"image":{"@id":"https:\/\/madame-sensuelle.paris\/fr\/product\/le-petit-secret-gift-box-porte-jarretelles-menotte-noir\/#primaryimage"},"thumbnailUrl":"https:\/\/madame-sensuelle.paris\/wp-content\/uploads\/2024\/03\/609970-8-c8b289d84a7b4bed93ed7bd678c3efba.jpg","datePublished":"2024-03-10T12:46:43+00:00","dateModified":"2026-04-11T15:39:20+00:00","description":"Osez le porte-jarretelles menotte Le Petit Secret : raffin\u00e9, sensuel et pr\u00e9sent\u00e9 dans un coffret cadeau \u00e9l\u00e9gant. Essayez-le d\u00e8s maintenant","breadcrumb":{"@id":"https:\/\/madame-sensuelle.paris\/fr\/product\/le-petit-secret-gift-box-porte-jarretelles-menotte-noir\/#breadcrumb"},"inLanguage":"fr-FR","potentialAction":[{"@type":"ReadAction","target":["https:\/\/madame-sensuelle.paris\/fr\/product\/le-petit-secret-gift-box-porte-jarretelles-menotte-noir\/"]}]},{"@type":"ImageObject","inLanguage":"fr-FR","@id":"https:\/\/madame-sensuelle.paris\/fr\/product\/le-petit-secret-gift-box-porte-jarretelles-menotte-noir\/#primaryimage","url":"https:\/\/madame-sensuelle.paris\/wp-content\/uploads\/2024\/03\/609970-8-c8b289d84a7b4bed93ed7bd678c3efba.jpg","contentUrl":"https:\/\/madame-sensuelle.paris\/wp-content\/uploads\/2024\/03\/609970-8-c8b289d84a7b4bed93ed7bd678c3efba.jpg","width":450,"height":600},{"@type":"BreadcrumbList","@id":"https:\/\/madame-sensuelle.paris\/fr\/product\/le-petit-secret-gift-box-porte-jarretelles-menotte-noir\/#breadcrumb","itemListElement":[{"@type":"ListItem","position":1,"name":"Acceuil","item":"https:\/\/madame-sensuelle.paris\/fr\/"},{"@type":"ListItem","position":2,"name":"Catalogue","item":"https:\/\/madame-sensuelle.paris\/fr\/catalogue\/"},{"@type":"ListItem","position":3,"name":"MAISON CLOSE","item":"https:\/\/madame-sensuelle.paris\/fr\/brand\/maison-close\/"},{"@type":"ListItem","position":4,"name":"Le Petit Secret (Gift Box) &#8211; Porte-Jarretelles Menotte &#8211; Noir"}]},{"@type":"WebSite","@id":"https:\/\/madame-sensuelle.paris\/fr\/#website","url":"https:\/\/madame-sensuelle.paris\/fr\/","name":"MADAME SENSUELLE","description":"MADAME SENSUELLE: Found the biggest exciting brands of chic &amp; SEXY LINGERIE in Paris Boutique and on the WEB: Aubade, Dita Von Teese, Maison Close, Marjolaine, Bluebella, Atelier Amour, Luxxa, Catanzaro, Gracija Rim. You will found the big pleasure of sexy belt or bra make for you","publisher":{"@id":"https:\/\/madame-sensuelle.paris\/fr\/#organization"},"potentialAction":[{"@type":"SearchAction","target":{"@type":"EntryPoint","urlTemplate":"https:\/\/madame-sensuelle.paris\/fr\/?s={search_term_string}"},"query-input":{"@type":"PropertyValueSpecification","valueRequired":true,"valueName":"search_term_string"}}],"inLanguage":"fr-FR"},{"@type":"Organization","@id":"https:\/\/madame-sensuelle.paris\/fr\/#organization","name":"Madame Sensuelle","url":"https:\/\/madame-sensuelle.paris\/fr\/","logo":{"@type":"ImageObject","inLanguage":"fr-FR","@id":"https:\/\/madame-sensuelle.paris\/fr\/#\/schema\/logo\/image\/","url":"https:\/\/madame-sensuelle.paris\/wp-content\/uploads\/2024\/12\/logo_a-1-1_696.webp","contentUrl":"https:\/\/madame-sensuelle.paris\/wp-content\/uploads\/2024\/12\/logo_a-1-1_696.webp","width":696,"height":696,"caption":"Madame Sensuelle"},"image":{"@id":"https:\/\/madame-sensuelle.paris\/fr\/#\/schema\/logo\/image\/"},"sameAs":["https:\/\/www.facebook.com\/madamesensuelle","https:\/\/www.instagram.com\/madame_sensuelle\/"]}]}},"brands":[{"id":2776,"name":"MAISON CLOSE","slug":"maison-close"}],"_links":{"self":[{"href":"https:\/\/madame-sensuelle.paris\/fr\/wp-json\/wp\/v2\/product\/67169","targetHints":{"allow":["GET"]}}],"collection":[{"href":"https:\/\/madame-sensuelle.paris\/fr\/wp-json\/wp\/v2\/product"}],"about":[{"href":"https:\/\/madame-sensuelle.paris\/fr\/wp-json\/wp\/v2\/types\/product"}],"version-history":[{"count":1,"href":"https:\/\/madame-sensuelle.paris\/fr\/wp-json\/wp\/v2\/product\/67169\/revisions"}],"predecessor-version":[{"id":127273,"href":"https:\/\/madame-sensuelle.paris\/fr\/wp-json\/wp\/v2\/product\/67169\/revisions\/127273"}],"wp:featuredmedia":[{"embeddable":true,"href":"https:\/\/madame-sensuelle.paris\/fr\/wp-json\/wp\/v2\/media\/104742"}],"wp:attachment":[{"href":"https:\/\/madame-sensuelle.paris\/fr\/wp-json\/wp\/v2\/media?parent=67169"}],"wp:term":[{"taxonomy":"pwb-brand","embeddable":true,"href":"https:\/\/madame-sensuelle.paris\/fr\/wp-json\/wp\/v2\/pwb-brand?post=67169"},{"taxonomy":"product_brand","embeddable":true,"href":"https:\/\/madame-sensuelle.paris\/fr\/wp-json\/wp\/v2\/product_brand?post=67169"},{"taxonomy":"product_cat","embeddable":true,"href":"https:\/\/madame-sensuelle.paris\/fr\/wp-json\/wp\/v2\/product_cat?post=67169"},{"taxonomy":"product_tag","embeddable":true,"href":"https:\/\/madame-sensuelle.paris\/fr\/wp-json\/wp\/v2\/product_tag?post=67169"},{"taxonomy":"giftcard-category","embeddable":true,"href":"https:\/\/madame-sensuelle.paris\/fr\/wp-json\/wp\/v2\/giftcard-category?post=67169"}],"curies":[{"name":"wp","href":"https:\/\/api.w.org\/{rel}","templated":true}]}}