{"id":67172,"date":"2024-03-10T12:46:56","date_gmt":"2024-03-10T12:46:56","guid":{"rendered":"https:\/\/madame-sensuelle.eu\/?post_type=product&#038;p=67172"},"modified":"2026-04-03T08:16:03","modified_gmt":"2026-04-03T08:16:03","slug":"le-petit-secret-gift-box-soutien-gorge-triangle-noir","status":"publish","type":"product","link":"https:\/\/madame-sensuelle.paris\/fr\/product\/le-petit-secret-gift-box-soutien-gorge-triangle-noir\/","title":{"rendered":"Soutien-gorge triangle &#8211; Le Petit Secret (Gift Box)"},"content":{"rendered":"<p>Offrez-vous l\u2019\u00e9l\u00e9gance sensuelle du soutien-gorge triangle Le Petit Secret, pr\u00e9sent\u00e9 dans un luxueux coffret cadeau.<\/p>\n<ul>\n<li>Sa coupe minimaliste d\u00e9voile subtilement la poitrine avec raffinement, tandis que les jeux de fines lani\u00e8res dessinent une silhouette captivante.<\/li>\n<li>L\u00e9ger, ajustable et confortable, il \u00e9pouse chaque mouvement avec d\u00e9licatesse.<\/li>\n<li>Un dessous pens\u00e9 pour s\u00e9duire et sublimer vos instants les plus intimes, \u00e0 la fois raffin\u00e9 et envo\u00fbtant.<\/li>\n<\/ul>\n","protected":false},"excerpt":{"rendered":"<p>Offrez-vous l\u2019\u00e9l\u00e9gance sensuelle du soutien-gorge triangle Le Petit Secret, pr\u00e9sent\u00e9 dans un luxueux coffret cadeau. Sa coupe minimaliste d\u00e9voile subtilement la poitrine avec raffinement, tandis que les jeux de fines lani\u00e8res dessinent une silhouette captivante. L\u00e9ger, ajustable et confortable, il \u00e9pouse chaque mouvement avec d\u00e9licatesse. Un dessous pens\u00e9 pour s\u00e9duire et sublimer vos instants les<\/p>\n","protected":false},"featured_media":82429,"template":"","meta":[],"pwb-brand":[2776],"product_brand":[],"product_cat":[1216,1245,1267,1257,1266],"product_tag":[],"giftcard-category":[],"class_list":{"0":"post-67172","1":"product","2":"type-product","3":"status-publish","4":"has-post-thumbnail","6":"pwb-brand-maison-close","7":"product_cat-idees-cadeaux","8":"product_cat-lingerie-sexy-femme-erotique-et-glamour","9":"product_cat-sans-armatures","10":"product_cat-soutiens-gorge","11":"product_cat-triangle","12":"pa_collection-le-petit-secret-gift-box-fr","14":"first","15":"instock","16":"taxable","17":"shipping-taxable","18":"purchasable","19":"product-type-variable","20":"has-default-attributes"},"yoast_head":"<!-- This site is optimized with the Yoast SEO plugin v27.3 - https:\/\/yoast.com\/product\/yoast-seo-wordpress\/ -->\n<title>Soutien-gorge triangle - Le Petit Secret (Gift Box) - Madame Sensuelle<\/title>\n<meta name=\"description\" content=\"D\u00e9couvrez le soutien-gorge triangle Le Petit Secret en coffret cadeau : une pi\u00e8ce raffin\u00e9e, sensuelle et ajustable. Offrez ou offrez-vous l\u2019\u00e9l\u00e9gance ultime, un dessous qui s\u00e9duit d\u00e8s le premier regard. \u2728 Osez l\u2019essayer maintenant !\" \/>\n<meta name=\"robots\" content=\"index, follow, max-snippet:-1, max-image-preview:large, max-video-preview:-1\" \/>\n<link rel=\"canonical\" href=\"https:\/\/madame-sensuelle.paris\/fr\/product\/le-petit-secret-gift-box-soutien-gorge-triangle-noir\/\" \/>\n<meta property=\"og:locale\" content=\"fr_FR\" \/>\n<meta property=\"og:type\" content=\"article\" \/>\n<meta property=\"og:title\" content=\"Soutien-gorge triangle - Le Petit Secret (Gift Box) - Madame Sensuelle\" \/>\n<meta property=\"og:description\" content=\"D\u00e9couvrez le soutien-gorge triangle Le Petit Secret en coffret cadeau : une pi\u00e8ce raffin\u00e9e, sensuelle et ajustable. Offrez ou offrez-vous l\u2019\u00e9l\u00e9gance ultime, un dessous qui s\u00e9duit d\u00e8s le premier regard. \u2728 Osez l\u2019essayer maintenant !\" \/>\n<meta property=\"og:url\" content=\"https:\/\/madame-sensuelle.paris\/fr\/product\/le-petit-secret-gift-box-soutien-gorge-triangle-noir\/\" \/>\n<meta property=\"og:site_name\" content=\"Madame Sensuelle\" \/>\n<meta property=\"article:publisher\" content=\"https:\/\/www.facebook.com\/madamesensuelle\" \/>\n<meta property=\"article:modified_time\" content=\"2026-04-03T08:16:03+00:00\" \/>\n<meta property=\"og:image\" content=\"http:\/\/madame-sensuelle.paris\/wp-content\/uploads\/2024\/03\/open_bra.jpg\" \/>\n\t<meta property=\"og:image:width\" content=\"800\" \/>\n\t<meta property=\"og:image:height\" content=\"1200\" \/>\n\t<meta property=\"og:image:type\" content=\"image\/jpeg\" \/>\n<meta name=\"twitter:card\" content=\"summary_large_image\" \/>\n<meta name=\"twitter:label1\" content=\"Dur\u00e9e de lecture estim\u00e9e\" \/>\n\t<meta name=\"twitter:data1\" content=\"2 minutes\" \/>\n<script type=\"application\/ld+json\" class=\"yoast-schema-graph\">{\"@context\":\"https:\\\/\\\/schema.org\",\"@graph\":[{\"@type\":\"WebPage\",\"@id\":\"https:\\\/\\\/madame-sensuelle.paris\\\/fr\\\/product\\\/le-petit-secret-gift-box-soutien-gorge-triangle-noir\\\/\",\"url\":\"https:\\\/\\\/madame-sensuelle.paris\\\/fr\\\/product\\\/le-petit-secret-gift-box-soutien-gorge-triangle-noir\\\/\",\"name\":\"Soutien-gorge triangle - Le Petit Secret (Gift Box) - Madame Sensuelle\",\"isPartOf\":{\"@id\":\"https:\\\/\\\/madame-sensuelle.paris\\\/fr\\\/#website\"},\"primaryImageOfPage\":{\"@id\":\"https:\\\/\\\/madame-sensuelle.paris\\\/fr\\\/product\\\/le-petit-secret-gift-box-soutien-gorge-triangle-noir\\\/#primaryimage\"},\"image\":{\"@id\":\"https:\\\/\\\/madame-sensuelle.paris\\\/fr\\\/product\\\/le-petit-secret-gift-box-soutien-gorge-triangle-noir\\\/#primaryimage\"},\"thumbnailUrl\":\"https:\\\/\\\/madame-sensuelle.paris\\\/wp-content\\\/uploads\\\/2024\\\/03\\\/open_bra.jpg\",\"datePublished\":\"2024-03-10T12:46:56+00:00\",\"dateModified\":\"2026-04-03T08:16:03+00:00\",\"description\":\"D\u00e9couvrez le soutien-gorge triangle Le Petit Secret en coffret cadeau : une pi\u00e8ce raffin\u00e9e, sensuelle et ajustable. Offrez ou offrez-vous l\u2019\u00e9l\u00e9gance ultime, un dessous qui s\u00e9duit d\u00e8s le premier regard. \u2728 Osez l\u2019essayer maintenant !\",\"breadcrumb\":{\"@id\":\"https:\\\/\\\/madame-sensuelle.paris\\\/fr\\\/product\\\/le-petit-secret-gift-box-soutien-gorge-triangle-noir\\\/#breadcrumb\"},\"inLanguage\":\"fr-FR\",\"potentialAction\":[{\"@type\":\"ReadAction\",\"target\":[\"https:\\\/\\\/madame-sensuelle.paris\\\/fr\\\/product\\\/le-petit-secret-gift-box-soutien-gorge-triangle-noir\\\/\"]}]},{\"@type\":\"ImageObject\",\"inLanguage\":\"fr-FR\",\"@id\":\"https:\\\/\\\/madame-sensuelle.paris\\\/fr\\\/product\\\/le-petit-secret-gift-box-soutien-gorge-triangle-noir\\\/#primaryimage\",\"url\":\"https:\\\/\\\/madame-sensuelle.paris\\\/wp-content\\\/uploads\\\/2024\\\/03\\\/open_bra.jpg\",\"contentUrl\":\"https:\\\/\\\/madame-sensuelle.paris\\\/wp-content\\\/uploads\\\/2024\\\/03\\\/open_bra.jpg\",\"width\":800,\"height\":1200},{\"@type\":\"BreadcrumbList\",\"@id\":\"https:\\\/\\\/madame-sensuelle.paris\\\/fr\\\/product\\\/le-petit-secret-gift-box-soutien-gorge-triangle-noir\\\/#breadcrumb\",\"itemListElement\":[{\"@type\":\"ListItem\",\"position\":1,\"name\":\"Acceuil\",\"item\":\"https:\\\/\\\/madame-sensuelle.paris\\\/fr\\\/\"},{\"@type\":\"ListItem\",\"position\":2,\"name\":\"Catalogue\",\"item\":\"https:\\\/\\\/madame-sensuelle.paris\\\/fr\\\/catalogue\\\/\"},{\"@type\":\"ListItem\",\"position\":3,\"name\":\"MAISON CLOSE\",\"item\":\"https:\\\/\\\/madame-sensuelle.paris\\\/fr\\\/brand\\\/maison-close\\\/\"},{\"@type\":\"ListItem\",\"position\":4,\"name\":\"Soutien-gorge triangle &#8211; Le Petit Secret (Gift Box)\"}]},{\"@type\":\"WebSite\",\"@id\":\"https:\\\/\\\/madame-sensuelle.paris\\\/fr\\\/#website\",\"url\":\"https:\\\/\\\/madame-sensuelle.paris\\\/fr\\\/\",\"name\":\"MADAME SENSUELLE\",\"description\":\"MADAME SENSUELLE: Found the biggest exciting brands of chic &amp; SEXY LINGERIE in Paris Boutique and on the WEB: Aubade, Dita Von Teese, Maison Close, Marjolaine, Bluebella, Atelier Amour, Luxxa, Catanzaro, Gracija Rim. You will found the big pleasure of sexy belt or bra make for you\",\"publisher\":{\"@id\":\"https:\\\/\\\/madame-sensuelle.paris\\\/fr\\\/#organization\"},\"potentialAction\":[{\"@type\":\"SearchAction\",\"target\":{\"@type\":\"EntryPoint\",\"urlTemplate\":\"https:\\\/\\\/madame-sensuelle.paris\\\/fr\\\/?s={search_term_string}\"},\"query-input\":{\"@type\":\"PropertyValueSpecification\",\"valueRequired\":true,\"valueName\":\"search_term_string\"}}],\"inLanguage\":\"fr-FR\"},{\"@type\":\"Organization\",\"@id\":\"https:\\\/\\\/madame-sensuelle.paris\\\/fr\\\/#organization\",\"name\":\"Madame Sensuelle\",\"url\":\"https:\\\/\\\/madame-sensuelle.paris\\\/fr\\\/\",\"logo\":{\"@type\":\"ImageObject\",\"inLanguage\":\"fr-FR\",\"@id\":\"https:\\\/\\\/madame-sensuelle.paris\\\/fr\\\/#\\\/schema\\\/logo\\\/image\\\/\",\"url\":\"https:\\\/\\\/madame-sensuelle.paris\\\/wp-content\\\/uploads\\\/2024\\\/12\\\/logo_a-1-1_696.webp\",\"contentUrl\":\"https:\\\/\\\/madame-sensuelle.paris\\\/wp-content\\\/uploads\\\/2024\\\/12\\\/logo_a-1-1_696.webp\",\"width\":696,\"height\":696,\"caption\":\"Madame Sensuelle\"},\"image\":{\"@id\":\"https:\\\/\\\/madame-sensuelle.paris\\\/fr\\\/#\\\/schema\\\/logo\\\/image\\\/\"},\"sameAs\":[\"https:\\\/\\\/www.facebook.com\\\/madamesensuelle\",\"https:\\\/\\\/www.instagram.com\\\/madame_sensuelle\\\/\"]}]}<\/script>\n<!-- \/ Yoast SEO plugin. -->","yoast_head_json":{"title":"Soutien-gorge triangle - Le Petit Secret (Gift Box) - Madame Sensuelle","description":"D\u00e9couvrez le soutien-gorge triangle Le Petit Secret en coffret cadeau : une pi\u00e8ce raffin\u00e9e, sensuelle et ajustable. Offrez ou offrez-vous l\u2019\u00e9l\u00e9gance ultime, un dessous qui s\u00e9duit d\u00e8s le premier regard. \u2728 Osez l\u2019essayer maintenant !","robots":{"index":"index","follow":"follow","max-snippet":"max-snippet:-1","max-image-preview":"max-image-preview:large","max-video-preview":"max-video-preview:-1"},"canonical":"https:\/\/madame-sensuelle.paris\/fr\/product\/le-petit-secret-gift-box-soutien-gorge-triangle-noir\/","og_locale":"fr_FR","og_type":"article","og_title":"Soutien-gorge triangle - Le Petit Secret (Gift Box) - Madame Sensuelle","og_description":"D\u00e9couvrez le soutien-gorge triangle Le Petit Secret en coffret cadeau : une pi\u00e8ce raffin\u00e9e, sensuelle et ajustable. Offrez ou offrez-vous l\u2019\u00e9l\u00e9gance ultime, un dessous qui s\u00e9duit d\u00e8s le premier regard. \u2728 Osez l\u2019essayer maintenant !","og_url":"https:\/\/madame-sensuelle.paris\/fr\/product\/le-petit-secret-gift-box-soutien-gorge-triangle-noir\/","og_site_name":"Madame Sensuelle","article_publisher":"https:\/\/www.facebook.com\/madamesensuelle","article_modified_time":"2026-04-03T08:16:03+00:00","og_image":[{"width":800,"height":1200,"url":"http:\/\/madame-sensuelle.paris\/wp-content\/uploads\/2024\/03\/open_bra.jpg","type":"image\/jpeg"}],"twitter_card":"summary_large_image","twitter_misc":{"Dur\u00e9e de lecture estim\u00e9e":"2 minutes"},"schema":{"@context":"https:\/\/schema.org","@graph":[{"@type":"WebPage","@id":"https:\/\/madame-sensuelle.paris\/fr\/product\/le-petit-secret-gift-box-soutien-gorge-triangle-noir\/","url":"https:\/\/madame-sensuelle.paris\/fr\/product\/le-petit-secret-gift-box-soutien-gorge-triangle-noir\/","name":"Soutien-gorge triangle - Le Petit Secret (Gift Box) - Madame Sensuelle","isPartOf":{"@id":"https:\/\/madame-sensuelle.paris\/fr\/#website"},"primaryImageOfPage":{"@id":"https:\/\/madame-sensuelle.paris\/fr\/product\/le-petit-secret-gift-box-soutien-gorge-triangle-noir\/#primaryimage"},"image":{"@id":"https:\/\/madame-sensuelle.paris\/fr\/product\/le-petit-secret-gift-box-soutien-gorge-triangle-noir\/#primaryimage"},"thumbnailUrl":"https:\/\/madame-sensuelle.paris\/wp-content\/uploads\/2024\/03\/open_bra.jpg","datePublished":"2024-03-10T12:46:56+00:00","dateModified":"2026-04-03T08:16:03+00:00","description":"D\u00e9couvrez le soutien-gorge triangle Le Petit Secret en coffret cadeau : une pi\u00e8ce raffin\u00e9e, sensuelle et ajustable. Offrez ou offrez-vous l\u2019\u00e9l\u00e9gance ultime, un dessous qui s\u00e9duit d\u00e8s le premier regard. \u2728 Osez l\u2019essayer maintenant !","breadcrumb":{"@id":"https:\/\/madame-sensuelle.paris\/fr\/product\/le-petit-secret-gift-box-soutien-gorge-triangle-noir\/#breadcrumb"},"inLanguage":"fr-FR","potentialAction":[{"@type":"ReadAction","target":["https:\/\/madame-sensuelle.paris\/fr\/product\/le-petit-secret-gift-box-soutien-gorge-triangle-noir\/"]}]},{"@type":"ImageObject","inLanguage":"fr-FR","@id":"https:\/\/madame-sensuelle.paris\/fr\/product\/le-petit-secret-gift-box-soutien-gorge-triangle-noir\/#primaryimage","url":"https:\/\/madame-sensuelle.paris\/wp-content\/uploads\/2024\/03\/open_bra.jpg","contentUrl":"https:\/\/madame-sensuelle.paris\/wp-content\/uploads\/2024\/03\/open_bra.jpg","width":800,"height":1200},{"@type":"BreadcrumbList","@id":"https:\/\/madame-sensuelle.paris\/fr\/product\/le-petit-secret-gift-box-soutien-gorge-triangle-noir\/#breadcrumb","itemListElement":[{"@type":"ListItem","position":1,"name":"Acceuil","item":"https:\/\/madame-sensuelle.paris\/fr\/"},{"@type":"ListItem","position":2,"name":"Catalogue","item":"https:\/\/madame-sensuelle.paris\/fr\/catalogue\/"},{"@type":"ListItem","position":3,"name":"MAISON CLOSE","item":"https:\/\/madame-sensuelle.paris\/fr\/brand\/maison-close\/"},{"@type":"ListItem","position":4,"name":"Soutien-gorge triangle &#8211; Le Petit Secret (Gift Box)"}]},{"@type":"WebSite","@id":"https:\/\/madame-sensuelle.paris\/fr\/#website","url":"https:\/\/madame-sensuelle.paris\/fr\/","name":"MADAME SENSUELLE","description":"MADAME SENSUELLE: Found the biggest exciting brands of chic &amp; SEXY LINGERIE in Paris Boutique and on the WEB: Aubade, Dita Von Teese, Maison Close, Marjolaine, Bluebella, Atelier Amour, Luxxa, Catanzaro, Gracija Rim. You will found the big pleasure of sexy belt or bra make for you","publisher":{"@id":"https:\/\/madame-sensuelle.paris\/fr\/#organization"},"potentialAction":[{"@type":"SearchAction","target":{"@type":"EntryPoint","urlTemplate":"https:\/\/madame-sensuelle.paris\/fr\/?s={search_term_string}"},"query-input":{"@type":"PropertyValueSpecification","valueRequired":true,"valueName":"search_term_string"}}],"inLanguage":"fr-FR"},{"@type":"Organization","@id":"https:\/\/madame-sensuelle.paris\/fr\/#organization","name":"Madame Sensuelle","url":"https:\/\/madame-sensuelle.paris\/fr\/","logo":{"@type":"ImageObject","inLanguage":"fr-FR","@id":"https:\/\/madame-sensuelle.paris\/fr\/#\/schema\/logo\/image\/","url":"https:\/\/madame-sensuelle.paris\/wp-content\/uploads\/2024\/12\/logo_a-1-1_696.webp","contentUrl":"https:\/\/madame-sensuelle.paris\/wp-content\/uploads\/2024\/12\/logo_a-1-1_696.webp","width":696,"height":696,"caption":"Madame Sensuelle"},"image":{"@id":"https:\/\/madame-sensuelle.paris\/fr\/#\/schema\/logo\/image\/"},"sameAs":["https:\/\/www.facebook.com\/madamesensuelle","https:\/\/www.instagram.com\/madame_sensuelle\/"]}]}},"brands":[{"id":2776,"name":"MAISON CLOSE","slug":"maison-close"}],"_links":{"self":[{"href":"https:\/\/madame-sensuelle.paris\/fr\/wp-json\/wp\/v2\/product\/67172","targetHints":{"allow":["GET"]}}],"collection":[{"href":"https:\/\/madame-sensuelle.paris\/fr\/wp-json\/wp\/v2\/product"}],"about":[{"href":"https:\/\/madame-sensuelle.paris\/fr\/wp-json\/wp\/v2\/types\/product"}],"version-history":[{"count":1,"href":"https:\/\/madame-sensuelle.paris\/fr\/wp-json\/wp\/v2\/product\/67172\/revisions"}],"predecessor-version":[{"id":122628,"href":"https:\/\/madame-sensuelle.paris\/fr\/wp-json\/wp\/v2\/product\/67172\/revisions\/122628"}],"wp:featuredmedia":[{"embeddable":true,"href":"https:\/\/madame-sensuelle.paris\/fr\/wp-json\/wp\/v2\/media\/82429"}],"wp:attachment":[{"href":"https:\/\/madame-sensuelle.paris\/fr\/wp-json\/wp\/v2\/media?parent=67172"}],"wp:term":[{"taxonomy":"pwb-brand","embeddable":true,"href":"https:\/\/madame-sensuelle.paris\/fr\/wp-json\/wp\/v2\/pwb-brand?post=67172"},{"taxonomy":"product_brand","embeddable":true,"href":"https:\/\/madame-sensuelle.paris\/fr\/wp-json\/wp\/v2\/product_brand?post=67172"},{"taxonomy":"product_cat","embeddable":true,"href":"https:\/\/madame-sensuelle.paris\/fr\/wp-json\/wp\/v2\/product_cat?post=67172"},{"taxonomy":"product_tag","embeddable":true,"href":"https:\/\/madame-sensuelle.paris\/fr\/wp-json\/wp\/v2\/product_tag?post=67172"},{"taxonomy":"giftcard-category","embeddable":true,"href":"https:\/\/madame-sensuelle.paris\/fr\/wp-json\/wp\/v2\/giftcard-category?post=67172"}],"curies":[{"name":"wp","href":"https:\/\/api.w.org\/{rel}","templated":true}]}}