{"id":67224,"date":"2024-03-10T12:46:56","date_gmt":"2024-03-10T12:46:56","guid":{"rendered":"https:\/\/madame-sensuelle.eu\/?post_type=product&#038;p=67224"},"modified":"2026-04-05T11:00:16","modified_gmt":"2026-04-05T11:00:16","slug":"c-mc-2019000078436","status":"publish","type":"product","link":"https:\/\/madame-sensuelle.paris\/fr\/product\/c-mc-2019000078436\/","title":{"rendered":"Serre-taille porte-jarretelles effet faux cuir avec anneau dor\u00e9e Chambre Noire"},"content":{"rendered":"<p>Affirmez votre style avec ce <strong data-start=\"457\" data-end=\"486\">serre-taille en faux cuir<\/strong> \u00e0 la <strong data-start=\"492\" data-end=\"521\">coupe ajust\u00e9e et moulante<\/strong>.<\/p>\n<ul>\n<li>Il galbe la taille et sublime la silhouette avec sensualit\u00e9.<\/li>\n<li data-start=\"589\" data-end=\"771\">L\u2019<strong data-start=\"591\" data-end=\"614\">anneau dor\u00e9 central<\/strong> ajoute une touche brillante et provocante \u00e0 l\u2019ensemble.<\/li>\n<li data-start=\"589\" data-end=\"771\">Les <strong data-start=\"677\" data-end=\"714\">jarretelles, bretelles et harnais<\/strong> sont enti\u00e8rement <strong data-start=\"732\" data-end=\"745\">amovibles<\/strong> pour varier les styles.<\/li>\n<li data-start=\"773\" data-end=\"981\">Adaptez-le selon vos envies : une seule pi\u00e8ce vous permet de cr\u00e9er jusqu\u2019\u00e0 <strong data-start=\"848\" data-end=\"870\">5 looks diff\u00e9rents<\/strong>.<\/li>\n<li data-start=\"773\" data-end=\"981\">Portez-le seul, avec d&#8217;autres \u00e9l\u00e9ments, ou en mix &amp; match avec les <strong data-start=\"941\" data-end=\"978\">jarretelles Signature compatibles<\/strong>.<\/li>\n<li data-start=\"983\" data-end=\"1156\">Sa mati\u00e8re effet cuir est souple, confortable et facile \u00e0 enfiler.<\/li>\n<\/ul>\n<p data-start=\"1158\" data-end=\"1251\">Un accessoire f\u00e9tiche, pens\u00e9 pour celles qui aiment s\u00e9duire avec audace, \u00e9l\u00e9gance et libert\u00e9.<\/p>\n","protected":false},"excerpt":{"rendered":"<p>Affirmez votre style avec ce serre-taille en faux cuir \u00e0 la coupe ajust\u00e9e et moulante. Il galbe la taille et sublime la silhouette avec sensualit\u00e9. L\u2019anneau dor\u00e9 central ajoute une touche brillante et provocante \u00e0 l\u2019ensemble. Les jarretelles, bretelles et harnais sont enti\u00e8rement amovibles pour varier les styles. Adaptez-le selon vos envies : une seule<\/p>\n","protected":false},"featured_media":85111,"template":"","meta":[],"pwb-brand":[2776],"product_brand":[],"product_cat":[1245,2463],"product_tag":[],"giftcard-category":[],"class_list":{"0":"post-67224","1":"product","2":"type-product","3":"status-publish","4":"has-post-thumbnail","6":"pwb-brand-maison-close","7":"product_cat-lingerie-sexy-femme-erotique-et-glamour","8":"product_cat-porte-jarretelle-sexy-et-serre-tailles-sexy-lingerie","9":"pa_collection-chambre-noire-fr","11":"first","12":"instock","13":"taxable","14":"shipping-taxable","15":"purchasable","16":"product-type-variable","17":"has-default-attributes"},"yoast_head":"<!-- This site is optimized with the Yoast SEO plugin v27.4 - https:\/\/yoast.com\/product\/yoast-seo-wordpress\/ -->\n<title>Serre-taille effet faux cuir Chambre Noire - Madame Sensuelle<\/title>\n<meta name=\"description\" content=\"Serre-taille porte-jarretelles en faux cuir avec anneau dor\u00e9. \u00c9l\u00e9gant et provocant, il sublime vos courbes avec audace et raffinement. - Madame Sensuelle\" \/>\n<meta name=\"robots\" content=\"index, follow, max-snippet:-1, max-image-preview:large, max-video-preview:-1\" \/>\n<link rel=\"canonical\" href=\"https:\/\/madame-sensuelle.paris\/fr\/product\/c-mc-2019000078436\/\" \/>\n<meta property=\"og:locale\" content=\"fr_FR\" \/>\n<meta property=\"og:type\" content=\"article\" \/>\n<meta property=\"og:title\" content=\"Serre-taille effet faux cuir Chambre Noire - Madame Sensuelle\" \/>\n<meta property=\"og:description\" content=\"Serre-taille porte-jarretelles en faux cuir avec anneau dor\u00e9. \u00c9l\u00e9gant et provocant, il sublime vos courbes avec audace et raffinement. - Madame Sensuelle\" \/>\n<meta property=\"og:url\" content=\"https:\/\/madame-sensuelle.paris\/fr\/product\/c-mc-2019000078436\/\" \/>\n<meta property=\"og:site_name\" content=\"Madame Sensuelle\" \/>\n<meta property=\"article:publisher\" content=\"https:\/\/www.facebook.com\/madamesensuelle\" \/>\n<meta property=\"article:modified_time\" content=\"2026-04-05T11:00:16+00:00\" \/>\n<meta property=\"og:image\" content=\"http:\/\/madame-sensuelle.paris\/wp-content\/uploads\/2024\/03\/cn_pj.png\" \/>\n\t<meta property=\"og:image:width\" content=\"800\" \/>\n\t<meta property=\"og:image:height\" content=\"1200\" \/>\n\t<meta property=\"og:image:type\" content=\"image\/png\" \/>\n<meta name=\"twitter:card\" content=\"summary_large_image\" \/>\n<meta name=\"twitter:label1\" content=\"Dur\u00e9e de lecture estim\u00e9e\" \/>\n\t<meta name=\"twitter:data1\" content=\"2 minutes\" \/>\n<script type=\"application\/ld+json\" class=\"yoast-schema-graph\">{\"@context\":\"https:\\\/\\\/schema.org\",\"@graph\":[{\"@type\":\"WebPage\",\"@id\":\"https:\\\/\\\/madame-sensuelle.paris\\\/fr\\\/product\\\/c-mc-2019000078436\\\/\",\"url\":\"https:\\\/\\\/madame-sensuelle.paris\\\/fr\\\/product\\\/c-mc-2019000078436\\\/\",\"name\":\"Serre-taille effet faux cuir Chambre Noire - Madame Sensuelle\",\"isPartOf\":{\"@id\":\"https:\\\/\\\/madame-sensuelle.paris\\\/fr\\\/#website\"},\"primaryImageOfPage\":{\"@id\":\"https:\\\/\\\/madame-sensuelle.paris\\\/fr\\\/product\\\/c-mc-2019000078436\\\/#primaryimage\"},\"image\":{\"@id\":\"https:\\\/\\\/madame-sensuelle.paris\\\/fr\\\/product\\\/c-mc-2019000078436\\\/#primaryimage\"},\"thumbnailUrl\":\"https:\\\/\\\/madame-sensuelle.paris\\\/wp-content\\\/uploads\\\/2024\\\/03\\\/cn_pj.png\",\"datePublished\":\"2024-03-10T12:46:56+00:00\",\"dateModified\":\"2026-04-05T11:00:16+00:00\",\"description\":\"Serre-taille porte-jarretelles en faux cuir avec anneau dor\u00e9. \u00c9l\u00e9gant et provocant, il sublime vos courbes avec audace et raffinement. - Madame Sensuelle\",\"breadcrumb\":{\"@id\":\"https:\\\/\\\/madame-sensuelle.paris\\\/fr\\\/product\\\/c-mc-2019000078436\\\/#breadcrumb\"},\"inLanguage\":\"fr-FR\",\"potentialAction\":[{\"@type\":\"ReadAction\",\"target\":[\"https:\\\/\\\/madame-sensuelle.paris\\\/fr\\\/product\\\/c-mc-2019000078436\\\/\"]}]},{\"@type\":\"ImageObject\",\"inLanguage\":\"fr-FR\",\"@id\":\"https:\\\/\\\/madame-sensuelle.paris\\\/fr\\\/product\\\/c-mc-2019000078436\\\/#primaryimage\",\"url\":\"https:\\\/\\\/madame-sensuelle.paris\\\/wp-content\\\/uploads\\\/2024\\\/03\\\/cn_pj.png\",\"contentUrl\":\"https:\\\/\\\/madame-sensuelle.paris\\\/wp-content\\\/uploads\\\/2024\\\/03\\\/cn_pj.png\",\"width\":800,\"height\":1200},{\"@type\":\"BreadcrumbList\",\"@id\":\"https:\\\/\\\/madame-sensuelle.paris\\\/fr\\\/product\\\/c-mc-2019000078436\\\/#breadcrumb\",\"itemListElement\":[{\"@type\":\"ListItem\",\"position\":1,\"name\":\"Acceuil\",\"item\":\"https:\\\/\\\/madame-sensuelle.paris\\\/fr\\\/\"},{\"@type\":\"ListItem\",\"position\":2,\"name\":\"Catalogue\",\"item\":\"https:\\\/\\\/madame-sensuelle.paris\\\/fr\\\/catalogue\\\/\"},{\"@type\":\"ListItem\",\"position\":3,\"name\":\"MAISON CLOSE\",\"item\":\"https:\\\/\\\/madame-sensuelle.paris\\\/fr\\\/brand\\\/maison-close\\\/\"},{\"@type\":\"ListItem\",\"position\":4,\"name\":\"Serre-taille porte-jarretelles effet faux cuir avec anneau dor\u00e9e Chambre Noire\"}]},{\"@type\":\"WebSite\",\"@id\":\"https:\\\/\\\/madame-sensuelle.paris\\\/fr\\\/#website\",\"url\":\"https:\\\/\\\/madame-sensuelle.paris\\\/fr\\\/\",\"name\":\"MADAME SENSUELLE\",\"description\":\"MADAME SENSUELLE: Found the biggest exciting brands of chic &amp; SEXY LINGERIE in Paris Boutique and on the WEB: Aubade, Dita Von Teese, Maison Close, Marjolaine, Bluebella, Atelier Amour, Luxxa, Catanzaro, Gracija Rim. You will found the big pleasure of sexy belt or bra make for you\",\"publisher\":{\"@id\":\"https:\\\/\\\/madame-sensuelle.paris\\\/fr\\\/#organization\"},\"potentialAction\":[{\"@type\":\"SearchAction\",\"target\":{\"@type\":\"EntryPoint\",\"urlTemplate\":\"https:\\\/\\\/madame-sensuelle.paris\\\/fr\\\/?s={search_term_string}\"},\"query-input\":{\"@type\":\"PropertyValueSpecification\",\"valueRequired\":true,\"valueName\":\"search_term_string\"}}],\"inLanguage\":\"fr-FR\"},{\"@type\":\"Organization\",\"@id\":\"https:\\\/\\\/madame-sensuelle.paris\\\/fr\\\/#organization\",\"name\":\"Madame Sensuelle\",\"url\":\"https:\\\/\\\/madame-sensuelle.paris\\\/fr\\\/\",\"logo\":{\"@type\":\"ImageObject\",\"inLanguage\":\"fr-FR\",\"@id\":\"https:\\\/\\\/madame-sensuelle.paris\\\/fr\\\/#\\\/schema\\\/logo\\\/image\\\/\",\"url\":\"https:\\\/\\\/madame-sensuelle.paris\\\/wp-content\\\/uploads\\\/2024\\\/12\\\/logo_a-1-1_696.webp\",\"contentUrl\":\"https:\\\/\\\/madame-sensuelle.paris\\\/wp-content\\\/uploads\\\/2024\\\/12\\\/logo_a-1-1_696.webp\",\"width\":696,\"height\":696,\"caption\":\"Madame Sensuelle\"},\"image\":{\"@id\":\"https:\\\/\\\/madame-sensuelle.paris\\\/fr\\\/#\\\/schema\\\/logo\\\/image\\\/\"},\"sameAs\":[\"https:\\\/\\\/www.facebook.com\\\/madamesensuelle\",\"https:\\\/\\\/www.instagram.com\\\/madame_sensuelle\\\/\"]}]}<\/script>\n<!-- \/ Yoast SEO plugin. -->","yoast_head_json":{"title":"Serre-taille effet faux cuir Chambre Noire - Madame Sensuelle","description":"Serre-taille porte-jarretelles en faux cuir avec anneau dor\u00e9. \u00c9l\u00e9gant et provocant, il sublime vos courbes avec audace et raffinement. - Madame Sensuelle","robots":{"index":"index","follow":"follow","max-snippet":"max-snippet:-1","max-image-preview":"max-image-preview:large","max-video-preview":"max-video-preview:-1"},"canonical":"https:\/\/madame-sensuelle.paris\/fr\/product\/c-mc-2019000078436\/","og_locale":"fr_FR","og_type":"article","og_title":"Serre-taille effet faux cuir Chambre Noire - Madame Sensuelle","og_description":"Serre-taille porte-jarretelles en faux cuir avec anneau dor\u00e9. \u00c9l\u00e9gant et provocant, il sublime vos courbes avec audace et raffinement. - Madame Sensuelle","og_url":"https:\/\/madame-sensuelle.paris\/fr\/product\/c-mc-2019000078436\/","og_site_name":"Madame Sensuelle","article_publisher":"https:\/\/www.facebook.com\/madamesensuelle","article_modified_time":"2026-04-05T11:00:16+00:00","og_image":[{"width":800,"height":1200,"url":"http:\/\/madame-sensuelle.paris\/wp-content\/uploads\/2024\/03\/cn_pj.png","type":"image\/png"}],"twitter_card":"summary_large_image","twitter_misc":{"Dur\u00e9e de lecture estim\u00e9e":"2 minutes"},"schema":{"@context":"https:\/\/schema.org","@graph":[{"@type":"WebPage","@id":"https:\/\/madame-sensuelle.paris\/fr\/product\/c-mc-2019000078436\/","url":"https:\/\/madame-sensuelle.paris\/fr\/product\/c-mc-2019000078436\/","name":"Serre-taille effet faux cuir Chambre Noire - Madame Sensuelle","isPartOf":{"@id":"https:\/\/madame-sensuelle.paris\/fr\/#website"},"primaryImageOfPage":{"@id":"https:\/\/madame-sensuelle.paris\/fr\/product\/c-mc-2019000078436\/#primaryimage"},"image":{"@id":"https:\/\/madame-sensuelle.paris\/fr\/product\/c-mc-2019000078436\/#primaryimage"},"thumbnailUrl":"https:\/\/madame-sensuelle.paris\/wp-content\/uploads\/2024\/03\/cn_pj.png","datePublished":"2024-03-10T12:46:56+00:00","dateModified":"2026-04-05T11:00:16+00:00","description":"Serre-taille porte-jarretelles en faux cuir avec anneau dor\u00e9. \u00c9l\u00e9gant et provocant, il sublime vos courbes avec audace et raffinement. - Madame Sensuelle","breadcrumb":{"@id":"https:\/\/madame-sensuelle.paris\/fr\/product\/c-mc-2019000078436\/#breadcrumb"},"inLanguage":"fr-FR","potentialAction":[{"@type":"ReadAction","target":["https:\/\/madame-sensuelle.paris\/fr\/product\/c-mc-2019000078436\/"]}]},{"@type":"ImageObject","inLanguage":"fr-FR","@id":"https:\/\/madame-sensuelle.paris\/fr\/product\/c-mc-2019000078436\/#primaryimage","url":"https:\/\/madame-sensuelle.paris\/wp-content\/uploads\/2024\/03\/cn_pj.png","contentUrl":"https:\/\/madame-sensuelle.paris\/wp-content\/uploads\/2024\/03\/cn_pj.png","width":800,"height":1200},{"@type":"BreadcrumbList","@id":"https:\/\/madame-sensuelle.paris\/fr\/product\/c-mc-2019000078436\/#breadcrumb","itemListElement":[{"@type":"ListItem","position":1,"name":"Acceuil","item":"https:\/\/madame-sensuelle.paris\/fr\/"},{"@type":"ListItem","position":2,"name":"Catalogue","item":"https:\/\/madame-sensuelle.paris\/fr\/catalogue\/"},{"@type":"ListItem","position":3,"name":"MAISON CLOSE","item":"https:\/\/madame-sensuelle.paris\/fr\/brand\/maison-close\/"},{"@type":"ListItem","position":4,"name":"Serre-taille porte-jarretelles effet faux cuir avec anneau dor\u00e9e Chambre Noire"}]},{"@type":"WebSite","@id":"https:\/\/madame-sensuelle.paris\/fr\/#website","url":"https:\/\/madame-sensuelle.paris\/fr\/","name":"MADAME SENSUELLE","description":"MADAME SENSUELLE: Found the biggest exciting brands of chic &amp; SEXY LINGERIE in Paris Boutique and on the WEB: Aubade, Dita Von Teese, Maison Close, Marjolaine, Bluebella, Atelier Amour, Luxxa, Catanzaro, Gracija Rim. You will found the big pleasure of sexy belt or bra make for you","publisher":{"@id":"https:\/\/madame-sensuelle.paris\/fr\/#organization"},"potentialAction":[{"@type":"SearchAction","target":{"@type":"EntryPoint","urlTemplate":"https:\/\/madame-sensuelle.paris\/fr\/?s={search_term_string}"},"query-input":{"@type":"PropertyValueSpecification","valueRequired":true,"valueName":"search_term_string"}}],"inLanguage":"fr-FR"},{"@type":"Organization","@id":"https:\/\/madame-sensuelle.paris\/fr\/#organization","name":"Madame Sensuelle","url":"https:\/\/madame-sensuelle.paris\/fr\/","logo":{"@type":"ImageObject","inLanguage":"fr-FR","@id":"https:\/\/madame-sensuelle.paris\/fr\/#\/schema\/logo\/image\/","url":"https:\/\/madame-sensuelle.paris\/wp-content\/uploads\/2024\/12\/logo_a-1-1_696.webp","contentUrl":"https:\/\/madame-sensuelle.paris\/wp-content\/uploads\/2024\/12\/logo_a-1-1_696.webp","width":696,"height":696,"caption":"Madame Sensuelle"},"image":{"@id":"https:\/\/madame-sensuelle.paris\/fr\/#\/schema\/logo\/image\/"},"sameAs":["https:\/\/www.facebook.com\/madamesensuelle","https:\/\/www.instagram.com\/madame_sensuelle\/"]}]}},"brands":[{"id":2776,"name":"MAISON CLOSE","slug":"maison-close"}],"_links":{"self":[{"href":"https:\/\/madame-sensuelle.paris\/fr\/wp-json\/wp\/v2\/product\/67224","targetHints":{"allow":["GET"]}}],"collection":[{"href":"https:\/\/madame-sensuelle.paris\/fr\/wp-json\/wp\/v2\/product"}],"about":[{"href":"https:\/\/madame-sensuelle.paris\/fr\/wp-json\/wp\/v2\/types\/product"}],"version-history":[{"count":1,"href":"https:\/\/madame-sensuelle.paris\/fr\/wp-json\/wp\/v2\/product\/67224\/revisions"}],"predecessor-version":[{"id":122209,"href":"https:\/\/madame-sensuelle.paris\/fr\/wp-json\/wp\/v2\/product\/67224\/revisions\/122209"}],"wp:featuredmedia":[{"embeddable":true,"href":"https:\/\/madame-sensuelle.paris\/fr\/wp-json\/wp\/v2\/media\/85111"}],"wp:attachment":[{"href":"https:\/\/madame-sensuelle.paris\/fr\/wp-json\/wp\/v2\/media?parent=67224"}],"wp:term":[{"taxonomy":"pwb-brand","embeddable":true,"href":"https:\/\/madame-sensuelle.paris\/fr\/wp-json\/wp\/v2\/pwb-brand?post=67224"},{"taxonomy":"product_brand","embeddable":true,"href":"https:\/\/madame-sensuelle.paris\/fr\/wp-json\/wp\/v2\/product_brand?post=67224"},{"taxonomy":"product_cat","embeddable":true,"href":"https:\/\/madame-sensuelle.paris\/fr\/wp-json\/wp\/v2\/product_cat?post=67224"},{"taxonomy":"product_tag","embeddable":true,"href":"https:\/\/madame-sensuelle.paris\/fr\/wp-json\/wp\/v2\/product_tag?post=67224"},{"taxonomy":"giftcard-category","embeddable":true,"href":"https:\/\/madame-sensuelle.paris\/fr\/wp-json\/wp\/v2\/giftcard-category?post=67224"}],"curies":[{"name":"wp","href":"https:\/\/api.w.org\/{rel}","templated":true}]}}