{"id":67630,"date":"2024-03-10T12:49:36","date_gmt":"2024-03-10T12:49:36","guid":{"rendered":"https:\/\/madame-sensuelle.eu\/?post_type=product&#038;p=67630"},"modified":"2026-04-17T15:34:35","modified_gmt":"2026-04-17T15:34:35","slug":"culotte-ouverte-taille-haute-avec-perles-geneva","status":"publish","type":"product","link":"https:\/\/madame-sensuelle.paris\/fr\/product\/culotte-ouverte-taille-haute-avec-perles-geneva\/","title":{"rendered":"Culotte ouverte taille haute avec perles Geneva"},"content":{"rendered":"<p>Ce panty en dentelle est unique. La partie ficelle est confectionner de perle ivoire, elle sont rattacher a l&#8217;arri\u00e8re de la dentelle\u00a0 a l&#8217;aide d&#8217;un n\u0153ud d\u00e9licat en satin. Les perles vont venir stimuler votre clitoris de plus si le lien se d\u00e9fait, vous pouvez aller plus loin stimuler vous pourrez atteindre le point G et vivre une exp\u00e9rience pleine de plaisir.<\/p>\n","protected":false},"excerpt":{"rendered":"<p>Culotte ouverte taille haute avec perles Geneva<\/p>\n","protected":false},"featured_media":103039,"template":"","meta":[],"pwb-brand":[2786],"product_brand":[],"product_cat":[1234,1270,1245],"product_tag":[],"giftcard-category":[],"class_list":{"0":"post-67630","1":"product","2":"type-product","3":"status-publish","4":"has-post-thumbnail","6":"pwb-brand-bracli","7":"product_cat-string-ouvert","8":"product_cat-culottes-sexy","9":"product_cat-lingerie-sexy-femme-erotique-et-glamour","10":"pa_collection-geneva-fr","12":"first","13":"outofstock","14":"taxable","15":"shipping-taxable","16":"purchasable","17":"product-type-variable","18":"has-default-attributes"},"yoast_head":"<!-- This site is optimized with the Yoast SEO plugin v27.4 - https:\/\/yoast.com\/product\/yoast-seo-wordpress\/ -->\n<title>Culotte ouverte taille haute avec perles Geneva<\/title>\n<meta name=\"description\" content=\"Ce panty en dentelle est unique. La partie ficelle est confectionner de perle ivoire, elle sont rattacher a l&#039;arri\u00e8re de la dentelle\u00a0 a l&#039;aide d&#039;un n\u0153ud d\u00e9licat en satin. Les perles vont venir stimuler votre clitoris de plus si le lien se d\u00e9fait, vous pouvez aller plus loin stimuler vous pourrez atteindre le point G et vivre une exp\u00e9rience pleine de plaisir.\" \/>\n<meta name=\"robots\" content=\"index, follow, max-snippet:-1, max-image-preview:large, max-video-preview:-1\" \/>\n<link rel=\"canonical\" href=\"https:\/\/madame-sensuelle.paris\/fr\/product\/culotte-ouverte-taille-haute-avec-perles-geneva\/\" \/>\n<meta property=\"og:locale\" content=\"fr_FR\" \/>\n<meta property=\"og:type\" content=\"article\" \/>\n<meta property=\"og:title\" content=\"Culotte ouverte taille haute avec perles Geneva\" \/>\n<meta property=\"og:description\" content=\"Ce panty en dentelle est unique. La partie ficelle est confectionner de perle ivoire, elle sont rattacher a l&#039;arri\u00e8re de la dentelle\u00a0 a l&#039;aide d&#039;un n\u0153ud d\u00e9licat en satin. Les perles vont venir stimuler votre clitoris de plus si le lien se d\u00e9fait, vous pouvez aller plus loin stimuler vous pourrez atteindre le point G et vivre une exp\u00e9rience pleine de plaisir.\" \/>\n<meta property=\"og:url\" content=\"https:\/\/madame-sensuelle.paris\/fr\/product\/culotte-ouverte-taille-haute-avec-perles-geneva\/\" \/>\n<meta property=\"og:site_name\" content=\"Madame Sensuelle\" \/>\n<meta property=\"article:publisher\" content=\"https:\/\/www.facebook.com\/madamesensuelle\" \/>\n<meta property=\"article:modified_time\" content=\"2026-04-17T15:34:35+00:00\" \/>\n<meta property=\"og:image\" content=\"http:\/\/madame-sensuelle.paris\/wp-content\/uploads\/2024\/06\/XSHD1TJ6530.webp\" \/>\n\t<meta property=\"og:image:width\" content=\"800\" \/>\n\t<meta property=\"og:image:height\" content=\"1200\" \/>\n\t<meta property=\"og:image:type\" content=\"image\/webp\" \/>\n<meta name=\"twitter:card\" content=\"summary_large_image\" \/>\n<meta name=\"twitter:label1\" content=\"Dur\u00e9e de lecture estim\u00e9e\" \/>\n\t<meta name=\"twitter:data1\" content=\"1 minute\" \/>\n<script type=\"application\/ld+json\" class=\"yoast-schema-graph\">{\"@context\":\"https:\\\/\\\/schema.org\",\"@graph\":[{\"@type\":\"WebPage\",\"@id\":\"https:\\\/\\\/madame-sensuelle.paris\\\/fr\\\/product\\\/culotte-ouverte-taille-haute-avec-perles-geneva\\\/\",\"url\":\"https:\\\/\\\/madame-sensuelle.paris\\\/fr\\\/product\\\/culotte-ouverte-taille-haute-avec-perles-geneva\\\/\",\"name\":\"Culotte ouverte taille haute avec perles Geneva\",\"isPartOf\":{\"@id\":\"https:\\\/\\\/madame-sensuelle.paris\\\/fr\\\/#website\"},\"primaryImageOfPage\":{\"@id\":\"https:\\\/\\\/madame-sensuelle.paris\\\/fr\\\/product\\\/culotte-ouverte-taille-haute-avec-perles-geneva\\\/#primaryimage\"},\"image\":{\"@id\":\"https:\\\/\\\/madame-sensuelle.paris\\\/fr\\\/product\\\/culotte-ouverte-taille-haute-avec-perles-geneva\\\/#primaryimage\"},\"thumbnailUrl\":\"https:\\\/\\\/madame-sensuelle.paris\\\/wp-content\\\/uploads\\\/2024\\\/06\\\/XSHD1TJ6530.webp\",\"datePublished\":\"2024-03-10T12:49:36+00:00\",\"dateModified\":\"2026-04-17T15:34:35+00:00\",\"description\":\"Ce panty en dentelle est unique. La partie ficelle est confectionner de perle ivoire, elle sont rattacher a l'arri\u00e8re de la dentelle\u00a0 a l'aide d'un n\u0153ud d\u00e9licat en satin. Les perles vont venir stimuler votre clitoris de plus si le lien se d\u00e9fait, vous pouvez aller plus loin stimuler vous pourrez atteindre le point G et vivre une exp\u00e9rience pleine de plaisir.\",\"breadcrumb\":{\"@id\":\"https:\\\/\\\/madame-sensuelle.paris\\\/fr\\\/product\\\/culotte-ouverte-taille-haute-avec-perles-geneva\\\/#breadcrumb\"},\"inLanguage\":\"fr-FR\",\"potentialAction\":[{\"@type\":\"ReadAction\",\"target\":[\"https:\\\/\\\/madame-sensuelle.paris\\\/fr\\\/product\\\/culotte-ouverte-taille-haute-avec-perles-geneva\\\/\"]}]},{\"@type\":\"ImageObject\",\"inLanguage\":\"fr-FR\",\"@id\":\"https:\\\/\\\/madame-sensuelle.paris\\\/fr\\\/product\\\/culotte-ouverte-taille-haute-avec-perles-geneva\\\/#primaryimage\",\"url\":\"https:\\\/\\\/madame-sensuelle.paris\\\/wp-content\\\/uploads\\\/2024\\\/06\\\/XSHD1TJ6530.webp\",\"contentUrl\":\"https:\\\/\\\/madame-sensuelle.paris\\\/wp-content\\\/uploads\\\/2024\\\/06\\\/XSHD1TJ6530.webp\",\"width\":800,\"height\":1200},{\"@type\":\"BreadcrumbList\",\"@id\":\"https:\\\/\\\/madame-sensuelle.paris\\\/fr\\\/product\\\/culotte-ouverte-taille-haute-avec-perles-geneva\\\/#breadcrumb\",\"itemListElement\":[{\"@type\":\"ListItem\",\"position\":1,\"name\":\"Acceuil\",\"item\":\"https:\\\/\\\/madame-sensuelle.paris\\\/fr\\\/\"},{\"@type\":\"ListItem\",\"position\":2,\"name\":\"Catalogue\",\"item\":\"https:\\\/\\\/madame-sensuelle.paris\\\/fr\\\/catalogue\\\/\"},{\"@type\":\"ListItem\",\"position\":3,\"name\":\"BRACLI\",\"item\":\"https:\\\/\\\/madame-sensuelle.paris\\\/fr\\\/brand\\\/bracli\\\/\"},{\"@type\":\"ListItem\",\"position\":4,\"name\":\"Culotte ouverte taille haute avec perles Geneva\"}]},{\"@type\":\"WebSite\",\"@id\":\"https:\\\/\\\/madame-sensuelle.paris\\\/fr\\\/#website\",\"url\":\"https:\\\/\\\/madame-sensuelle.paris\\\/fr\\\/\",\"name\":\"MADAME SENSUELLE\",\"description\":\"MADAME SENSUELLE: Found the biggest exciting brands of chic &amp; SEXY LINGERIE in Paris Boutique and on the WEB: Aubade, Dita Von Teese, Maison Close, Marjolaine, Bluebella, Atelier Amour, Luxxa, Catanzaro, Gracija Rim. You will found the big pleasure of sexy belt or bra make for you\",\"publisher\":{\"@id\":\"https:\\\/\\\/madame-sensuelle.paris\\\/fr\\\/#organization\"},\"potentialAction\":[{\"@type\":\"SearchAction\",\"target\":{\"@type\":\"EntryPoint\",\"urlTemplate\":\"https:\\\/\\\/madame-sensuelle.paris\\\/fr\\\/?s={search_term_string}\"},\"query-input\":{\"@type\":\"PropertyValueSpecification\",\"valueRequired\":true,\"valueName\":\"search_term_string\"}}],\"inLanguage\":\"fr-FR\"},{\"@type\":\"Organization\",\"@id\":\"https:\\\/\\\/madame-sensuelle.paris\\\/fr\\\/#organization\",\"name\":\"Madame Sensuelle\",\"url\":\"https:\\\/\\\/madame-sensuelle.paris\\\/fr\\\/\",\"logo\":{\"@type\":\"ImageObject\",\"inLanguage\":\"fr-FR\",\"@id\":\"https:\\\/\\\/madame-sensuelle.paris\\\/fr\\\/#\\\/schema\\\/logo\\\/image\\\/\",\"url\":\"https:\\\/\\\/madame-sensuelle.paris\\\/wp-content\\\/uploads\\\/2024\\\/12\\\/logo_a-1-1_696.webp\",\"contentUrl\":\"https:\\\/\\\/madame-sensuelle.paris\\\/wp-content\\\/uploads\\\/2024\\\/12\\\/logo_a-1-1_696.webp\",\"width\":696,\"height\":696,\"caption\":\"Madame Sensuelle\"},\"image\":{\"@id\":\"https:\\\/\\\/madame-sensuelle.paris\\\/fr\\\/#\\\/schema\\\/logo\\\/image\\\/\"},\"sameAs\":[\"https:\\\/\\\/www.facebook.com\\\/madamesensuelle\",\"https:\\\/\\\/www.instagram.com\\\/madame_sensuelle\\\/\"]}]}<\/script>\n<!-- \/ Yoast SEO plugin. -->","yoast_head_json":{"title":"Culotte ouverte taille haute avec perles Geneva","description":"Ce panty en dentelle est unique. La partie ficelle est confectionner de perle ivoire, elle sont rattacher a l'arri\u00e8re de la dentelle\u00a0 a l'aide d'un n\u0153ud d\u00e9licat en satin. Les perles vont venir stimuler votre clitoris de plus si le lien se d\u00e9fait, vous pouvez aller plus loin stimuler vous pourrez atteindre le point G et vivre une exp\u00e9rience pleine de plaisir.","robots":{"index":"index","follow":"follow","max-snippet":"max-snippet:-1","max-image-preview":"max-image-preview:large","max-video-preview":"max-video-preview:-1"},"canonical":"https:\/\/madame-sensuelle.paris\/fr\/product\/culotte-ouverte-taille-haute-avec-perles-geneva\/","og_locale":"fr_FR","og_type":"article","og_title":"Culotte ouverte taille haute avec perles Geneva","og_description":"Ce panty en dentelle est unique. La partie ficelle est confectionner de perle ivoire, elle sont rattacher a l'arri\u00e8re de la dentelle\u00a0 a l'aide d'un n\u0153ud d\u00e9licat en satin. Les perles vont venir stimuler votre clitoris de plus si le lien se d\u00e9fait, vous pouvez aller plus loin stimuler vous pourrez atteindre le point G et vivre une exp\u00e9rience pleine de plaisir.","og_url":"https:\/\/madame-sensuelle.paris\/fr\/product\/culotte-ouverte-taille-haute-avec-perles-geneva\/","og_site_name":"Madame Sensuelle","article_publisher":"https:\/\/www.facebook.com\/madamesensuelle","article_modified_time":"2026-04-17T15:34:35+00:00","og_image":[{"width":800,"height":1200,"url":"http:\/\/madame-sensuelle.paris\/wp-content\/uploads\/2024\/06\/XSHD1TJ6530.webp","type":"image\/webp"}],"twitter_card":"summary_large_image","twitter_misc":{"Dur\u00e9e de lecture estim\u00e9e":"1 minute"},"schema":{"@context":"https:\/\/schema.org","@graph":[{"@type":"WebPage","@id":"https:\/\/madame-sensuelle.paris\/fr\/product\/culotte-ouverte-taille-haute-avec-perles-geneva\/","url":"https:\/\/madame-sensuelle.paris\/fr\/product\/culotte-ouverte-taille-haute-avec-perles-geneva\/","name":"Culotte ouverte taille haute avec perles Geneva","isPartOf":{"@id":"https:\/\/madame-sensuelle.paris\/fr\/#website"},"primaryImageOfPage":{"@id":"https:\/\/madame-sensuelle.paris\/fr\/product\/culotte-ouverte-taille-haute-avec-perles-geneva\/#primaryimage"},"image":{"@id":"https:\/\/madame-sensuelle.paris\/fr\/product\/culotte-ouverte-taille-haute-avec-perles-geneva\/#primaryimage"},"thumbnailUrl":"https:\/\/madame-sensuelle.paris\/wp-content\/uploads\/2024\/06\/XSHD1TJ6530.webp","datePublished":"2024-03-10T12:49:36+00:00","dateModified":"2026-04-17T15:34:35+00:00","description":"Ce panty en dentelle est unique. La partie ficelle est confectionner de perle ivoire, elle sont rattacher a l'arri\u00e8re de la dentelle\u00a0 a l'aide d'un n\u0153ud d\u00e9licat en satin. Les perles vont venir stimuler votre clitoris de plus si le lien se d\u00e9fait, vous pouvez aller plus loin stimuler vous pourrez atteindre le point G et vivre une exp\u00e9rience pleine de plaisir.","breadcrumb":{"@id":"https:\/\/madame-sensuelle.paris\/fr\/product\/culotte-ouverte-taille-haute-avec-perles-geneva\/#breadcrumb"},"inLanguage":"fr-FR","potentialAction":[{"@type":"ReadAction","target":["https:\/\/madame-sensuelle.paris\/fr\/product\/culotte-ouverte-taille-haute-avec-perles-geneva\/"]}]},{"@type":"ImageObject","inLanguage":"fr-FR","@id":"https:\/\/madame-sensuelle.paris\/fr\/product\/culotte-ouverte-taille-haute-avec-perles-geneva\/#primaryimage","url":"https:\/\/madame-sensuelle.paris\/wp-content\/uploads\/2024\/06\/XSHD1TJ6530.webp","contentUrl":"https:\/\/madame-sensuelle.paris\/wp-content\/uploads\/2024\/06\/XSHD1TJ6530.webp","width":800,"height":1200},{"@type":"BreadcrumbList","@id":"https:\/\/madame-sensuelle.paris\/fr\/product\/culotte-ouverte-taille-haute-avec-perles-geneva\/#breadcrumb","itemListElement":[{"@type":"ListItem","position":1,"name":"Acceuil","item":"https:\/\/madame-sensuelle.paris\/fr\/"},{"@type":"ListItem","position":2,"name":"Catalogue","item":"https:\/\/madame-sensuelle.paris\/fr\/catalogue\/"},{"@type":"ListItem","position":3,"name":"BRACLI","item":"https:\/\/madame-sensuelle.paris\/fr\/brand\/bracli\/"},{"@type":"ListItem","position":4,"name":"Culotte ouverte taille haute avec perles Geneva"}]},{"@type":"WebSite","@id":"https:\/\/madame-sensuelle.paris\/fr\/#website","url":"https:\/\/madame-sensuelle.paris\/fr\/","name":"MADAME SENSUELLE","description":"MADAME SENSUELLE: Found the biggest exciting brands of chic &amp; SEXY LINGERIE in Paris Boutique and on the WEB: Aubade, Dita Von Teese, Maison Close, Marjolaine, Bluebella, Atelier Amour, Luxxa, Catanzaro, Gracija Rim. You will found the big pleasure of sexy belt or bra make for you","publisher":{"@id":"https:\/\/madame-sensuelle.paris\/fr\/#organization"},"potentialAction":[{"@type":"SearchAction","target":{"@type":"EntryPoint","urlTemplate":"https:\/\/madame-sensuelle.paris\/fr\/?s={search_term_string}"},"query-input":{"@type":"PropertyValueSpecification","valueRequired":true,"valueName":"search_term_string"}}],"inLanguage":"fr-FR"},{"@type":"Organization","@id":"https:\/\/madame-sensuelle.paris\/fr\/#organization","name":"Madame Sensuelle","url":"https:\/\/madame-sensuelle.paris\/fr\/","logo":{"@type":"ImageObject","inLanguage":"fr-FR","@id":"https:\/\/madame-sensuelle.paris\/fr\/#\/schema\/logo\/image\/","url":"https:\/\/madame-sensuelle.paris\/wp-content\/uploads\/2024\/12\/logo_a-1-1_696.webp","contentUrl":"https:\/\/madame-sensuelle.paris\/wp-content\/uploads\/2024\/12\/logo_a-1-1_696.webp","width":696,"height":696,"caption":"Madame Sensuelle"},"image":{"@id":"https:\/\/madame-sensuelle.paris\/fr\/#\/schema\/logo\/image\/"},"sameAs":["https:\/\/www.facebook.com\/madamesensuelle","https:\/\/www.instagram.com\/madame_sensuelle\/"]}]}},"brands":[{"id":2786,"name":"BRACLI","slug":"bracli"}],"_links":{"self":[{"href":"https:\/\/madame-sensuelle.paris\/fr\/wp-json\/wp\/v2\/product\/67630","targetHints":{"allow":["GET"]}}],"collection":[{"href":"https:\/\/madame-sensuelle.paris\/fr\/wp-json\/wp\/v2\/product"}],"about":[{"href":"https:\/\/madame-sensuelle.paris\/fr\/wp-json\/wp\/v2\/types\/product"}],"version-history":[{"count":1,"href":"https:\/\/madame-sensuelle.paris\/fr\/wp-json\/wp\/v2\/product\/67630\/revisions"}],"predecessor-version":[{"id":119820,"href":"https:\/\/madame-sensuelle.paris\/fr\/wp-json\/wp\/v2\/product\/67630\/revisions\/119820"}],"wp:featuredmedia":[{"embeddable":true,"href":"https:\/\/madame-sensuelle.paris\/fr\/wp-json\/wp\/v2\/media\/103039"}],"wp:attachment":[{"href":"https:\/\/madame-sensuelle.paris\/fr\/wp-json\/wp\/v2\/media?parent=67630"}],"wp:term":[{"taxonomy":"pwb-brand","embeddable":true,"href":"https:\/\/madame-sensuelle.paris\/fr\/wp-json\/wp\/v2\/pwb-brand?post=67630"},{"taxonomy":"product_brand","embeddable":true,"href":"https:\/\/madame-sensuelle.paris\/fr\/wp-json\/wp\/v2\/product_brand?post=67630"},{"taxonomy":"product_cat","embeddable":true,"href":"https:\/\/madame-sensuelle.paris\/fr\/wp-json\/wp\/v2\/product_cat?post=67630"},{"taxonomy":"product_tag","embeddable":true,"href":"https:\/\/madame-sensuelle.paris\/fr\/wp-json\/wp\/v2\/product_tag?post=67630"},{"taxonomy":"giftcard-category","embeddable":true,"href":"https:\/\/madame-sensuelle.paris\/fr\/wp-json\/wp\/v2\/giftcard-category?post=67630"}],"curies":[{"name":"wp","href":"https:\/\/api.w.org\/{rel}","templated":true}]}}