{"id":67717,"date":"2024-03-10T12:50:16","date_gmt":"2024-03-10T12:50:16","guid":{"rendered":"https:\/\/madame-sensuelle.eu\/?post_type=product&#038;p=67717"},"modified":"2026-04-04T22:32:32","modified_gmt":"2026-04-04T22:32:32","slug":"c-l-2022000089555","status":"publish","type":"product","link":"https:\/\/madame-sensuelle.paris\/fr\/product\/c-l-2022000089555\/","title":{"rendered":"Jarreti\u00e8re \u00e0 chainette Elixir"},"content":{"rendered":"<p>Sublimez vos jambes avec la Jarreti\u00e8re \u00e0 cha\u00eenette Elixir rouge.<\/p>\n<ul>\n<li>Sa dentelle raffin\u00e9e enlace la cuisse avec sensualit\u00e9, tandis qu\u2019une d\u00e9licate cha\u00eenette dor\u00e9e ajoute une touche pr\u00e9cieuse et audacieuse.<\/li>\n<li>Ajustable pour un confort parfait, elle transforme chaque mouvement en invitation au d\u00e9sir.<\/li>\n<\/ul>\n<p>Une pi\u00e8ce de lingerie bijou, pens\u00e9e pour s\u00e9duire et captiver.<\/p>\n","protected":false},"excerpt":{"rendered":"<p>Sublimez vos jambes avec la Jarreti\u00e8re \u00e0 cha\u00eenette Elixir rouge. Sa dentelle raffin\u00e9e enlace la cuisse avec sensualit\u00e9, tandis qu\u2019une d\u00e9licate cha\u00eenette dor\u00e9e ajoute une touche pr\u00e9cieuse et audacieuse. Ajustable pour un confort parfait, elle transforme chaque mouvement en invitation au d\u00e9sir. Une pi\u00e8ce de lingerie bijou, pens\u00e9e pour s\u00e9duire et captiver.<\/p>\n","protected":false},"featured_media":85785,"template":"","meta":[],"pwb-brand":[2787],"product_brand":[],"product_cat":[1269,1245],"product_tag":[],"giftcard-category":[],"class_list":{"0":"post-67717","1":"product","2":"type-product","3":"status-publish","4":"has-post-thumbnail","6":"pwb-brand-luxxa","7":"product_cat-jarretieres","8":"product_cat-lingerie-sexy-femme-erotique-et-glamour","9":"pa_collection-elixir-fr","11":"first","12":"instock","13":"taxable","14":"shipping-taxable","15":"purchasable","16":"product-type-variable","17":"has-default-attributes"},"yoast_head":"<!-- This site is optimized with the Yoast SEO plugin v27.3 - https:\/\/yoast.com\/product\/yoast-seo-wordpress\/ -->\n<title>Jarreti\u00e8re \u00e0 chainette Elixir \u2013 LUXXA - Madame Sensuelle<\/title>\n<meta name=\"description\" content=\"Laissez-vous tenter par la Jarreti\u00e8re \u00e0 cha\u00eenette Elixir rouge : dentelle raffin\u00e9e, cha\u00eene dor\u00e9e et un charme irr\u00e9sistible qui sublime vos jambes.\" \/>\n<meta name=\"robots\" content=\"index, follow, max-snippet:-1, max-image-preview:large, max-video-preview:-1\" \/>\n<link rel=\"canonical\" href=\"https:\/\/madame-sensuelle.paris\/fr\/product\/c-l-2022000089555\/\" \/>\n<meta property=\"og:locale\" content=\"fr_FR\" \/>\n<meta property=\"og:type\" content=\"article\" \/>\n<meta property=\"og:title\" content=\"Jarreti\u00e8re \u00e0 chainette Elixir \u2013 LUXXA - Madame Sensuelle\" \/>\n<meta property=\"og:description\" content=\"Laissez-vous tenter par la Jarreti\u00e8re \u00e0 cha\u00eenette Elixir rouge : dentelle raffin\u00e9e, cha\u00eene dor\u00e9e et un charme irr\u00e9sistible qui sublime vos jambes.\" \/>\n<meta property=\"og:url\" content=\"https:\/\/madame-sensuelle.paris\/fr\/product\/c-l-2022000089555\/\" \/>\n<meta property=\"og:site_name\" content=\"Madame Sensuelle\" \/>\n<meta property=\"article:publisher\" content=\"https:\/\/www.facebook.com\/madamesensuelle\" \/>\n<meta property=\"article:modified_time\" content=\"2026-04-04T22:32:32+00:00\" \/>\n<meta property=\"og:image\" content=\"http:\/\/madame-sensuelle.paris\/wp-content\/uploads\/2024\/03\/jarretiere-a-chainette-elixir.jpg\" \/>\n\t<meta property=\"og:image:width\" content=\"800\" \/>\n\t<meta property=\"og:image:height\" content=\"1200\" \/>\n\t<meta property=\"og:image:type\" content=\"image\/jpeg\" \/>\n<meta name=\"twitter:card\" content=\"summary_large_image\" \/>\n<meta name=\"twitter:label1\" content=\"Dur\u00e9e de lecture estim\u00e9e\" \/>\n\t<meta name=\"twitter:data1\" content=\"1 minute\" \/>\n<script type=\"application\/ld+json\" class=\"yoast-schema-graph\">{\"@context\":\"https:\\\/\\\/schema.org\",\"@graph\":[{\"@type\":\"WebPage\",\"@id\":\"https:\\\/\\\/madame-sensuelle.paris\\\/fr\\\/product\\\/c-l-2022000089555\\\/\",\"url\":\"https:\\\/\\\/madame-sensuelle.paris\\\/fr\\\/product\\\/c-l-2022000089555\\\/\",\"name\":\"Jarreti\u00e8re \u00e0 chainette Elixir \u2013 LUXXA - Madame Sensuelle\",\"isPartOf\":{\"@id\":\"https:\\\/\\\/madame-sensuelle.paris\\\/fr\\\/#website\"},\"primaryImageOfPage\":{\"@id\":\"https:\\\/\\\/madame-sensuelle.paris\\\/fr\\\/product\\\/c-l-2022000089555\\\/#primaryimage\"},\"image\":{\"@id\":\"https:\\\/\\\/madame-sensuelle.paris\\\/fr\\\/product\\\/c-l-2022000089555\\\/#primaryimage\"},\"thumbnailUrl\":\"https:\\\/\\\/madame-sensuelle.paris\\\/wp-content\\\/uploads\\\/2024\\\/03\\\/jarretiere-a-chainette-elixir.jpg\",\"datePublished\":\"2024-03-10T12:50:16+00:00\",\"dateModified\":\"2026-04-04T22:32:32+00:00\",\"description\":\"Laissez-vous tenter par la Jarreti\u00e8re \u00e0 cha\u00eenette Elixir rouge : dentelle raffin\u00e9e, cha\u00eene dor\u00e9e et un charme irr\u00e9sistible qui sublime vos jambes.\",\"breadcrumb\":{\"@id\":\"https:\\\/\\\/madame-sensuelle.paris\\\/fr\\\/product\\\/c-l-2022000089555\\\/#breadcrumb\"},\"inLanguage\":\"fr-FR\",\"potentialAction\":[{\"@type\":\"ReadAction\",\"target\":[\"https:\\\/\\\/madame-sensuelle.paris\\\/fr\\\/product\\\/c-l-2022000089555\\\/\"]}]},{\"@type\":\"ImageObject\",\"inLanguage\":\"fr-FR\",\"@id\":\"https:\\\/\\\/madame-sensuelle.paris\\\/fr\\\/product\\\/c-l-2022000089555\\\/#primaryimage\",\"url\":\"https:\\\/\\\/madame-sensuelle.paris\\\/wp-content\\\/uploads\\\/2024\\\/03\\\/jarretiere-a-chainette-elixir.jpg\",\"contentUrl\":\"https:\\\/\\\/madame-sensuelle.paris\\\/wp-content\\\/uploads\\\/2024\\\/03\\\/jarretiere-a-chainette-elixir.jpg\",\"width\":800,\"height\":1200},{\"@type\":\"BreadcrumbList\",\"@id\":\"https:\\\/\\\/madame-sensuelle.paris\\\/fr\\\/product\\\/c-l-2022000089555\\\/#breadcrumb\",\"itemListElement\":[{\"@type\":\"ListItem\",\"position\":1,\"name\":\"Acceuil\",\"item\":\"https:\\\/\\\/madame-sensuelle.paris\\\/fr\\\/\"},{\"@type\":\"ListItem\",\"position\":2,\"name\":\"Catalogue\",\"item\":\"https:\\\/\\\/madame-sensuelle.paris\\\/fr\\\/catalogue\\\/\"},{\"@type\":\"ListItem\",\"position\":3,\"name\":\"LUXXA\",\"item\":\"https:\\\/\\\/madame-sensuelle.paris\\\/fr\\\/brand\\\/luxxa\\\/\"},{\"@type\":\"ListItem\",\"position\":4,\"name\":\"Jarreti\u00e8re \u00e0 chainette Elixir\"}]},{\"@type\":\"WebSite\",\"@id\":\"https:\\\/\\\/madame-sensuelle.paris\\\/fr\\\/#website\",\"url\":\"https:\\\/\\\/madame-sensuelle.paris\\\/fr\\\/\",\"name\":\"MADAME SENSUELLE\",\"description\":\"MADAME SENSUELLE: Found the biggest exciting brands of chic &amp; SEXY LINGERIE in Paris Boutique and on the WEB: Aubade, Dita Von Teese, Maison Close, Marjolaine, Bluebella, Atelier Amour, Luxxa, Catanzaro, Gracija Rim. You will found the big pleasure of sexy belt or bra make for you\",\"publisher\":{\"@id\":\"https:\\\/\\\/madame-sensuelle.paris\\\/fr\\\/#organization\"},\"potentialAction\":[{\"@type\":\"SearchAction\",\"target\":{\"@type\":\"EntryPoint\",\"urlTemplate\":\"https:\\\/\\\/madame-sensuelle.paris\\\/fr\\\/?s={search_term_string}\"},\"query-input\":{\"@type\":\"PropertyValueSpecification\",\"valueRequired\":true,\"valueName\":\"search_term_string\"}}],\"inLanguage\":\"fr-FR\"},{\"@type\":\"Organization\",\"@id\":\"https:\\\/\\\/madame-sensuelle.paris\\\/fr\\\/#organization\",\"name\":\"Madame Sensuelle\",\"url\":\"https:\\\/\\\/madame-sensuelle.paris\\\/fr\\\/\",\"logo\":{\"@type\":\"ImageObject\",\"inLanguage\":\"fr-FR\",\"@id\":\"https:\\\/\\\/madame-sensuelle.paris\\\/fr\\\/#\\\/schema\\\/logo\\\/image\\\/\",\"url\":\"https:\\\/\\\/madame-sensuelle.paris\\\/wp-content\\\/uploads\\\/2024\\\/12\\\/logo_a-1-1_696.webp\",\"contentUrl\":\"https:\\\/\\\/madame-sensuelle.paris\\\/wp-content\\\/uploads\\\/2024\\\/12\\\/logo_a-1-1_696.webp\",\"width\":696,\"height\":696,\"caption\":\"Madame Sensuelle\"},\"image\":{\"@id\":\"https:\\\/\\\/madame-sensuelle.paris\\\/fr\\\/#\\\/schema\\\/logo\\\/image\\\/\"},\"sameAs\":[\"https:\\\/\\\/www.facebook.com\\\/madamesensuelle\",\"https:\\\/\\\/www.instagram.com\\\/madame_sensuelle\\\/\"]}]}<\/script>\n<!-- \/ Yoast SEO plugin. -->","yoast_head_json":{"title":"Jarreti\u00e8re \u00e0 chainette Elixir \u2013 LUXXA - Madame Sensuelle","description":"Laissez-vous tenter par la Jarreti\u00e8re \u00e0 cha\u00eenette Elixir rouge : dentelle raffin\u00e9e, cha\u00eene dor\u00e9e et un charme irr\u00e9sistible qui sublime vos jambes.","robots":{"index":"index","follow":"follow","max-snippet":"max-snippet:-1","max-image-preview":"max-image-preview:large","max-video-preview":"max-video-preview:-1"},"canonical":"https:\/\/madame-sensuelle.paris\/fr\/product\/c-l-2022000089555\/","og_locale":"fr_FR","og_type":"article","og_title":"Jarreti\u00e8re \u00e0 chainette Elixir \u2013 LUXXA - Madame Sensuelle","og_description":"Laissez-vous tenter par la Jarreti\u00e8re \u00e0 cha\u00eenette Elixir rouge : dentelle raffin\u00e9e, cha\u00eene dor\u00e9e et un charme irr\u00e9sistible qui sublime vos jambes.","og_url":"https:\/\/madame-sensuelle.paris\/fr\/product\/c-l-2022000089555\/","og_site_name":"Madame Sensuelle","article_publisher":"https:\/\/www.facebook.com\/madamesensuelle","article_modified_time":"2026-04-04T22:32:32+00:00","og_image":[{"width":800,"height":1200,"url":"http:\/\/madame-sensuelle.paris\/wp-content\/uploads\/2024\/03\/jarretiere-a-chainette-elixir.jpg","type":"image\/jpeg"}],"twitter_card":"summary_large_image","twitter_misc":{"Dur\u00e9e de lecture estim\u00e9e":"1 minute"},"schema":{"@context":"https:\/\/schema.org","@graph":[{"@type":"WebPage","@id":"https:\/\/madame-sensuelle.paris\/fr\/product\/c-l-2022000089555\/","url":"https:\/\/madame-sensuelle.paris\/fr\/product\/c-l-2022000089555\/","name":"Jarreti\u00e8re \u00e0 chainette Elixir \u2013 LUXXA - Madame Sensuelle","isPartOf":{"@id":"https:\/\/madame-sensuelle.paris\/fr\/#website"},"primaryImageOfPage":{"@id":"https:\/\/madame-sensuelle.paris\/fr\/product\/c-l-2022000089555\/#primaryimage"},"image":{"@id":"https:\/\/madame-sensuelle.paris\/fr\/product\/c-l-2022000089555\/#primaryimage"},"thumbnailUrl":"https:\/\/madame-sensuelle.paris\/wp-content\/uploads\/2024\/03\/jarretiere-a-chainette-elixir.jpg","datePublished":"2024-03-10T12:50:16+00:00","dateModified":"2026-04-04T22:32:32+00:00","description":"Laissez-vous tenter par la Jarreti\u00e8re \u00e0 cha\u00eenette Elixir rouge : dentelle raffin\u00e9e, cha\u00eene dor\u00e9e et un charme irr\u00e9sistible qui sublime vos jambes.","breadcrumb":{"@id":"https:\/\/madame-sensuelle.paris\/fr\/product\/c-l-2022000089555\/#breadcrumb"},"inLanguage":"fr-FR","potentialAction":[{"@type":"ReadAction","target":["https:\/\/madame-sensuelle.paris\/fr\/product\/c-l-2022000089555\/"]}]},{"@type":"ImageObject","inLanguage":"fr-FR","@id":"https:\/\/madame-sensuelle.paris\/fr\/product\/c-l-2022000089555\/#primaryimage","url":"https:\/\/madame-sensuelle.paris\/wp-content\/uploads\/2024\/03\/jarretiere-a-chainette-elixir.jpg","contentUrl":"https:\/\/madame-sensuelle.paris\/wp-content\/uploads\/2024\/03\/jarretiere-a-chainette-elixir.jpg","width":800,"height":1200},{"@type":"BreadcrumbList","@id":"https:\/\/madame-sensuelle.paris\/fr\/product\/c-l-2022000089555\/#breadcrumb","itemListElement":[{"@type":"ListItem","position":1,"name":"Acceuil","item":"https:\/\/madame-sensuelle.paris\/fr\/"},{"@type":"ListItem","position":2,"name":"Catalogue","item":"https:\/\/madame-sensuelle.paris\/fr\/catalogue\/"},{"@type":"ListItem","position":3,"name":"LUXXA","item":"https:\/\/madame-sensuelle.paris\/fr\/brand\/luxxa\/"},{"@type":"ListItem","position":4,"name":"Jarreti\u00e8re \u00e0 chainette Elixir"}]},{"@type":"WebSite","@id":"https:\/\/madame-sensuelle.paris\/fr\/#website","url":"https:\/\/madame-sensuelle.paris\/fr\/","name":"MADAME SENSUELLE","description":"MADAME SENSUELLE: Found the biggest exciting brands of chic &amp; SEXY LINGERIE in Paris Boutique and on the WEB: Aubade, Dita Von Teese, Maison Close, Marjolaine, Bluebella, Atelier Amour, Luxxa, Catanzaro, Gracija Rim. You will found the big pleasure of sexy belt or bra make for you","publisher":{"@id":"https:\/\/madame-sensuelle.paris\/fr\/#organization"},"potentialAction":[{"@type":"SearchAction","target":{"@type":"EntryPoint","urlTemplate":"https:\/\/madame-sensuelle.paris\/fr\/?s={search_term_string}"},"query-input":{"@type":"PropertyValueSpecification","valueRequired":true,"valueName":"search_term_string"}}],"inLanguage":"fr-FR"},{"@type":"Organization","@id":"https:\/\/madame-sensuelle.paris\/fr\/#organization","name":"Madame Sensuelle","url":"https:\/\/madame-sensuelle.paris\/fr\/","logo":{"@type":"ImageObject","inLanguage":"fr-FR","@id":"https:\/\/madame-sensuelle.paris\/fr\/#\/schema\/logo\/image\/","url":"https:\/\/madame-sensuelle.paris\/wp-content\/uploads\/2024\/12\/logo_a-1-1_696.webp","contentUrl":"https:\/\/madame-sensuelle.paris\/wp-content\/uploads\/2024\/12\/logo_a-1-1_696.webp","width":696,"height":696,"caption":"Madame Sensuelle"},"image":{"@id":"https:\/\/madame-sensuelle.paris\/fr\/#\/schema\/logo\/image\/"},"sameAs":["https:\/\/www.facebook.com\/madamesensuelle","https:\/\/www.instagram.com\/madame_sensuelle\/"]}]}},"brands":[{"id":2787,"name":"LUXXA","slug":"luxxa"}],"_links":{"self":[{"href":"https:\/\/madame-sensuelle.paris\/fr\/wp-json\/wp\/v2\/product\/67717","targetHints":{"allow":["GET"]}}],"collection":[{"href":"https:\/\/madame-sensuelle.paris\/fr\/wp-json\/wp\/v2\/product"}],"about":[{"href":"https:\/\/madame-sensuelle.paris\/fr\/wp-json\/wp\/v2\/types\/product"}],"version-history":[{"count":1,"href":"https:\/\/madame-sensuelle.paris\/fr\/wp-json\/wp\/v2\/product\/67717\/revisions"}],"predecessor-version":[{"id":122616,"href":"https:\/\/madame-sensuelle.paris\/fr\/wp-json\/wp\/v2\/product\/67717\/revisions\/122616"}],"wp:featuredmedia":[{"embeddable":true,"href":"https:\/\/madame-sensuelle.paris\/fr\/wp-json\/wp\/v2\/media\/85785"}],"wp:attachment":[{"href":"https:\/\/madame-sensuelle.paris\/fr\/wp-json\/wp\/v2\/media?parent=67717"}],"wp:term":[{"taxonomy":"pwb-brand","embeddable":true,"href":"https:\/\/madame-sensuelle.paris\/fr\/wp-json\/wp\/v2\/pwb-brand?post=67717"},{"taxonomy":"product_brand","embeddable":true,"href":"https:\/\/madame-sensuelle.paris\/fr\/wp-json\/wp\/v2\/product_brand?post=67717"},{"taxonomy":"product_cat","embeddable":true,"href":"https:\/\/madame-sensuelle.paris\/fr\/wp-json\/wp\/v2\/product_cat?post=67717"},{"taxonomy":"product_tag","embeddable":true,"href":"https:\/\/madame-sensuelle.paris\/fr\/wp-json\/wp\/v2\/product_tag?post=67717"},{"taxonomy":"giftcard-category","embeddable":true,"href":"https:\/\/madame-sensuelle.paris\/fr\/wp-json\/wp\/v2\/giftcard-category?post=67717"}],"curies":[{"name":"wp","href":"https:\/\/api.w.org\/{rel}","templated":true}]}}