{"id":67787,"date":"2024-03-25T03:09:31","date_gmt":"2024-03-25T03:09:31","guid":{"rendered":"https:\/\/madame-sensuelle.eu\/?post_type=product&#038;p=67787"},"modified":"2026-04-03T08:50:37","modified_gmt":"2026-04-03T08:50:37","slug":"c-b-2019000045605","status":"publish","type":"product","link":"https:\/\/madame-sensuelle.paris\/fr\/product\/c-b-2019000045605\/","title":{"rendered":"L&#8217;ensemble Femme de m\u00e9nage avec jupon"},"content":{"rendered":"<p>Ensemble femme de m\u00e9nage noir en maille transparente et organza. Le set contient un soutient gorge a armature et une jupe en maille avec des d\u00e9tails volants en organza pour adoucir et le rendre plus romantique, il est accompagner part un collier ras du coup a volant avec un bijoux m\u00e9tallique repr\u00e9sentant le logo de la maque. Vous pouvez compl\u00e9ter le look avec des gants transparent de chez Baed Stories. La jupe s\u2019ouvre et se ferme gr\u00e2ce a des crochet et \u0153illet. Cette ensemble a \u00e9tait con\u00e7us pour lib\u00e9rer votre potentielle sexuelle, une fois que vous l\u2019aurez essayer la barri\u00e8re de la timidit\u00e9 ne seras plus de la partie. Le jeux de transparence vous rendras encore plus s\u00e9duisante.<\/p>\n","protected":false},"excerpt":{"rendered":"<p>Ensemble femme de m\u00e9nage noir en maille transparente et organza. Le set contient un soutient gorge a armature et une jupe en maille avec des d\u00e9tails volants en organza pour adoucir et le rendre plus romantique, il est accompagner part un collier ras du coup a volant avec un bijoux m\u00e9tallique repr\u00e9sentant le logo de<\/p>\n","protected":false},"featured_media":83999,"template":"","meta":[],"pwb-brand":[2789],"product_brand":[],"product_cat":[3520],"product_tag":[],"giftcard-category":[],"class_list":{"0":"post-67787","1":"product","2":"type-product","3":"status-publish","4":"has-post-thumbnail","6":"pwb-brand-baed-stories","7":"product_cat-deguisement-sexy","9":"first","10":"instock","11":"taxable","12":"shipping-taxable","13":"purchasable","14":"product-type-variable","15":"has-default-attributes"},"yoast_head":"<!-- This site is optimized with the Yoast SEO plugin v27.3 - https:\/\/yoast.com\/product\/yoast-seo-wordpress\/ -->\n<title>L&#039;ensemble Femme de m\u00e9nage avec jupon \u2013 BAED - Madame Sensuelle<\/title>\n<meta name=\"description\" content=\"Ensemble femme de m\u00e9nage noir en maille transparente et organza. Le set contient un soutient gorge a armature et une jupe en maille avec des d\u00e9tails volants en organza pour adoucir et le rendre plus romantique, il est accompagner part un collier ras du coup a volant avec un bijoux m\u00e9tallique repr\u00e9sentant le logo de la maque. Vous pouvez compl\u00e9ter le look avec des gants transparent de chez Baed Stories. La jupe s\u2019ouvre et se ferme gr\u00e2ce a des crochet et \u0153illet. Cette ensemble a \u00e9tait con\u00e7us pour lib\u00e9rer votre potentielle sexuelle, une fois que vous l\u2019aurez essayer la barri\u00e8re de la timidit\u00e9 ne seras plus de la partie. Le jeux de transparence vous rendras encore plus s\u00e9duisante.\" \/>\n<meta name=\"robots\" content=\"index, follow, max-snippet:-1, max-image-preview:large, max-video-preview:-1\" \/>\n<link rel=\"canonical\" href=\"https:\/\/madame-sensuelle.paris\/fr\/product\/c-b-2019000045605\/\" \/>\n<meta property=\"og:locale\" content=\"fr_FR\" \/>\n<meta property=\"og:type\" content=\"article\" \/>\n<meta property=\"og:title\" content=\"L&#039;ensemble Femme de m\u00e9nage avec jupon \u2013 BAED - Madame Sensuelle\" \/>\n<meta property=\"og:description\" content=\"Ensemble femme de m\u00e9nage noir en maille transparente et organza. Le set contient un soutient gorge a armature et une jupe en maille avec des d\u00e9tails volants en organza pour adoucir et le rendre plus romantique, il est accompagner part un collier ras du coup a volant avec un bijoux m\u00e9tallique repr\u00e9sentant le logo de la maque. Vous pouvez compl\u00e9ter le look avec des gants transparent de chez Baed Stories. La jupe s\u2019ouvre et se ferme gr\u00e2ce a des crochet et \u0153illet. Cette ensemble a \u00e9tait con\u00e7us pour lib\u00e9rer votre potentielle sexuelle, une fois que vous l\u2019aurez essayer la barri\u00e8re de la timidit\u00e9 ne seras plus de la partie. Le jeux de transparence vous rendras encore plus s\u00e9duisante.\" \/>\n<meta property=\"og:url\" content=\"https:\/\/madame-sensuelle.paris\/fr\/product\/c-b-2019000045605\/\" \/>\n<meta property=\"og:site_name\" content=\"Madame Sensuelle\" \/>\n<meta property=\"article:publisher\" content=\"https:\/\/www.facebook.com\/madamesensuelle\" \/>\n<meta property=\"article:modified_time\" content=\"2026-04-03T08:50:37+00:00\" \/>\n<meta property=\"og:image\" content=\"http:\/\/madame-sensuelle.paris\/wp-content\/uploads\/2024\/03\/mais1.png\" \/>\n\t<meta property=\"og:image:width\" content=\"800\" \/>\n\t<meta property=\"og:image:height\" content=\"1200\" \/>\n\t<meta property=\"og:image:type\" content=\"image\/png\" \/>\n<meta name=\"twitter:card\" content=\"summary_large_image\" \/>\n<meta name=\"twitter:label1\" content=\"Dur\u00e9e de lecture estim\u00e9e\" \/>\n\t<meta name=\"twitter:data1\" content=\"2 minutes\" \/>\n<script type=\"application\/ld+json\" class=\"yoast-schema-graph\">{\"@context\":\"https:\\\/\\\/schema.org\",\"@graph\":[{\"@type\":\"WebPage\",\"@id\":\"https:\\\/\\\/madame-sensuelle.paris\\\/fr\\\/product\\\/c-b-2019000045605\\\/\",\"url\":\"https:\\\/\\\/madame-sensuelle.paris\\\/fr\\\/product\\\/c-b-2019000045605\\\/\",\"name\":\"L'ensemble Femme de m\u00e9nage avec jupon \u2013 BAED - Madame Sensuelle\",\"isPartOf\":{\"@id\":\"https:\\\/\\\/madame-sensuelle.paris\\\/fr\\\/#website\"},\"primaryImageOfPage\":{\"@id\":\"https:\\\/\\\/madame-sensuelle.paris\\\/fr\\\/product\\\/c-b-2019000045605\\\/#primaryimage\"},\"image\":{\"@id\":\"https:\\\/\\\/madame-sensuelle.paris\\\/fr\\\/product\\\/c-b-2019000045605\\\/#primaryimage\"},\"thumbnailUrl\":\"https:\\\/\\\/madame-sensuelle.paris\\\/wp-content\\\/uploads\\\/2024\\\/03\\\/mais1.png\",\"datePublished\":\"2024-03-25T03:09:31+00:00\",\"dateModified\":\"2026-04-03T08:50:37+00:00\",\"description\":\"Ensemble femme de m\u00e9nage noir en maille transparente et organza. Le set contient un soutient gorge a armature et une jupe en maille avec des d\u00e9tails volants en organza pour adoucir et le rendre plus romantique, il est accompagner part un collier ras du coup a volant avec un bijoux m\u00e9tallique repr\u00e9sentant le logo de la maque. Vous pouvez compl\u00e9ter le look avec des gants transparent de chez Baed Stories. La jupe s\u2019ouvre et se ferme gr\u00e2ce a des crochet et \u0153illet. Cette ensemble a \u00e9tait con\u00e7us pour lib\u00e9rer votre potentielle sexuelle, une fois que vous l\u2019aurez essayer la barri\u00e8re de la timidit\u00e9 ne seras plus de la partie. Le jeux de transparence vous rendras encore plus s\u00e9duisante.\",\"breadcrumb\":{\"@id\":\"https:\\\/\\\/madame-sensuelle.paris\\\/fr\\\/product\\\/c-b-2019000045605\\\/#breadcrumb\"},\"inLanguage\":\"fr-FR\",\"potentialAction\":[{\"@type\":\"ReadAction\",\"target\":[\"https:\\\/\\\/madame-sensuelle.paris\\\/fr\\\/product\\\/c-b-2019000045605\\\/\"]}]},{\"@type\":\"ImageObject\",\"inLanguage\":\"fr-FR\",\"@id\":\"https:\\\/\\\/madame-sensuelle.paris\\\/fr\\\/product\\\/c-b-2019000045605\\\/#primaryimage\",\"url\":\"https:\\\/\\\/madame-sensuelle.paris\\\/wp-content\\\/uploads\\\/2024\\\/03\\\/mais1.png\",\"contentUrl\":\"https:\\\/\\\/madame-sensuelle.paris\\\/wp-content\\\/uploads\\\/2024\\\/03\\\/mais1.png\",\"width\":800,\"height\":1200},{\"@type\":\"BreadcrumbList\",\"@id\":\"https:\\\/\\\/madame-sensuelle.paris\\\/fr\\\/product\\\/c-b-2019000045605\\\/#breadcrumb\",\"itemListElement\":[{\"@type\":\"ListItem\",\"position\":1,\"name\":\"Acceuil\",\"item\":\"https:\\\/\\\/madame-sensuelle.paris\\\/fr\\\/\"},{\"@type\":\"ListItem\",\"position\":2,\"name\":\"Catalogue\",\"item\":\"https:\\\/\\\/madame-sensuelle.paris\\\/fr\\\/catalogue\\\/\"},{\"@type\":\"ListItem\",\"position\":3,\"name\":\"BAED\",\"item\":\"https:\\\/\\\/madame-sensuelle.paris\\\/fr\\\/brand\\\/baed-stories\\\/\"},{\"@type\":\"ListItem\",\"position\":4,\"name\":\"L&#8217;ensemble Femme de m\u00e9nage avec jupon\"}]},{\"@type\":\"WebSite\",\"@id\":\"https:\\\/\\\/madame-sensuelle.paris\\\/fr\\\/#website\",\"url\":\"https:\\\/\\\/madame-sensuelle.paris\\\/fr\\\/\",\"name\":\"MADAME SENSUELLE\",\"description\":\"MADAME SENSUELLE: Found the biggest exciting brands of chic &amp; SEXY LINGERIE in Paris Boutique and on the WEB: Aubade, Dita Von Teese, Maison Close, Marjolaine, Bluebella, Atelier Amour, Luxxa, Catanzaro, Gracija Rim. You will found the big pleasure of sexy belt or bra make for you\",\"publisher\":{\"@id\":\"https:\\\/\\\/madame-sensuelle.paris\\\/fr\\\/#organization\"},\"potentialAction\":[{\"@type\":\"SearchAction\",\"target\":{\"@type\":\"EntryPoint\",\"urlTemplate\":\"https:\\\/\\\/madame-sensuelle.paris\\\/fr\\\/?s={search_term_string}\"},\"query-input\":{\"@type\":\"PropertyValueSpecification\",\"valueRequired\":true,\"valueName\":\"search_term_string\"}}],\"inLanguage\":\"fr-FR\"},{\"@type\":\"Organization\",\"@id\":\"https:\\\/\\\/madame-sensuelle.paris\\\/fr\\\/#organization\",\"name\":\"Madame Sensuelle\",\"url\":\"https:\\\/\\\/madame-sensuelle.paris\\\/fr\\\/\",\"logo\":{\"@type\":\"ImageObject\",\"inLanguage\":\"fr-FR\",\"@id\":\"https:\\\/\\\/madame-sensuelle.paris\\\/fr\\\/#\\\/schema\\\/logo\\\/image\\\/\",\"url\":\"https:\\\/\\\/madame-sensuelle.paris\\\/wp-content\\\/uploads\\\/2024\\\/12\\\/logo_a-1-1_696.webp\",\"contentUrl\":\"https:\\\/\\\/madame-sensuelle.paris\\\/wp-content\\\/uploads\\\/2024\\\/12\\\/logo_a-1-1_696.webp\",\"width\":696,\"height\":696,\"caption\":\"Madame Sensuelle\"},\"image\":{\"@id\":\"https:\\\/\\\/madame-sensuelle.paris\\\/fr\\\/#\\\/schema\\\/logo\\\/image\\\/\"},\"sameAs\":[\"https:\\\/\\\/www.facebook.com\\\/madamesensuelle\",\"https:\\\/\\\/www.instagram.com\\\/madame_sensuelle\\\/\"]}]}<\/script>\n<!-- \/ Yoast SEO plugin. -->","yoast_head_json":{"title":"L'ensemble Femme de m\u00e9nage avec jupon \u2013 BAED - Madame Sensuelle","description":"Ensemble femme de m\u00e9nage noir en maille transparente et organza. Le set contient un soutient gorge a armature et une jupe en maille avec des d\u00e9tails volants en organza pour adoucir et le rendre plus romantique, il est accompagner part un collier ras du coup a volant avec un bijoux m\u00e9tallique repr\u00e9sentant le logo de la maque. Vous pouvez compl\u00e9ter le look avec des gants transparent de chez Baed Stories. La jupe s\u2019ouvre et se ferme gr\u00e2ce a des crochet et \u0153illet. Cette ensemble a \u00e9tait con\u00e7us pour lib\u00e9rer votre potentielle sexuelle, une fois que vous l\u2019aurez essayer la barri\u00e8re de la timidit\u00e9 ne seras plus de la partie. Le jeux de transparence vous rendras encore plus s\u00e9duisante.","robots":{"index":"index","follow":"follow","max-snippet":"max-snippet:-1","max-image-preview":"max-image-preview:large","max-video-preview":"max-video-preview:-1"},"canonical":"https:\/\/madame-sensuelle.paris\/fr\/product\/c-b-2019000045605\/","og_locale":"fr_FR","og_type":"article","og_title":"L'ensemble Femme de m\u00e9nage avec jupon \u2013 BAED - Madame Sensuelle","og_description":"Ensemble femme de m\u00e9nage noir en maille transparente et organza. Le set contient un soutient gorge a armature et une jupe en maille avec des d\u00e9tails volants en organza pour adoucir et le rendre plus romantique, il est accompagner part un collier ras du coup a volant avec un bijoux m\u00e9tallique repr\u00e9sentant le logo de la maque. Vous pouvez compl\u00e9ter le look avec des gants transparent de chez Baed Stories. La jupe s\u2019ouvre et se ferme gr\u00e2ce a des crochet et \u0153illet. Cette ensemble a \u00e9tait con\u00e7us pour lib\u00e9rer votre potentielle sexuelle, une fois que vous l\u2019aurez essayer la barri\u00e8re de la timidit\u00e9 ne seras plus de la partie. Le jeux de transparence vous rendras encore plus s\u00e9duisante.","og_url":"https:\/\/madame-sensuelle.paris\/fr\/product\/c-b-2019000045605\/","og_site_name":"Madame Sensuelle","article_publisher":"https:\/\/www.facebook.com\/madamesensuelle","article_modified_time":"2026-04-03T08:50:37+00:00","og_image":[{"width":800,"height":1200,"url":"http:\/\/madame-sensuelle.paris\/wp-content\/uploads\/2024\/03\/mais1.png","type":"image\/png"}],"twitter_card":"summary_large_image","twitter_misc":{"Dur\u00e9e de lecture estim\u00e9e":"2 minutes"},"schema":{"@context":"https:\/\/schema.org","@graph":[{"@type":"WebPage","@id":"https:\/\/madame-sensuelle.paris\/fr\/product\/c-b-2019000045605\/","url":"https:\/\/madame-sensuelle.paris\/fr\/product\/c-b-2019000045605\/","name":"L'ensemble Femme de m\u00e9nage avec jupon \u2013 BAED - Madame Sensuelle","isPartOf":{"@id":"https:\/\/madame-sensuelle.paris\/fr\/#website"},"primaryImageOfPage":{"@id":"https:\/\/madame-sensuelle.paris\/fr\/product\/c-b-2019000045605\/#primaryimage"},"image":{"@id":"https:\/\/madame-sensuelle.paris\/fr\/product\/c-b-2019000045605\/#primaryimage"},"thumbnailUrl":"https:\/\/madame-sensuelle.paris\/wp-content\/uploads\/2024\/03\/mais1.png","datePublished":"2024-03-25T03:09:31+00:00","dateModified":"2026-04-03T08:50:37+00:00","description":"Ensemble femme de m\u00e9nage noir en maille transparente et organza. Le set contient un soutient gorge a armature et une jupe en maille avec des d\u00e9tails volants en organza pour adoucir et le rendre plus romantique, il est accompagner part un collier ras du coup a volant avec un bijoux m\u00e9tallique repr\u00e9sentant le logo de la maque. Vous pouvez compl\u00e9ter le look avec des gants transparent de chez Baed Stories. La jupe s\u2019ouvre et se ferme gr\u00e2ce a des crochet et \u0153illet. Cette ensemble a \u00e9tait con\u00e7us pour lib\u00e9rer votre potentielle sexuelle, une fois que vous l\u2019aurez essayer la barri\u00e8re de la timidit\u00e9 ne seras plus de la partie. Le jeux de transparence vous rendras encore plus s\u00e9duisante.","breadcrumb":{"@id":"https:\/\/madame-sensuelle.paris\/fr\/product\/c-b-2019000045605\/#breadcrumb"},"inLanguage":"fr-FR","potentialAction":[{"@type":"ReadAction","target":["https:\/\/madame-sensuelle.paris\/fr\/product\/c-b-2019000045605\/"]}]},{"@type":"ImageObject","inLanguage":"fr-FR","@id":"https:\/\/madame-sensuelle.paris\/fr\/product\/c-b-2019000045605\/#primaryimage","url":"https:\/\/madame-sensuelle.paris\/wp-content\/uploads\/2024\/03\/mais1.png","contentUrl":"https:\/\/madame-sensuelle.paris\/wp-content\/uploads\/2024\/03\/mais1.png","width":800,"height":1200},{"@type":"BreadcrumbList","@id":"https:\/\/madame-sensuelle.paris\/fr\/product\/c-b-2019000045605\/#breadcrumb","itemListElement":[{"@type":"ListItem","position":1,"name":"Acceuil","item":"https:\/\/madame-sensuelle.paris\/fr\/"},{"@type":"ListItem","position":2,"name":"Catalogue","item":"https:\/\/madame-sensuelle.paris\/fr\/catalogue\/"},{"@type":"ListItem","position":3,"name":"BAED","item":"https:\/\/madame-sensuelle.paris\/fr\/brand\/baed-stories\/"},{"@type":"ListItem","position":4,"name":"L&#8217;ensemble Femme de m\u00e9nage avec jupon"}]},{"@type":"WebSite","@id":"https:\/\/madame-sensuelle.paris\/fr\/#website","url":"https:\/\/madame-sensuelle.paris\/fr\/","name":"MADAME SENSUELLE","description":"MADAME SENSUELLE: Found the biggest exciting brands of chic &amp; SEXY LINGERIE in Paris Boutique and on the WEB: Aubade, Dita Von Teese, Maison Close, Marjolaine, Bluebella, Atelier Amour, Luxxa, Catanzaro, Gracija Rim. You will found the big pleasure of sexy belt or bra make for you","publisher":{"@id":"https:\/\/madame-sensuelle.paris\/fr\/#organization"},"potentialAction":[{"@type":"SearchAction","target":{"@type":"EntryPoint","urlTemplate":"https:\/\/madame-sensuelle.paris\/fr\/?s={search_term_string}"},"query-input":{"@type":"PropertyValueSpecification","valueRequired":true,"valueName":"search_term_string"}}],"inLanguage":"fr-FR"},{"@type":"Organization","@id":"https:\/\/madame-sensuelle.paris\/fr\/#organization","name":"Madame Sensuelle","url":"https:\/\/madame-sensuelle.paris\/fr\/","logo":{"@type":"ImageObject","inLanguage":"fr-FR","@id":"https:\/\/madame-sensuelle.paris\/fr\/#\/schema\/logo\/image\/","url":"https:\/\/madame-sensuelle.paris\/wp-content\/uploads\/2024\/12\/logo_a-1-1_696.webp","contentUrl":"https:\/\/madame-sensuelle.paris\/wp-content\/uploads\/2024\/12\/logo_a-1-1_696.webp","width":696,"height":696,"caption":"Madame Sensuelle"},"image":{"@id":"https:\/\/madame-sensuelle.paris\/fr\/#\/schema\/logo\/image\/"},"sameAs":["https:\/\/www.facebook.com\/madamesensuelle","https:\/\/www.instagram.com\/madame_sensuelle\/"]}]}},"brands":[{"id":2789,"name":"BAED","slug":"baed-stories"}],"_links":{"self":[{"href":"https:\/\/madame-sensuelle.paris\/fr\/wp-json\/wp\/v2\/product\/67787","targetHints":{"allow":["GET"]}}],"collection":[{"href":"https:\/\/madame-sensuelle.paris\/fr\/wp-json\/wp\/v2\/product"}],"about":[{"href":"https:\/\/madame-sensuelle.paris\/fr\/wp-json\/wp\/v2\/types\/product"}],"version-history":[{"count":1,"href":"https:\/\/madame-sensuelle.paris\/fr\/wp-json\/wp\/v2\/product\/67787\/revisions"}],"predecessor-version":[{"id":110852,"href":"https:\/\/madame-sensuelle.paris\/fr\/wp-json\/wp\/v2\/product\/67787\/revisions\/110852"}],"wp:featuredmedia":[{"embeddable":true,"href":"https:\/\/madame-sensuelle.paris\/fr\/wp-json\/wp\/v2\/media\/83999"}],"wp:attachment":[{"href":"https:\/\/madame-sensuelle.paris\/fr\/wp-json\/wp\/v2\/media?parent=67787"}],"wp:term":[{"taxonomy":"pwb-brand","embeddable":true,"href":"https:\/\/madame-sensuelle.paris\/fr\/wp-json\/wp\/v2\/pwb-brand?post=67787"},{"taxonomy":"product_brand","embeddable":true,"href":"https:\/\/madame-sensuelle.paris\/fr\/wp-json\/wp\/v2\/product_brand?post=67787"},{"taxonomy":"product_cat","embeddable":true,"href":"https:\/\/madame-sensuelle.paris\/fr\/wp-json\/wp\/v2\/product_cat?post=67787"},{"taxonomy":"product_tag","embeddable":true,"href":"https:\/\/madame-sensuelle.paris\/fr\/wp-json\/wp\/v2\/product_tag?post=67787"},{"taxonomy":"giftcard-category","embeddable":true,"href":"https:\/\/madame-sensuelle.paris\/fr\/wp-json\/wp\/v2\/giftcard-category?post=67787"}],"curies":[{"name":"wp","href":"https:\/\/api.w.org\/{rel}","templated":true}]}}