{"id":67898,"date":"2024-03-10T12:51:27","date_gmt":"2024-03-10T12:51:27","guid":{"rendered":"https:\/\/madame-sensuelle.eu\/?post_type=product&#038;p=67898"},"modified":"2026-05-04T21:16:32","modified_gmt":"2026-05-04T21:16:32","slug":"panty-destinos-avec-perles-en-dentelle-et-lurex","status":"publish","type":"product","link":"https:\/\/madame-sensuelle.paris\/fr\/product\/panty-destinos-avec-perles-en-dentelle-et-lurex\/","title":{"rendered":"Panty Destinos avec perles en dentelle et lurex"},"content":{"rendered":"<p>Panty en dentelle italienne avec des d\u00e9tails en lurex argent\u00e9. C&#8217;est un mod\u00e8le tr\u00e8s doux et sensuelle. Avec ce panty vous pouvez stimuler votre point G, il vous suffit de d\u00e9nouez le n\u0153ud qui retient les perles et faites un n\u0153ud au bout du collier, ins\u00e9rez le dans votre vagin. La friction du point G s\u2019effectue gr\u00e2ce a une p\u00e9n\u00e9tration. Mais vous pouvez aussi faire un bracelet ou un collier en prenant les perles de votre sous-v\u00eatements.<\/p>\n","protected":false},"excerpt":{"rendered":"<p>Panty Destinos avec perles en dentelle et lurex<\/p>\n","protected":false},"featured_media":104900,"template":"","meta":[],"pwb-brand":[2786],"product_brand":[],"product_cat":[1234,1270,1245],"product_tag":[],"giftcard-category":[],"class_list":{"0":"post-67898","1":"product","2":"type-product","3":"status-publish","4":"has-post-thumbnail","6":"pwb-brand-bracli","7":"product_cat-string-ouvert","8":"product_cat-culottes-sexy","9":"product_cat-lingerie-sexy-femme-erotique-et-glamour","10":"pa_collection-destinos","12":"first","13":"outofstock","14":"taxable","15":"shipping-taxable","16":"purchasable","17":"product-type-variable","18":"has-default-attributes"},"yoast_head":"<!-- This site is optimized with the Yoast SEO plugin v27.5 - https:\/\/yoast.com\/product\/yoast-seo-wordpress\/ -->\n<title>Panty Destinos avec perles en dentelle et lurex \u2013 BRACLI - Madame Sensuelle<\/title>\n<meta name=\"description\" content=\"Panty en dentelle italienne avec des d\u00e9tails en lurex argent\u00e9. C&#039;est un mod\u00e8le tr\u00e8s doux et sensuelle. Avec ce panty vous pouvez stimuler votre point G, il vous suffit de d\u00e9nouez le n\u0153ud qui retient les perles et faites un n\u0153ud au bout du collier, ins\u00e9rez le dans votre vagin. La friction du point G s\u2019effectue gr\u00e2ce a une p\u00e9n\u00e9tration. Mais vous pouvez aussi faire un bracelet ou un collier en prenant les perles de votre sous-v\u00eatements.\" \/>\n<meta name=\"robots\" content=\"index, follow, max-snippet:-1, max-image-preview:large, max-video-preview:-1\" \/>\n<link rel=\"canonical\" href=\"https:\/\/madame-sensuelle.paris\/fr\/product\/panty-destinos-avec-perles-en-dentelle-et-lurex\/\" \/>\n<meta property=\"og:locale\" content=\"fr_FR\" \/>\n<meta property=\"og:type\" content=\"article\" \/>\n<meta property=\"og:title\" content=\"Panty Destinos avec perles en dentelle et lurex \u2013 BRACLI - Madame Sensuelle\" \/>\n<meta property=\"og:description\" content=\"Panty en dentelle italienne avec des d\u00e9tails en lurex argent\u00e9. C&#039;est un mod\u00e8le tr\u00e8s doux et sensuelle. Avec ce panty vous pouvez stimuler votre point G, il vous suffit de d\u00e9nouez le n\u0153ud qui retient les perles et faites un n\u0153ud au bout du collier, ins\u00e9rez le dans votre vagin. La friction du point G s\u2019effectue gr\u00e2ce a une p\u00e9n\u00e9tration. Mais vous pouvez aussi faire un bracelet ou un collier en prenant les perles de votre sous-v\u00eatements.\" \/>\n<meta property=\"og:url\" content=\"https:\/\/madame-sensuelle.paris\/fr\/product\/panty-destinos-avec-perles-en-dentelle-et-lurex\/\" \/>\n<meta property=\"og:site_name\" content=\"Madame Sensuelle\" \/>\n<meta property=\"article:publisher\" content=\"https:\/\/www.facebook.com\/madamesensuelle\" \/>\n<meta property=\"article:modified_time\" content=\"2026-05-04T21:16:32+00:00\" \/>\n<meta property=\"og:image\" content=\"https:\/\/madame-sensuelle.paris\/wp-content\/uploads\/2024\/03\/DestinosPanty6-_4.webp\" \/>\n\t<meta property=\"og:image:width\" content=\"450\" \/>\n\t<meta property=\"og:image:height\" content=\"600\" \/>\n\t<meta property=\"og:image:type\" content=\"image\/webp\" \/>\n<meta name=\"twitter:card\" content=\"summary_large_image\" \/>\n<meta name=\"twitter:label1\" content=\"Dur\u00e9e de lecture estim\u00e9e\" \/>\n\t<meta name=\"twitter:data1\" content=\"2 minutes\" \/>\n<script type=\"application\/ld+json\" class=\"yoast-schema-graph\">{\"@context\":\"https:\\\/\\\/schema.org\",\"@graph\":[{\"@type\":\"WebPage\",\"@id\":\"https:\\\/\\\/madame-sensuelle.paris\\\/fr\\\/product\\\/panty-destinos-avec-perles-en-dentelle-et-lurex\\\/\",\"url\":\"https:\\\/\\\/madame-sensuelle.paris\\\/fr\\\/product\\\/panty-destinos-avec-perles-en-dentelle-et-lurex\\\/\",\"name\":\"Panty Destinos avec perles en dentelle et lurex \u2013 BRACLI - Madame Sensuelle\",\"isPartOf\":{\"@id\":\"https:\\\/\\\/madame-sensuelle.paris\\\/fr\\\/#website\"},\"primaryImageOfPage\":{\"@id\":\"https:\\\/\\\/madame-sensuelle.paris\\\/fr\\\/product\\\/panty-destinos-avec-perles-en-dentelle-et-lurex\\\/#primaryimage\"},\"image\":{\"@id\":\"https:\\\/\\\/madame-sensuelle.paris\\\/fr\\\/product\\\/panty-destinos-avec-perles-en-dentelle-et-lurex\\\/#primaryimage\"},\"thumbnailUrl\":\"https:\\\/\\\/madame-sensuelle.paris\\\/wp-content\\\/uploads\\\/2024\\\/03\\\/DestinosPanty6-_4.webp\",\"datePublished\":\"2024-03-10T12:51:27+00:00\",\"dateModified\":\"2026-05-04T21:16:32+00:00\",\"description\":\"Panty en dentelle italienne avec des d\u00e9tails en lurex argent\u00e9. C'est un mod\u00e8le tr\u00e8s doux et sensuelle. Avec ce panty vous pouvez stimuler votre point G, il vous suffit de d\u00e9nouez le n\u0153ud qui retient les perles et faites un n\u0153ud au bout du collier, ins\u00e9rez le dans votre vagin. La friction du point G s\u2019effectue gr\u00e2ce a une p\u00e9n\u00e9tration. Mais vous pouvez aussi faire un bracelet ou un collier en prenant les perles de votre sous-v\u00eatements.\",\"breadcrumb\":{\"@id\":\"https:\\\/\\\/madame-sensuelle.paris\\\/fr\\\/product\\\/panty-destinos-avec-perles-en-dentelle-et-lurex\\\/#breadcrumb\"},\"inLanguage\":\"fr-FR\",\"potentialAction\":[{\"@type\":\"ReadAction\",\"target\":[\"https:\\\/\\\/madame-sensuelle.paris\\\/fr\\\/product\\\/panty-destinos-avec-perles-en-dentelle-et-lurex\\\/\"]}]},{\"@type\":\"ImageObject\",\"inLanguage\":\"fr-FR\",\"@id\":\"https:\\\/\\\/madame-sensuelle.paris\\\/fr\\\/product\\\/panty-destinos-avec-perles-en-dentelle-et-lurex\\\/#primaryimage\",\"url\":\"https:\\\/\\\/madame-sensuelle.paris\\\/wp-content\\\/uploads\\\/2024\\\/03\\\/DestinosPanty6-_4.webp\",\"contentUrl\":\"https:\\\/\\\/madame-sensuelle.paris\\\/wp-content\\\/uploads\\\/2024\\\/03\\\/DestinosPanty6-_4.webp\",\"width\":450,\"height\":600},{\"@type\":\"BreadcrumbList\",\"@id\":\"https:\\\/\\\/madame-sensuelle.paris\\\/fr\\\/product\\\/panty-destinos-avec-perles-en-dentelle-et-lurex\\\/#breadcrumb\",\"itemListElement\":[{\"@type\":\"ListItem\",\"position\":1,\"name\":\"Acceuil\",\"item\":\"https:\\\/\\\/madame-sensuelle.paris\\\/fr\\\/\"},{\"@type\":\"ListItem\",\"position\":2,\"name\":\"Catalogue\",\"item\":\"https:\\\/\\\/madame-sensuelle.paris\\\/fr\\\/catalogue\\\/\"},{\"@type\":\"ListItem\",\"position\":3,\"name\":\"BRACLI\",\"item\":\"https:\\\/\\\/madame-sensuelle.paris\\\/fr\\\/brand\\\/bracli\\\/\"},{\"@type\":\"ListItem\",\"position\":4,\"name\":\"Panty Destinos avec perles en dentelle et lurex\"}]},{\"@type\":\"WebSite\",\"@id\":\"https:\\\/\\\/madame-sensuelle.paris\\\/fr\\\/#website\",\"url\":\"https:\\\/\\\/madame-sensuelle.paris\\\/fr\\\/\",\"name\":\"MADAME SENSUELLE\",\"description\":\"MADAME SENSUELLE: Found the biggest exciting brands of chic &amp; SEXY LINGERIE in Paris Boutique and on the WEB: Aubade, Dita Von Teese, Maison Close, Marjolaine, Bluebella, Atelier Amour, Luxxa, Catanzaro, Gracija Rim. You will found the big pleasure of sexy belt or bra make for you\",\"publisher\":{\"@id\":\"https:\\\/\\\/madame-sensuelle.paris\\\/fr\\\/#organization\"},\"potentialAction\":[{\"@type\":\"SearchAction\",\"target\":{\"@type\":\"EntryPoint\",\"urlTemplate\":\"https:\\\/\\\/madame-sensuelle.paris\\\/fr\\\/?s={search_term_string}\"},\"query-input\":{\"@type\":\"PropertyValueSpecification\",\"valueRequired\":true,\"valueName\":\"search_term_string\"}}],\"inLanguage\":\"fr-FR\"},{\"@type\":\"Organization\",\"@id\":\"https:\\\/\\\/madame-sensuelle.paris\\\/fr\\\/#organization\",\"name\":\"Madame Sensuelle\",\"url\":\"https:\\\/\\\/madame-sensuelle.paris\\\/fr\\\/\",\"logo\":{\"@type\":\"ImageObject\",\"inLanguage\":\"fr-FR\",\"@id\":\"https:\\\/\\\/madame-sensuelle.paris\\\/fr\\\/#\\\/schema\\\/logo\\\/image\\\/\",\"url\":\"https:\\\/\\\/madame-sensuelle.paris\\\/wp-content\\\/uploads\\\/2024\\\/12\\\/logo_a-1-1_696.webp\",\"contentUrl\":\"https:\\\/\\\/madame-sensuelle.paris\\\/wp-content\\\/uploads\\\/2024\\\/12\\\/logo_a-1-1_696.webp\",\"width\":696,\"height\":696,\"caption\":\"Madame Sensuelle\"},\"image\":{\"@id\":\"https:\\\/\\\/madame-sensuelle.paris\\\/fr\\\/#\\\/schema\\\/logo\\\/image\\\/\"},\"sameAs\":[\"https:\\\/\\\/www.facebook.com\\\/madamesensuelle\",\"https:\\\/\\\/www.instagram.com\\\/madame_sensuelle\\\/\"]}]}<\/script>\n<!-- \/ Yoast SEO plugin. -->","yoast_head_json":{"title":"Panty Destinos avec perles en dentelle et lurex \u2013 BRACLI - Madame Sensuelle","description":"Panty en dentelle italienne avec des d\u00e9tails en lurex argent\u00e9. C'est un mod\u00e8le tr\u00e8s doux et sensuelle. Avec ce panty vous pouvez stimuler votre point G, il vous suffit de d\u00e9nouez le n\u0153ud qui retient les perles et faites un n\u0153ud au bout du collier, ins\u00e9rez le dans votre vagin. La friction du point G s\u2019effectue gr\u00e2ce a une p\u00e9n\u00e9tration. Mais vous pouvez aussi faire un bracelet ou un collier en prenant les perles de votre sous-v\u00eatements.","robots":{"index":"index","follow":"follow","max-snippet":"max-snippet:-1","max-image-preview":"max-image-preview:large","max-video-preview":"max-video-preview:-1"},"canonical":"https:\/\/madame-sensuelle.paris\/fr\/product\/panty-destinos-avec-perles-en-dentelle-et-lurex\/","og_locale":"fr_FR","og_type":"article","og_title":"Panty Destinos avec perles en dentelle et lurex \u2013 BRACLI - Madame Sensuelle","og_description":"Panty en dentelle italienne avec des d\u00e9tails en lurex argent\u00e9. C'est un mod\u00e8le tr\u00e8s doux et sensuelle. Avec ce panty vous pouvez stimuler votre point G, il vous suffit de d\u00e9nouez le n\u0153ud qui retient les perles et faites un n\u0153ud au bout du collier, ins\u00e9rez le dans votre vagin. La friction du point G s\u2019effectue gr\u00e2ce a une p\u00e9n\u00e9tration. Mais vous pouvez aussi faire un bracelet ou un collier en prenant les perles de votre sous-v\u00eatements.","og_url":"https:\/\/madame-sensuelle.paris\/fr\/product\/panty-destinos-avec-perles-en-dentelle-et-lurex\/","og_site_name":"Madame Sensuelle","article_publisher":"https:\/\/www.facebook.com\/madamesensuelle","article_modified_time":"2026-05-04T21:16:32+00:00","og_image":[{"width":450,"height":600,"url":"https:\/\/madame-sensuelle.paris\/wp-content\/uploads\/2024\/03\/DestinosPanty6-_4.webp","type":"image\/webp"}],"twitter_card":"summary_large_image","twitter_misc":{"Dur\u00e9e de lecture estim\u00e9e":"2 minutes"},"schema":{"@context":"https:\/\/schema.org","@graph":[{"@type":"WebPage","@id":"https:\/\/madame-sensuelle.paris\/fr\/product\/panty-destinos-avec-perles-en-dentelle-et-lurex\/","url":"https:\/\/madame-sensuelle.paris\/fr\/product\/panty-destinos-avec-perles-en-dentelle-et-lurex\/","name":"Panty Destinos avec perles en dentelle et lurex \u2013 BRACLI - Madame Sensuelle","isPartOf":{"@id":"https:\/\/madame-sensuelle.paris\/fr\/#website"},"primaryImageOfPage":{"@id":"https:\/\/madame-sensuelle.paris\/fr\/product\/panty-destinos-avec-perles-en-dentelle-et-lurex\/#primaryimage"},"image":{"@id":"https:\/\/madame-sensuelle.paris\/fr\/product\/panty-destinos-avec-perles-en-dentelle-et-lurex\/#primaryimage"},"thumbnailUrl":"https:\/\/madame-sensuelle.paris\/wp-content\/uploads\/2024\/03\/DestinosPanty6-_4.webp","datePublished":"2024-03-10T12:51:27+00:00","dateModified":"2026-05-04T21:16:32+00:00","description":"Panty en dentelle italienne avec des d\u00e9tails en lurex argent\u00e9. C'est un mod\u00e8le tr\u00e8s doux et sensuelle. Avec ce panty vous pouvez stimuler votre point G, il vous suffit de d\u00e9nouez le n\u0153ud qui retient les perles et faites un n\u0153ud au bout du collier, ins\u00e9rez le dans votre vagin. La friction du point G s\u2019effectue gr\u00e2ce a une p\u00e9n\u00e9tration. Mais vous pouvez aussi faire un bracelet ou un collier en prenant les perles de votre sous-v\u00eatements.","breadcrumb":{"@id":"https:\/\/madame-sensuelle.paris\/fr\/product\/panty-destinos-avec-perles-en-dentelle-et-lurex\/#breadcrumb"},"inLanguage":"fr-FR","potentialAction":[{"@type":"ReadAction","target":["https:\/\/madame-sensuelle.paris\/fr\/product\/panty-destinos-avec-perles-en-dentelle-et-lurex\/"]}]},{"@type":"ImageObject","inLanguage":"fr-FR","@id":"https:\/\/madame-sensuelle.paris\/fr\/product\/panty-destinos-avec-perles-en-dentelle-et-lurex\/#primaryimage","url":"https:\/\/madame-sensuelle.paris\/wp-content\/uploads\/2024\/03\/DestinosPanty6-_4.webp","contentUrl":"https:\/\/madame-sensuelle.paris\/wp-content\/uploads\/2024\/03\/DestinosPanty6-_4.webp","width":450,"height":600},{"@type":"BreadcrumbList","@id":"https:\/\/madame-sensuelle.paris\/fr\/product\/panty-destinos-avec-perles-en-dentelle-et-lurex\/#breadcrumb","itemListElement":[{"@type":"ListItem","position":1,"name":"Acceuil","item":"https:\/\/madame-sensuelle.paris\/fr\/"},{"@type":"ListItem","position":2,"name":"Catalogue","item":"https:\/\/madame-sensuelle.paris\/fr\/catalogue\/"},{"@type":"ListItem","position":3,"name":"BRACLI","item":"https:\/\/madame-sensuelle.paris\/fr\/brand\/bracli\/"},{"@type":"ListItem","position":4,"name":"Panty Destinos avec perles en dentelle et lurex"}]},{"@type":"WebSite","@id":"https:\/\/madame-sensuelle.paris\/fr\/#website","url":"https:\/\/madame-sensuelle.paris\/fr\/","name":"MADAME SENSUELLE","description":"MADAME SENSUELLE: Found the biggest exciting brands of chic &amp; SEXY LINGERIE in Paris Boutique and on the WEB: Aubade, Dita Von Teese, Maison Close, Marjolaine, Bluebella, Atelier Amour, Luxxa, Catanzaro, Gracija Rim. You will found the big pleasure of sexy belt or bra make for you","publisher":{"@id":"https:\/\/madame-sensuelle.paris\/fr\/#organization"},"potentialAction":[{"@type":"SearchAction","target":{"@type":"EntryPoint","urlTemplate":"https:\/\/madame-sensuelle.paris\/fr\/?s={search_term_string}"},"query-input":{"@type":"PropertyValueSpecification","valueRequired":true,"valueName":"search_term_string"}}],"inLanguage":"fr-FR"},{"@type":"Organization","@id":"https:\/\/madame-sensuelle.paris\/fr\/#organization","name":"Madame Sensuelle","url":"https:\/\/madame-sensuelle.paris\/fr\/","logo":{"@type":"ImageObject","inLanguage":"fr-FR","@id":"https:\/\/madame-sensuelle.paris\/fr\/#\/schema\/logo\/image\/","url":"https:\/\/madame-sensuelle.paris\/wp-content\/uploads\/2024\/12\/logo_a-1-1_696.webp","contentUrl":"https:\/\/madame-sensuelle.paris\/wp-content\/uploads\/2024\/12\/logo_a-1-1_696.webp","width":696,"height":696,"caption":"Madame Sensuelle"},"image":{"@id":"https:\/\/madame-sensuelle.paris\/fr\/#\/schema\/logo\/image\/"},"sameAs":["https:\/\/www.facebook.com\/madamesensuelle","https:\/\/www.instagram.com\/madame_sensuelle\/"]}]}},"brands":[{"id":2786,"name":"BRACLI","slug":"bracli"}],"_links":{"self":[{"href":"https:\/\/madame-sensuelle.paris\/fr\/wp-json\/wp\/v2\/product\/67898","targetHints":{"allow":["GET"]}}],"collection":[{"href":"https:\/\/madame-sensuelle.paris\/fr\/wp-json\/wp\/v2\/product"}],"about":[{"href":"https:\/\/madame-sensuelle.paris\/fr\/wp-json\/wp\/v2\/types\/product"}],"version-history":[{"count":1,"href":"https:\/\/madame-sensuelle.paris\/fr\/wp-json\/wp\/v2\/product\/67898\/revisions"}],"predecessor-version":[{"id":109694,"href":"https:\/\/madame-sensuelle.paris\/fr\/wp-json\/wp\/v2\/product\/67898\/revisions\/109694"}],"wp:featuredmedia":[{"embeddable":true,"href":"https:\/\/madame-sensuelle.paris\/fr\/wp-json\/wp\/v2\/media\/104900"}],"wp:attachment":[{"href":"https:\/\/madame-sensuelle.paris\/fr\/wp-json\/wp\/v2\/media?parent=67898"}],"wp:term":[{"taxonomy":"pwb-brand","embeddable":true,"href":"https:\/\/madame-sensuelle.paris\/fr\/wp-json\/wp\/v2\/pwb-brand?post=67898"},{"taxonomy":"product_brand","embeddable":true,"href":"https:\/\/madame-sensuelle.paris\/fr\/wp-json\/wp\/v2\/product_brand?post=67898"},{"taxonomy":"product_cat","embeddable":true,"href":"https:\/\/madame-sensuelle.paris\/fr\/wp-json\/wp\/v2\/product_cat?post=67898"},{"taxonomy":"product_tag","embeddable":true,"href":"https:\/\/madame-sensuelle.paris\/fr\/wp-json\/wp\/v2\/product_tag?post=67898"},{"taxonomy":"giftcard-category","embeddable":true,"href":"https:\/\/madame-sensuelle.paris\/fr\/wp-json\/wp\/v2\/giftcard-category?post=67898"}],"curies":[{"name":"wp","href":"https:\/\/api.w.org\/{rel}","templated":true}]}}