{"id":68134,"date":"2024-03-10T12:53:35","date_gmt":"2024-03-10T12:53:35","guid":{"rendered":"https:\/\/madame-sensuelle.eu\/?post_type=product&#038;p=68134"},"modified":"2026-03-29T13:42:19","modified_gmt":"2026-03-29T13:42:19","slug":"robe-longue-rendez-vous-cache-coeur-en-dentelle","status":"publish","type":"product","link":"https:\/\/madame-sensuelle.paris\/fr\/product\/robe-longue-rendez-vous-cache-coeur-en-dentelle\/","title":{"rendered":"Robe longue Rendez-vous cache coeur en dentelle"},"content":{"rendered":"<article class=\"w-full text-token-text-primary\" dir=\"auto\" data-testid=\"conversation-turn-24\" data-scroll-anchor=\"true\">\n<div class=\"text-base my-auto mx-auto py-5 px-6\">\n<div class=\"mx-auto flex flex-1 text-base gap-4 md:gap-5 lg:gap-6 md:max-w-3xl lg:max-w-[40rem] xl:max-w-[48rem] group\/turn-messages focus-visible:outline-none\" tabindex=\"-1\">\n<div class=\"group\/conversation-turn relative flex w-full min-w-0 flex-col agent-turn @xs\/thread:px-0 @sm\/thread:px-1.5 @md\/thread:px-4\">\n<div class=\"relative flex-col gap-1 md:gap-3\">\n<div class=\"flex max-w-full flex-col flex-grow\">\n<div class=\"min-h-8 text-message relative flex w-full flex-col items-end gap-2 whitespace-normal break-words text-start [.text-message+&amp;]:mt-5\" dir=\"auto\" data-message-author-role=\"assistant\" data-message-id=\"58b72920-fab3-4452-ba5b-f00246109092\" data-message-model-slug=\"gpt-4o\">\n<div class=\"flex w-full flex-col gap-1 empty:hidden first:pt-[3px]\">\n<div class=\"markdown prose w-full break-words dark:prose-invert dark\">\n<p class=\"\" data-start=\"0\" data-end=\"343\">D\u00e9licieusement envo\u00fbtante, la robe longue <strong data-start=\"42\" data-end=\"57\">Rendez-vous<\/strong> embrase les sens avec sa dentelle enivrante et son d\u00e9collet\u00e9 cache-c\u0153ur vertigineux. Son tissu d\u00e9licat effleure la peau tandis que sa coupe fluide \u00e9pouse chaque mouvement avec une sensualit\u00e9 troublante. Audacieuse et raffin\u00e9e, une cr\u00e9ation pens\u00e9e pour captiver, s\u00e9duire\u2026 et ensorceler.<\/p>\n<\/div>\n<\/div>\n<\/div>\n<\/div>\n<\/div>\n<\/div>\n<\/div>\n<\/div>\n<\/article>\n","protected":false},"excerpt":{"rendered":"<p>D\u00e9licieusement envo\u00fbtante, la robe longue Rendez-vous embrase les sens avec sa dentelle enivrante et son d\u00e9collet\u00e9 cache-c\u0153ur vertigineux. Son tissu d\u00e9licat effleure la peau tandis que sa coupe fluide \u00e9pouse chaque mouvement avec une sensualit\u00e9 troublante. Audacieuse et raffin\u00e9e, une cr\u00e9ation pens\u00e9e pour captiver, s\u00e9duire\u2026 et ensorceler.<\/p>\n","protected":false},"featured_media":105473,"template":"","meta":[],"pwb-brand":[2776],"product_brand":[],"product_cat":[1239,1235],"product_tag":[],"giftcard-category":[],"class_list":{"0":"post-68134","1":"product","2":"type-product","3":"status-publish","4":"has-post-thumbnail","6":"pwb-brand-maison-close","7":"product_cat-longewear","8":"product_cat-robes-sexy","9":"pa_collection-rendez-vous-fr","11":"first","12":"instock","13":"taxable","14":"shipping-taxable","15":"purchasable","16":"product-type-variable","17":"has-default-attributes"},"yoast_head":"<!-- This site is optimized with the Yoast SEO plugin v27.3 - https:\/\/yoast.com\/product\/yoast-seo-wordpress\/ -->\n<title>Robe longue Rendez-vous cache coeur en dentelle \u2013 MAISON CLOSE - Madame Sensuelle<\/title>\n<meta name=\"description\" content=\"cliquer pour visionner l&#039;article : Robe longue Rendez-vous cache coeur en dentelle D\u00e9licieusement envo\u00fbtante, la robe longue Rendez-vous embrase les sens avec sa dentelle enivrante et son d\u00e9collet\u00e9 cache-c\u0153ur vertigineux. Son tissu d\u00e9licat effleure la peau tandis que sa coupe fluide \u00e9pouse chaque mouvement avec une sensualit\u00e9 troublante. Audacieuse et raffin\u00e9e, une cr\u00e9ation pens\u00e9e pour captiver, s\u00e9duire\u2026 et ensorceler.\" \/>\n<meta name=\"robots\" content=\"index, follow, max-snippet:-1, max-image-preview:large, max-video-preview:-1\" \/>\n<link rel=\"canonical\" href=\"https:\/\/madame-sensuelle.paris\/fr\/product\/robe-longue-rendez-vous-cache-coeur-en-dentelle\/\" \/>\n<meta property=\"og:locale\" content=\"fr_FR\" \/>\n<meta property=\"og:type\" content=\"article\" \/>\n<meta property=\"og:title\" content=\"Robe longue Rendez-vous cache coeur en dentelle \u2013 MAISON CLOSE - Madame Sensuelle\" \/>\n<meta property=\"og:description\" content=\"cliquer pour visionner l&#039;article : Robe longue Rendez-vous cache coeur en dentelle D\u00e9licieusement envo\u00fbtante, la robe longue Rendez-vous embrase les sens avec sa dentelle enivrante et son d\u00e9collet\u00e9 cache-c\u0153ur vertigineux. Son tissu d\u00e9licat effleure la peau tandis que sa coupe fluide \u00e9pouse chaque mouvement avec une sensualit\u00e9 troublante. Audacieuse et raffin\u00e9e, une cr\u00e9ation pens\u00e9e pour captiver, s\u00e9duire\u2026 et ensorceler.\" \/>\n<meta property=\"og:url\" content=\"https:\/\/madame-sensuelle.paris\/fr\/product\/robe-longue-rendez-vous-cache-coeur-en-dentelle\/\" \/>\n<meta property=\"og:site_name\" content=\"Madame Sensuelle\" \/>\n<meta property=\"article:publisher\" content=\"https:\/\/www.facebook.com\/madamesensuelle\" \/>\n<meta property=\"article:modified_time\" content=\"2026-03-29T13:42:19+00:00\" \/>\n<meta property=\"og:image\" content=\"http:\/\/madame-sensuelle.paris\/wp-content\/uploads\/2024\/03\/561273-6-605018fc7aea47a0938fed432298e32a.jpg\" \/>\n\t<meta property=\"og:image:width\" content=\"450\" \/>\n\t<meta property=\"og:image:height\" content=\"600\" \/>\n\t<meta property=\"og:image:type\" content=\"image\/jpeg\" \/>\n<meta name=\"twitter:card\" content=\"summary_large_image\" \/>\n<meta name=\"twitter:label1\" content=\"Dur\u00e9e de lecture estim\u00e9e\" \/>\n\t<meta name=\"twitter:data1\" content=\"2 minutes\" \/>\n<script type=\"application\/ld+json\" class=\"yoast-schema-graph\">{\"@context\":\"https:\\\/\\\/schema.org\",\"@graph\":[{\"@type\":\"WebPage\",\"@id\":\"https:\\\/\\\/madame-sensuelle.paris\\\/fr\\\/product\\\/robe-longue-rendez-vous-cache-coeur-en-dentelle\\\/\",\"url\":\"https:\\\/\\\/madame-sensuelle.paris\\\/fr\\\/product\\\/robe-longue-rendez-vous-cache-coeur-en-dentelle\\\/\",\"name\":\"Robe longue Rendez-vous cache coeur en dentelle \u2013 MAISON CLOSE - Madame Sensuelle\",\"isPartOf\":{\"@id\":\"https:\\\/\\\/madame-sensuelle.paris\\\/fr\\\/#website\"},\"primaryImageOfPage\":{\"@id\":\"https:\\\/\\\/madame-sensuelle.paris\\\/fr\\\/product\\\/robe-longue-rendez-vous-cache-coeur-en-dentelle\\\/#primaryimage\"},\"image\":{\"@id\":\"https:\\\/\\\/madame-sensuelle.paris\\\/fr\\\/product\\\/robe-longue-rendez-vous-cache-coeur-en-dentelle\\\/#primaryimage\"},\"thumbnailUrl\":\"https:\\\/\\\/madame-sensuelle.paris\\\/wp-content\\\/uploads\\\/2024\\\/03\\\/561273-6-605018fc7aea47a0938fed432298e32a.jpg\",\"datePublished\":\"2024-03-10T12:53:35+00:00\",\"dateModified\":\"2026-03-29T13:42:19+00:00\",\"description\":\"cliquer pour visionner l'article : Robe longue Rendez-vous cache coeur en dentelle D\u00e9licieusement envo\u00fbtante, la robe longue Rendez-vous embrase les sens avec sa dentelle enivrante et son d\u00e9collet\u00e9 cache-c\u0153ur vertigineux. Son tissu d\u00e9licat effleure la peau tandis que sa coupe fluide \u00e9pouse chaque mouvement avec une sensualit\u00e9 troublante. Audacieuse et raffin\u00e9e, une cr\u00e9ation pens\u00e9e pour captiver, s\u00e9duire\u2026 et ensorceler.\",\"breadcrumb\":{\"@id\":\"https:\\\/\\\/madame-sensuelle.paris\\\/fr\\\/product\\\/robe-longue-rendez-vous-cache-coeur-en-dentelle\\\/#breadcrumb\"},\"inLanguage\":\"fr-FR\",\"potentialAction\":[{\"@type\":\"ReadAction\",\"target\":[\"https:\\\/\\\/madame-sensuelle.paris\\\/fr\\\/product\\\/robe-longue-rendez-vous-cache-coeur-en-dentelle\\\/\"]}]},{\"@type\":\"ImageObject\",\"inLanguage\":\"fr-FR\",\"@id\":\"https:\\\/\\\/madame-sensuelle.paris\\\/fr\\\/product\\\/robe-longue-rendez-vous-cache-coeur-en-dentelle\\\/#primaryimage\",\"url\":\"https:\\\/\\\/madame-sensuelle.paris\\\/wp-content\\\/uploads\\\/2024\\\/03\\\/561273-6-605018fc7aea47a0938fed432298e32a.jpg\",\"contentUrl\":\"https:\\\/\\\/madame-sensuelle.paris\\\/wp-content\\\/uploads\\\/2024\\\/03\\\/561273-6-605018fc7aea47a0938fed432298e32a.jpg\",\"width\":450,\"height\":600},{\"@type\":\"BreadcrumbList\",\"@id\":\"https:\\\/\\\/madame-sensuelle.paris\\\/fr\\\/product\\\/robe-longue-rendez-vous-cache-coeur-en-dentelle\\\/#breadcrumb\",\"itemListElement\":[{\"@type\":\"ListItem\",\"position\":1,\"name\":\"Acceuil\",\"item\":\"https:\\\/\\\/madame-sensuelle.paris\\\/fr\\\/\"},{\"@type\":\"ListItem\",\"position\":2,\"name\":\"Catalogue\",\"item\":\"https:\\\/\\\/madame-sensuelle.paris\\\/fr\\\/catalogue\\\/\"},{\"@type\":\"ListItem\",\"position\":3,\"name\":\"MAISON CLOSE\",\"item\":\"https:\\\/\\\/madame-sensuelle.paris\\\/fr\\\/brand\\\/maison-close\\\/\"},{\"@type\":\"ListItem\",\"position\":4,\"name\":\"Robe longue Rendez-vous cache coeur en dentelle\"}]},{\"@type\":\"WebSite\",\"@id\":\"https:\\\/\\\/madame-sensuelle.paris\\\/fr\\\/#website\",\"url\":\"https:\\\/\\\/madame-sensuelle.paris\\\/fr\\\/\",\"name\":\"MADAME SENSUELLE\",\"description\":\"MADAME SENSUELLE: Found the biggest exciting brands of chic &amp; SEXY LINGERIE in Paris Boutique and on the WEB: Aubade, Dita Von Teese, Maison Close, Marjolaine, Bluebella, Atelier Amour, Luxxa, Catanzaro, Gracija Rim. You will found the big pleasure of sexy belt or bra make for you\",\"publisher\":{\"@id\":\"https:\\\/\\\/madame-sensuelle.paris\\\/fr\\\/#organization\"},\"potentialAction\":[{\"@type\":\"SearchAction\",\"target\":{\"@type\":\"EntryPoint\",\"urlTemplate\":\"https:\\\/\\\/madame-sensuelle.paris\\\/fr\\\/?s={search_term_string}\"},\"query-input\":{\"@type\":\"PropertyValueSpecification\",\"valueRequired\":true,\"valueName\":\"search_term_string\"}}],\"inLanguage\":\"fr-FR\"},{\"@type\":\"Organization\",\"@id\":\"https:\\\/\\\/madame-sensuelle.paris\\\/fr\\\/#organization\",\"name\":\"Madame Sensuelle\",\"url\":\"https:\\\/\\\/madame-sensuelle.paris\\\/fr\\\/\",\"logo\":{\"@type\":\"ImageObject\",\"inLanguage\":\"fr-FR\",\"@id\":\"https:\\\/\\\/madame-sensuelle.paris\\\/fr\\\/#\\\/schema\\\/logo\\\/image\\\/\",\"url\":\"https:\\\/\\\/madame-sensuelle.paris\\\/wp-content\\\/uploads\\\/2024\\\/12\\\/logo_a-1-1_696.webp\",\"contentUrl\":\"https:\\\/\\\/madame-sensuelle.paris\\\/wp-content\\\/uploads\\\/2024\\\/12\\\/logo_a-1-1_696.webp\",\"width\":696,\"height\":696,\"caption\":\"Madame Sensuelle\"},\"image\":{\"@id\":\"https:\\\/\\\/madame-sensuelle.paris\\\/fr\\\/#\\\/schema\\\/logo\\\/image\\\/\"},\"sameAs\":[\"https:\\\/\\\/www.facebook.com\\\/madamesensuelle\",\"https:\\\/\\\/www.instagram.com\\\/madame_sensuelle\\\/\"]}]}<\/script>\n<!-- \/ Yoast SEO plugin. -->","yoast_head_json":{"title":"Robe longue Rendez-vous cache coeur en dentelle \u2013 MAISON CLOSE - Madame Sensuelle","description":"cliquer pour visionner l'article : Robe longue Rendez-vous cache coeur en dentelle D\u00e9licieusement envo\u00fbtante, la robe longue Rendez-vous embrase les sens avec sa dentelle enivrante et son d\u00e9collet\u00e9 cache-c\u0153ur vertigineux. Son tissu d\u00e9licat effleure la peau tandis que sa coupe fluide \u00e9pouse chaque mouvement avec une sensualit\u00e9 troublante. Audacieuse et raffin\u00e9e, une cr\u00e9ation pens\u00e9e pour captiver, s\u00e9duire\u2026 et ensorceler.","robots":{"index":"index","follow":"follow","max-snippet":"max-snippet:-1","max-image-preview":"max-image-preview:large","max-video-preview":"max-video-preview:-1"},"canonical":"https:\/\/madame-sensuelle.paris\/fr\/product\/robe-longue-rendez-vous-cache-coeur-en-dentelle\/","og_locale":"fr_FR","og_type":"article","og_title":"Robe longue Rendez-vous cache coeur en dentelle \u2013 MAISON CLOSE - Madame Sensuelle","og_description":"cliquer pour visionner l'article : Robe longue Rendez-vous cache coeur en dentelle D\u00e9licieusement envo\u00fbtante, la robe longue Rendez-vous embrase les sens avec sa dentelle enivrante et son d\u00e9collet\u00e9 cache-c\u0153ur vertigineux. Son tissu d\u00e9licat effleure la peau tandis que sa coupe fluide \u00e9pouse chaque mouvement avec une sensualit\u00e9 troublante. Audacieuse et raffin\u00e9e, une cr\u00e9ation pens\u00e9e pour captiver, s\u00e9duire\u2026 et ensorceler.","og_url":"https:\/\/madame-sensuelle.paris\/fr\/product\/robe-longue-rendez-vous-cache-coeur-en-dentelle\/","og_site_name":"Madame Sensuelle","article_publisher":"https:\/\/www.facebook.com\/madamesensuelle","article_modified_time":"2026-03-29T13:42:19+00:00","og_image":[{"width":450,"height":600,"url":"http:\/\/madame-sensuelle.paris\/wp-content\/uploads\/2024\/03\/561273-6-605018fc7aea47a0938fed432298e32a.jpg","type":"image\/jpeg"}],"twitter_card":"summary_large_image","twitter_misc":{"Dur\u00e9e de lecture estim\u00e9e":"2 minutes"},"schema":{"@context":"https:\/\/schema.org","@graph":[{"@type":"WebPage","@id":"https:\/\/madame-sensuelle.paris\/fr\/product\/robe-longue-rendez-vous-cache-coeur-en-dentelle\/","url":"https:\/\/madame-sensuelle.paris\/fr\/product\/robe-longue-rendez-vous-cache-coeur-en-dentelle\/","name":"Robe longue Rendez-vous cache coeur en dentelle \u2013 MAISON CLOSE - Madame Sensuelle","isPartOf":{"@id":"https:\/\/madame-sensuelle.paris\/fr\/#website"},"primaryImageOfPage":{"@id":"https:\/\/madame-sensuelle.paris\/fr\/product\/robe-longue-rendez-vous-cache-coeur-en-dentelle\/#primaryimage"},"image":{"@id":"https:\/\/madame-sensuelle.paris\/fr\/product\/robe-longue-rendez-vous-cache-coeur-en-dentelle\/#primaryimage"},"thumbnailUrl":"https:\/\/madame-sensuelle.paris\/wp-content\/uploads\/2024\/03\/561273-6-605018fc7aea47a0938fed432298e32a.jpg","datePublished":"2024-03-10T12:53:35+00:00","dateModified":"2026-03-29T13:42:19+00:00","description":"cliquer pour visionner l'article : Robe longue Rendez-vous cache coeur en dentelle D\u00e9licieusement envo\u00fbtante, la robe longue Rendez-vous embrase les sens avec sa dentelle enivrante et son d\u00e9collet\u00e9 cache-c\u0153ur vertigineux. Son tissu d\u00e9licat effleure la peau tandis que sa coupe fluide \u00e9pouse chaque mouvement avec une sensualit\u00e9 troublante. Audacieuse et raffin\u00e9e, une cr\u00e9ation pens\u00e9e pour captiver, s\u00e9duire\u2026 et ensorceler.","breadcrumb":{"@id":"https:\/\/madame-sensuelle.paris\/fr\/product\/robe-longue-rendez-vous-cache-coeur-en-dentelle\/#breadcrumb"},"inLanguage":"fr-FR","potentialAction":[{"@type":"ReadAction","target":["https:\/\/madame-sensuelle.paris\/fr\/product\/robe-longue-rendez-vous-cache-coeur-en-dentelle\/"]}]},{"@type":"ImageObject","inLanguage":"fr-FR","@id":"https:\/\/madame-sensuelle.paris\/fr\/product\/robe-longue-rendez-vous-cache-coeur-en-dentelle\/#primaryimage","url":"https:\/\/madame-sensuelle.paris\/wp-content\/uploads\/2024\/03\/561273-6-605018fc7aea47a0938fed432298e32a.jpg","contentUrl":"https:\/\/madame-sensuelle.paris\/wp-content\/uploads\/2024\/03\/561273-6-605018fc7aea47a0938fed432298e32a.jpg","width":450,"height":600},{"@type":"BreadcrumbList","@id":"https:\/\/madame-sensuelle.paris\/fr\/product\/robe-longue-rendez-vous-cache-coeur-en-dentelle\/#breadcrumb","itemListElement":[{"@type":"ListItem","position":1,"name":"Acceuil","item":"https:\/\/madame-sensuelle.paris\/fr\/"},{"@type":"ListItem","position":2,"name":"Catalogue","item":"https:\/\/madame-sensuelle.paris\/fr\/catalogue\/"},{"@type":"ListItem","position":3,"name":"MAISON CLOSE","item":"https:\/\/madame-sensuelle.paris\/fr\/brand\/maison-close\/"},{"@type":"ListItem","position":4,"name":"Robe longue Rendez-vous cache coeur en dentelle"}]},{"@type":"WebSite","@id":"https:\/\/madame-sensuelle.paris\/fr\/#website","url":"https:\/\/madame-sensuelle.paris\/fr\/","name":"MADAME SENSUELLE","description":"MADAME SENSUELLE: Found the biggest exciting brands of chic &amp; SEXY LINGERIE in Paris Boutique and on the WEB: Aubade, Dita Von Teese, Maison Close, Marjolaine, Bluebella, Atelier Amour, Luxxa, Catanzaro, Gracija Rim. You will found the big pleasure of sexy belt or bra make for you","publisher":{"@id":"https:\/\/madame-sensuelle.paris\/fr\/#organization"},"potentialAction":[{"@type":"SearchAction","target":{"@type":"EntryPoint","urlTemplate":"https:\/\/madame-sensuelle.paris\/fr\/?s={search_term_string}"},"query-input":{"@type":"PropertyValueSpecification","valueRequired":true,"valueName":"search_term_string"}}],"inLanguage":"fr-FR"},{"@type":"Organization","@id":"https:\/\/madame-sensuelle.paris\/fr\/#organization","name":"Madame Sensuelle","url":"https:\/\/madame-sensuelle.paris\/fr\/","logo":{"@type":"ImageObject","inLanguage":"fr-FR","@id":"https:\/\/madame-sensuelle.paris\/fr\/#\/schema\/logo\/image\/","url":"https:\/\/madame-sensuelle.paris\/wp-content\/uploads\/2024\/12\/logo_a-1-1_696.webp","contentUrl":"https:\/\/madame-sensuelle.paris\/wp-content\/uploads\/2024\/12\/logo_a-1-1_696.webp","width":696,"height":696,"caption":"Madame Sensuelle"},"image":{"@id":"https:\/\/madame-sensuelle.paris\/fr\/#\/schema\/logo\/image\/"},"sameAs":["https:\/\/www.facebook.com\/madamesensuelle","https:\/\/www.instagram.com\/madame_sensuelle\/"]}]}},"brands":[{"id":2776,"name":"MAISON CLOSE","slug":"maison-close"}],"_links":{"self":[{"href":"https:\/\/madame-sensuelle.paris\/fr\/wp-json\/wp\/v2\/product\/68134","targetHints":{"allow":["GET"]}}],"collection":[{"href":"https:\/\/madame-sensuelle.paris\/fr\/wp-json\/wp\/v2\/product"}],"about":[{"href":"https:\/\/madame-sensuelle.paris\/fr\/wp-json\/wp\/v2\/types\/product"}],"version-history":[{"count":1,"href":"https:\/\/madame-sensuelle.paris\/fr\/wp-json\/wp\/v2\/product\/68134\/revisions"}],"predecessor-version":[{"id":117219,"href":"https:\/\/madame-sensuelle.paris\/fr\/wp-json\/wp\/v2\/product\/68134\/revisions\/117219"}],"wp:featuredmedia":[{"embeddable":true,"href":"https:\/\/madame-sensuelle.paris\/fr\/wp-json\/wp\/v2\/media\/105473"}],"wp:attachment":[{"href":"https:\/\/madame-sensuelle.paris\/fr\/wp-json\/wp\/v2\/media?parent=68134"}],"wp:term":[{"taxonomy":"pwb-brand","embeddable":true,"href":"https:\/\/madame-sensuelle.paris\/fr\/wp-json\/wp\/v2\/pwb-brand?post=68134"},{"taxonomy":"product_brand","embeddable":true,"href":"https:\/\/madame-sensuelle.paris\/fr\/wp-json\/wp\/v2\/product_brand?post=68134"},{"taxonomy":"product_cat","embeddable":true,"href":"https:\/\/madame-sensuelle.paris\/fr\/wp-json\/wp\/v2\/product_cat?post=68134"},{"taxonomy":"product_tag","embeddable":true,"href":"https:\/\/madame-sensuelle.paris\/fr\/wp-json\/wp\/v2\/product_tag?post=68134"},{"taxonomy":"giftcard-category","embeddable":true,"href":"https:\/\/madame-sensuelle.paris\/fr\/wp-json\/wp\/v2\/giftcard-category?post=68134"}],"curies":[{"name":"wp","href":"https:\/\/api.w.org\/{rel}","templated":true}]}}