{"id":68366,"date":"2024-03-25T03:09:32","date_gmt":"2024-03-25T03:09:32","guid":{"rendered":"https:\/\/madame-sensuelle.eu\/?post_type=product&#038;p=68366"},"modified":"2026-04-04T06:32:12","modified_gmt":"2026-04-04T06:32:12","slug":"c-l-2019000039161","status":"publish","type":"product","link":"https:\/\/madame-sensuelle.paris\/fr\/product\/c-l-2019000039161\/","title":{"rendered":"String nu Cage \u00e0 plumes Cachou Blanc"},"content":{"rendered":"<p>String nu. Votre pubis est d\u00e9limit\u00e9 part des bandes \u00e9lastique orn\u00e9e de strass et d&#8217;un ruban de guipure florale, le tout reli\u00e9 part un petit n\u0153ud en organza. On retrouve au milieu deux plume attacher qui se laisserons porter part vos mouvements. Vous pouvez l&#8217;ajuster sur les cot\u00e9s. L&#8217;arri\u00e8re c&#8217;est une ficelle, on retrouve un petit n\u0153ud en organza juste au dessus d&#8217;une petite ouverture au creux de vos fesses.<\/p>\n","protected":false},"excerpt":{"rendered":"<p>String nu. Votre pubis est d\u00e9limit\u00e9 part des bandes \u00e9lastique orn\u00e9e de strass et d&#8217;un ruban de guipure florale, le tout reli\u00e9 part un petit n\u0153ud en organza. On retrouve au milieu deux plume attacher qui se laisserons porter part vos mouvements. Vous pouvez l&#8217;ajuster sur les cot\u00e9s. L&#8217;arri\u00e8re c&#8217;est une ficelle, on retrouve un<\/p>\n","protected":false},"featured_media":83747,"template":"","meta":[],"pwb-brand":[2787],"product_brand":[],"product_cat":[1234,1270,1245,1226],"product_tag":[],"giftcard-category":[],"class_list":{"0":"post-68366","1":"product","2":"type-product","3":"status-publish","4":"has-post-thumbnail","6":"pwb-brand-luxxa","7":"product_cat-string-ouvert","8":"product_cat-culottes-sexy","9":"product_cat-lingerie-sexy-femme-erotique-et-glamour","10":"product_cat-mariage","12":"first","13":"outofstock","14":"taxable","15":"shipping-taxable","16":"purchasable","17":"product-type-variable","18":"has-default-attributes"},"yoast_head":"<!-- This site is optimized with the Yoast SEO plugin v27.3 - https:\/\/yoast.com\/product\/yoast-seo-wordpress\/ -->\n<title>String nu Cage \u00e0 plumes Cachou Blanc \u2013 LUXXA - Madame Sensuelle<\/title>\n<meta name=\"description\" content=\"String nu. Votre pubis est d\u00e9limit\u00e9 part des bandes \u00e9lastique orn\u00e9e de strass et d&#039;un ruban de guipure florale, le tout reli\u00e9 part un petit n\u0153ud en organza. On retrouve au milieu deux plume attacher qui se laisserons porter part vos mouvements. Vous pouvez l&#039;ajuster sur les cot\u00e9s. L&#039;arri\u00e8re c&#039;est une ficelle, on retrouve un petit n\u0153ud en organza juste au dessus d&#039;une petite ouverture au creux de vos fesses.\" \/>\n<meta name=\"robots\" content=\"index, follow, max-snippet:-1, max-image-preview:large, max-video-preview:-1\" \/>\n<link rel=\"canonical\" href=\"https:\/\/madame-sensuelle.paris\/fr\/product\/c-l-2019000039161\/\" \/>\n<meta property=\"og:locale\" content=\"fr_FR\" \/>\n<meta property=\"og:type\" content=\"article\" \/>\n<meta property=\"og:title\" content=\"String nu Cage \u00e0 plumes Cachou Blanc \u2013 LUXXA - Madame Sensuelle\" \/>\n<meta property=\"og:description\" content=\"String nu. Votre pubis est d\u00e9limit\u00e9 part des bandes \u00e9lastique orn\u00e9e de strass et d&#039;un ruban de guipure florale, le tout reli\u00e9 part un petit n\u0153ud en organza. On retrouve au milieu deux plume attacher qui se laisserons porter part vos mouvements. Vous pouvez l&#039;ajuster sur les cot\u00e9s. L&#039;arri\u00e8re c&#039;est une ficelle, on retrouve un petit n\u0153ud en organza juste au dessus d&#039;une petite ouverture au creux de vos fesses.\" \/>\n<meta property=\"og:url\" content=\"https:\/\/madame-sensuelle.paris\/fr\/product\/c-l-2019000039161\/\" \/>\n<meta property=\"og:site_name\" content=\"Madame Sensuelle\" \/>\n<meta property=\"article:publisher\" content=\"https:\/\/www.facebook.com\/madamesensuelle\" \/>\n<meta property=\"article:modified_time\" content=\"2026-04-04T06:32:12+00:00\" \/>\n<meta property=\"og:image\" content=\"http:\/\/madame-sensuelle.paris\/wp-content\/uploads\/2024\/03\/ens_plumes_2.png\" \/>\n\t<meta property=\"og:image:width\" content=\"800\" \/>\n\t<meta property=\"og:image:height\" content=\"1200\" \/>\n\t<meta property=\"og:image:type\" content=\"image\/png\" \/>\n<meta name=\"twitter:card\" content=\"summary_large_image\" \/>\n<meta name=\"twitter:label1\" content=\"Dur\u00e9e de lecture estim\u00e9e\" \/>\n\t<meta name=\"twitter:data1\" content=\"1 minute\" \/>\n<script type=\"application\/ld+json\" class=\"yoast-schema-graph\">{\"@context\":\"https:\\\/\\\/schema.org\",\"@graph\":[{\"@type\":\"WebPage\",\"@id\":\"https:\\\/\\\/madame-sensuelle.paris\\\/fr\\\/product\\\/c-l-2019000039161\\\/\",\"url\":\"https:\\\/\\\/madame-sensuelle.paris\\\/fr\\\/product\\\/c-l-2019000039161\\\/\",\"name\":\"String nu Cage \u00e0 plumes Cachou Blanc \u2013 LUXXA - Madame Sensuelle\",\"isPartOf\":{\"@id\":\"https:\\\/\\\/madame-sensuelle.paris\\\/fr\\\/#website\"},\"primaryImageOfPage\":{\"@id\":\"https:\\\/\\\/madame-sensuelle.paris\\\/fr\\\/product\\\/c-l-2019000039161\\\/#primaryimage\"},\"image\":{\"@id\":\"https:\\\/\\\/madame-sensuelle.paris\\\/fr\\\/product\\\/c-l-2019000039161\\\/#primaryimage\"},\"thumbnailUrl\":\"https:\\\/\\\/madame-sensuelle.paris\\\/wp-content\\\/uploads\\\/2024\\\/03\\\/ens_plumes_2.png\",\"datePublished\":\"2024-03-25T03:09:32+00:00\",\"dateModified\":\"2026-04-04T06:32:12+00:00\",\"description\":\"String nu. Votre pubis est d\u00e9limit\u00e9 part des bandes \u00e9lastique orn\u00e9e de strass et d'un ruban de guipure florale, le tout reli\u00e9 part un petit n\u0153ud en organza. On retrouve au milieu deux plume attacher qui se laisserons porter part vos mouvements. Vous pouvez l'ajuster sur les cot\u00e9s. L'arri\u00e8re c'est une ficelle, on retrouve un petit n\u0153ud en organza juste au dessus d'une petite ouverture au creux de vos fesses.\",\"breadcrumb\":{\"@id\":\"https:\\\/\\\/madame-sensuelle.paris\\\/fr\\\/product\\\/c-l-2019000039161\\\/#breadcrumb\"},\"inLanguage\":\"fr-FR\",\"potentialAction\":[{\"@type\":\"ReadAction\",\"target\":[\"https:\\\/\\\/madame-sensuelle.paris\\\/fr\\\/product\\\/c-l-2019000039161\\\/\"]}]},{\"@type\":\"ImageObject\",\"inLanguage\":\"fr-FR\",\"@id\":\"https:\\\/\\\/madame-sensuelle.paris\\\/fr\\\/product\\\/c-l-2019000039161\\\/#primaryimage\",\"url\":\"https:\\\/\\\/madame-sensuelle.paris\\\/wp-content\\\/uploads\\\/2024\\\/03\\\/ens_plumes_2.png\",\"contentUrl\":\"https:\\\/\\\/madame-sensuelle.paris\\\/wp-content\\\/uploads\\\/2024\\\/03\\\/ens_plumes_2.png\",\"width\":800,\"height\":1200},{\"@type\":\"BreadcrumbList\",\"@id\":\"https:\\\/\\\/madame-sensuelle.paris\\\/fr\\\/product\\\/c-l-2019000039161\\\/#breadcrumb\",\"itemListElement\":[{\"@type\":\"ListItem\",\"position\":1,\"name\":\"Acceuil\",\"item\":\"https:\\\/\\\/madame-sensuelle.paris\\\/fr\\\/\"},{\"@type\":\"ListItem\",\"position\":2,\"name\":\"Catalogue\",\"item\":\"https:\\\/\\\/madame-sensuelle.paris\\\/fr\\\/catalogue\\\/\"},{\"@type\":\"ListItem\",\"position\":3,\"name\":\"LUXXA\",\"item\":\"https:\\\/\\\/madame-sensuelle.paris\\\/fr\\\/brand\\\/luxxa\\\/\"},{\"@type\":\"ListItem\",\"position\":4,\"name\":\"String nu Cage \u00e0 plumes Cachou Blanc\"}]},{\"@type\":\"WebSite\",\"@id\":\"https:\\\/\\\/madame-sensuelle.paris\\\/fr\\\/#website\",\"url\":\"https:\\\/\\\/madame-sensuelle.paris\\\/fr\\\/\",\"name\":\"MADAME SENSUELLE\",\"description\":\"MADAME SENSUELLE: Found the biggest exciting brands of chic &amp; SEXY LINGERIE in Paris Boutique and on the WEB: Aubade, Dita Von Teese, Maison Close, Marjolaine, Bluebella, Atelier Amour, Luxxa, Catanzaro, Gracija Rim. You will found the big pleasure of sexy belt or bra make for you\",\"publisher\":{\"@id\":\"https:\\\/\\\/madame-sensuelle.paris\\\/fr\\\/#organization\"},\"potentialAction\":[{\"@type\":\"SearchAction\",\"target\":{\"@type\":\"EntryPoint\",\"urlTemplate\":\"https:\\\/\\\/madame-sensuelle.paris\\\/fr\\\/?s={search_term_string}\"},\"query-input\":{\"@type\":\"PropertyValueSpecification\",\"valueRequired\":true,\"valueName\":\"search_term_string\"}}],\"inLanguage\":\"fr-FR\"},{\"@type\":\"Organization\",\"@id\":\"https:\\\/\\\/madame-sensuelle.paris\\\/fr\\\/#organization\",\"name\":\"Madame Sensuelle\",\"url\":\"https:\\\/\\\/madame-sensuelle.paris\\\/fr\\\/\",\"logo\":{\"@type\":\"ImageObject\",\"inLanguage\":\"fr-FR\",\"@id\":\"https:\\\/\\\/madame-sensuelle.paris\\\/fr\\\/#\\\/schema\\\/logo\\\/image\\\/\",\"url\":\"https:\\\/\\\/madame-sensuelle.paris\\\/wp-content\\\/uploads\\\/2024\\\/12\\\/logo_a-1-1_696.webp\",\"contentUrl\":\"https:\\\/\\\/madame-sensuelle.paris\\\/wp-content\\\/uploads\\\/2024\\\/12\\\/logo_a-1-1_696.webp\",\"width\":696,\"height\":696,\"caption\":\"Madame Sensuelle\"},\"image\":{\"@id\":\"https:\\\/\\\/madame-sensuelle.paris\\\/fr\\\/#\\\/schema\\\/logo\\\/image\\\/\"},\"sameAs\":[\"https:\\\/\\\/www.facebook.com\\\/madamesensuelle\",\"https:\\\/\\\/www.instagram.com\\\/madame_sensuelle\\\/\"]}]}<\/script>\n<!-- \/ Yoast SEO plugin. -->","yoast_head_json":{"title":"String nu Cage \u00e0 plumes Cachou Blanc \u2013 LUXXA - Madame Sensuelle","description":"String nu. Votre pubis est d\u00e9limit\u00e9 part des bandes \u00e9lastique orn\u00e9e de strass et d'un ruban de guipure florale, le tout reli\u00e9 part un petit n\u0153ud en organza. On retrouve au milieu deux plume attacher qui se laisserons porter part vos mouvements. Vous pouvez l'ajuster sur les cot\u00e9s. L'arri\u00e8re c'est une ficelle, on retrouve un petit n\u0153ud en organza juste au dessus d'une petite ouverture au creux de vos fesses.","robots":{"index":"index","follow":"follow","max-snippet":"max-snippet:-1","max-image-preview":"max-image-preview:large","max-video-preview":"max-video-preview:-1"},"canonical":"https:\/\/madame-sensuelle.paris\/fr\/product\/c-l-2019000039161\/","og_locale":"fr_FR","og_type":"article","og_title":"String nu Cage \u00e0 plumes Cachou Blanc \u2013 LUXXA - Madame Sensuelle","og_description":"String nu. Votre pubis est d\u00e9limit\u00e9 part des bandes \u00e9lastique orn\u00e9e de strass et d'un ruban de guipure florale, le tout reli\u00e9 part un petit n\u0153ud en organza. On retrouve au milieu deux plume attacher qui se laisserons porter part vos mouvements. Vous pouvez l'ajuster sur les cot\u00e9s. L'arri\u00e8re c'est une ficelle, on retrouve un petit n\u0153ud en organza juste au dessus d'une petite ouverture au creux de vos fesses.","og_url":"https:\/\/madame-sensuelle.paris\/fr\/product\/c-l-2019000039161\/","og_site_name":"Madame Sensuelle","article_publisher":"https:\/\/www.facebook.com\/madamesensuelle","article_modified_time":"2026-04-04T06:32:12+00:00","og_image":[{"width":800,"height":1200,"url":"http:\/\/madame-sensuelle.paris\/wp-content\/uploads\/2024\/03\/ens_plumes_2.png","type":"image\/png"}],"twitter_card":"summary_large_image","twitter_misc":{"Dur\u00e9e de lecture estim\u00e9e":"1 minute"},"schema":{"@context":"https:\/\/schema.org","@graph":[{"@type":"WebPage","@id":"https:\/\/madame-sensuelle.paris\/fr\/product\/c-l-2019000039161\/","url":"https:\/\/madame-sensuelle.paris\/fr\/product\/c-l-2019000039161\/","name":"String nu Cage \u00e0 plumes Cachou Blanc \u2013 LUXXA - Madame Sensuelle","isPartOf":{"@id":"https:\/\/madame-sensuelle.paris\/fr\/#website"},"primaryImageOfPage":{"@id":"https:\/\/madame-sensuelle.paris\/fr\/product\/c-l-2019000039161\/#primaryimage"},"image":{"@id":"https:\/\/madame-sensuelle.paris\/fr\/product\/c-l-2019000039161\/#primaryimage"},"thumbnailUrl":"https:\/\/madame-sensuelle.paris\/wp-content\/uploads\/2024\/03\/ens_plumes_2.png","datePublished":"2024-03-25T03:09:32+00:00","dateModified":"2026-04-04T06:32:12+00:00","description":"String nu. Votre pubis est d\u00e9limit\u00e9 part des bandes \u00e9lastique orn\u00e9e de strass et d'un ruban de guipure florale, le tout reli\u00e9 part un petit n\u0153ud en organza. On retrouve au milieu deux plume attacher qui se laisserons porter part vos mouvements. Vous pouvez l'ajuster sur les cot\u00e9s. L'arri\u00e8re c'est une ficelle, on retrouve un petit n\u0153ud en organza juste au dessus d'une petite ouverture au creux de vos fesses.","breadcrumb":{"@id":"https:\/\/madame-sensuelle.paris\/fr\/product\/c-l-2019000039161\/#breadcrumb"},"inLanguage":"fr-FR","potentialAction":[{"@type":"ReadAction","target":["https:\/\/madame-sensuelle.paris\/fr\/product\/c-l-2019000039161\/"]}]},{"@type":"ImageObject","inLanguage":"fr-FR","@id":"https:\/\/madame-sensuelle.paris\/fr\/product\/c-l-2019000039161\/#primaryimage","url":"https:\/\/madame-sensuelle.paris\/wp-content\/uploads\/2024\/03\/ens_plumes_2.png","contentUrl":"https:\/\/madame-sensuelle.paris\/wp-content\/uploads\/2024\/03\/ens_plumes_2.png","width":800,"height":1200},{"@type":"BreadcrumbList","@id":"https:\/\/madame-sensuelle.paris\/fr\/product\/c-l-2019000039161\/#breadcrumb","itemListElement":[{"@type":"ListItem","position":1,"name":"Acceuil","item":"https:\/\/madame-sensuelle.paris\/fr\/"},{"@type":"ListItem","position":2,"name":"Catalogue","item":"https:\/\/madame-sensuelle.paris\/fr\/catalogue\/"},{"@type":"ListItem","position":3,"name":"LUXXA","item":"https:\/\/madame-sensuelle.paris\/fr\/brand\/luxxa\/"},{"@type":"ListItem","position":4,"name":"String nu Cage \u00e0 plumes Cachou Blanc"}]},{"@type":"WebSite","@id":"https:\/\/madame-sensuelle.paris\/fr\/#website","url":"https:\/\/madame-sensuelle.paris\/fr\/","name":"MADAME SENSUELLE","description":"MADAME SENSUELLE: Found the biggest exciting brands of chic &amp; SEXY LINGERIE in Paris Boutique and on the WEB: Aubade, Dita Von Teese, Maison Close, Marjolaine, Bluebella, Atelier Amour, Luxxa, Catanzaro, Gracija Rim. You will found the big pleasure of sexy belt or bra make for you","publisher":{"@id":"https:\/\/madame-sensuelle.paris\/fr\/#organization"},"potentialAction":[{"@type":"SearchAction","target":{"@type":"EntryPoint","urlTemplate":"https:\/\/madame-sensuelle.paris\/fr\/?s={search_term_string}"},"query-input":{"@type":"PropertyValueSpecification","valueRequired":true,"valueName":"search_term_string"}}],"inLanguage":"fr-FR"},{"@type":"Organization","@id":"https:\/\/madame-sensuelle.paris\/fr\/#organization","name":"Madame Sensuelle","url":"https:\/\/madame-sensuelle.paris\/fr\/","logo":{"@type":"ImageObject","inLanguage":"fr-FR","@id":"https:\/\/madame-sensuelle.paris\/fr\/#\/schema\/logo\/image\/","url":"https:\/\/madame-sensuelle.paris\/wp-content\/uploads\/2024\/12\/logo_a-1-1_696.webp","contentUrl":"https:\/\/madame-sensuelle.paris\/wp-content\/uploads\/2024\/12\/logo_a-1-1_696.webp","width":696,"height":696,"caption":"Madame Sensuelle"},"image":{"@id":"https:\/\/madame-sensuelle.paris\/fr\/#\/schema\/logo\/image\/"},"sameAs":["https:\/\/www.facebook.com\/madamesensuelle","https:\/\/www.instagram.com\/madame_sensuelle\/"]}]}},"brands":[{"id":2787,"name":"LUXXA","slug":"luxxa"}],"_links":{"self":[{"href":"https:\/\/madame-sensuelle.paris\/fr\/wp-json\/wp\/v2\/product\/68366","targetHints":{"allow":["GET"]}}],"collection":[{"href":"https:\/\/madame-sensuelle.paris\/fr\/wp-json\/wp\/v2\/product"}],"about":[{"href":"https:\/\/madame-sensuelle.paris\/fr\/wp-json\/wp\/v2\/types\/product"}],"version-history":[{"count":1,"href":"https:\/\/madame-sensuelle.paris\/fr\/wp-json\/wp\/v2\/product\/68366\/revisions"}],"predecessor-version":[{"id":109720,"href":"https:\/\/madame-sensuelle.paris\/fr\/wp-json\/wp\/v2\/product\/68366\/revisions\/109720"}],"wp:featuredmedia":[{"embeddable":true,"href":"https:\/\/madame-sensuelle.paris\/fr\/wp-json\/wp\/v2\/media\/83747"}],"wp:attachment":[{"href":"https:\/\/madame-sensuelle.paris\/fr\/wp-json\/wp\/v2\/media?parent=68366"}],"wp:term":[{"taxonomy":"pwb-brand","embeddable":true,"href":"https:\/\/madame-sensuelle.paris\/fr\/wp-json\/wp\/v2\/pwb-brand?post=68366"},{"taxonomy":"product_brand","embeddable":true,"href":"https:\/\/madame-sensuelle.paris\/fr\/wp-json\/wp\/v2\/product_brand?post=68366"},{"taxonomy":"product_cat","embeddable":true,"href":"https:\/\/madame-sensuelle.paris\/fr\/wp-json\/wp\/v2\/product_cat?post=68366"},{"taxonomy":"product_tag","embeddable":true,"href":"https:\/\/madame-sensuelle.paris\/fr\/wp-json\/wp\/v2\/product_tag?post=68366"},{"taxonomy":"giftcard-category","embeddable":true,"href":"https:\/\/madame-sensuelle.paris\/fr\/wp-json\/wp\/v2\/giftcard-category?post=68366"}],"curies":[{"name":"wp","href":"https:\/\/api.w.org\/{rel}","templated":true}]}}