{"id":68435,"date":"2024-03-10T12:55:40","date_gmt":"2024-03-10T12:55:40","guid":{"rendered":"https:\/\/madame-sensuelle.eu\/?post_type=product&#038;p=68435"},"modified":"2026-04-04T16:39:06","modified_gmt":"2026-04-04T16:39:06","slug":"tanga-en-dentelle-avec-lacage-bijoux-dores-dans-le-dos-enlace-moi-noir","status":"publish","type":"product","link":"https:\/\/madame-sensuelle.paris\/fr\/product\/tanga-en-dentelle-avec-lacage-bijoux-dores-dans-le-dos-enlace-moi-noir\/","title":{"rendered":"Tanga en dentelle avec la\u00e7age bijoux dor\u00e9s dans le dos Enlace Moi &#8211; noir"},"content":{"rendered":"<p>Tanga en dentelle graphique. Il a une coupe sexy \u00e9chancr\u00e9e en tours de cuise, des empi\u00e8cements en microfibre avec des ouvertures tr\u00e8s s\u00e9duisant sur l&#8217;avant, on retrouve \u00e9galement le petit bijoux &#8220;AA&#8221; de la marque Atelier Amour. Pour bien ajuster votre tanga vous avez un la\u00e7age en \u00e9lastique sur l&#8217;arri\u00e8re ce qui lui donne un cot\u00e9 provocateur.<\/p>\n","protected":false},"excerpt":{"rendered":"<p>Tanga en dentelle graphique. Il a une coupe sexy \u00e9chancr\u00e9e en tours de cuise, des empi\u00e8cements en microfibre avec des ouvertures tr\u00e8s s\u00e9duisant sur l&#8217;avant, on retrouve \u00e9galement le petit bijoux &#8220;AA&#8221; de la marque Atelier Amour. Pour bien ajuster votre tanga vous avez un la\u00e7age en \u00e9lastique sur l&#8217;arri\u00e8re ce qui lui donne un<\/p>\n","protected":false},"featured_media":104868,"template":"","meta":[],"pwb-brand":[2785],"product_brand":[],"product_cat":[1270,1245,1231],"product_tag":[],"giftcard-category":[],"class_list":{"0":"post-68435","1":"product","2":"type-product","3":"status-publish","4":"has-post-thumbnail","6":"pwb-brand-atelier-amour","7":"product_cat-culottes-sexy","8":"product_cat-lingerie-sexy-femme-erotique-et-glamour","9":"product_cat-string","11":"first","12":"outofstock","13":"taxable","14":"shipping-taxable","15":"purchasable","16":"product-type-variable"},"yoast_head":"<!-- This site is optimized with the Yoast SEO plugin v27.4 - https:\/\/yoast.com\/product\/yoast-seo-wordpress\/ -->\n<title>Tanga en dentelle avec la\u00e7age bijoux dor\u00e9s dans le dos Enlace Moi - noir \u2013 ATELIER AMOUR - Madame Sensuelle<\/title>\n<meta name=\"description\" content=\"Tanga en dentelle graphique. Il a une coupe sexy \u00e9chancr\u00e9e en tours de cuise, des empi\u00e8cements en microfibre avec des ouvertures tr\u00e8s s\u00e9duisant sur l&#039;avant, on retrouve \u00e9galement le petit bijoux &quot;AA&quot; de la marque Atelier Amour. Pour bien ajuster votre tanga vous avez un la\u00e7age en \u00e9lastique sur l&#039;arri\u00e8re ce qui lui donne un cot\u00e9 provocateur.\" \/>\n<meta name=\"robots\" content=\"index, follow, max-snippet:-1, max-image-preview:large, max-video-preview:-1\" \/>\n<link rel=\"canonical\" href=\"https:\/\/madame-sensuelle.paris\/fr\/product\/tanga-en-dentelle-avec-lacage-bijoux-dores-dans-le-dos-enlace-moi-noir\/\" \/>\n<meta property=\"og:locale\" content=\"fr_FR\" \/>\n<meta property=\"og:type\" content=\"article\" \/>\n<meta property=\"og:title\" content=\"Tanga en dentelle avec la\u00e7age bijoux dor\u00e9s dans le dos Enlace Moi - noir \u2013 ATELIER AMOUR - Madame Sensuelle\" \/>\n<meta property=\"og:description\" content=\"Tanga en dentelle graphique. Il a une coupe sexy \u00e9chancr\u00e9e en tours de cuise, des empi\u00e8cements en microfibre avec des ouvertures tr\u00e8s s\u00e9duisant sur l&#039;avant, on retrouve \u00e9galement le petit bijoux &quot;AA&quot; de la marque Atelier Amour. Pour bien ajuster votre tanga vous avez un la\u00e7age en \u00e9lastique sur l&#039;arri\u00e8re ce qui lui donne un cot\u00e9 provocateur.\" \/>\n<meta property=\"og:url\" content=\"https:\/\/madame-sensuelle.paris\/fr\/product\/tanga-en-dentelle-avec-lacage-bijoux-dores-dans-le-dos-enlace-moi-noir\/\" \/>\n<meta property=\"og:site_name\" content=\"Madame Sensuelle\" \/>\n<meta property=\"article:publisher\" content=\"https:\/\/www.facebook.com\/madamesensuelle\" \/>\n<meta property=\"article:modified_time\" content=\"2026-04-04T16:39:06+00:00\" \/>\n<meta property=\"og:image\" content=\"https:\/\/madame-sensuelle.paris\/wp-content\/uploads\/2024\/03\/thumb1024_image_-_2022-11-07T165919.166.jpg\" \/>\n\t<meta property=\"og:image:width\" content=\"723\" \/>\n\t<meta property=\"og:image:height\" content=\"1024\" \/>\n\t<meta property=\"og:image:type\" content=\"image\/jpeg\" \/>\n<meta name=\"twitter:card\" content=\"summary_large_image\" \/>\n<meta name=\"twitter:label1\" content=\"Dur\u00e9e de lecture estim\u00e9e\" \/>\n\t<meta name=\"twitter:data1\" content=\"2 minutes\" \/>\n<script type=\"application\/ld+json\" class=\"yoast-schema-graph\">{\"@context\":\"https:\\\/\\\/schema.org\",\"@graph\":[{\"@type\":\"WebPage\",\"@id\":\"https:\\\/\\\/madame-sensuelle.paris\\\/fr\\\/product\\\/tanga-en-dentelle-avec-lacage-bijoux-dores-dans-le-dos-enlace-moi-noir\\\/\",\"url\":\"https:\\\/\\\/madame-sensuelle.paris\\\/fr\\\/product\\\/tanga-en-dentelle-avec-lacage-bijoux-dores-dans-le-dos-enlace-moi-noir\\\/\",\"name\":\"Tanga en dentelle avec la\u00e7age bijoux dor\u00e9s dans le dos Enlace Moi - noir \u2013 ATELIER AMOUR - Madame Sensuelle\",\"isPartOf\":{\"@id\":\"https:\\\/\\\/madame-sensuelle.paris\\\/fr\\\/#website\"},\"primaryImageOfPage\":{\"@id\":\"https:\\\/\\\/madame-sensuelle.paris\\\/fr\\\/product\\\/tanga-en-dentelle-avec-lacage-bijoux-dores-dans-le-dos-enlace-moi-noir\\\/#primaryimage\"},\"image\":{\"@id\":\"https:\\\/\\\/madame-sensuelle.paris\\\/fr\\\/product\\\/tanga-en-dentelle-avec-lacage-bijoux-dores-dans-le-dos-enlace-moi-noir\\\/#primaryimage\"},\"thumbnailUrl\":\"https:\\\/\\\/madame-sensuelle.paris\\\/wp-content\\\/uploads\\\/2024\\\/03\\\/thumb1024_image_-_2022-11-07T165919.166.jpg\",\"datePublished\":\"2024-03-10T12:55:40+00:00\",\"dateModified\":\"2026-04-04T16:39:06+00:00\",\"description\":\"Tanga en dentelle graphique. Il a une coupe sexy \u00e9chancr\u00e9e en tours de cuise, des empi\u00e8cements en microfibre avec des ouvertures tr\u00e8s s\u00e9duisant sur l'avant, on retrouve \u00e9galement le petit bijoux \\\"AA\\\" de la marque Atelier Amour. Pour bien ajuster votre tanga vous avez un la\u00e7age en \u00e9lastique sur l'arri\u00e8re ce qui lui donne un cot\u00e9 provocateur.\",\"breadcrumb\":{\"@id\":\"https:\\\/\\\/madame-sensuelle.paris\\\/fr\\\/product\\\/tanga-en-dentelle-avec-lacage-bijoux-dores-dans-le-dos-enlace-moi-noir\\\/#breadcrumb\"},\"inLanguage\":\"fr-FR\",\"potentialAction\":[{\"@type\":\"ReadAction\",\"target\":[\"https:\\\/\\\/madame-sensuelle.paris\\\/fr\\\/product\\\/tanga-en-dentelle-avec-lacage-bijoux-dores-dans-le-dos-enlace-moi-noir\\\/\"]}]},{\"@type\":\"ImageObject\",\"inLanguage\":\"fr-FR\",\"@id\":\"https:\\\/\\\/madame-sensuelle.paris\\\/fr\\\/product\\\/tanga-en-dentelle-avec-lacage-bijoux-dores-dans-le-dos-enlace-moi-noir\\\/#primaryimage\",\"url\":\"https:\\\/\\\/madame-sensuelle.paris\\\/wp-content\\\/uploads\\\/2024\\\/03\\\/thumb1024_image_-_2022-11-07T165919.166.jpg\",\"contentUrl\":\"https:\\\/\\\/madame-sensuelle.paris\\\/wp-content\\\/uploads\\\/2024\\\/03\\\/thumb1024_image_-_2022-11-07T165919.166.jpg\",\"width\":723,\"height\":1024},{\"@type\":\"BreadcrumbList\",\"@id\":\"https:\\\/\\\/madame-sensuelle.paris\\\/fr\\\/product\\\/tanga-en-dentelle-avec-lacage-bijoux-dores-dans-le-dos-enlace-moi-noir\\\/#breadcrumb\",\"itemListElement\":[{\"@type\":\"ListItem\",\"position\":1,\"name\":\"Acceuil\",\"item\":\"https:\\\/\\\/madame-sensuelle.paris\\\/fr\\\/\"},{\"@type\":\"ListItem\",\"position\":2,\"name\":\"Catalogue\",\"item\":\"https:\\\/\\\/madame-sensuelle.paris\\\/fr\\\/catalogue\\\/\"},{\"@type\":\"ListItem\",\"position\":3,\"name\":\"ATELIER AMOUR\",\"item\":\"https:\\\/\\\/madame-sensuelle.paris\\\/fr\\\/brand\\\/atelier-amour\\\/\"},{\"@type\":\"ListItem\",\"position\":4,\"name\":\"Tanga en dentelle avec la\u00e7age bijoux dor\u00e9s dans le dos Enlace Moi &#8211; noir\"}]},{\"@type\":\"WebSite\",\"@id\":\"https:\\\/\\\/madame-sensuelle.paris\\\/fr\\\/#website\",\"url\":\"https:\\\/\\\/madame-sensuelle.paris\\\/fr\\\/\",\"name\":\"MADAME SENSUELLE\",\"description\":\"MADAME SENSUELLE: Found the biggest exciting brands of chic &amp; SEXY LINGERIE in Paris Boutique and on the WEB: Aubade, Dita Von Teese, Maison Close, Marjolaine, Bluebella, Atelier Amour, Luxxa, Catanzaro, Gracija Rim. You will found the big pleasure of sexy belt or bra make for you\",\"publisher\":{\"@id\":\"https:\\\/\\\/madame-sensuelle.paris\\\/fr\\\/#organization\"},\"potentialAction\":[{\"@type\":\"SearchAction\",\"target\":{\"@type\":\"EntryPoint\",\"urlTemplate\":\"https:\\\/\\\/madame-sensuelle.paris\\\/fr\\\/?s={search_term_string}\"},\"query-input\":{\"@type\":\"PropertyValueSpecification\",\"valueRequired\":true,\"valueName\":\"search_term_string\"}}],\"inLanguage\":\"fr-FR\"},{\"@type\":\"Organization\",\"@id\":\"https:\\\/\\\/madame-sensuelle.paris\\\/fr\\\/#organization\",\"name\":\"Madame Sensuelle\",\"url\":\"https:\\\/\\\/madame-sensuelle.paris\\\/fr\\\/\",\"logo\":{\"@type\":\"ImageObject\",\"inLanguage\":\"fr-FR\",\"@id\":\"https:\\\/\\\/madame-sensuelle.paris\\\/fr\\\/#\\\/schema\\\/logo\\\/image\\\/\",\"url\":\"https:\\\/\\\/madame-sensuelle.paris\\\/wp-content\\\/uploads\\\/2024\\\/12\\\/logo_a-1-1_696.webp\",\"contentUrl\":\"https:\\\/\\\/madame-sensuelle.paris\\\/wp-content\\\/uploads\\\/2024\\\/12\\\/logo_a-1-1_696.webp\",\"width\":696,\"height\":696,\"caption\":\"Madame Sensuelle\"},\"image\":{\"@id\":\"https:\\\/\\\/madame-sensuelle.paris\\\/fr\\\/#\\\/schema\\\/logo\\\/image\\\/\"},\"sameAs\":[\"https:\\\/\\\/www.facebook.com\\\/madamesensuelle\",\"https:\\\/\\\/www.instagram.com\\\/madame_sensuelle\\\/\"]}]}<\/script>\n<!-- \/ Yoast SEO plugin. -->","yoast_head_json":{"title":"Tanga en dentelle avec la\u00e7age bijoux dor\u00e9s dans le dos Enlace Moi - noir \u2013 ATELIER AMOUR - Madame Sensuelle","description":"Tanga en dentelle graphique. Il a une coupe sexy \u00e9chancr\u00e9e en tours de cuise, des empi\u00e8cements en microfibre avec des ouvertures tr\u00e8s s\u00e9duisant sur l'avant, on retrouve \u00e9galement le petit bijoux \"AA\" de la marque Atelier Amour. Pour bien ajuster votre tanga vous avez un la\u00e7age en \u00e9lastique sur l'arri\u00e8re ce qui lui donne un cot\u00e9 provocateur.","robots":{"index":"index","follow":"follow","max-snippet":"max-snippet:-1","max-image-preview":"max-image-preview:large","max-video-preview":"max-video-preview:-1"},"canonical":"https:\/\/madame-sensuelle.paris\/fr\/product\/tanga-en-dentelle-avec-lacage-bijoux-dores-dans-le-dos-enlace-moi-noir\/","og_locale":"fr_FR","og_type":"article","og_title":"Tanga en dentelle avec la\u00e7age bijoux dor\u00e9s dans le dos Enlace Moi - noir \u2013 ATELIER AMOUR - Madame Sensuelle","og_description":"Tanga en dentelle graphique. Il a une coupe sexy \u00e9chancr\u00e9e en tours de cuise, des empi\u00e8cements en microfibre avec des ouvertures tr\u00e8s s\u00e9duisant sur l'avant, on retrouve \u00e9galement le petit bijoux \"AA\" de la marque Atelier Amour. Pour bien ajuster votre tanga vous avez un la\u00e7age en \u00e9lastique sur l'arri\u00e8re ce qui lui donne un cot\u00e9 provocateur.","og_url":"https:\/\/madame-sensuelle.paris\/fr\/product\/tanga-en-dentelle-avec-lacage-bijoux-dores-dans-le-dos-enlace-moi-noir\/","og_site_name":"Madame Sensuelle","article_publisher":"https:\/\/www.facebook.com\/madamesensuelle","article_modified_time":"2026-04-04T16:39:06+00:00","og_image":[{"width":723,"height":1024,"url":"https:\/\/madame-sensuelle.paris\/wp-content\/uploads\/2024\/03\/thumb1024_image_-_2022-11-07T165919.166.jpg","type":"image\/jpeg"}],"twitter_card":"summary_large_image","twitter_misc":{"Dur\u00e9e de lecture estim\u00e9e":"2 minutes"},"schema":{"@context":"https:\/\/schema.org","@graph":[{"@type":"WebPage","@id":"https:\/\/madame-sensuelle.paris\/fr\/product\/tanga-en-dentelle-avec-lacage-bijoux-dores-dans-le-dos-enlace-moi-noir\/","url":"https:\/\/madame-sensuelle.paris\/fr\/product\/tanga-en-dentelle-avec-lacage-bijoux-dores-dans-le-dos-enlace-moi-noir\/","name":"Tanga en dentelle avec la\u00e7age bijoux dor\u00e9s dans le dos Enlace Moi - noir \u2013 ATELIER AMOUR - Madame Sensuelle","isPartOf":{"@id":"https:\/\/madame-sensuelle.paris\/fr\/#website"},"primaryImageOfPage":{"@id":"https:\/\/madame-sensuelle.paris\/fr\/product\/tanga-en-dentelle-avec-lacage-bijoux-dores-dans-le-dos-enlace-moi-noir\/#primaryimage"},"image":{"@id":"https:\/\/madame-sensuelle.paris\/fr\/product\/tanga-en-dentelle-avec-lacage-bijoux-dores-dans-le-dos-enlace-moi-noir\/#primaryimage"},"thumbnailUrl":"https:\/\/madame-sensuelle.paris\/wp-content\/uploads\/2024\/03\/thumb1024_image_-_2022-11-07T165919.166.jpg","datePublished":"2024-03-10T12:55:40+00:00","dateModified":"2026-04-04T16:39:06+00:00","description":"Tanga en dentelle graphique. Il a une coupe sexy \u00e9chancr\u00e9e en tours de cuise, des empi\u00e8cements en microfibre avec des ouvertures tr\u00e8s s\u00e9duisant sur l'avant, on retrouve \u00e9galement le petit bijoux \"AA\" de la marque Atelier Amour. Pour bien ajuster votre tanga vous avez un la\u00e7age en \u00e9lastique sur l'arri\u00e8re ce qui lui donne un cot\u00e9 provocateur.","breadcrumb":{"@id":"https:\/\/madame-sensuelle.paris\/fr\/product\/tanga-en-dentelle-avec-lacage-bijoux-dores-dans-le-dos-enlace-moi-noir\/#breadcrumb"},"inLanguage":"fr-FR","potentialAction":[{"@type":"ReadAction","target":["https:\/\/madame-sensuelle.paris\/fr\/product\/tanga-en-dentelle-avec-lacage-bijoux-dores-dans-le-dos-enlace-moi-noir\/"]}]},{"@type":"ImageObject","inLanguage":"fr-FR","@id":"https:\/\/madame-sensuelle.paris\/fr\/product\/tanga-en-dentelle-avec-lacage-bijoux-dores-dans-le-dos-enlace-moi-noir\/#primaryimage","url":"https:\/\/madame-sensuelle.paris\/wp-content\/uploads\/2024\/03\/thumb1024_image_-_2022-11-07T165919.166.jpg","contentUrl":"https:\/\/madame-sensuelle.paris\/wp-content\/uploads\/2024\/03\/thumb1024_image_-_2022-11-07T165919.166.jpg","width":723,"height":1024},{"@type":"BreadcrumbList","@id":"https:\/\/madame-sensuelle.paris\/fr\/product\/tanga-en-dentelle-avec-lacage-bijoux-dores-dans-le-dos-enlace-moi-noir\/#breadcrumb","itemListElement":[{"@type":"ListItem","position":1,"name":"Acceuil","item":"https:\/\/madame-sensuelle.paris\/fr\/"},{"@type":"ListItem","position":2,"name":"Catalogue","item":"https:\/\/madame-sensuelle.paris\/fr\/catalogue\/"},{"@type":"ListItem","position":3,"name":"ATELIER AMOUR","item":"https:\/\/madame-sensuelle.paris\/fr\/brand\/atelier-amour\/"},{"@type":"ListItem","position":4,"name":"Tanga en dentelle avec la\u00e7age bijoux dor\u00e9s dans le dos Enlace Moi &#8211; noir"}]},{"@type":"WebSite","@id":"https:\/\/madame-sensuelle.paris\/fr\/#website","url":"https:\/\/madame-sensuelle.paris\/fr\/","name":"MADAME SENSUELLE","description":"MADAME SENSUELLE: Found the biggest exciting brands of chic &amp; SEXY LINGERIE in Paris Boutique and on the WEB: Aubade, Dita Von Teese, Maison Close, Marjolaine, Bluebella, Atelier Amour, Luxxa, Catanzaro, Gracija Rim. You will found the big pleasure of sexy belt or bra make for you","publisher":{"@id":"https:\/\/madame-sensuelle.paris\/fr\/#organization"},"potentialAction":[{"@type":"SearchAction","target":{"@type":"EntryPoint","urlTemplate":"https:\/\/madame-sensuelle.paris\/fr\/?s={search_term_string}"},"query-input":{"@type":"PropertyValueSpecification","valueRequired":true,"valueName":"search_term_string"}}],"inLanguage":"fr-FR"},{"@type":"Organization","@id":"https:\/\/madame-sensuelle.paris\/fr\/#organization","name":"Madame Sensuelle","url":"https:\/\/madame-sensuelle.paris\/fr\/","logo":{"@type":"ImageObject","inLanguage":"fr-FR","@id":"https:\/\/madame-sensuelle.paris\/fr\/#\/schema\/logo\/image\/","url":"https:\/\/madame-sensuelle.paris\/wp-content\/uploads\/2024\/12\/logo_a-1-1_696.webp","contentUrl":"https:\/\/madame-sensuelle.paris\/wp-content\/uploads\/2024\/12\/logo_a-1-1_696.webp","width":696,"height":696,"caption":"Madame Sensuelle"},"image":{"@id":"https:\/\/madame-sensuelle.paris\/fr\/#\/schema\/logo\/image\/"},"sameAs":["https:\/\/www.facebook.com\/madamesensuelle","https:\/\/www.instagram.com\/madame_sensuelle\/"]}]}},"brands":[{"id":2785,"name":"ATELIER AMOUR","slug":"atelier-amour"}],"_links":{"self":[{"href":"https:\/\/madame-sensuelle.paris\/fr\/wp-json\/wp\/v2\/product\/68435","targetHints":{"allow":["GET"]}}],"collection":[{"href":"https:\/\/madame-sensuelle.paris\/fr\/wp-json\/wp\/v2\/product"}],"about":[{"href":"https:\/\/madame-sensuelle.paris\/fr\/wp-json\/wp\/v2\/types\/product"}],"version-history":[{"count":1,"href":"https:\/\/madame-sensuelle.paris\/fr\/wp-json\/wp\/v2\/product\/68435\/revisions"}],"predecessor-version":[{"id":122924,"href":"https:\/\/madame-sensuelle.paris\/fr\/wp-json\/wp\/v2\/product\/68435\/revisions\/122924"}],"wp:featuredmedia":[{"embeddable":true,"href":"https:\/\/madame-sensuelle.paris\/fr\/wp-json\/wp\/v2\/media\/104868"}],"wp:attachment":[{"href":"https:\/\/madame-sensuelle.paris\/fr\/wp-json\/wp\/v2\/media?parent=68435"}],"wp:term":[{"taxonomy":"pwb-brand","embeddable":true,"href":"https:\/\/madame-sensuelle.paris\/fr\/wp-json\/wp\/v2\/pwb-brand?post=68435"},{"taxonomy":"product_brand","embeddable":true,"href":"https:\/\/madame-sensuelle.paris\/fr\/wp-json\/wp\/v2\/product_brand?post=68435"},{"taxonomy":"product_cat","embeddable":true,"href":"https:\/\/madame-sensuelle.paris\/fr\/wp-json\/wp\/v2\/product_cat?post=68435"},{"taxonomy":"product_tag","embeddable":true,"href":"https:\/\/madame-sensuelle.paris\/fr\/wp-json\/wp\/v2\/product_tag?post=68435"},{"taxonomy":"giftcard-category","embeddable":true,"href":"https:\/\/madame-sensuelle.paris\/fr\/wp-json\/wp\/v2\/giftcard-category?post=68435"}],"curies":[{"name":"wp","href":"https:\/\/api.w.org\/{rel}","templated":true}]}}