{"id":68463,"date":"2024-03-10T12:55:51","date_gmt":"2024-03-10T12:55:51","guid":{"rendered":"https:\/\/madame-sensuelle.eu\/?post_type=product&#038;p=68463"},"modified":"2026-04-04T09:11:49","modified_gmt":"2026-04-04T09:11:49","slug":"c-mc-2019000053969","status":"publish","type":"product","link":"https:\/\/madame-sensuelle.paris\/fr\/product\/c-mc-2019000053969\/","title":{"rendered":"Tapage Nocturne Robe &#8211; Noir"},"content":{"rendered":"<p>Sublimez la nuit avec cette robe noire d\u2019exception.<br \/>\nSa coupe audacieuse \u00e9pouse la silhouette avec fluidit\u00e9, tandis que ses d\u00e9tails raffin\u00e9s insufflent une sensualit\u00e9 ma\u00eetris\u00e9e.<br \/>\nPens\u00e9e pour faire tourner toutes les t\u00eates, elle incarne l\u2019allure sophistiqu\u00e9e et l\u2019\u00e9l\u00e9gance fatale.<\/p>\n<p>Un classique r\u00e9invent\u00e9 pour des soir\u00e9es inoubliables.<\/p>\n","protected":false},"excerpt":{"rendered":"<p>Sublimez la nuit avec cette robe noire d\u2019exception. Sa coupe audacieuse \u00e9pouse la silhouette avec fluidit\u00e9, tandis que ses d\u00e9tails raffin\u00e9s insufflent une sensualit\u00e9 ma\u00eetris\u00e9e. Pens\u00e9e pour faire tourner toutes les t\u00eates, elle incarne l\u2019allure sophistiqu\u00e9e et l\u2019\u00e9l\u00e9gance fatale. Un classique r\u00e9invent\u00e9 pour des soir\u00e9es inoubliables.<\/p>\n","protected":false},"featured_media":84257,"template":"","meta":[],"pwb-brand":[2776],"product_brand":[],"product_cat":[1239,1235],"product_tag":[],"giftcard-category":[],"class_list":{"0":"post-68463","1":"product","2":"type-product","3":"status-publish","4":"has-post-thumbnail","6":"pwb-brand-maison-close","7":"product_cat-longewear","8":"product_cat-robes-sexy","9":"pa_collection-tapage-nocturne-fr","11":"first","12":"outofstock","13":"taxable","14":"shipping-taxable","15":"purchasable","16":"product-type-variable"},"yoast_head":"<!-- This site is optimized with the Yoast SEO plugin v27.3 - https:\/\/yoast.com\/product\/yoast-seo-wordpress\/ -->\n<title>Tapage Nocturne Robe - Noir \u2013 MAISON CLOSE - Madame Sensuelle<\/title>\n<meta name=\"description\" content=\"cliquer pour visionner l&#039;article : Tapage Nocturne Robe - Noir La collection Tapage Nocturne est audacieuse et minimaliste. Pr\u00e9mices d&#039;une lingerie bondage, Tapage Nocturne se veut d\u00e9nudable : \u00ab habill\u00e9e d\u00e9shabill\u00e9e \u00bb. Robe bondage en microfibre opaque. Harnach\u00e9 jusqu\u2019au cou par des bandes \u00e9lastiques et ajustables. Tour de cou ouvrable. Finitions thermocoll\u00e9es pour un effet lisse et sans couture. Coupe courte et ajust\u00e9e \u00c9lastiques r\u00e9glables. Myst\u00e9rieuse et affolante, elle est taill\u00e9e pour captiver, fasciner\u2026 et faire succomber.\" \/>\n<meta name=\"robots\" content=\"index, follow, max-snippet:-1, max-image-preview:large, max-video-preview:-1\" \/>\n<link rel=\"canonical\" href=\"https:\/\/madame-sensuelle.paris\/fr\/product\/c-mc-2019000053969\/\" \/>\n<meta property=\"og:locale\" content=\"fr_FR\" \/>\n<meta property=\"og:type\" content=\"article\" \/>\n<meta property=\"og:title\" content=\"Tapage Nocturne Robe - Noir \u2013 MAISON CLOSE - Madame Sensuelle\" \/>\n<meta property=\"og:description\" content=\"cliquer pour visionner l&#039;article : Tapage Nocturne Robe - Noir La collection Tapage Nocturne est audacieuse et minimaliste. Pr\u00e9mices d&#039;une lingerie bondage, Tapage Nocturne se veut d\u00e9nudable : \u00ab habill\u00e9e d\u00e9shabill\u00e9e \u00bb. Robe bondage en microfibre opaque. Harnach\u00e9 jusqu\u2019au cou par des bandes \u00e9lastiques et ajustables. Tour de cou ouvrable. Finitions thermocoll\u00e9es pour un effet lisse et sans couture. Coupe courte et ajust\u00e9e \u00c9lastiques r\u00e9glables. Myst\u00e9rieuse et affolante, elle est taill\u00e9e pour captiver, fasciner\u2026 et faire succomber.\" \/>\n<meta property=\"og:url\" content=\"https:\/\/madame-sensuelle.paris\/fr\/product\/c-mc-2019000053969\/\" \/>\n<meta property=\"og:site_name\" content=\"Madame Sensuelle\" \/>\n<meta property=\"article:publisher\" content=\"https:\/\/www.facebook.com\/madamesensuelle\" \/>\n<meta property=\"article:modified_time\" content=\"2026-04-04T09:11:49+00:00\" \/>\n<meta property=\"og:image\" content=\"https:\/\/madame-sensuelle.paris\/wp-content\/uploads\/2024\/03\/robt_tpnn.jpg\" \/>\n\t<meta property=\"og:image:width\" content=\"800\" \/>\n\t<meta property=\"og:image:height\" content=\"1200\" \/>\n\t<meta property=\"og:image:type\" content=\"image\/jpeg\" \/>\n<meta name=\"twitter:card\" content=\"summary_large_image\" \/>\n<meta name=\"twitter:label1\" content=\"Dur\u00e9e de lecture estim\u00e9e\" \/>\n\t<meta name=\"twitter:data1\" content=\"1 minute\" \/>\n<script type=\"application\/ld+json\" class=\"yoast-schema-graph\">{\"@context\":\"https:\\\/\\\/schema.org\",\"@graph\":[{\"@type\":\"WebPage\",\"@id\":\"https:\\\/\\\/madame-sensuelle.paris\\\/fr\\\/product\\\/c-mc-2019000053969\\\/\",\"url\":\"https:\\\/\\\/madame-sensuelle.paris\\\/fr\\\/product\\\/c-mc-2019000053969\\\/\",\"name\":\"Tapage Nocturne Robe - Noir \u2013 MAISON CLOSE - Madame Sensuelle\",\"isPartOf\":{\"@id\":\"https:\\\/\\\/madame-sensuelle.paris\\\/fr\\\/#website\"},\"primaryImageOfPage\":{\"@id\":\"https:\\\/\\\/madame-sensuelle.paris\\\/fr\\\/product\\\/c-mc-2019000053969\\\/#primaryimage\"},\"image\":{\"@id\":\"https:\\\/\\\/madame-sensuelle.paris\\\/fr\\\/product\\\/c-mc-2019000053969\\\/#primaryimage\"},\"thumbnailUrl\":\"https:\\\/\\\/madame-sensuelle.paris\\\/wp-content\\\/uploads\\\/2024\\\/03\\\/robt_tpnn.jpg\",\"datePublished\":\"2024-03-10T12:55:51+00:00\",\"dateModified\":\"2026-04-04T09:11:49+00:00\",\"description\":\"cliquer pour visionner l'article : Tapage Nocturne Robe - Noir La collection Tapage Nocturne est audacieuse et minimaliste. Pr\u00e9mices d'une lingerie bondage, Tapage Nocturne se veut d\u00e9nudable : \u00ab habill\u00e9e d\u00e9shabill\u00e9e \u00bb. Robe bondage en microfibre opaque. Harnach\u00e9 jusqu\u2019au cou par des bandes \u00e9lastiques et ajustables. Tour de cou ouvrable. Finitions thermocoll\u00e9es pour un effet lisse et sans couture. Coupe courte et ajust\u00e9e \u00c9lastiques r\u00e9glables. Myst\u00e9rieuse et affolante, elle est taill\u00e9e pour captiver, fasciner\u2026 et faire succomber.\",\"breadcrumb\":{\"@id\":\"https:\\\/\\\/madame-sensuelle.paris\\\/fr\\\/product\\\/c-mc-2019000053969\\\/#breadcrumb\"},\"inLanguage\":\"fr-FR\",\"potentialAction\":[{\"@type\":\"ReadAction\",\"target\":[\"https:\\\/\\\/madame-sensuelle.paris\\\/fr\\\/product\\\/c-mc-2019000053969\\\/\"]}]},{\"@type\":\"ImageObject\",\"inLanguage\":\"fr-FR\",\"@id\":\"https:\\\/\\\/madame-sensuelle.paris\\\/fr\\\/product\\\/c-mc-2019000053969\\\/#primaryimage\",\"url\":\"https:\\\/\\\/madame-sensuelle.paris\\\/wp-content\\\/uploads\\\/2024\\\/03\\\/robt_tpnn.jpg\",\"contentUrl\":\"https:\\\/\\\/madame-sensuelle.paris\\\/wp-content\\\/uploads\\\/2024\\\/03\\\/robt_tpnn.jpg\",\"width\":800,\"height\":1200},{\"@type\":\"BreadcrumbList\",\"@id\":\"https:\\\/\\\/madame-sensuelle.paris\\\/fr\\\/product\\\/c-mc-2019000053969\\\/#breadcrumb\",\"itemListElement\":[{\"@type\":\"ListItem\",\"position\":1,\"name\":\"Acceuil\",\"item\":\"https:\\\/\\\/madame-sensuelle.paris\\\/fr\\\/\"},{\"@type\":\"ListItem\",\"position\":2,\"name\":\"Catalogue\",\"item\":\"https:\\\/\\\/madame-sensuelle.paris\\\/fr\\\/catalogue\\\/\"},{\"@type\":\"ListItem\",\"position\":3,\"name\":\"MAISON CLOSE\",\"item\":\"https:\\\/\\\/madame-sensuelle.paris\\\/fr\\\/brand\\\/maison-close\\\/\"},{\"@type\":\"ListItem\",\"position\":4,\"name\":\"Tapage Nocturne Robe &#8211; Noir\"}]},{\"@type\":\"WebSite\",\"@id\":\"https:\\\/\\\/madame-sensuelle.paris\\\/fr\\\/#website\",\"url\":\"https:\\\/\\\/madame-sensuelle.paris\\\/fr\\\/\",\"name\":\"MADAME SENSUELLE\",\"description\":\"MADAME SENSUELLE: Found the biggest exciting brands of chic &amp; SEXY LINGERIE in Paris Boutique and on the WEB: Aubade, Dita Von Teese, Maison Close, Marjolaine, Bluebella, Atelier Amour, Luxxa, Catanzaro, Gracija Rim. You will found the big pleasure of sexy belt or bra make for you\",\"publisher\":{\"@id\":\"https:\\\/\\\/madame-sensuelle.paris\\\/fr\\\/#organization\"},\"potentialAction\":[{\"@type\":\"SearchAction\",\"target\":{\"@type\":\"EntryPoint\",\"urlTemplate\":\"https:\\\/\\\/madame-sensuelle.paris\\\/fr\\\/?s={search_term_string}\"},\"query-input\":{\"@type\":\"PropertyValueSpecification\",\"valueRequired\":true,\"valueName\":\"search_term_string\"}}],\"inLanguage\":\"fr-FR\"},{\"@type\":\"Organization\",\"@id\":\"https:\\\/\\\/madame-sensuelle.paris\\\/fr\\\/#organization\",\"name\":\"Madame Sensuelle\",\"url\":\"https:\\\/\\\/madame-sensuelle.paris\\\/fr\\\/\",\"logo\":{\"@type\":\"ImageObject\",\"inLanguage\":\"fr-FR\",\"@id\":\"https:\\\/\\\/madame-sensuelle.paris\\\/fr\\\/#\\\/schema\\\/logo\\\/image\\\/\",\"url\":\"https:\\\/\\\/madame-sensuelle.paris\\\/wp-content\\\/uploads\\\/2024\\\/12\\\/logo_a-1-1_696.webp\",\"contentUrl\":\"https:\\\/\\\/madame-sensuelle.paris\\\/wp-content\\\/uploads\\\/2024\\\/12\\\/logo_a-1-1_696.webp\",\"width\":696,\"height\":696,\"caption\":\"Madame Sensuelle\"},\"image\":{\"@id\":\"https:\\\/\\\/madame-sensuelle.paris\\\/fr\\\/#\\\/schema\\\/logo\\\/image\\\/\"},\"sameAs\":[\"https:\\\/\\\/www.facebook.com\\\/madamesensuelle\",\"https:\\\/\\\/www.instagram.com\\\/madame_sensuelle\\\/\"]}]}<\/script>\n<!-- \/ Yoast SEO plugin. -->","yoast_head_json":{"title":"Tapage Nocturne Robe - Noir \u2013 MAISON CLOSE - Madame Sensuelle","description":"cliquer pour visionner l'article : Tapage Nocturne Robe - Noir La collection Tapage Nocturne est audacieuse et minimaliste. Pr\u00e9mices d'une lingerie bondage, Tapage Nocturne se veut d\u00e9nudable : \u00ab habill\u00e9e d\u00e9shabill\u00e9e \u00bb. Robe bondage en microfibre opaque. Harnach\u00e9 jusqu\u2019au cou par des bandes \u00e9lastiques et ajustables. Tour de cou ouvrable. Finitions thermocoll\u00e9es pour un effet lisse et sans couture. Coupe courte et ajust\u00e9e \u00c9lastiques r\u00e9glables. Myst\u00e9rieuse et affolante, elle est taill\u00e9e pour captiver, fasciner\u2026 et faire succomber.","robots":{"index":"index","follow":"follow","max-snippet":"max-snippet:-1","max-image-preview":"max-image-preview:large","max-video-preview":"max-video-preview:-1"},"canonical":"https:\/\/madame-sensuelle.paris\/fr\/product\/c-mc-2019000053969\/","og_locale":"fr_FR","og_type":"article","og_title":"Tapage Nocturne Robe - Noir \u2013 MAISON CLOSE - Madame Sensuelle","og_description":"cliquer pour visionner l'article : Tapage Nocturne Robe - Noir La collection Tapage Nocturne est audacieuse et minimaliste. Pr\u00e9mices d'une lingerie bondage, Tapage Nocturne se veut d\u00e9nudable : \u00ab habill\u00e9e d\u00e9shabill\u00e9e \u00bb. Robe bondage en microfibre opaque. Harnach\u00e9 jusqu\u2019au cou par des bandes \u00e9lastiques et ajustables. Tour de cou ouvrable. Finitions thermocoll\u00e9es pour un effet lisse et sans couture. Coupe courte et ajust\u00e9e \u00c9lastiques r\u00e9glables. Myst\u00e9rieuse et affolante, elle est taill\u00e9e pour captiver, fasciner\u2026 et faire succomber.","og_url":"https:\/\/madame-sensuelle.paris\/fr\/product\/c-mc-2019000053969\/","og_site_name":"Madame Sensuelle","article_publisher":"https:\/\/www.facebook.com\/madamesensuelle","article_modified_time":"2026-04-04T09:11:49+00:00","og_image":[{"width":800,"height":1200,"url":"https:\/\/madame-sensuelle.paris\/wp-content\/uploads\/2024\/03\/robt_tpnn.jpg","type":"image\/jpeg"}],"twitter_card":"summary_large_image","twitter_misc":{"Dur\u00e9e de lecture estim\u00e9e":"1 minute"},"schema":{"@context":"https:\/\/schema.org","@graph":[{"@type":"WebPage","@id":"https:\/\/madame-sensuelle.paris\/fr\/product\/c-mc-2019000053969\/","url":"https:\/\/madame-sensuelle.paris\/fr\/product\/c-mc-2019000053969\/","name":"Tapage Nocturne Robe - Noir \u2013 MAISON CLOSE - Madame Sensuelle","isPartOf":{"@id":"https:\/\/madame-sensuelle.paris\/fr\/#website"},"primaryImageOfPage":{"@id":"https:\/\/madame-sensuelle.paris\/fr\/product\/c-mc-2019000053969\/#primaryimage"},"image":{"@id":"https:\/\/madame-sensuelle.paris\/fr\/product\/c-mc-2019000053969\/#primaryimage"},"thumbnailUrl":"https:\/\/madame-sensuelle.paris\/wp-content\/uploads\/2024\/03\/robt_tpnn.jpg","datePublished":"2024-03-10T12:55:51+00:00","dateModified":"2026-04-04T09:11:49+00:00","description":"cliquer pour visionner l'article : Tapage Nocturne Robe - Noir La collection Tapage Nocturne est audacieuse et minimaliste. Pr\u00e9mices d'une lingerie bondage, Tapage Nocturne se veut d\u00e9nudable : \u00ab habill\u00e9e d\u00e9shabill\u00e9e \u00bb. Robe bondage en microfibre opaque. Harnach\u00e9 jusqu\u2019au cou par des bandes \u00e9lastiques et ajustables. Tour de cou ouvrable. Finitions thermocoll\u00e9es pour un effet lisse et sans couture. Coupe courte et ajust\u00e9e \u00c9lastiques r\u00e9glables. Myst\u00e9rieuse et affolante, elle est taill\u00e9e pour captiver, fasciner\u2026 et faire succomber.","breadcrumb":{"@id":"https:\/\/madame-sensuelle.paris\/fr\/product\/c-mc-2019000053969\/#breadcrumb"},"inLanguage":"fr-FR","potentialAction":[{"@type":"ReadAction","target":["https:\/\/madame-sensuelle.paris\/fr\/product\/c-mc-2019000053969\/"]}]},{"@type":"ImageObject","inLanguage":"fr-FR","@id":"https:\/\/madame-sensuelle.paris\/fr\/product\/c-mc-2019000053969\/#primaryimage","url":"https:\/\/madame-sensuelle.paris\/wp-content\/uploads\/2024\/03\/robt_tpnn.jpg","contentUrl":"https:\/\/madame-sensuelle.paris\/wp-content\/uploads\/2024\/03\/robt_tpnn.jpg","width":800,"height":1200},{"@type":"BreadcrumbList","@id":"https:\/\/madame-sensuelle.paris\/fr\/product\/c-mc-2019000053969\/#breadcrumb","itemListElement":[{"@type":"ListItem","position":1,"name":"Acceuil","item":"https:\/\/madame-sensuelle.paris\/fr\/"},{"@type":"ListItem","position":2,"name":"Catalogue","item":"https:\/\/madame-sensuelle.paris\/fr\/catalogue\/"},{"@type":"ListItem","position":3,"name":"MAISON CLOSE","item":"https:\/\/madame-sensuelle.paris\/fr\/brand\/maison-close\/"},{"@type":"ListItem","position":4,"name":"Tapage Nocturne Robe &#8211; Noir"}]},{"@type":"WebSite","@id":"https:\/\/madame-sensuelle.paris\/fr\/#website","url":"https:\/\/madame-sensuelle.paris\/fr\/","name":"MADAME SENSUELLE","description":"MADAME SENSUELLE: Found the biggest exciting brands of chic &amp; SEXY LINGERIE in Paris Boutique and on the WEB: Aubade, Dita Von Teese, Maison Close, Marjolaine, Bluebella, Atelier Amour, Luxxa, Catanzaro, Gracija Rim. You will found the big pleasure of sexy belt or bra make for you","publisher":{"@id":"https:\/\/madame-sensuelle.paris\/fr\/#organization"},"potentialAction":[{"@type":"SearchAction","target":{"@type":"EntryPoint","urlTemplate":"https:\/\/madame-sensuelle.paris\/fr\/?s={search_term_string}"},"query-input":{"@type":"PropertyValueSpecification","valueRequired":true,"valueName":"search_term_string"}}],"inLanguage":"fr-FR"},{"@type":"Organization","@id":"https:\/\/madame-sensuelle.paris\/fr\/#organization","name":"Madame Sensuelle","url":"https:\/\/madame-sensuelle.paris\/fr\/","logo":{"@type":"ImageObject","inLanguage":"fr-FR","@id":"https:\/\/madame-sensuelle.paris\/fr\/#\/schema\/logo\/image\/","url":"https:\/\/madame-sensuelle.paris\/wp-content\/uploads\/2024\/12\/logo_a-1-1_696.webp","contentUrl":"https:\/\/madame-sensuelle.paris\/wp-content\/uploads\/2024\/12\/logo_a-1-1_696.webp","width":696,"height":696,"caption":"Madame Sensuelle"},"image":{"@id":"https:\/\/madame-sensuelle.paris\/fr\/#\/schema\/logo\/image\/"},"sameAs":["https:\/\/www.facebook.com\/madamesensuelle","https:\/\/www.instagram.com\/madame_sensuelle\/"]}]}},"brands":[{"id":2776,"name":"MAISON CLOSE","slug":"maison-close"}],"_links":{"self":[{"href":"https:\/\/madame-sensuelle.paris\/fr\/wp-json\/wp\/v2\/product\/68463","targetHints":{"allow":["GET"]}}],"collection":[{"href":"https:\/\/madame-sensuelle.paris\/fr\/wp-json\/wp\/v2\/product"}],"about":[{"href":"https:\/\/madame-sensuelle.paris\/fr\/wp-json\/wp\/v2\/types\/product"}],"version-history":[{"count":1,"href":"https:\/\/madame-sensuelle.paris\/fr\/wp-json\/wp\/v2\/product\/68463\/revisions"}],"predecessor-version":[{"id":120531,"href":"https:\/\/madame-sensuelle.paris\/fr\/wp-json\/wp\/v2\/product\/68463\/revisions\/120531"}],"wp:featuredmedia":[{"embeddable":true,"href":"https:\/\/madame-sensuelle.paris\/fr\/wp-json\/wp\/v2\/media\/84257"}],"wp:attachment":[{"href":"https:\/\/madame-sensuelle.paris\/fr\/wp-json\/wp\/v2\/media?parent=68463"}],"wp:term":[{"taxonomy":"pwb-brand","embeddable":true,"href":"https:\/\/madame-sensuelle.paris\/fr\/wp-json\/wp\/v2\/pwb-brand?post=68463"},{"taxonomy":"product_brand","embeddable":true,"href":"https:\/\/madame-sensuelle.paris\/fr\/wp-json\/wp\/v2\/product_brand?post=68463"},{"taxonomy":"product_cat","embeddable":true,"href":"https:\/\/madame-sensuelle.paris\/fr\/wp-json\/wp\/v2\/product_cat?post=68463"},{"taxonomy":"product_tag","embeddable":true,"href":"https:\/\/madame-sensuelle.paris\/fr\/wp-json\/wp\/v2\/product_tag?post=68463"},{"taxonomy":"giftcard-category","embeddable":true,"href":"https:\/\/madame-sensuelle.paris\/fr\/wp-json\/wp\/v2\/giftcard-category?post=68463"}],"curies":[{"name":"wp","href":"https:\/\/api.w.org\/{rel}","templated":true}]}}