{"id":68853,"date":"2024-03-10T12:59:09","date_gmt":"2024-03-10T12:59:09","guid":{"rendered":"https:\/\/madame-sensuelle.eu\/?post_type=product&#038;p=68853"},"modified":"2026-03-28T17:18:00","modified_gmt":"2026-03-28T17:18:00","slug":"g-string-destinos-avec-perles-en-dentelle-avec-lurex","status":"publish","type":"product","link":"https:\/\/madame-sensuelle.paris\/fr\/product\/g-string-destinos-avec-perles-en-dentelle-avec-lurex\/","title":{"rendered":"G-string Destinos avec perles en dentelle avec lurex"},"content":{"rendered":"<p>String avec perle fait en dentelle italiennes et des bandes \u00e9lastiques en lurex argent\u00e9. Avec ce mod\u00e8le vous pourrez stimuler\u00a0 votre point G. D\u00e9faite le n\u0153ud, faite un n\u0153ud au bout du collier et ins\u00e9rez le, la friction du point G s\u2019effectue gr\u00e2ce a une p\u00e9n\u00e9tration. Mais c&#8217;est pas tout, la bande perle de votre string vous permet de r\u00e9aliser un bracelet ou un collier.<\/p>\n","protected":false},"excerpt":{"rendered":"<p>G-string Destinos avec perles en dentelle avec lurex<\/p>\n","protected":false},"featured_media":106508,"template":"","meta":[],"pwb-brand":[2786],"product_brand":[],"product_cat":[1234,1270,1245],"product_tag":[],"giftcard-category":[],"class_list":{"0":"post-68853","1":"product","2":"type-product","3":"status-publish","4":"has-post-thumbnail","6":"pwb-brand-bracli","7":"product_cat-string-ouvert","8":"product_cat-culottes-sexy","9":"product_cat-lingerie-sexy-femme-erotique-et-glamour","10":"pa_collection-destinos","12":"first","13":"outofstock","14":"taxable","15":"shipping-taxable","16":"purchasable","17":"product-type-variable","18":"has-default-attributes"},"yoast_head":"<!-- This site is optimized with the Yoast SEO plugin v27.3 - https:\/\/yoast.com\/product\/yoast-seo-wordpress\/ -->\n<title>G-string Destinos avec perles en dentelle avec lurex<\/title>\n<meta name=\"description\" content=\"String avec perle fait en dentelle italiennes et des bandes \u00e9lastiques en lurex argent\u00e9. Avec ce mod\u00e8le vous pourrez stimuler\u00a0 votre point G. D\u00e9faite le n\u0153ud, faite un n\u0153ud au bout du collier et ins\u00e9rez le, la friction du point G s\u2019effectue gr\u00e2ce a une p\u00e9n\u00e9tration. Mais c&#039;est pas tout, la bande perle de votre string vous permet de r\u00e9aliser un bracelet ou un collier.\u00a0\" \/>\n<meta name=\"robots\" content=\"index, follow, max-snippet:-1, max-image-preview:large, max-video-preview:-1\" \/>\n<link rel=\"canonical\" href=\"https:\/\/madame-sensuelle.paris\/fr\/product\/g-string-destinos-avec-perles-en-dentelle-avec-lurex\/\" \/>\n<meta property=\"og:locale\" content=\"fr_FR\" \/>\n<meta property=\"og:type\" content=\"article\" \/>\n<meta property=\"og:title\" content=\"G-string Destinos avec perles en dentelle avec lurex\" \/>\n<meta property=\"og:description\" content=\"String avec perle fait en dentelle italiennes et des bandes \u00e9lastiques en lurex argent\u00e9. Avec ce mod\u00e8le vous pourrez stimuler\u00a0 votre point G. D\u00e9faite le n\u0153ud, faite un n\u0153ud au bout du collier et ins\u00e9rez le, la friction du point G s\u2019effectue gr\u00e2ce a une p\u00e9n\u00e9tration. Mais c&#039;est pas tout, la bande perle de votre string vous permet de r\u00e9aliser un bracelet ou un collier.\u00a0\" \/>\n<meta property=\"og:url\" content=\"https:\/\/madame-sensuelle.paris\/fr\/product\/g-string-destinos-avec-perles-en-dentelle-avec-lurex\/\" \/>\n<meta property=\"og:site_name\" content=\"Madame Sensuelle\" \/>\n<meta property=\"article:publisher\" content=\"https:\/\/www.facebook.com\/madamesensuelle\" \/>\n<meta property=\"article:modified_time\" content=\"2026-03-28T17:18:00+00:00\" \/>\n<meta property=\"og:image\" content=\"https:\/\/madame-sensuelle.paris\/wp-content\/uploads\/2024\/08\/XSHD1TJ6117.jpg\" \/>\n\t<meta property=\"og:image:width\" content=\"800\" \/>\n\t<meta property=\"og:image:height\" content=\"1000\" \/>\n\t<meta property=\"og:image:type\" content=\"image\/jpeg\" \/>\n<meta name=\"twitter:card\" content=\"summary_large_image\" \/>\n<meta name=\"twitter:label1\" content=\"Dur\u00e9e de lecture estim\u00e9e\" \/>\n\t<meta name=\"twitter:data1\" content=\"2 minutes\" \/>\n<script type=\"application\/ld+json\" class=\"yoast-schema-graph\">{\"@context\":\"https:\\\/\\\/schema.org\",\"@graph\":[{\"@type\":\"WebPage\",\"@id\":\"https:\\\/\\\/madame-sensuelle.paris\\\/fr\\\/product\\\/g-string-destinos-avec-perles-en-dentelle-avec-lurex\\\/\",\"url\":\"https:\\\/\\\/madame-sensuelle.paris\\\/fr\\\/product\\\/g-string-destinos-avec-perles-en-dentelle-avec-lurex\\\/\",\"name\":\"G-string Destinos avec perles en dentelle avec lurex\",\"isPartOf\":{\"@id\":\"https:\\\/\\\/madame-sensuelle.paris\\\/fr\\\/#website\"},\"primaryImageOfPage\":{\"@id\":\"https:\\\/\\\/madame-sensuelle.paris\\\/fr\\\/product\\\/g-string-destinos-avec-perles-en-dentelle-avec-lurex\\\/#primaryimage\"},\"image\":{\"@id\":\"https:\\\/\\\/madame-sensuelle.paris\\\/fr\\\/product\\\/g-string-destinos-avec-perles-en-dentelle-avec-lurex\\\/#primaryimage\"},\"thumbnailUrl\":\"https:\\\/\\\/madame-sensuelle.paris\\\/wp-content\\\/uploads\\\/2024\\\/08\\\/XSHD1TJ6117.jpg\",\"datePublished\":\"2024-03-10T12:59:09+00:00\",\"dateModified\":\"2026-03-28T17:18:00+00:00\",\"description\":\"String avec perle fait en dentelle italiennes et des bandes \u00e9lastiques en lurex argent\u00e9. Avec ce mod\u00e8le vous pourrez stimuler\u00a0 votre point G. D\u00e9faite le n\u0153ud, faite un n\u0153ud au bout du collier et ins\u00e9rez le, la friction du point G s\u2019effectue gr\u00e2ce a une p\u00e9n\u00e9tration. Mais c'est pas tout, la bande perle de votre string vous permet de r\u00e9aliser un bracelet ou un collier.\u00a0\",\"breadcrumb\":{\"@id\":\"https:\\\/\\\/madame-sensuelle.paris\\\/fr\\\/product\\\/g-string-destinos-avec-perles-en-dentelle-avec-lurex\\\/#breadcrumb\"},\"inLanguage\":\"fr-FR\",\"potentialAction\":[{\"@type\":\"ReadAction\",\"target\":[\"https:\\\/\\\/madame-sensuelle.paris\\\/fr\\\/product\\\/g-string-destinos-avec-perles-en-dentelle-avec-lurex\\\/\"]}]},{\"@type\":\"ImageObject\",\"inLanguage\":\"fr-FR\",\"@id\":\"https:\\\/\\\/madame-sensuelle.paris\\\/fr\\\/product\\\/g-string-destinos-avec-perles-en-dentelle-avec-lurex\\\/#primaryimage\",\"url\":\"https:\\\/\\\/madame-sensuelle.paris\\\/wp-content\\\/uploads\\\/2024\\\/08\\\/XSHD1TJ6117.jpg\",\"contentUrl\":\"https:\\\/\\\/madame-sensuelle.paris\\\/wp-content\\\/uploads\\\/2024\\\/08\\\/XSHD1TJ6117.jpg\",\"width\":800,\"height\":1000},{\"@type\":\"BreadcrumbList\",\"@id\":\"https:\\\/\\\/madame-sensuelle.paris\\\/fr\\\/product\\\/g-string-destinos-avec-perles-en-dentelle-avec-lurex\\\/#breadcrumb\",\"itemListElement\":[{\"@type\":\"ListItem\",\"position\":1,\"name\":\"Acceuil\",\"item\":\"https:\\\/\\\/madame-sensuelle.paris\\\/fr\\\/\"},{\"@type\":\"ListItem\",\"position\":2,\"name\":\"Catalogue\",\"item\":\"https:\\\/\\\/madame-sensuelle.paris\\\/fr\\\/catalogue\\\/\"},{\"@type\":\"ListItem\",\"position\":3,\"name\":\"BRACLI\",\"item\":\"https:\\\/\\\/madame-sensuelle.paris\\\/fr\\\/brand\\\/bracli\\\/\"},{\"@type\":\"ListItem\",\"position\":4,\"name\":\"G-string Destinos avec perles en dentelle avec lurex\"}]},{\"@type\":\"WebSite\",\"@id\":\"https:\\\/\\\/madame-sensuelle.paris\\\/fr\\\/#website\",\"url\":\"https:\\\/\\\/madame-sensuelle.paris\\\/fr\\\/\",\"name\":\"MADAME SENSUELLE\",\"description\":\"MADAME SENSUELLE: Found the biggest exciting brands of chic &amp; SEXY LINGERIE in Paris Boutique and on the WEB: Aubade, Dita Von Teese, Maison Close, Marjolaine, Bluebella, Atelier Amour, Luxxa, Catanzaro, Gracija Rim. You will found the big pleasure of sexy belt or bra make for you\",\"publisher\":{\"@id\":\"https:\\\/\\\/madame-sensuelle.paris\\\/fr\\\/#organization\"},\"potentialAction\":[{\"@type\":\"SearchAction\",\"target\":{\"@type\":\"EntryPoint\",\"urlTemplate\":\"https:\\\/\\\/madame-sensuelle.paris\\\/fr\\\/?s={search_term_string}\"},\"query-input\":{\"@type\":\"PropertyValueSpecification\",\"valueRequired\":true,\"valueName\":\"search_term_string\"}}],\"inLanguage\":\"fr-FR\"},{\"@type\":\"Organization\",\"@id\":\"https:\\\/\\\/madame-sensuelle.paris\\\/fr\\\/#organization\",\"name\":\"Madame Sensuelle\",\"url\":\"https:\\\/\\\/madame-sensuelle.paris\\\/fr\\\/\",\"logo\":{\"@type\":\"ImageObject\",\"inLanguage\":\"fr-FR\",\"@id\":\"https:\\\/\\\/madame-sensuelle.paris\\\/fr\\\/#\\\/schema\\\/logo\\\/image\\\/\",\"url\":\"https:\\\/\\\/madame-sensuelle.paris\\\/wp-content\\\/uploads\\\/2024\\\/12\\\/logo_a-1-1_696.webp\",\"contentUrl\":\"https:\\\/\\\/madame-sensuelle.paris\\\/wp-content\\\/uploads\\\/2024\\\/12\\\/logo_a-1-1_696.webp\",\"width\":696,\"height\":696,\"caption\":\"Madame Sensuelle\"},\"image\":{\"@id\":\"https:\\\/\\\/madame-sensuelle.paris\\\/fr\\\/#\\\/schema\\\/logo\\\/image\\\/\"},\"sameAs\":[\"https:\\\/\\\/www.facebook.com\\\/madamesensuelle\",\"https:\\\/\\\/www.instagram.com\\\/madame_sensuelle\\\/\"]}]}<\/script>\n<!-- \/ Yoast SEO plugin. -->","yoast_head_json":{"title":"G-string Destinos avec perles en dentelle avec lurex","description":"String avec perle fait en dentelle italiennes et des bandes \u00e9lastiques en lurex argent\u00e9. Avec ce mod\u00e8le vous pourrez stimuler\u00a0 votre point G. D\u00e9faite le n\u0153ud, faite un n\u0153ud au bout du collier et ins\u00e9rez le, la friction du point G s\u2019effectue gr\u00e2ce a une p\u00e9n\u00e9tration. Mais c'est pas tout, la bande perle de votre string vous permet de r\u00e9aliser un bracelet ou un collier.\u00a0","robots":{"index":"index","follow":"follow","max-snippet":"max-snippet:-1","max-image-preview":"max-image-preview:large","max-video-preview":"max-video-preview:-1"},"canonical":"https:\/\/madame-sensuelle.paris\/fr\/product\/g-string-destinos-avec-perles-en-dentelle-avec-lurex\/","og_locale":"fr_FR","og_type":"article","og_title":"G-string Destinos avec perles en dentelle avec lurex","og_description":"String avec perle fait en dentelle italiennes et des bandes \u00e9lastiques en lurex argent\u00e9. Avec ce mod\u00e8le vous pourrez stimuler\u00a0 votre point G. D\u00e9faite le n\u0153ud, faite un n\u0153ud au bout du collier et ins\u00e9rez le, la friction du point G s\u2019effectue gr\u00e2ce a une p\u00e9n\u00e9tration. Mais c'est pas tout, la bande perle de votre string vous permet de r\u00e9aliser un bracelet ou un collier.\u00a0","og_url":"https:\/\/madame-sensuelle.paris\/fr\/product\/g-string-destinos-avec-perles-en-dentelle-avec-lurex\/","og_site_name":"Madame Sensuelle","article_publisher":"https:\/\/www.facebook.com\/madamesensuelle","article_modified_time":"2026-03-28T17:18:00+00:00","og_image":[{"width":800,"height":1000,"url":"https:\/\/madame-sensuelle.paris\/wp-content\/uploads\/2024\/08\/XSHD1TJ6117.jpg","type":"image\/jpeg"}],"twitter_card":"summary_large_image","twitter_misc":{"Dur\u00e9e de lecture estim\u00e9e":"2 minutes"},"schema":{"@context":"https:\/\/schema.org","@graph":[{"@type":"WebPage","@id":"https:\/\/madame-sensuelle.paris\/fr\/product\/g-string-destinos-avec-perles-en-dentelle-avec-lurex\/","url":"https:\/\/madame-sensuelle.paris\/fr\/product\/g-string-destinos-avec-perles-en-dentelle-avec-lurex\/","name":"G-string Destinos avec perles en dentelle avec lurex","isPartOf":{"@id":"https:\/\/madame-sensuelle.paris\/fr\/#website"},"primaryImageOfPage":{"@id":"https:\/\/madame-sensuelle.paris\/fr\/product\/g-string-destinos-avec-perles-en-dentelle-avec-lurex\/#primaryimage"},"image":{"@id":"https:\/\/madame-sensuelle.paris\/fr\/product\/g-string-destinos-avec-perles-en-dentelle-avec-lurex\/#primaryimage"},"thumbnailUrl":"https:\/\/madame-sensuelle.paris\/wp-content\/uploads\/2024\/08\/XSHD1TJ6117.jpg","datePublished":"2024-03-10T12:59:09+00:00","dateModified":"2026-03-28T17:18:00+00:00","description":"String avec perle fait en dentelle italiennes et des bandes \u00e9lastiques en lurex argent\u00e9. Avec ce mod\u00e8le vous pourrez stimuler\u00a0 votre point G. D\u00e9faite le n\u0153ud, faite un n\u0153ud au bout du collier et ins\u00e9rez le, la friction du point G s\u2019effectue gr\u00e2ce a une p\u00e9n\u00e9tration. Mais c'est pas tout, la bande perle de votre string vous permet de r\u00e9aliser un bracelet ou un collier.\u00a0","breadcrumb":{"@id":"https:\/\/madame-sensuelle.paris\/fr\/product\/g-string-destinos-avec-perles-en-dentelle-avec-lurex\/#breadcrumb"},"inLanguage":"fr-FR","potentialAction":[{"@type":"ReadAction","target":["https:\/\/madame-sensuelle.paris\/fr\/product\/g-string-destinos-avec-perles-en-dentelle-avec-lurex\/"]}]},{"@type":"ImageObject","inLanguage":"fr-FR","@id":"https:\/\/madame-sensuelle.paris\/fr\/product\/g-string-destinos-avec-perles-en-dentelle-avec-lurex\/#primaryimage","url":"https:\/\/madame-sensuelle.paris\/wp-content\/uploads\/2024\/08\/XSHD1TJ6117.jpg","contentUrl":"https:\/\/madame-sensuelle.paris\/wp-content\/uploads\/2024\/08\/XSHD1TJ6117.jpg","width":800,"height":1000},{"@type":"BreadcrumbList","@id":"https:\/\/madame-sensuelle.paris\/fr\/product\/g-string-destinos-avec-perles-en-dentelle-avec-lurex\/#breadcrumb","itemListElement":[{"@type":"ListItem","position":1,"name":"Acceuil","item":"https:\/\/madame-sensuelle.paris\/fr\/"},{"@type":"ListItem","position":2,"name":"Catalogue","item":"https:\/\/madame-sensuelle.paris\/fr\/catalogue\/"},{"@type":"ListItem","position":3,"name":"BRACLI","item":"https:\/\/madame-sensuelle.paris\/fr\/brand\/bracli\/"},{"@type":"ListItem","position":4,"name":"G-string Destinos avec perles en dentelle avec lurex"}]},{"@type":"WebSite","@id":"https:\/\/madame-sensuelle.paris\/fr\/#website","url":"https:\/\/madame-sensuelle.paris\/fr\/","name":"MADAME SENSUELLE","description":"MADAME SENSUELLE: Found the biggest exciting brands of chic &amp; SEXY LINGERIE in Paris Boutique and on the WEB: Aubade, Dita Von Teese, Maison Close, Marjolaine, Bluebella, Atelier Amour, Luxxa, Catanzaro, Gracija Rim. You will found the big pleasure of sexy belt or bra make for you","publisher":{"@id":"https:\/\/madame-sensuelle.paris\/fr\/#organization"},"potentialAction":[{"@type":"SearchAction","target":{"@type":"EntryPoint","urlTemplate":"https:\/\/madame-sensuelle.paris\/fr\/?s={search_term_string}"},"query-input":{"@type":"PropertyValueSpecification","valueRequired":true,"valueName":"search_term_string"}}],"inLanguage":"fr-FR"},{"@type":"Organization","@id":"https:\/\/madame-sensuelle.paris\/fr\/#organization","name":"Madame Sensuelle","url":"https:\/\/madame-sensuelle.paris\/fr\/","logo":{"@type":"ImageObject","inLanguage":"fr-FR","@id":"https:\/\/madame-sensuelle.paris\/fr\/#\/schema\/logo\/image\/","url":"https:\/\/madame-sensuelle.paris\/wp-content\/uploads\/2024\/12\/logo_a-1-1_696.webp","contentUrl":"https:\/\/madame-sensuelle.paris\/wp-content\/uploads\/2024\/12\/logo_a-1-1_696.webp","width":696,"height":696,"caption":"Madame Sensuelle"},"image":{"@id":"https:\/\/madame-sensuelle.paris\/fr\/#\/schema\/logo\/image\/"},"sameAs":["https:\/\/www.facebook.com\/madamesensuelle","https:\/\/www.instagram.com\/madame_sensuelle\/"]}]}},"brands":[{"id":2786,"name":"BRACLI","slug":"bracli"}],"_links":{"self":[{"href":"https:\/\/madame-sensuelle.paris\/fr\/wp-json\/wp\/v2\/product\/68853","targetHints":{"allow":["GET"]}}],"collection":[{"href":"https:\/\/madame-sensuelle.paris\/fr\/wp-json\/wp\/v2\/product"}],"about":[{"href":"https:\/\/madame-sensuelle.paris\/fr\/wp-json\/wp\/v2\/types\/product"}],"version-history":[{"count":1,"href":"https:\/\/madame-sensuelle.paris\/fr\/wp-json\/wp\/v2\/product\/68853\/revisions"}],"predecessor-version":[{"id":109596,"href":"https:\/\/madame-sensuelle.paris\/fr\/wp-json\/wp\/v2\/product\/68853\/revisions\/109596"}],"wp:featuredmedia":[{"embeddable":true,"href":"https:\/\/madame-sensuelle.paris\/fr\/wp-json\/wp\/v2\/media\/106508"}],"wp:attachment":[{"href":"https:\/\/madame-sensuelle.paris\/fr\/wp-json\/wp\/v2\/media?parent=68853"}],"wp:term":[{"taxonomy":"pwb-brand","embeddable":true,"href":"https:\/\/madame-sensuelle.paris\/fr\/wp-json\/wp\/v2\/pwb-brand?post=68853"},{"taxonomy":"product_brand","embeddable":true,"href":"https:\/\/madame-sensuelle.paris\/fr\/wp-json\/wp\/v2\/product_brand?post=68853"},{"taxonomy":"product_cat","embeddable":true,"href":"https:\/\/madame-sensuelle.paris\/fr\/wp-json\/wp\/v2\/product_cat?post=68853"},{"taxonomy":"product_tag","embeddable":true,"href":"https:\/\/madame-sensuelle.paris\/fr\/wp-json\/wp\/v2\/product_tag?post=68853"},{"taxonomy":"giftcard-category","embeddable":true,"href":"https:\/\/madame-sensuelle.paris\/fr\/wp-json\/wp\/v2\/giftcard-category?post=68853"}],"curies":[{"name":"wp","href":"https:\/\/api.w.org\/{rel}","templated":true}]}}