{"id":69129,"date":"2024-03-10T13:01:36","date_gmt":"2024-03-10T13:01:36","guid":{"rendered":"https:\/\/madame-sensuelle.eu\/?post_type=product&#038;p=69129"},"modified":"2026-04-03T18:00:32","modified_gmt":"2026-04-03T18:00:32","slug":"c-2019000058995-s-noir-1","status":"publish","type":"product","link":"https:\/\/madame-sensuelle.paris\/fr\/product\/c-2019000058995-s-noir-1\/","title":{"rendered":"Robe courte wetlook avec le haut en dentelle Machi &#8211; noir"},"content":{"rendered":"<p><span id=\"output-sentence~0\"><span id=\"output-word~0~0\" data-segment-position=\"0\">Machi <\/span><span id=\"output-word~0~1\" data-segment-position=\"1\">est <\/span><span id=\"output-word~0~2\" data-segment-position=\"2\">une <\/span><span id=\"output-word~0~3\" data-segment-position=\"3\">robe <\/span><span id=\"output-word~0~4\" data-segment-position=\"4\">noire <\/span><span id=\"output-word~0~5\" data-segment-position=\"26\">\u00e0 <\/span><span id=\"output-word~0~6\" data-segment-position=\"18\">la <\/span><span id=\"output-word~0~7\" data-segment-position=\"7\">fois <\/span><span id=\"output-word~0~8\" data-segment-position=\"8\">sensuelle <\/span><span id=\"output-word~0~9\" data-segment-position=\"23\">et <\/span><span id=\"output-word~0~10\" data-segment-position=\"10\">s\u00e9duisante, <\/span><span id=\"output-word~0~11\" data-segment-position=\"11\">mettant <\/span><span id=\"output-word~0~12\" data-segment-position=\"12\">en <\/span><span id=\"output-word~0~13\" data-segment-position=\"13\">valeur <\/span><span id=\"output-word~0~14\" data-segment-position=\"18\">la <\/span><span id=\"output-word~0~15\" data-segment-position=\"15\">transparence <\/span><span id=\"output-word~0~16\" data-segment-position=\"25\">gr\u00e2ce <\/span><span id=\"output-word~0~17\" data-segment-position=\"26\">\u00e0 <\/span><span id=\"output-word~0~18\" data-segment-position=\"18\">la <\/span><span id=\"output-word~0~19\" data-segment-position=\"19\">dentelle <\/span><span id=\"output-word~0~20\" data-segment-position=\"30\">sur <\/span><span id=\"output-word~0~21\" data-segment-position=\"31\">le <\/span><span id=\"output-word~0~22\" data-segment-position=\"22\">dessus, <\/span><span id=\"output-word~0~23\" data-segment-position=\"23\">et <\/span><span id=\"output-word~0~24\" data-segment-position=\"24\">l&#8217;opacit\u00e9 <\/span><span id=\"output-word~0~25\" data-segment-position=\"25\">gr\u00e2ce <\/span><span id=\"output-word~0~26\" data-segment-position=\"26\">\u00e0 <\/span><span id=\"output-word~0~27\" data-segment-position=\"27\">un <\/span><span id=\"output-word~0~28\" data-segment-position=\"28\">wetlook <\/span><span id=\"output-word~0~29\" data-segment-position=\"29\">brillant <\/span><span id=\"output-word~0~30\" data-segment-position=\"30\">sur <\/span><span id=\"output-word~0~31\" data-segment-position=\"31\">le <\/span><span id=\"output-word~0~32\" data-segment-position=\"32\">bas.<\/span><\/span> <span id=\"output-sentence~1\"><span id=\"output-word~1~0\" data-segment-position=\"0\">Son <\/span><span id=\"output-word~1~1\" data-segment-position=\"1\">col <\/span><span id=\"output-word~1~2\" data-segment-position=\"2\">est <\/span><span id=\"output-word~1~3\" data-segment-position=\"3\">agr\u00e9ment\u00e9 <\/span><span id=\"output-word~1~4\" data-segment-position=\"4\">d&#8217;un <\/span><span id=\"output-word~1~5\" data-segment-position=\"5\">ruban <\/span><span id=\"output-word~1~6\" data-segment-position=\"6\">en <\/span><span id=\"output-word~1~7\" data-segment-position=\"7\">satin <\/span><span id=\"output-word~1~8\" data-segment-position=\"8\">d\u00e9licat <\/span><span id=\"output-word~1~9\" data-segment-position=\"9\">\u00e0 <\/span><span id=\"output-word~1~10\" data-segment-position=\"10\">nouer <\/span><span id=\"output-word~1~11\" data-segment-position=\"11\">sur <\/span><span id=\"output-word~1~12\" data-segment-position=\"12\">le <\/span><span id=\"output-word~1~13\" data-segment-position=\"13\">c\u00f4t\u00e9.<\/span><\/span> <span id=\"output-sentence~2\"><span id=\"output-word~2~0\" data-segment-position=\"0\">Son <\/span><span id=\"output-word~2~1\" data-segment-position=\"1\">zip <\/span><span id=\"output-word~2~2\" data-segment-position=\"2\">invers\u00e9, <\/span><span id=\"output-word~2~3\" data-segment-position=\"3\">du <\/span><span id=\"output-word~2~4\" data-segment-position=\"4\">bas <\/span><span id=\"output-word~2~5\" data-segment-position=\"5\">vers <\/span><span id=\"output-word~2~6\" data-segment-position=\"6\">le <\/span><span id=\"output-word~2~7\" data-segment-position=\"7\">haut, <\/span><span id=\"output-word~2~8\" data-segment-position=\"17\">vous <\/span><span id=\"output-word~2~9\" data-segment-position=\"9\">donnera <\/span><span id=\"output-word~2~10\" data-segment-position=\"14\">la <\/span><span id=\"output-word~2~11\" data-segment-position=\"11\">possibilit\u00e9 <\/span><span id=\"output-word~2~12\" data-segment-position=\"12\">de <\/span><span id=\"output-word~2~13\" data-segment-position=\"13\">cr\u00e9er <\/span><span id=\"output-word~2~14\" data-segment-position=\"14\">la <\/span><span id=\"output-word~2~15\" data-segment-position=\"15\">fente <\/span><span id=\"output-word~2~16\" data-segment-position=\"16\">que <\/span><span id=\"output-word~2~17\" data-segment-position=\"17\">vous <\/span><span id=\"output-word~2~18\" data-segment-position=\"18\">d\u00e9sirez.<\/span><\/span> <span id=\"output-sentence~3\"><span id=\"output-word~3~0\" data-segment-position=\"0\">C&#8217;est <\/span><span id=\"output-word~3~1\" data-segment-position=\"1\">un <\/span><span id=\"output-word~3~2\" data-segment-position=\"2\">mod\u00e8le <\/span><span id=\"output-word~3~3\" data-segment-position=\"3\">plein <\/span><span id=\"output-word~3~4\" data-segment-position=\"4\">de <\/span><span id=\"output-word~3~5\" data-segment-position=\"5\">f\u00e9minit\u00e9 <\/span><span id=\"output-word~3~6\" data-segment-position=\"6\">qui <\/span><span id=\"output-word~3~7\" data-segment-position=\"7\">sublimera <\/span><span id=\"output-word~3~8\" data-segment-position=\"8\">toutes <\/span><span id=\"output-word~3~9\" data-segment-position=\"9\">vos <\/span><span id=\"output-word~3~10\" data-segment-position=\"10\">formes.<\/span><\/span><\/p>\n","protected":false},"excerpt":{"rendered":"<p>Machi est une robe noire \u00e0 la fois sensuelle et s\u00e9duisante, mettant en valeur la transparence gr\u00e2ce \u00e0 la dentelle sur le dessus, et l&#8217;opacit\u00e9 gr\u00e2ce \u00e0 un wetlook brillant sur le bas. Son col est agr\u00e9ment\u00e9 d&#8217;un ruban en satin d\u00e9licat \u00e0 nouer sur le c\u00f4t\u00e9. Son zip invers\u00e9, du bas vers le haut,<\/p>\n","protected":false},"featured_media":84417,"template":"","meta":[],"pwb-brand":[2780],"product_brand":[],"product_cat":[1239,1235],"product_tag":[],"giftcard-category":[],"class_list":{"0":"post-69129","1":"product","2":"type-product","3":"status-publish","4":"has-post-thumbnail","6":"pwb-brand-impudique","7":"product_cat-longewear","8":"product_cat-robes-sexy","10":"first","11":"outofstock","12":"taxable","13":"shipping-taxable","14":"purchasable","15":"product-type-variable","16":"has-default-attributes"},"yoast_head":"<!-- This site is optimized with the Yoast SEO plugin v27.3 - https:\/\/yoast.com\/product\/yoast-seo-wordpress\/ -->\n<title>Robe courte wetlook avec le haut en dentelle Machi - noir \u2013 Impudique - Madame Sensuelle<\/title>\n<meta name=\"description\" content=\"Machi est une robe noire \u00e0 la fois sensuelle et s\u00e9duisante, mettant en valeur la transparence gr\u00e2ce \u00e0 la dentelle sur le dessus, et l&#039;opacit\u00e9 gr\u00e2ce \u00e0 un wetlook brillant sur le bas. Son col est agr\u00e9ment\u00e9 d&#039;un ruban en satin d\u00e9licat \u00e0 nouer sur le c\u00f4t\u00e9. Son zip invers\u00e9, du bas vers le haut, vous donnera la possibilit\u00e9 de cr\u00e9er la fente que vous d\u00e9sirez. C&#039;est un mod\u00e8le plein de f\u00e9minit\u00e9 qui sublimera toutes vos formes.\" \/>\n<meta name=\"robots\" content=\"index, follow, max-snippet:-1, max-image-preview:large, max-video-preview:-1\" \/>\n<link rel=\"canonical\" href=\"https:\/\/madame-sensuelle.paris\/fr\/product\/c-2019000058995-s-noir-1\/\" \/>\n<meta property=\"og:locale\" content=\"fr_FR\" \/>\n<meta property=\"og:type\" content=\"article\" \/>\n<meta property=\"og:title\" content=\"Robe courte wetlook avec le haut en dentelle Machi - noir \u2013 Impudique - Madame Sensuelle\" \/>\n<meta property=\"og:description\" content=\"Machi est une robe noire \u00e0 la fois sensuelle et s\u00e9duisante, mettant en valeur la transparence gr\u00e2ce \u00e0 la dentelle sur le dessus, et l&#039;opacit\u00e9 gr\u00e2ce \u00e0 un wetlook brillant sur le bas. Son col est agr\u00e9ment\u00e9 d&#039;un ruban en satin d\u00e9licat \u00e0 nouer sur le c\u00f4t\u00e9. Son zip invers\u00e9, du bas vers le haut, vous donnera la possibilit\u00e9 de cr\u00e9er la fente que vous d\u00e9sirez. C&#039;est un mod\u00e8le plein de f\u00e9minit\u00e9 qui sublimera toutes vos formes.\" \/>\n<meta property=\"og:url\" content=\"https:\/\/madame-sensuelle.paris\/fr\/product\/c-2019000058995-s-noir-1\/\" \/>\n<meta property=\"og:site_name\" content=\"Madame Sensuelle\" \/>\n<meta property=\"article:publisher\" content=\"https:\/\/www.facebook.com\/madamesensuelle\" \/>\n<meta property=\"article:modified_time\" content=\"2026-04-03T18:00:32+00:00\" \/>\n<meta property=\"og:image\" content=\"https:\/\/madame-sensuelle.paris\/wp-content\/uploads\/2024\/03\/tp_1.jpg\" \/>\n\t<meta property=\"og:image:width\" content=\"800\" \/>\n\t<meta property=\"og:image:height\" content=\"1200\" \/>\n\t<meta property=\"og:image:type\" content=\"image\/jpeg\" \/>\n<meta name=\"twitter:card\" content=\"summary_large_image\" \/>\n<meta name=\"twitter:label1\" content=\"Dur\u00e9e de lecture estim\u00e9e\" \/>\n\t<meta name=\"twitter:data1\" content=\"1 minute\" \/>\n<script type=\"application\/ld+json\" class=\"yoast-schema-graph\">{\"@context\":\"https:\\\/\\\/schema.org\",\"@graph\":[{\"@type\":\"WebPage\",\"@id\":\"https:\\\/\\\/madame-sensuelle.paris\\\/fr\\\/product\\\/c-2019000058995-s-noir-1\\\/\",\"url\":\"https:\\\/\\\/madame-sensuelle.paris\\\/fr\\\/product\\\/c-2019000058995-s-noir-1\\\/\",\"name\":\"Robe courte wetlook avec le haut en dentelle Machi - noir \u2013 Impudique - Madame Sensuelle\",\"isPartOf\":{\"@id\":\"https:\\\/\\\/madame-sensuelle.paris\\\/fr\\\/#website\"},\"primaryImageOfPage\":{\"@id\":\"https:\\\/\\\/madame-sensuelle.paris\\\/fr\\\/product\\\/c-2019000058995-s-noir-1\\\/#primaryimage\"},\"image\":{\"@id\":\"https:\\\/\\\/madame-sensuelle.paris\\\/fr\\\/product\\\/c-2019000058995-s-noir-1\\\/#primaryimage\"},\"thumbnailUrl\":\"https:\\\/\\\/madame-sensuelle.paris\\\/wp-content\\\/uploads\\\/2024\\\/03\\\/tp_1.jpg\",\"datePublished\":\"2024-03-10T13:01:36+00:00\",\"dateModified\":\"2026-04-03T18:00:32+00:00\",\"description\":\"Machi est une robe noire \u00e0 la fois sensuelle et s\u00e9duisante, mettant en valeur la transparence gr\u00e2ce \u00e0 la dentelle sur le dessus, et l'opacit\u00e9 gr\u00e2ce \u00e0 un wetlook brillant sur le bas. Son col est agr\u00e9ment\u00e9 d'un ruban en satin d\u00e9licat \u00e0 nouer sur le c\u00f4t\u00e9. Son zip invers\u00e9, du bas vers le haut, vous donnera la possibilit\u00e9 de cr\u00e9er la fente que vous d\u00e9sirez. C'est un mod\u00e8le plein de f\u00e9minit\u00e9 qui sublimera toutes vos formes.\",\"breadcrumb\":{\"@id\":\"https:\\\/\\\/madame-sensuelle.paris\\\/fr\\\/product\\\/c-2019000058995-s-noir-1\\\/#breadcrumb\"},\"inLanguage\":\"fr-FR\",\"potentialAction\":[{\"@type\":\"ReadAction\",\"target\":[\"https:\\\/\\\/madame-sensuelle.paris\\\/fr\\\/product\\\/c-2019000058995-s-noir-1\\\/\"]}]},{\"@type\":\"ImageObject\",\"inLanguage\":\"fr-FR\",\"@id\":\"https:\\\/\\\/madame-sensuelle.paris\\\/fr\\\/product\\\/c-2019000058995-s-noir-1\\\/#primaryimage\",\"url\":\"https:\\\/\\\/madame-sensuelle.paris\\\/wp-content\\\/uploads\\\/2024\\\/03\\\/tp_1.jpg\",\"contentUrl\":\"https:\\\/\\\/madame-sensuelle.paris\\\/wp-content\\\/uploads\\\/2024\\\/03\\\/tp_1.jpg\",\"width\":800,\"height\":1200},{\"@type\":\"BreadcrumbList\",\"@id\":\"https:\\\/\\\/madame-sensuelle.paris\\\/fr\\\/product\\\/c-2019000058995-s-noir-1\\\/#breadcrumb\",\"itemListElement\":[{\"@type\":\"ListItem\",\"position\":1,\"name\":\"Acceuil\",\"item\":\"https:\\\/\\\/madame-sensuelle.paris\\\/fr\\\/\"},{\"@type\":\"ListItem\",\"position\":2,\"name\":\"Catalogue\",\"item\":\"https:\\\/\\\/madame-sensuelle.paris\\\/fr\\\/catalogue\\\/\"},{\"@type\":\"ListItem\",\"position\":3,\"name\":\"Impudique\",\"item\":\"https:\\\/\\\/madame-sensuelle.paris\\\/fr\\\/brand\\\/impudique\\\/\"},{\"@type\":\"ListItem\",\"position\":4,\"name\":\"Robe courte wetlook avec le haut en dentelle Machi &#8211; noir\"}]},{\"@type\":\"WebSite\",\"@id\":\"https:\\\/\\\/madame-sensuelle.paris\\\/fr\\\/#website\",\"url\":\"https:\\\/\\\/madame-sensuelle.paris\\\/fr\\\/\",\"name\":\"MADAME SENSUELLE\",\"description\":\"MADAME SENSUELLE: Found the biggest exciting brands of chic &amp; SEXY LINGERIE in Paris Boutique and on the WEB: Aubade, Dita Von Teese, Maison Close, Marjolaine, Bluebella, Atelier Amour, Luxxa, Catanzaro, Gracija Rim. You will found the big pleasure of sexy belt or bra make for you\",\"publisher\":{\"@id\":\"https:\\\/\\\/madame-sensuelle.paris\\\/fr\\\/#organization\"},\"potentialAction\":[{\"@type\":\"SearchAction\",\"target\":{\"@type\":\"EntryPoint\",\"urlTemplate\":\"https:\\\/\\\/madame-sensuelle.paris\\\/fr\\\/?s={search_term_string}\"},\"query-input\":{\"@type\":\"PropertyValueSpecification\",\"valueRequired\":true,\"valueName\":\"search_term_string\"}}],\"inLanguage\":\"fr-FR\"},{\"@type\":\"Organization\",\"@id\":\"https:\\\/\\\/madame-sensuelle.paris\\\/fr\\\/#organization\",\"name\":\"Madame Sensuelle\",\"url\":\"https:\\\/\\\/madame-sensuelle.paris\\\/fr\\\/\",\"logo\":{\"@type\":\"ImageObject\",\"inLanguage\":\"fr-FR\",\"@id\":\"https:\\\/\\\/madame-sensuelle.paris\\\/fr\\\/#\\\/schema\\\/logo\\\/image\\\/\",\"url\":\"https:\\\/\\\/madame-sensuelle.paris\\\/wp-content\\\/uploads\\\/2024\\\/12\\\/logo_a-1-1_696.webp\",\"contentUrl\":\"https:\\\/\\\/madame-sensuelle.paris\\\/wp-content\\\/uploads\\\/2024\\\/12\\\/logo_a-1-1_696.webp\",\"width\":696,\"height\":696,\"caption\":\"Madame Sensuelle\"},\"image\":{\"@id\":\"https:\\\/\\\/madame-sensuelle.paris\\\/fr\\\/#\\\/schema\\\/logo\\\/image\\\/\"},\"sameAs\":[\"https:\\\/\\\/www.facebook.com\\\/madamesensuelle\",\"https:\\\/\\\/www.instagram.com\\\/madame_sensuelle\\\/\"]}]}<\/script>\n<!-- \/ Yoast SEO plugin. -->","yoast_head_json":{"title":"Robe courte wetlook avec le haut en dentelle Machi - noir \u2013 Impudique - Madame Sensuelle","description":"Machi est une robe noire \u00e0 la fois sensuelle et s\u00e9duisante, mettant en valeur la transparence gr\u00e2ce \u00e0 la dentelle sur le dessus, et l'opacit\u00e9 gr\u00e2ce \u00e0 un wetlook brillant sur le bas. Son col est agr\u00e9ment\u00e9 d'un ruban en satin d\u00e9licat \u00e0 nouer sur le c\u00f4t\u00e9. Son zip invers\u00e9, du bas vers le haut, vous donnera la possibilit\u00e9 de cr\u00e9er la fente que vous d\u00e9sirez. C'est un mod\u00e8le plein de f\u00e9minit\u00e9 qui sublimera toutes vos formes.","robots":{"index":"index","follow":"follow","max-snippet":"max-snippet:-1","max-image-preview":"max-image-preview:large","max-video-preview":"max-video-preview:-1"},"canonical":"https:\/\/madame-sensuelle.paris\/fr\/product\/c-2019000058995-s-noir-1\/","og_locale":"fr_FR","og_type":"article","og_title":"Robe courte wetlook avec le haut en dentelle Machi - noir \u2013 Impudique - Madame Sensuelle","og_description":"Machi est une robe noire \u00e0 la fois sensuelle et s\u00e9duisante, mettant en valeur la transparence gr\u00e2ce \u00e0 la dentelle sur le dessus, et l'opacit\u00e9 gr\u00e2ce \u00e0 un wetlook brillant sur le bas. Son col est agr\u00e9ment\u00e9 d'un ruban en satin d\u00e9licat \u00e0 nouer sur le c\u00f4t\u00e9. Son zip invers\u00e9, du bas vers le haut, vous donnera la possibilit\u00e9 de cr\u00e9er la fente que vous d\u00e9sirez. C'est un mod\u00e8le plein de f\u00e9minit\u00e9 qui sublimera toutes vos formes.","og_url":"https:\/\/madame-sensuelle.paris\/fr\/product\/c-2019000058995-s-noir-1\/","og_site_name":"Madame Sensuelle","article_publisher":"https:\/\/www.facebook.com\/madamesensuelle","article_modified_time":"2026-04-03T18:00:32+00:00","og_image":[{"width":800,"height":1200,"url":"https:\/\/madame-sensuelle.paris\/wp-content\/uploads\/2024\/03\/tp_1.jpg","type":"image\/jpeg"}],"twitter_card":"summary_large_image","twitter_misc":{"Dur\u00e9e de lecture estim\u00e9e":"1 minute"},"schema":{"@context":"https:\/\/schema.org","@graph":[{"@type":"WebPage","@id":"https:\/\/madame-sensuelle.paris\/fr\/product\/c-2019000058995-s-noir-1\/","url":"https:\/\/madame-sensuelle.paris\/fr\/product\/c-2019000058995-s-noir-1\/","name":"Robe courte wetlook avec le haut en dentelle Machi - noir \u2013 Impudique - Madame Sensuelle","isPartOf":{"@id":"https:\/\/madame-sensuelle.paris\/fr\/#website"},"primaryImageOfPage":{"@id":"https:\/\/madame-sensuelle.paris\/fr\/product\/c-2019000058995-s-noir-1\/#primaryimage"},"image":{"@id":"https:\/\/madame-sensuelle.paris\/fr\/product\/c-2019000058995-s-noir-1\/#primaryimage"},"thumbnailUrl":"https:\/\/madame-sensuelle.paris\/wp-content\/uploads\/2024\/03\/tp_1.jpg","datePublished":"2024-03-10T13:01:36+00:00","dateModified":"2026-04-03T18:00:32+00:00","description":"Machi est une robe noire \u00e0 la fois sensuelle et s\u00e9duisante, mettant en valeur la transparence gr\u00e2ce \u00e0 la dentelle sur le dessus, et l'opacit\u00e9 gr\u00e2ce \u00e0 un wetlook brillant sur le bas. Son col est agr\u00e9ment\u00e9 d'un ruban en satin d\u00e9licat \u00e0 nouer sur le c\u00f4t\u00e9. Son zip invers\u00e9, du bas vers le haut, vous donnera la possibilit\u00e9 de cr\u00e9er la fente que vous d\u00e9sirez. C'est un mod\u00e8le plein de f\u00e9minit\u00e9 qui sublimera toutes vos formes.","breadcrumb":{"@id":"https:\/\/madame-sensuelle.paris\/fr\/product\/c-2019000058995-s-noir-1\/#breadcrumb"},"inLanguage":"fr-FR","potentialAction":[{"@type":"ReadAction","target":["https:\/\/madame-sensuelle.paris\/fr\/product\/c-2019000058995-s-noir-1\/"]}]},{"@type":"ImageObject","inLanguage":"fr-FR","@id":"https:\/\/madame-sensuelle.paris\/fr\/product\/c-2019000058995-s-noir-1\/#primaryimage","url":"https:\/\/madame-sensuelle.paris\/wp-content\/uploads\/2024\/03\/tp_1.jpg","contentUrl":"https:\/\/madame-sensuelle.paris\/wp-content\/uploads\/2024\/03\/tp_1.jpg","width":800,"height":1200},{"@type":"BreadcrumbList","@id":"https:\/\/madame-sensuelle.paris\/fr\/product\/c-2019000058995-s-noir-1\/#breadcrumb","itemListElement":[{"@type":"ListItem","position":1,"name":"Acceuil","item":"https:\/\/madame-sensuelle.paris\/fr\/"},{"@type":"ListItem","position":2,"name":"Catalogue","item":"https:\/\/madame-sensuelle.paris\/fr\/catalogue\/"},{"@type":"ListItem","position":3,"name":"Impudique","item":"https:\/\/madame-sensuelle.paris\/fr\/brand\/impudique\/"},{"@type":"ListItem","position":4,"name":"Robe courte wetlook avec le haut en dentelle Machi &#8211; noir"}]},{"@type":"WebSite","@id":"https:\/\/madame-sensuelle.paris\/fr\/#website","url":"https:\/\/madame-sensuelle.paris\/fr\/","name":"MADAME SENSUELLE","description":"MADAME SENSUELLE: Found the biggest exciting brands of chic &amp; SEXY LINGERIE in Paris Boutique and on the WEB: Aubade, Dita Von Teese, Maison Close, Marjolaine, Bluebella, Atelier Amour, Luxxa, Catanzaro, Gracija Rim. You will found the big pleasure of sexy belt or bra make for you","publisher":{"@id":"https:\/\/madame-sensuelle.paris\/fr\/#organization"},"potentialAction":[{"@type":"SearchAction","target":{"@type":"EntryPoint","urlTemplate":"https:\/\/madame-sensuelle.paris\/fr\/?s={search_term_string}"},"query-input":{"@type":"PropertyValueSpecification","valueRequired":true,"valueName":"search_term_string"}}],"inLanguage":"fr-FR"},{"@type":"Organization","@id":"https:\/\/madame-sensuelle.paris\/fr\/#organization","name":"Madame Sensuelle","url":"https:\/\/madame-sensuelle.paris\/fr\/","logo":{"@type":"ImageObject","inLanguage":"fr-FR","@id":"https:\/\/madame-sensuelle.paris\/fr\/#\/schema\/logo\/image\/","url":"https:\/\/madame-sensuelle.paris\/wp-content\/uploads\/2024\/12\/logo_a-1-1_696.webp","contentUrl":"https:\/\/madame-sensuelle.paris\/wp-content\/uploads\/2024\/12\/logo_a-1-1_696.webp","width":696,"height":696,"caption":"Madame Sensuelle"},"image":{"@id":"https:\/\/madame-sensuelle.paris\/fr\/#\/schema\/logo\/image\/"},"sameAs":["https:\/\/www.facebook.com\/madamesensuelle","https:\/\/www.instagram.com\/madame_sensuelle\/"]}]}},"brands":[{"id":2780,"name":"Impudique","slug":"impudique"}],"_links":{"self":[{"href":"https:\/\/madame-sensuelle.paris\/fr\/wp-json\/wp\/v2\/product\/69129","targetHints":{"allow":["GET"]}}],"collection":[{"href":"https:\/\/madame-sensuelle.paris\/fr\/wp-json\/wp\/v2\/product"}],"about":[{"href":"https:\/\/madame-sensuelle.paris\/fr\/wp-json\/wp\/v2\/types\/product"}],"version-history":[{"count":1,"href":"https:\/\/madame-sensuelle.paris\/fr\/wp-json\/wp\/v2\/product\/69129\/revisions"}],"predecessor-version":[{"id":115813,"href":"https:\/\/madame-sensuelle.paris\/fr\/wp-json\/wp\/v2\/product\/69129\/revisions\/115813"}],"wp:featuredmedia":[{"embeddable":true,"href":"https:\/\/madame-sensuelle.paris\/fr\/wp-json\/wp\/v2\/media\/84417"}],"wp:attachment":[{"href":"https:\/\/madame-sensuelle.paris\/fr\/wp-json\/wp\/v2\/media?parent=69129"}],"wp:term":[{"taxonomy":"pwb-brand","embeddable":true,"href":"https:\/\/madame-sensuelle.paris\/fr\/wp-json\/wp\/v2\/pwb-brand?post=69129"},{"taxonomy":"product_brand","embeddable":true,"href":"https:\/\/madame-sensuelle.paris\/fr\/wp-json\/wp\/v2\/product_brand?post=69129"},{"taxonomy":"product_cat","embeddable":true,"href":"https:\/\/madame-sensuelle.paris\/fr\/wp-json\/wp\/v2\/product_cat?post=69129"},{"taxonomy":"product_tag","embeddable":true,"href":"https:\/\/madame-sensuelle.paris\/fr\/wp-json\/wp\/v2\/product_tag?post=69129"},{"taxonomy":"giftcard-category","embeddable":true,"href":"https:\/\/madame-sensuelle.paris\/fr\/wp-json\/wp\/v2\/giftcard-category?post=69129"}],"curies":[{"name":"wp","href":"https:\/\/api.w.org\/{rel}","templated":true}]}}