{"id":69366,"date":"2024-03-10T13:03:26","date_gmt":"2024-03-10T13:03:26","guid":{"rendered":"https:\/\/madame-sensuelle.eu\/?post_type=product&#038;p=69366"},"modified":"2026-04-04T05:54:25","modified_gmt":"2026-04-04T05:54:25","slug":"c-l-2019000058889","status":"publish","type":"product","link":"https:\/\/madame-sensuelle.paris\/fr\/product\/c-l-2019000058889\/","title":{"rendered":"String mini nu \u00e0 pompon franges longues Balance"},"content":{"rendered":"<p>R\u00e9v\u00e9lez un charme espi\u00e8gle avec le string mini nu Balance.<\/p>\n<ul>\n<li>Design minimaliste qui met en lumi\u00e8re les courbes avec subtilit\u00e9.<\/li>\n<li>Pompons \u00e0 longues franges pour un mouvement captivant \u00e0 chaque pas.<\/li>\n<li>Finitions d\u00e9licates pour un confort fluide.<\/li>\n<li>Une pi\u00e8ce de lingerie unique qui attire tous les regards.<\/li>\n<\/ul>\n","protected":false},"excerpt":{"rendered":"<p>R\u00e9v\u00e9lez un charme espi\u00e8gle avec le string mini nu Balance. Design minimaliste qui met en lumi\u00e8re les courbes avec subtilit\u00e9. Pompons \u00e0 longues franges pour un mouvement captivant \u00e0 chaque pas. Finitions d\u00e9licates pour un confort fluide. Une pi\u00e8ce de lingerie unique qui attire tous les regards.<\/p>\n","protected":false},"featured_media":84397,"template":"","meta":[],"pwb-brand":[2787],"product_brand":[],"product_cat":[1234,1270,1245],"product_tag":[],"giftcard-category":[],"class_list":{"0":"post-69366","1":"product","2":"type-product","3":"status-publish","4":"has-post-thumbnail","6":"pwb-brand-luxxa","7":"product_cat-string-ouvert","8":"product_cat-culottes-sexy","9":"product_cat-lingerie-sexy-femme-erotique-et-glamour","10":"pa_collection-balance-fr","12":"first","13":"outofstock","14":"taxable","15":"shipping-taxable","16":"purchasable","17":"product-type-variable"},"yoast_head":"<!-- This site is optimized with the Yoast SEO plugin v27.4 - https:\/\/yoast.com\/product\/yoast-seo-wordpress\/ -->\n<title>String mini nu \u00e0 pompon franges longues Balance \u2013 LUXXA - Madame Sensuelle<\/title>\n<meta name=\"description\" content=\"Venez essayez le string mini nu Balance avec sa longues franges et coupe minimaliste pour un look captivant et glamour\" \/>\n<meta name=\"robots\" content=\"index, follow, max-snippet:-1, max-image-preview:large, max-video-preview:-1\" \/>\n<link rel=\"canonical\" href=\"https:\/\/madame-sensuelle.paris\/fr\/product\/c-l-2019000058889\/\" \/>\n<meta property=\"og:locale\" content=\"fr_FR\" \/>\n<meta property=\"og:type\" content=\"article\" \/>\n<meta property=\"og:title\" content=\"String mini nu \u00e0 pompon franges longues Balance \u2013 LUXXA - Madame Sensuelle\" \/>\n<meta property=\"og:description\" content=\"Venez essayez le string mini nu Balance avec sa longues franges et coupe minimaliste pour un look captivant et glamour\" \/>\n<meta property=\"og:url\" content=\"https:\/\/madame-sensuelle.paris\/fr\/product\/c-l-2019000058889\/\" \/>\n<meta property=\"og:site_name\" content=\"Madame Sensuelle\" \/>\n<meta property=\"article:publisher\" content=\"https:\/\/www.facebook.com\/madamesensuelle\" \/>\n<meta property=\"article:modified_time\" content=\"2026-04-04T05:54:25+00:00\" \/>\n<meta property=\"og:image\" content=\"http:\/\/madame-sensuelle.paris\/wp-content\/uploads\/2024\/03\/ensemble-soutien-gorge-seins-nus-string-mini-nu-et-porte-jarretelles-1_1.jpg\" \/>\n\t<meta property=\"og:image:width\" content=\"800\" \/>\n\t<meta property=\"og:image:height\" content=\"1200\" \/>\n\t<meta property=\"og:image:type\" content=\"image\/jpeg\" \/>\n<meta name=\"twitter:card\" content=\"summary_large_image\" \/>\n<meta name=\"twitter:label1\" content=\"Dur\u00e9e de lecture estim\u00e9e\" \/>\n\t<meta name=\"twitter:data1\" content=\"1 minute\" \/>\n<script type=\"application\/ld+json\" class=\"yoast-schema-graph\">{\"@context\":\"https:\\\/\\\/schema.org\",\"@graph\":[{\"@type\":\"WebPage\",\"@id\":\"https:\\\/\\\/madame-sensuelle.paris\\\/fr\\\/product\\\/c-l-2019000058889\\\/\",\"url\":\"https:\\\/\\\/madame-sensuelle.paris\\\/fr\\\/product\\\/c-l-2019000058889\\\/\",\"name\":\"String mini nu \u00e0 pompon franges longues Balance \u2013 LUXXA - Madame Sensuelle\",\"isPartOf\":{\"@id\":\"https:\\\/\\\/madame-sensuelle.paris\\\/fr\\\/#website\"},\"primaryImageOfPage\":{\"@id\":\"https:\\\/\\\/madame-sensuelle.paris\\\/fr\\\/product\\\/c-l-2019000058889\\\/#primaryimage\"},\"image\":{\"@id\":\"https:\\\/\\\/madame-sensuelle.paris\\\/fr\\\/product\\\/c-l-2019000058889\\\/#primaryimage\"},\"thumbnailUrl\":\"https:\\\/\\\/madame-sensuelle.paris\\\/wp-content\\\/uploads\\\/2024\\\/03\\\/ensemble-soutien-gorge-seins-nus-string-mini-nu-et-porte-jarretelles-1_1.jpg\",\"datePublished\":\"2024-03-10T13:03:26+00:00\",\"dateModified\":\"2026-04-04T05:54:25+00:00\",\"description\":\"Venez essayez le string mini nu Balance avec sa longues franges et coupe minimaliste pour un look captivant et glamour\",\"breadcrumb\":{\"@id\":\"https:\\\/\\\/madame-sensuelle.paris\\\/fr\\\/product\\\/c-l-2019000058889\\\/#breadcrumb\"},\"inLanguage\":\"fr-FR\",\"potentialAction\":[{\"@type\":\"ReadAction\",\"target\":[\"https:\\\/\\\/madame-sensuelle.paris\\\/fr\\\/product\\\/c-l-2019000058889\\\/\"]}]},{\"@type\":\"ImageObject\",\"inLanguage\":\"fr-FR\",\"@id\":\"https:\\\/\\\/madame-sensuelle.paris\\\/fr\\\/product\\\/c-l-2019000058889\\\/#primaryimage\",\"url\":\"https:\\\/\\\/madame-sensuelle.paris\\\/wp-content\\\/uploads\\\/2024\\\/03\\\/ensemble-soutien-gorge-seins-nus-string-mini-nu-et-porte-jarretelles-1_1.jpg\",\"contentUrl\":\"https:\\\/\\\/madame-sensuelle.paris\\\/wp-content\\\/uploads\\\/2024\\\/03\\\/ensemble-soutien-gorge-seins-nus-string-mini-nu-et-porte-jarretelles-1_1.jpg\",\"width\":800,\"height\":1200},{\"@type\":\"BreadcrumbList\",\"@id\":\"https:\\\/\\\/madame-sensuelle.paris\\\/fr\\\/product\\\/c-l-2019000058889\\\/#breadcrumb\",\"itemListElement\":[{\"@type\":\"ListItem\",\"position\":1,\"name\":\"Acceuil\",\"item\":\"https:\\\/\\\/madame-sensuelle.paris\\\/fr\\\/\"},{\"@type\":\"ListItem\",\"position\":2,\"name\":\"Catalogue\",\"item\":\"https:\\\/\\\/madame-sensuelle.paris\\\/fr\\\/catalogue\\\/\"},{\"@type\":\"ListItem\",\"position\":3,\"name\":\"LUXXA\",\"item\":\"https:\\\/\\\/madame-sensuelle.paris\\\/fr\\\/brand\\\/luxxa\\\/\"},{\"@type\":\"ListItem\",\"position\":4,\"name\":\"String mini nu \u00e0 pompon franges longues Balance\"}]},{\"@type\":\"WebSite\",\"@id\":\"https:\\\/\\\/madame-sensuelle.paris\\\/fr\\\/#website\",\"url\":\"https:\\\/\\\/madame-sensuelle.paris\\\/fr\\\/\",\"name\":\"MADAME SENSUELLE\",\"description\":\"MADAME SENSUELLE: Found the biggest exciting brands of chic &amp; SEXY LINGERIE in Paris Boutique and on the WEB: Aubade, Dita Von Teese, Maison Close, Marjolaine, Bluebella, Atelier Amour, Luxxa, Catanzaro, Gracija Rim. You will found the big pleasure of sexy belt or bra make for you\",\"publisher\":{\"@id\":\"https:\\\/\\\/madame-sensuelle.paris\\\/fr\\\/#organization\"},\"potentialAction\":[{\"@type\":\"SearchAction\",\"target\":{\"@type\":\"EntryPoint\",\"urlTemplate\":\"https:\\\/\\\/madame-sensuelle.paris\\\/fr\\\/?s={search_term_string}\"},\"query-input\":{\"@type\":\"PropertyValueSpecification\",\"valueRequired\":true,\"valueName\":\"search_term_string\"}}],\"inLanguage\":\"fr-FR\"},{\"@type\":\"Organization\",\"@id\":\"https:\\\/\\\/madame-sensuelle.paris\\\/fr\\\/#organization\",\"name\":\"Madame Sensuelle\",\"url\":\"https:\\\/\\\/madame-sensuelle.paris\\\/fr\\\/\",\"logo\":{\"@type\":\"ImageObject\",\"inLanguage\":\"fr-FR\",\"@id\":\"https:\\\/\\\/madame-sensuelle.paris\\\/fr\\\/#\\\/schema\\\/logo\\\/image\\\/\",\"url\":\"https:\\\/\\\/madame-sensuelle.paris\\\/wp-content\\\/uploads\\\/2024\\\/12\\\/logo_a-1-1_696.webp\",\"contentUrl\":\"https:\\\/\\\/madame-sensuelle.paris\\\/wp-content\\\/uploads\\\/2024\\\/12\\\/logo_a-1-1_696.webp\",\"width\":696,\"height\":696,\"caption\":\"Madame Sensuelle\"},\"image\":{\"@id\":\"https:\\\/\\\/madame-sensuelle.paris\\\/fr\\\/#\\\/schema\\\/logo\\\/image\\\/\"},\"sameAs\":[\"https:\\\/\\\/www.facebook.com\\\/madamesensuelle\",\"https:\\\/\\\/www.instagram.com\\\/madame_sensuelle\\\/\"]}]}<\/script>\n<!-- \/ Yoast SEO plugin. -->","yoast_head_json":{"title":"String mini nu \u00e0 pompon franges longues Balance \u2013 LUXXA - Madame Sensuelle","description":"Venez essayez le string mini nu Balance avec sa longues franges et coupe minimaliste pour un look captivant et glamour","robots":{"index":"index","follow":"follow","max-snippet":"max-snippet:-1","max-image-preview":"max-image-preview:large","max-video-preview":"max-video-preview:-1"},"canonical":"https:\/\/madame-sensuelle.paris\/fr\/product\/c-l-2019000058889\/","og_locale":"fr_FR","og_type":"article","og_title":"String mini nu \u00e0 pompon franges longues Balance \u2013 LUXXA - Madame Sensuelle","og_description":"Venez essayez le string mini nu Balance avec sa longues franges et coupe minimaliste pour un look captivant et glamour","og_url":"https:\/\/madame-sensuelle.paris\/fr\/product\/c-l-2019000058889\/","og_site_name":"Madame Sensuelle","article_publisher":"https:\/\/www.facebook.com\/madamesensuelle","article_modified_time":"2026-04-04T05:54:25+00:00","og_image":[{"width":800,"height":1200,"url":"http:\/\/madame-sensuelle.paris\/wp-content\/uploads\/2024\/03\/ensemble-soutien-gorge-seins-nus-string-mini-nu-et-porte-jarretelles-1_1.jpg","type":"image\/jpeg"}],"twitter_card":"summary_large_image","twitter_misc":{"Dur\u00e9e de lecture estim\u00e9e":"1 minute"},"schema":{"@context":"https:\/\/schema.org","@graph":[{"@type":"WebPage","@id":"https:\/\/madame-sensuelle.paris\/fr\/product\/c-l-2019000058889\/","url":"https:\/\/madame-sensuelle.paris\/fr\/product\/c-l-2019000058889\/","name":"String mini nu \u00e0 pompon franges longues Balance \u2013 LUXXA - Madame Sensuelle","isPartOf":{"@id":"https:\/\/madame-sensuelle.paris\/fr\/#website"},"primaryImageOfPage":{"@id":"https:\/\/madame-sensuelle.paris\/fr\/product\/c-l-2019000058889\/#primaryimage"},"image":{"@id":"https:\/\/madame-sensuelle.paris\/fr\/product\/c-l-2019000058889\/#primaryimage"},"thumbnailUrl":"https:\/\/madame-sensuelle.paris\/wp-content\/uploads\/2024\/03\/ensemble-soutien-gorge-seins-nus-string-mini-nu-et-porte-jarretelles-1_1.jpg","datePublished":"2024-03-10T13:03:26+00:00","dateModified":"2026-04-04T05:54:25+00:00","description":"Venez essayez le string mini nu Balance avec sa longues franges et coupe minimaliste pour un look captivant et glamour","breadcrumb":{"@id":"https:\/\/madame-sensuelle.paris\/fr\/product\/c-l-2019000058889\/#breadcrumb"},"inLanguage":"fr-FR","potentialAction":[{"@type":"ReadAction","target":["https:\/\/madame-sensuelle.paris\/fr\/product\/c-l-2019000058889\/"]}]},{"@type":"ImageObject","inLanguage":"fr-FR","@id":"https:\/\/madame-sensuelle.paris\/fr\/product\/c-l-2019000058889\/#primaryimage","url":"https:\/\/madame-sensuelle.paris\/wp-content\/uploads\/2024\/03\/ensemble-soutien-gorge-seins-nus-string-mini-nu-et-porte-jarretelles-1_1.jpg","contentUrl":"https:\/\/madame-sensuelle.paris\/wp-content\/uploads\/2024\/03\/ensemble-soutien-gorge-seins-nus-string-mini-nu-et-porte-jarretelles-1_1.jpg","width":800,"height":1200},{"@type":"BreadcrumbList","@id":"https:\/\/madame-sensuelle.paris\/fr\/product\/c-l-2019000058889\/#breadcrumb","itemListElement":[{"@type":"ListItem","position":1,"name":"Acceuil","item":"https:\/\/madame-sensuelle.paris\/fr\/"},{"@type":"ListItem","position":2,"name":"Catalogue","item":"https:\/\/madame-sensuelle.paris\/fr\/catalogue\/"},{"@type":"ListItem","position":3,"name":"LUXXA","item":"https:\/\/madame-sensuelle.paris\/fr\/brand\/luxxa\/"},{"@type":"ListItem","position":4,"name":"String mini nu \u00e0 pompon franges longues Balance"}]},{"@type":"WebSite","@id":"https:\/\/madame-sensuelle.paris\/fr\/#website","url":"https:\/\/madame-sensuelle.paris\/fr\/","name":"MADAME SENSUELLE","description":"MADAME SENSUELLE: Found the biggest exciting brands of chic &amp; SEXY LINGERIE in Paris Boutique and on the WEB: Aubade, Dita Von Teese, Maison Close, Marjolaine, Bluebella, Atelier Amour, Luxxa, Catanzaro, Gracija Rim. You will found the big pleasure of sexy belt or bra make for you","publisher":{"@id":"https:\/\/madame-sensuelle.paris\/fr\/#organization"},"potentialAction":[{"@type":"SearchAction","target":{"@type":"EntryPoint","urlTemplate":"https:\/\/madame-sensuelle.paris\/fr\/?s={search_term_string}"},"query-input":{"@type":"PropertyValueSpecification","valueRequired":true,"valueName":"search_term_string"}}],"inLanguage":"fr-FR"},{"@type":"Organization","@id":"https:\/\/madame-sensuelle.paris\/fr\/#organization","name":"Madame Sensuelle","url":"https:\/\/madame-sensuelle.paris\/fr\/","logo":{"@type":"ImageObject","inLanguage":"fr-FR","@id":"https:\/\/madame-sensuelle.paris\/fr\/#\/schema\/logo\/image\/","url":"https:\/\/madame-sensuelle.paris\/wp-content\/uploads\/2024\/12\/logo_a-1-1_696.webp","contentUrl":"https:\/\/madame-sensuelle.paris\/wp-content\/uploads\/2024\/12\/logo_a-1-1_696.webp","width":696,"height":696,"caption":"Madame Sensuelle"},"image":{"@id":"https:\/\/madame-sensuelle.paris\/fr\/#\/schema\/logo\/image\/"},"sameAs":["https:\/\/www.facebook.com\/madamesensuelle","https:\/\/www.instagram.com\/madame_sensuelle\/"]}]}},"brands":[{"id":2787,"name":"LUXXA","slug":"luxxa"}],"_links":{"self":[{"href":"https:\/\/madame-sensuelle.paris\/fr\/wp-json\/wp\/v2\/product\/69366","targetHints":{"allow":["GET"]}}],"collection":[{"href":"https:\/\/madame-sensuelle.paris\/fr\/wp-json\/wp\/v2\/product"}],"about":[{"href":"https:\/\/madame-sensuelle.paris\/fr\/wp-json\/wp\/v2\/types\/product"}],"version-history":[{"count":1,"href":"https:\/\/madame-sensuelle.paris\/fr\/wp-json\/wp\/v2\/product\/69366\/revisions"}],"predecessor-version":[{"id":122503,"href":"https:\/\/madame-sensuelle.paris\/fr\/wp-json\/wp\/v2\/product\/69366\/revisions\/122503"}],"wp:featuredmedia":[{"embeddable":true,"href":"https:\/\/madame-sensuelle.paris\/fr\/wp-json\/wp\/v2\/media\/84397"}],"wp:attachment":[{"href":"https:\/\/madame-sensuelle.paris\/fr\/wp-json\/wp\/v2\/media?parent=69366"}],"wp:term":[{"taxonomy":"pwb-brand","embeddable":true,"href":"https:\/\/madame-sensuelle.paris\/fr\/wp-json\/wp\/v2\/pwb-brand?post=69366"},{"taxonomy":"product_brand","embeddable":true,"href":"https:\/\/madame-sensuelle.paris\/fr\/wp-json\/wp\/v2\/product_brand?post=69366"},{"taxonomy":"product_cat","embeddable":true,"href":"https:\/\/madame-sensuelle.paris\/fr\/wp-json\/wp\/v2\/product_cat?post=69366"},{"taxonomy":"product_tag","embeddable":true,"href":"https:\/\/madame-sensuelle.paris\/fr\/wp-json\/wp\/v2\/product_tag?post=69366"},{"taxonomy":"giftcard-category","embeddable":true,"href":"https:\/\/madame-sensuelle.paris\/fr\/wp-json\/wp\/v2\/giftcard-category?post=69366"}],"curies":[{"name":"wp","href":"https:\/\/api.w.org\/{rel}","templated":true}]}}