{"id":70775,"date":"2024-03-10T13:10:43","date_gmt":"2024-03-10T13:10:43","guid":{"rendered":"https:\/\/madame-sensuelle.eu\/?post_type=product&#038;p=70775"},"modified":"2026-04-18T04:34:31","modified_gmt":"2026-04-18T04:34:31","slug":"mc-3700436086285-tu-noir","status":"publish","type":"product","link":"https:\/\/madame-sensuelle.paris\/fr\/product\/mc-3700436086285-tu-noir\/","title":{"rendered":"Jeux Magnetiques (Gift Box) &#8211; Harnais &#038; Cache-Tetons &#8211; Tu"},"content":{"rendered":"<p>Le harnais de la collection Le Petit Secret Jeux Magn\u00e9tiques est l\u2019accessoire ultime de la Muse !<\/p>\n<ul>\n<li>Pi\u00e8ce suggestive \u00e0 souhait, ce dessous sexy habille la nudit\u00e9 avec un style minimaliste et affirm\u00e9.<\/li>\n<li>Sur le devant, un bouton dor\u00e9 aimant\u00e9 offre une ouverture magn\u00e9tique, originale et rapide, comme une invitation aux jeux \u00e9rotiques et fripons.<\/li>\n<li>Extensible et r\u00e9glable, ce sous-v\u00eatement s\u2019ajuste facilement \u00e0 la silhouette, pour un port l\u00e9ger et confortable.<\/li>\n<li>Et pour plus de fantaisie, deux cache-t\u00e9tons noirs avec pampille dor\u00e9 accompagnent le harnais. Le Petit Secret est la collection du murmure ind\u00e9cent : r\u00e9solument suggestive et d\u2019une d\u00e9licatesse folle.<\/li>\n<\/ul>\n","protected":false},"excerpt":{"rendered":"<p>Le harnais de la collection Le Petit Secret Jeux Magn\u00e9tiques est l\u2019accessoire ultime de la Muse ! Pi\u00e8ce suggestive \u00e0 souhait, ce dessous sexy habille la nudit\u00e9 avec un style minimaliste et affirm\u00e9. Sur le devant, un bouton dor\u00e9 aimant\u00e9 offre une ouverture magn\u00e9tique, originale et rapide, comme une invitation aux jeux \u00e9rotiques et fripons.<\/p>\n","protected":false},"featured_media":87602,"template":"","meta":[],"pwb-brand":[2776],"product_brand":[],"product_cat":[1206,2462,1216],"product_tag":[],"giftcard-category":[],"class_list":{"0":"post-70775","1":"product","2":"type-product","3":"status-publish","4":"has-post-thumbnail","6":"pwb-brand-maison-close","7":"product_cat-accessoires-de-lingerie","8":"product_cat-harnais-de-corps","9":"product_cat-idees-cadeaux","10":"pa_collection-le-petit-secret-gift-box-fr","12":"first","13":"outofstock","14":"taxable","15":"shipping-taxable","16":"purchasable","17":"product-type-variable","18":"has-default-attributes"},"yoast_head":"<!-- This site is optimized with the Yoast SEO plugin v27.4 - https:\/\/yoast.com\/product\/yoast-seo-wordpress\/ -->\n<title>La bo\u00eete cadeau Harnais &amp; Cache-Tetons de maison close - Madame Sensuelle<\/title>\n<meta name=\"description\" content=\"Offrez la bo\u00eete cadeau Le Petit Secret : harnais \u00e0 ouverture magn\u00e9tique et cache-t\u00e9tons dor\u00e9e. Une lingerie parfait pour \u00e9veiller les jeux \u00e9rotiques\" \/>\n<meta name=\"robots\" content=\"index, follow, max-snippet:-1, max-image-preview:large, max-video-preview:-1\" \/>\n<link rel=\"canonical\" href=\"https:\/\/madame-sensuelle.paris\/fr\/product\/mc-3700436086285-tu-noir\/\" \/>\n<meta property=\"og:locale\" content=\"fr_FR\" \/>\n<meta property=\"og:type\" content=\"article\" \/>\n<meta property=\"og:title\" content=\"La bo\u00eete cadeau Harnais &amp; Cache-Tetons de maison close - Madame Sensuelle\" \/>\n<meta property=\"og:description\" content=\"Offrez la bo\u00eete cadeau Le Petit Secret : harnais \u00e0 ouverture magn\u00e9tique et cache-t\u00e9tons dor\u00e9e. Une lingerie parfait pour \u00e9veiller les jeux \u00e9rotiques\" \/>\n<meta property=\"og:url\" content=\"https:\/\/madame-sensuelle.paris\/fr\/product\/mc-3700436086285-tu-noir\/\" \/>\n<meta property=\"og:site_name\" content=\"Madame Sensuelle\" \/>\n<meta property=\"article:publisher\" content=\"https:\/\/www.facebook.com\/madamesensuelle\" \/>\n<meta property=\"article:modified_time\" content=\"2026-04-18T04:34:31+00:00\" \/>\n<meta property=\"og:image\" content=\"http:\/\/madame-sensuelle.paris\/wp-content\/uploads\/2024\/03\/box.jpg\" \/>\n\t<meta property=\"og:image:width\" content=\"460\" \/>\n\t<meta property=\"og:image:height\" content=\"460\" \/>\n\t<meta property=\"og:image:type\" content=\"image\/jpeg\" \/>\n<meta name=\"twitter:card\" content=\"summary_large_image\" \/>\n<meta name=\"twitter:label1\" content=\"Dur\u00e9e de lecture estim\u00e9e\" \/>\n\t<meta name=\"twitter:data1\" content=\"2 minutes\" \/>\n<script type=\"application\/ld+json\" class=\"yoast-schema-graph\">{\"@context\":\"https:\\\/\\\/schema.org\",\"@graph\":[{\"@type\":\"WebPage\",\"@id\":\"https:\\\/\\\/madame-sensuelle.paris\\\/fr\\\/product\\\/mc-3700436086285-tu-noir\\\/\",\"url\":\"https:\\\/\\\/madame-sensuelle.paris\\\/fr\\\/product\\\/mc-3700436086285-tu-noir\\\/\",\"name\":\"La bo\u00eete cadeau Harnais & Cache-Tetons de maison close - Madame Sensuelle\",\"isPartOf\":{\"@id\":\"https:\\\/\\\/madame-sensuelle.paris\\\/fr\\\/#website\"},\"primaryImageOfPage\":{\"@id\":\"https:\\\/\\\/madame-sensuelle.paris\\\/fr\\\/product\\\/mc-3700436086285-tu-noir\\\/#primaryimage\"},\"image\":{\"@id\":\"https:\\\/\\\/madame-sensuelle.paris\\\/fr\\\/product\\\/mc-3700436086285-tu-noir\\\/#primaryimage\"},\"thumbnailUrl\":\"https:\\\/\\\/madame-sensuelle.paris\\\/wp-content\\\/uploads\\\/2024\\\/03\\\/box.jpg\",\"datePublished\":\"2024-03-10T13:10:43+00:00\",\"dateModified\":\"2026-04-18T04:34:31+00:00\",\"description\":\"Offrez la bo\u00eete cadeau Le Petit Secret : harnais \u00e0 ouverture magn\u00e9tique et cache-t\u00e9tons dor\u00e9e. Une lingerie parfait pour \u00e9veiller les jeux \u00e9rotiques\",\"breadcrumb\":{\"@id\":\"https:\\\/\\\/madame-sensuelle.paris\\\/fr\\\/product\\\/mc-3700436086285-tu-noir\\\/#breadcrumb\"},\"inLanguage\":\"fr-FR\",\"potentialAction\":[{\"@type\":\"ReadAction\",\"target\":[\"https:\\\/\\\/madame-sensuelle.paris\\\/fr\\\/product\\\/mc-3700436086285-tu-noir\\\/\"]}]},{\"@type\":\"ImageObject\",\"inLanguage\":\"fr-FR\",\"@id\":\"https:\\\/\\\/madame-sensuelle.paris\\\/fr\\\/product\\\/mc-3700436086285-tu-noir\\\/#primaryimage\",\"url\":\"https:\\\/\\\/madame-sensuelle.paris\\\/wp-content\\\/uploads\\\/2024\\\/03\\\/box.jpg\",\"contentUrl\":\"https:\\\/\\\/madame-sensuelle.paris\\\/wp-content\\\/uploads\\\/2024\\\/03\\\/box.jpg\",\"width\":460,\"height\":460},{\"@type\":\"BreadcrumbList\",\"@id\":\"https:\\\/\\\/madame-sensuelle.paris\\\/fr\\\/product\\\/mc-3700436086285-tu-noir\\\/#breadcrumb\",\"itemListElement\":[{\"@type\":\"ListItem\",\"position\":1,\"name\":\"Acceuil\",\"item\":\"https:\\\/\\\/madame-sensuelle.paris\\\/fr\\\/\"},{\"@type\":\"ListItem\",\"position\":2,\"name\":\"Catalogue\",\"item\":\"https:\\\/\\\/madame-sensuelle.paris\\\/fr\\\/catalogue\\\/\"},{\"@type\":\"ListItem\",\"position\":3,\"name\":\"MAISON CLOSE\",\"item\":\"https:\\\/\\\/madame-sensuelle.paris\\\/fr\\\/brand\\\/maison-close\\\/\"},{\"@type\":\"ListItem\",\"position\":4,\"name\":\"Jeux Magnetiques (Gift Box) &#8211; Harnais &#038; Cache-Tetons &#8211; Tu\"}]},{\"@type\":\"WebSite\",\"@id\":\"https:\\\/\\\/madame-sensuelle.paris\\\/fr\\\/#website\",\"url\":\"https:\\\/\\\/madame-sensuelle.paris\\\/fr\\\/\",\"name\":\"MADAME SENSUELLE\",\"description\":\"MADAME SENSUELLE: Found the biggest exciting brands of chic &amp; SEXY LINGERIE in Paris Boutique and on the WEB: Aubade, Dita Von Teese, Maison Close, Marjolaine, Bluebella, Atelier Amour, Luxxa, Catanzaro, Gracija Rim. You will found the big pleasure of sexy belt or bra make for you\",\"publisher\":{\"@id\":\"https:\\\/\\\/madame-sensuelle.paris\\\/fr\\\/#organization\"},\"potentialAction\":[{\"@type\":\"SearchAction\",\"target\":{\"@type\":\"EntryPoint\",\"urlTemplate\":\"https:\\\/\\\/madame-sensuelle.paris\\\/fr\\\/?s={search_term_string}\"},\"query-input\":{\"@type\":\"PropertyValueSpecification\",\"valueRequired\":true,\"valueName\":\"search_term_string\"}}],\"inLanguage\":\"fr-FR\"},{\"@type\":\"Organization\",\"@id\":\"https:\\\/\\\/madame-sensuelle.paris\\\/fr\\\/#organization\",\"name\":\"Madame Sensuelle\",\"url\":\"https:\\\/\\\/madame-sensuelle.paris\\\/fr\\\/\",\"logo\":{\"@type\":\"ImageObject\",\"inLanguage\":\"fr-FR\",\"@id\":\"https:\\\/\\\/madame-sensuelle.paris\\\/fr\\\/#\\\/schema\\\/logo\\\/image\\\/\",\"url\":\"https:\\\/\\\/madame-sensuelle.paris\\\/wp-content\\\/uploads\\\/2024\\\/12\\\/logo_a-1-1_696.webp\",\"contentUrl\":\"https:\\\/\\\/madame-sensuelle.paris\\\/wp-content\\\/uploads\\\/2024\\\/12\\\/logo_a-1-1_696.webp\",\"width\":696,\"height\":696,\"caption\":\"Madame Sensuelle\"},\"image\":{\"@id\":\"https:\\\/\\\/madame-sensuelle.paris\\\/fr\\\/#\\\/schema\\\/logo\\\/image\\\/\"},\"sameAs\":[\"https:\\\/\\\/www.facebook.com\\\/madamesensuelle\",\"https:\\\/\\\/www.instagram.com\\\/madame_sensuelle\\\/\"]}]}<\/script>\n<!-- \/ Yoast SEO plugin. -->","yoast_head_json":{"title":"La bo\u00eete cadeau Harnais & Cache-Tetons de maison close - Madame Sensuelle","description":"Offrez la bo\u00eete cadeau Le Petit Secret : harnais \u00e0 ouverture magn\u00e9tique et cache-t\u00e9tons dor\u00e9e. Une lingerie parfait pour \u00e9veiller les jeux \u00e9rotiques","robots":{"index":"index","follow":"follow","max-snippet":"max-snippet:-1","max-image-preview":"max-image-preview:large","max-video-preview":"max-video-preview:-1"},"canonical":"https:\/\/madame-sensuelle.paris\/fr\/product\/mc-3700436086285-tu-noir\/","og_locale":"fr_FR","og_type":"article","og_title":"La bo\u00eete cadeau Harnais & Cache-Tetons de maison close - Madame Sensuelle","og_description":"Offrez la bo\u00eete cadeau Le Petit Secret : harnais \u00e0 ouverture magn\u00e9tique et cache-t\u00e9tons dor\u00e9e. Une lingerie parfait pour \u00e9veiller les jeux \u00e9rotiques","og_url":"https:\/\/madame-sensuelle.paris\/fr\/product\/mc-3700436086285-tu-noir\/","og_site_name":"Madame Sensuelle","article_publisher":"https:\/\/www.facebook.com\/madamesensuelle","article_modified_time":"2026-04-18T04:34:31+00:00","og_image":[{"width":460,"height":460,"url":"http:\/\/madame-sensuelle.paris\/wp-content\/uploads\/2024\/03\/box.jpg","type":"image\/jpeg"}],"twitter_card":"summary_large_image","twitter_misc":{"Dur\u00e9e de lecture estim\u00e9e":"2 minutes"},"schema":{"@context":"https:\/\/schema.org","@graph":[{"@type":"WebPage","@id":"https:\/\/madame-sensuelle.paris\/fr\/product\/mc-3700436086285-tu-noir\/","url":"https:\/\/madame-sensuelle.paris\/fr\/product\/mc-3700436086285-tu-noir\/","name":"La bo\u00eete cadeau Harnais & Cache-Tetons de maison close - Madame Sensuelle","isPartOf":{"@id":"https:\/\/madame-sensuelle.paris\/fr\/#website"},"primaryImageOfPage":{"@id":"https:\/\/madame-sensuelle.paris\/fr\/product\/mc-3700436086285-tu-noir\/#primaryimage"},"image":{"@id":"https:\/\/madame-sensuelle.paris\/fr\/product\/mc-3700436086285-tu-noir\/#primaryimage"},"thumbnailUrl":"https:\/\/madame-sensuelle.paris\/wp-content\/uploads\/2024\/03\/box.jpg","datePublished":"2024-03-10T13:10:43+00:00","dateModified":"2026-04-18T04:34:31+00:00","description":"Offrez la bo\u00eete cadeau Le Petit Secret : harnais \u00e0 ouverture magn\u00e9tique et cache-t\u00e9tons dor\u00e9e. Une lingerie parfait pour \u00e9veiller les jeux \u00e9rotiques","breadcrumb":{"@id":"https:\/\/madame-sensuelle.paris\/fr\/product\/mc-3700436086285-tu-noir\/#breadcrumb"},"inLanguage":"fr-FR","potentialAction":[{"@type":"ReadAction","target":["https:\/\/madame-sensuelle.paris\/fr\/product\/mc-3700436086285-tu-noir\/"]}]},{"@type":"ImageObject","inLanguage":"fr-FR","@id":"https:\/\/madame-sensuelle.paris\/fr\/product\/mc-3700436086285-tu-noir\/#primaryimage","url":"https:\/\/madame-sensuelle.paris\/wp-content\/uploads\/2024\/03\/box.jpg","contentUrl":"https:\/\/madame-sensuelle.paris\/wp-content\/uploads\/2024\/03\/box.jpg","width":460,"height":460},{"@type":"BreadcrumbList","@id":"https:\/\/madame-sensuelle.paris\/fr\/product\/mc-3700436086285-tu-noir\/#breadcrumb","itemListElement":[{"@type":"ListItem","position":1,"name":"Acceuil","item":"https:\/\/madame-sensuelle.paris\/fr\/"},{"@type":"ListItem","position":2,"name":"Catalogue","item":"https:\/\/madame-sensuelle.paris\/fr\/catalogue\/"},{"@type":"ListItem","position":3,"name":"MAISON CLOSE","item":"https:\/\/madame-sensuelle.paris\/fr\/brand\/maison-close\/"},{"@type":"ListItem","position":4,"name":"Jeux Magnetiques (Gift Box) &#8211; Harnais &#038; Cache-Tetons &#8211; Tu"}]},{"@type":"WebSite","@id":"https:\/\/madame-sensuelle.paris\/fr\/#website","url":"https:\/\/madame-sensuelle.paris\/fr\/","name":"MADAME SENSUELLE","description":"MADAME SENSUELLE: Found the biggest exciting brands of chic &amp; SEXY LINGERIE in Paris Boutique and on the WEB: Aubade, Dita Von Teese, Maison Close, Marjolaine, Bluebella, Atelier Amour, Luxxa, Catanzaro, Gracija Rim. You will found the big pleasure of sexy belt or bra make for you","publisher":{"@id":"https:\/\/madame-sensuelle.paris\/fr\/#organization"},"potentialAction":[{"@type":"SearchAction","target":{"@type":"EntryPoint","urlTemplate":"https:\/\/madame-sensuelle.paris\/fr\/?s={search_term_string}"},"query-input":{"@type":"PropertyValueSpecification","valueRequired":true,"valueName":"search_term_string"}}],"inLanguage":"fr-FR"},{"@type":"Organization","@id":"https:\/\/madame-sensuelle.paris\/fr\/#organization","name":"Madame Sensuelle","url":"https:\/\/madame-sensuelle.paris\/fr\/","logo":{"@type":"ImageObject","inLanguage":"fr-FR","@id":"https:\/\/madame-sensuelle.paris\/fr\/#\/schema\/logo\/image\/","url":"https:\/\/madame-sensuelle.paris\/wp-content\/uploads\/2024\/12\/logo_a-1-1_696.webp","contentUrl":"https:\/\/madame-sensuelle.paris\/wp-content\/uploads\/2024\/12\/logo_a-1-1_696.webp","width":696,"height":696,"caption":"Madame Sensuelle"},"image":{"@id":"https:\/\/madame-sensuelle.paris\/fr\/#\/schema\/logo\/image\/"},"sameAs":["https:\/\/www.facebook.com\/madamesensuelle","https:\/\/www.instagram.com\/madame_sensuelle\/"]}]}},"brands":[{"id":2776,"name":"MAISON CLOSE","slug":"maison-close"}],"_links":{"self":[{"href":"https:\/\/madame-sensuelle.paris\/fr\/wp-json\/wp\/v2\/product\/70775","targetHints":{"allow":["GET"]}}],"collection":[{"href":"https:\/\/madame-sensuelle.paris\/fr\/wp-json\/wp\/v2\/product"}],"about":[{"href":"https:\/\/madame-sensuelle.paris\/fr\/wp-json\/wp\/v2\/types\/product"}],"version-history":[{"count":1,"href":"https:\/\/madame-sensuelle.paris\/fr\/wp-json\/wp\/v2\/product\/70775\/revisions"}],"predecessor-version":[{"id":122621,"href":"https:\/\/madame-sensuelle.paris\/fr\/wp-json\/wp\/v2\/product\/70775\/revisions\/122621"}],"wp:featuredmedia":[{"embeddable":true,"href":"https:\/\/madame-sensuelle.paris\/fr\/wp-json\/wp\/v2\/media\/87602"}],"wp:attachment":[{"href":"https:\/\/madame-sensuelle.paris\/fr\/wp-json\/wp\/v2\/media?parent=70775"}],"wp:term":[{"taxonomy":"pwb-brand","embeddable":true,"href":"https:\/\/madame-sensuelle.paris\/fr\/wp-json\/wp\/v2\/pwb-brand?post=70775"},{"taxonomy":"product_brand","embeddable":true,"href":"https:\/\/madame-sensuelle.paris\/fr\/wp-json\/wp\/v2\/product_brand?post=70775"},{"taxonomy":"product_cat","embeddable":true,"href":"https:\/\/madame-sensuelle.paris\/fr\/wp-json\/wp\/v2\/product_cat?post=70775"},{"taxonomy":"product_tag","embeddable":true,"href":"https:\/\/madame-sensuelle.paris\/fr\/wp-json\/wp\/v2\/product_tag?post=70775"},{"taxonomy":"giftcard-category","embeddable":true,"href":"https:\/\/madame-sensuelle.paris\/fr\/wp-json\/wp\/v2\/giftcard-category?post=70775"}],"curies":[{"name":"wp","href":"https:\/\/api.w.org\/{rel}","templated":true}]}}