{"id":70826,"date":"2024-03-10T13:11:01","date_gmt":"2024-03-10T13:11:01","guid":{"rendered":"https:\/\/madame-sensuelle.eu\/?post_type=product&#038;p=70826"},"modified":"2026-04-03T08:57:59","modified_gmt":"2026-04-03T08:57:59","slug":"lensemble-harnais-golden-force","status":"publish","type":"product","link":"https:\/\/madame-sensuelle.paris\/fr\/product\/lensemble-harnais-golden-force\/","title":{"rendered":"L&#8217;ensemble harnais Golden Force"},"content":{"rendered":"<p>Ensemble Golden force. Il est composer d&#8217;un soutien gorge, votre poitrine est recouverte de chaine dor\u00e9 que vous pouvez r\u00e9gler a l&#8217;arri\u00e8re, c&#8217;est une ceinture en maille noir qui viens la soutenir, les \u00e9paule sont structur\u00e9 avec une bande noir qui est rattacher a un collier. L&#8217;ensemble comprend aussi un string taille haute en maille, on retrouve le d\u00e9tail des chaines dor\u00e9 au niveau de la taille. Faite ressortir la femme forte qu&#8217;il y&#8217;a en vous !<\/p>\n","protected":false},"excerpt":{"rendered":"<p>Ensemble Golden force. Il est composer d&#8217;un soutien gorge, votre poitrine est recouverte de chaine dor\u00e9 que vous pouvez r\u00e9gler a l&#8217;arri\u00e8re, c&#8217;est une ceinture en maille noir qui viens la soutenir, les \u00e9paule sont structur\u00e9 avec une bande noir qui est rattacher a un collier. L&#8217;ensemble comprend aussi un string taille haute en maille,<\/p>\n","protected":false},"featured_media":110222,"template":"","meta":[],"pwb-brand":[2789],"product_brand":[],"product_cat":[3520],"product_tag":[],"giftcard-category":[],"class_list":{"0":"post-70826","1":"product","2":"type-product","3":"status-publish","4":"has-post-thumbnail","6":"pwb-brand-baed-stories","7":"product_cat-deguisement-sexy","9":"first","10":"outofstock","11":"taxable","12":"shipping-taxable","13":"purchasable","14":"product-type-variable"},"yoast_head":"<!-- This site is optimized with the Yoast SEO plugin v27.3 - https:\/\/yoast.com\/product\/yoast-seo-wordpress\/ -->\n<title>L&#039;ensemble harnais Golden Force \u2013 BAED - Madame Sensuelle<\/title>\n<meta name=\"description\" content=\"Ensemble Golden force. Il est composer d&#039;un soutien gorge, votre poitrine est recouverte de chaine dor\u00e9 que vous pouvez r\u00e9gler a l&#039;arri\u00e8re, c&#039;est une ceinture en maille noir qui viens la soutenir, les \u00e9paule sont structur\u00e9 avec une bande noir qui est rattacher a un collier. L&#039;ensemble comprend aussi un string taille haute en maille, on retrouve le d\u00e9tail des chaines dor\u00e9 au niveau de la taille. Faite ressortir la femme forte qu&#039;il y&#039;a en vous !\" \/>\n<meta name=\"robots\" content=\"index, follow, max-snippet:-1, max-image-preview:large, max-video-preview:-1\" \/>\n<link rel=\"canonical\" href=\"https:\/\/madame-sensuelle.paris\/fr\/product\/lensemble-harnais-golden-force\/\" \/>\n<meta property=\"og:locale\" content=\"fr_FR\" \/>\n<meta property=\"og:type\" content=\"article\" \/>\n<meta property=\"og:title\" content=\"L&#039;ensemble harnais Golden Force \u2013 BAED - Madame Sensuelle\" \/>\n<meta property=\"og:description\" content=\"Ensemble Golden force. Il est composer d&#039;un soutien gorge, votre poitrine est recouverte de chaine dor\u00e9 que vous pouvez r\u00e9gler a l&#039;arri\u00e8re, c&#039;est une ceinture en maille noir qui viens la soutenir, les \u00e9paule sont structur\u00e9 avec une bande noir qui est rattacher a un collier. L&#039;ensemble comprend aussi un string taille haute en maille, on retrouve le d\u00e9tail des chaines dor\u00e9 au niveau de la taille. Faite ressortir la femme forte qu&#039;il y&#039;a en vous !\" \/>\n<meta property=\"og:url\" content=\"https:\/\/madame-sensuelle.paris\/fr\/product\/lensemble-harnais-golden-force\/\" \/>\n<meta property=\"og:site_name\" content=\"Madame Sensuelle\" \/>\n<meta property=\"article:publisher\" content=\"https:\/\/www.facebook.com\/madamesensuelle\" \/>\n<meta property=\"article:modified_time\" content=\"2026-04-03T08:57:59+00:00\" \/>\n<meta property=\"og:image\" content=\"http:\/\/madame-sensuelle.paris\/wp-content\/uploads\/2024\/03\/61.jpg\" \/>\n\t<meta property=\"og:image:width\" content=\"886\" \/>\n\t<meta property=\"og:image:height\" content=\"1182\" \/>\n\t<meta property=\"og:image:type\" content=\"image\/jpeg\" \/>\n<meta name=\"twitter:card\" content=\"summary_large_image\" \/>\n<meta name=\"twitter:label1\" content=\"Dur\u00e9e de lecture estim\u00e9e\" \/>\n\t<meta name=\"twitter:data1\" content=\"2 minutes\" \/>\n<script type=\"application\/ld+json\" class=\"yoast-schema-graph\">{\"@context\":\"https:\\\/\\\/schema.org\",\"@graph\":[{\"@type\":\"WebPage\",\"@id\":\"https:\\\/\\\/madame-sensuelle.paris\\\/fr\\\/product\\\/lensemble-harnais-golden-force\\\/\",\"url\":\"https:\\\/\\\/madame-sensuelle.paris\\\/fr\\\/product\\\/lensemble-harnais-golden-force\\\/\",\"name\":\"L'ensemble harnais Golden Force \u2013 BAED - Madame Sensuelle\",\"isPartOf\":{\"@id\":\"https:\\\/\\\/madame-sensuelle.paris\\\/fr\\\/#website\"},\"primaryImageOfPage\":{\"@id\":\"https:\\\/\\\/madame-sensuelle.paris\\\/fr\\\/product\\\/lensemble-harnais-golden-force\\\/#primaryimage\"},\"image\":{\"@id\":\"https:\\\/\\\/madame-sensuelle.paris\\\/fr\\\/product\\\/lensemble-harnais-golden-force\\\/#primaryimage\"},\"thumbnailUrl\":\"https:\\\/\\\/madame-sensuelle.paris\\\/wp-content\\\/uploads\\\/2024\\\/03\\\/61.jpg\",\"datePublished\":\"2024-03-10T13:11:01+00:00\",\"dateModified\":\"2026-04-03T08:57:59+00:00\",\"description\":\"Ensemble Golden force. Il est composer d'un soutien gorge, votre poitrine est recouverte de chaine dor\u00e9 que vous pouvez r\u00e9gler a l'arri\u00e8re, c'est une ceinture en maille noir qui viens la soutenir, les \u00e9paule sont structur\u00e9 avec une bande noir qui est rattacher a un collier. L'ensemble comprend aussi un string taille haute en maille, on retrouve le d\u00e9tail des chaines dor\u00e9 au niveau de la taille. Faite ressortir la femme forte qu'il y'a en vous !\",\"breadcrumb\":{\"@id\":\"https:\\\/\\\/madame-sensuelle.paris\\\/fr\\\/product\\\/lensemble-harnais-golden-force\\\/#breadcrumb\"},\"inLanguage\":\"fr-FR\",\"potentialAction\":[{\"@type\":\"ReadAction\",\"target\":[\"https:\\\/\\\/madame-sensuelle.paris\\\/fr\\\/product\\\/lensemble-harnais-golden-force\\\/\"]}]},{\"@type\":\"ImageObject\",\"inLanguage\":\"fr-FR\",\"@id\":\"https:\\\/\\\/madame-sensuelle.paris\\\/fr\\\/product\\\/lensemble-harnais-golden-force\\\/#primaryimage\",\"url\":\"https:\\\/\\\/madame-sensuelle.paris\\\/wp-content\\\/uploads\\\/2024\\\/03\\\/61.jpg\",\"contentUrl\":\"https:\\\/\\\/madame-sensuelle.paris\\\/wp-content\\\/uploads\\\/2024\\\/03\\\/61.jpg\",\"width\":886,\"height\":1182},{\"@type\":\"BreadcrumbList\",\"@id\":\"https:\\\/\\\/madame-sensuelle.paris\\\/fr\\\/product\\\/lensemble-harnais-golden-force\\\/#breadcrumb\",\"itemListElement\":[{\"@type\":\"ListItem\",\"position\":1,\"name\":\"Acceuil\",\"item\":\"https:\\\/\\\/madame-sensuelle.paris\\\/fr\\\/\"},{\"@type\":\"ListItem\",\"position\":2,\"name\":\"Catalogue\",\"item\":\"https:\\\/\\\/madame-sensuelle.paris\\\/fr\\\/catalogue\\\/\"},{\"@type\":\"ListItem\",\"position\":3,\"name\":\"BAED\",\"item\":\"https:\\\/\\\/madame-sensuelle.paris\\\/fr\\\/brand\\\/baed-stories\\\/\"},{\"@type\":\"ListItem\",\"position\":4,\"name\":\"L&#8217;ensemble harnais Golden Force\"}]},{\"@type\":\"WebSite\",\"@id\":\"https:\\\/\\\/madame-sensuelle.paris\\\/fr\\\/#website\",\"url\":\"https:\\\/\\\/madame-sensuelle.paris\\\/fr\\\/\",\"name\":\"MADAME SENSUELLE\",\"description\":\"MADAME SENSUELLE: Found the biggest exciting brands of chic &amp; SEXY LINGERIE in Paris Boutique and on the WEB: Aubade, Dita Von Teese, Maison Close, Marjolaine, Bluebella, Atelier Amour, Luxxa, Catanzaro, Gracija Rim. You will found the big pleasure of sexy belt or bra make for you\",\"publisher\":{\"@id\":\"https:\\\/\\\/madame-sensuelle.paris\\\/fr\\\/#organization\"},\"potentialAction\":[{\"@type\":\"SearchAction\",\"target\":{\"@type\":\"EntryPoint\",\"urlTemplate\":\"https:\\\/\\\/madame-sensuelle.paris\\\/fr\\\/?s={search_term_string}\"},\"query-input\":{\"@type\":\"PropertyValueSpecification\",\"valueRequired\":true,\"valueName\":\"search_term_string\"}}],\"inLanguage\":\"fr-FR\"},{\"@type\":\"Organization\",\"@id\":\"https:\\\/\\\/madame-sensuelle.paris\\\/fr\\\/#organization\",\"name\":\"Madame Sensuelle\",\"url\":\"https:\\\/\\\/madame-sensuelle.paris\\\/fr\\\/\",\"logo\":{\"@type\":\"ImageObject\",\"inLanguage\":\"fr-FR\",\"@id\":\"https:\\\/\\\/madame-sensuelle.paris\\\/fr\\\/#\\\/schema\\\/logo\\\/image\\\/\",\"url\":\"https:\\\/\\\/madame-sensuelle.paris\\\/wp-content\\\/uploads\\\/2024\\\/12\\\/logo_a-1-1_696.webp\",\"contentUrl\":\"https:\\\/\\\/madame-sensuelle.paris\\\/wp-content\\\/uploads\\\/2024\\\/12\\\/logo_a-1-1_696.webp\",\"width\":696,\"height\":696,\"caption\":\"Madame Sensuelle\"},\"image\":{\"@id\":\"https:\\\/\\\/madame-sensuelle.paris\\\/fr\\\/#\\\/schema\\\/logo\\\/image\\\/\"},\"sameAs\":[\"https:\\\/\\\/www.facebook.com\\\/madamesensuelle\",\"https:\\\/\\\/www.instagram.com\\\/madame_sensuelle\\\/\"]}]}<\/script>\n<!-- \/ Yoast SEO plugin. -->","yoast_head_json":{"title":"L'ensemble harnais Golden Force \u2013 BAED - Madame Sensuelle","description":"Ensemble Golden force. Il est composer d'un soutien gorge, votre poitrine est recouverte de chaine dor\u00e9 que vous pouvez r\u00e9gler a l'arri\u00e8re, c'est une ceinture en maille noir qui viens la soutenir, les \u00e9paule sont structur\u00e9 avec une bande noir qui est rattacher a un collier. L'ensemble comprend aussi un string taille haute en maille, on retrouve le d\u00e9tail des chaines dor\u00e9 au niveau de la taille. Faite ressortir la femme forte qu'il y'a en vous !","robots":{"index":"index","follow":"follow","max-snippet":"max-snippet:-1","max-image-preview":"max-image-preview:large","max-video-preview":"max-video-preview:-1"},"canonical":"https:\/\/madame-sensuelle.paris\/fr\/product\/lensemble-harnais-golden-force\/","og_locale":"fr_FR","og_type":"article","og_title":"L'ensemble harnais Golden Force \u2013 BAED - Madame Sensuelle","og_description":"Ensemble Golden force. Il est composer d'un soutien gorge, votre poitrine est recouverte de chaine dor\u00e9 que vous pouvez r\u00e9gler a l'arri\u00e8re, c'est une ceinture en maille noir qui viens la soutenir, les \u00e9paule sont structur\u00e9 avec une bande noir qui est rattacher a un collier. L'ensemble comprend aussi un string taille haute en maille, on retrouve le d\u00e9tail des chaines dor\u00e9 au niveau de la taille. Faite ressortir la femme forte qu'il y'a en vous !","og_url":"https:\/\/madame-sensuelle.paris\/fr\/product\/lensemble-harnais-golden-force\/","og_site_name":"Madame Sensuelle","article_publisher":"https:\/\/www.facebook.com\/madamesensuelle","article_modified_time":"2026-04-03T08:57:59+00:00","og_image":[{"width":886,"height":1182,"url":"http:\/\/madame-sensuelle.paris\/wp-content\/uploads\/2024\/03\/61.jpg","type":"image\/jpeg"}],"twitter_card":"summary_large_image","twitter_misc":{"Dur\u00e9e de lecture estim\u00e9e":"2 minutes"},"schema":{"@context":"https:\/\/schema.org","@graph":[{"@type":"WebPage","@id":"https:\/\/madame-sensuelle.paris\/fr\/product\/lensemble-harnais-golden-force\/","url":"https:\/\/madame-sensuelle.paris\/fr\/product\/lensemble-harnais-golden-force\/","name":"L'ensemble harnais Golden Force \u2013 BAED - Madame Sensuelle","isPartOf":{"@id":"https:\/\/madame-sensuelle.paris\/fr\/#website"},"primaryImageOfPage":{"@id":"https:\/\/madame-sensuelle.paris\/fr\/product\/lensemble-harnais-golden-force\/#primaryimage"},"image":{"@id":"https:\/\/madame-sensuelle.paris\/fr\/product\/lensemble-harnais-golden-force\/#primaryimage"},"thumbnailUrl":"https:\/\/madame-sensuelle.paris\/wp-content\/uploads\/2024\/03\/61.jpg","datePublished":"2024-03-10T13:11:01+00:00","dateModified":"2026-04-03T08:57:59+00:00","description":"Ensemble Golden force. Il est composer d'un soutien gorge, votre poitrine est recouverte de chaine dor\u00e9 que vous pouvez r\u00e9gler a l'arri\u00e8re, c'est une ceinture en maille noir qui viens la soutenir, les \u00e9paule sont structur\u00e9 avec une bande noir qui est rattacher a un collier. L'ensemble comprend aussi un string taille haute en maille, on retrouve le d\u00e9tail des chaines dor\u00e9 au niveau de la taille. Faite ressortir la femme forte qu'il y'a en vous !","breadcrumb":{"@id":"https:\/\/madame-sensuelle.paris\/fr\/product\/lensemble-harnais-golden-force\/#breadcrumb"},"inLanguage":"fr-FR","potentialAction":[{"@type":"ReadAction","target":["https:\/\/madame-sensuelle.paris\/fr\/product\/lensemble-harnais-golden-force\/"]}]},{"@type":"ImageObject","inLanguage":"fr-FR","@id":"https:\/\/madame-sensuelle.paris\/fr\/product\/lensemble-harnais-golden-force\/#primaryimage","url":"https:\/\/madame-sensuelle.paris\/wp-content\/uploads\/2024\/03\/61.jpg","contentUrl":"https:\/\/madame-sensuelle.paris\/wp-content\/uploads\/2024\/03\/61.jpg","width":886,"height":1182},{"@type":"BreadcrumbList","@id":"https:\/\/madame-sensuelle.paris\/fr\/product\/lensemble-harnais-golden-force\/#breadcrumb","itemListElement":[{"@type":"ListItem","position":1,"name":"Acceuil","item":"https:\/\/madame-sensuelle.paris\/fr\/"},{"@type":"ListItem","position":2,"name":"Catalogue","item":"https:\/\/madame-sensuelle.paris\/fr\/catalogue\/"},{"@type":"ListItem","position":3,"name":"BAED","item":"https:\/\/madame-sensuelle.paris\/fr\/brand\/baed-stories\/"},{"@type":"ListItem","position":4,"name":"L&#8217;ensemble harnais Golden Force"}]},{"@type":"WebSite","@id":"https:\/\/madame-sensuelle.paris\/fr\/#website","url":"https:\/\/madame-sensuelle.paris\/fr\/","name":"MADAME SENSUELLE","description":"MADAME SENSUELLE: Found the biggest exciting brands of chic &amp; SEXY LINGERIE in Paris Boutique and on the WEB: Aubade, Dita Von Teese, Maison Close, Marjolaine, Bluebella, Atelier Amour, Luxxa, Catanzaro, Gracija Rim. You will found the big pleasure of sexy belt or bra make for you","publisher":{"@id":"https:\/\/madame-sensuelle.paris\/fr\/#organization"},"potentialAction":[{"@type":"SearchAction","target":{"@type":"EntryPoint","urlTemplate":"https:\/\/madame-sensuelle.paris\/fr\/?s={search_term_string}"},"query-input":{"@type":"PropertyValueSpecification","valueRequired":true,"valueName":"search_term_string"}}],"inLanguage":"fr-FR"},{"@type":"Organization","@id":"https:\/\/madame-sensuelle.paris\/fr\/#organization","name":"Madame Sensuelle","url":"https:\/\/madame-sensuelle.paris\/fr\/","logo":{"@type":"ImageObject","inLanguage":"fr-FR","@id":"https:\/\/madame-sensuelle.paris\/fr\/#\/schema\/logo\/image\/","url":"https:\/\/madame-sensuelle.paris\/wp-content\/uploads\/2024\/12\/logo_a-1-1_696.webp","contentUrl":"https:\/\/madame-sensuelle.paris\/wp-content\/uploads\/2024\/12\/logo_a-1-1_696.webp","width":696,"height":696,"caption":"Madame Sensuelle"},"image":{"@id":"https:\/\/madame-sensuelle.paris\/fr\/#\/schema\/logo\/image\/"},"sameAs":["https:\/\/www.facebook.com\/madamesensuelle","https:\/\/www.instagram.com\/madame_sensuelle\/"]}]}},"brands":[{"id":2789,"name":"BAED","slug":"baed-stories"}],"_links":{"self":[{"href":"https:\/\/madame-sensuelle.paris\/fr\/wp-json\/wp\/v2\/product\/70826","targetHints":{"allow":["GET"]}}],"collection":[{"href":"https:\/\/madame-sensuelle.paris\/fr\/wp-json\/wp\/v2\/product"}],"about":[{"href":"https:\/\/madame-sensuelle.paris\/fr\/wp-json\/wp\/v2\/types\/product"}],"version-history":[{"count":1,"href":"https:\/\/madame-sensuelle.paris\/fr\/wp-json\/wp\/v2\/product\/70826\/revisions"}],"predecessor-version":[{"id":110850,"href":"https:\/\/madame-sensuelle.paris\/fr\/wp-json\/wp\/v2\/product\/70826\/revisions\/110850"}],"wp:featuredmedia":[{"embeddable":true,"href":"https:\/\/madame-sensuelle.paris\/fr\/wp-json\/wp\/v2\/media\/110222"}],"wp:attachment":[{"href":"https:\/\/madame-sensuelle.paris\/fr\/wp-json\/wp\/v2\/media?parent=70826"}],"wp:term":[{"taxonomy":"pwb-brand","embeddable":true,"href":"https:\/\/madame-sensuelle.paris\/fr\/wp-json\/wp\/v2\/pwb-brand?post=70826"},{"taxonomy":"product_brand","embeddable":true,"href":"https:\/\/madame-sensuelle.paris\/fr\/wp-json\/wp\/v2\/product_brand?post=70826"},{"taxonomy":"product_cat","embeddable":true,"href":"https:\/\/madame-sensuelle.paris\/fr\/wp-json\/wp\/v2\/product_cat?post=70826"},{"taxonomy":"product_tag","embeddable":true,"href":"https:\/\/madame-sensuelle.paris\/fr\/wp-json\/wp\/v2\/product_tag?post=70826"},{"taxonomy":"giftcard-category","embeddable":true,"href":"https:\/\/madame-sensuelle.paris\/fr\/wp-json\/wp\/v2\/giftcard-category?post=70826"}],"curies":[{"name":"wp","href":"https:\/\/api.w.org\/{rel}","templated":true}]}}