{"id":70916,"date":"2024-03-10T13:11:17","date_gmt":"2024-03-10T13:11:17","guid":{"rendered":"https:\/\/madame-sensuelle.eu\/?post_type=product&#038;p=70916"},"modified":"2026-04-03T09:27:59","modified_gmt":"2026-04-03T09:27:59","slug":"bi-2019000048804-tu-noir","status":"publish","type":"product","link":"https:\/\/madame-sensuelle.paris\/fr\/product\/bi-2019000048804-tu-noir\/","title":{"rendered":"Lubrifiant neutre \u00e0 base d&#8217;eau &#8211; sex au naturel"},"content":{"rendered":"<p>Il est grand temps que nous commencions \u00e0 voir nos lubrifiants arborer la m\u00eame formule formidable que nos produits de soins de la peau. Donnons-leur l&#8217;importance qu&#8217;ils m\u00e9ritent ! \u00c0 BASE D&#8217;EAU VEGAN SANS GLYC\u00c9RINE SANS PARFUM NI COLORANT PH OPTIMIS\u00c9 POUR CORRESPONDRE AU V\u00d4TRE TEST\u00c9 DERMATOLOGIQUEMENT OSMOLALIT\u00c9* INF\u00c9RIEURE \u00c0 380MOSM\/KG Outre les nombreux facteurs qui peuvent contribuer \u00e0 un manque de lubrification (comme votre alimentation et votre niveau de stress, par exemple), les lubrifiants ne sont pas r\u00e9serv\u00e9s aux personnes ayant une vulve. Ils sont des alli\u00e9s parfaits pour les jeux en solo, que vous ayez une vulve ou un p\u00e9nis. Ils s&#8217;accordent aussi parfaitement avec votre masseur pr\u00e9f\u00e9r\u00e9 et, surtout, toutes les zones du corps ne lubrifient pas naturellement et il faut que les choses restent owing (s\u00fbres, indolores et amusantes). Un lubrifiant n&#8217;est pas seulement une solution aux probl\u00e8mes, c&#8217;est le ma\u00eetre Jedi des &#8220;accessoires&#8221; sexuels. Un lubrifiant \u00e0 base d&#8217;eau, de qualit\u00e9 m\u00e9dicale, formul\u00e9 avec des ingr\u00e9dients de haute qualit\u00e9 pour correspondre \u00e0 votre lubrification naturelle, sans parfum, colorant ou sucre ajout\u00e9. Contenu : Lubrifiant neutre \u00e0 base d&#8217;eau. 30ml &#8211; 1 FL.OZ.<\/p>\n","protected":false},"excerpt":{"rendered":"<p>Il est grand temps que nous commencions \u00e0 voir nos lubrifiants arborer la m\u00eame formule formidable que nos produits de soins de la peau. Donnons-leur l&#8217;importance qu&#8217;ils m\u00e9ritent ! \u00c0 BASE D&#8217;EAU VEGAN SANS GLYC\u00c9RINE SANS PARFUM NI COLORANT PH OPTIMIS\u00c9 POUR CORRESPONDRE AU V\u00d4TRE TEST\u00c9 DERMATOLOGIQUEMENT OSMOLALIT\u00c9* INF\u00c9RIEURE \u00c0 380MOSM\/KG Outre les nombreux facteurs<\/p>\n","protected":false},"featured_media":87555,"template":"","meta":[],"pwb-brand":[2762],"product_brand":[],"product_cat":[3072,3073],"product_tag":[],"giftcard-category":[],"class_list":{"0":"post-70916","1":"product","2":"type-product","3":"status-publish","4":"has-post-thumbnail","6":"pwb-brand-bijoux-indiscrets","7":"product_cat-cosmetiques-de-corps","8":"product_cat-intimes-cosmetiques","10":"first","11":"instock","12":"taxable","13":"shipping-taxable","14":"purchasable","15":"product-type-variable","16":"has-default-attributes"},"yoast_head":"<!-- This site is optimized with the Yoast SEO plugin v27.3 - https:\/\/yoast.com\/product\/yoast-seo-wordpress\/ -->\n<title>Lubrifiant neutre \u00e0 base d&#039;eau - sex au naturel \u2013 BIJOUX INDISCRETS - Madame Sensuelle<\/title>\n<meta name=\"description\" content=\"Le mod\u00e8le Lubrifiant neutre \u00e0 base d&#039;eau - sex au naturel sign\u00e9 BIJOUX INDISCRETS, \u00e0 d\u00e9couvrir chez Madame Sensuelle. Essayage VIP disponible.\" \/>\n<meta name=\"robots\" content=\"index, follow, max-snippet:-1, max-image-preview:large, max-video-preview:-1\" \/>\n<link rel=\"canonical\" href=\"https:\/\/madame-sensuelle.paris\/fr\/product\/bi-2019000048804-tu-noir\/\" \/>\n<meta property=\"og:locale\" content=\"fr_FR\" \/>\n<meta property=\"og:type\" content=\"article\" \/>\n<meta property=\"og:title\" content=\"Lubrifiant neutre \u00e0 base d&#039;eau - sex au naturel \u2013 BIJOUX INDISCRETS - Madame Sensuelle\" \/>\n<meta property=\"og:description\" content=\"Le mod\u00e8le Lubrifiant neutre \u00e0 base d&#039;eau - sex au naturel sign\u00e9 BIJOUX INDISCRETS, \u00e0 d\u00e9couvrir chez Madame Sensuelle. Essayage VIP disponible.\" \/>\n<meta property=\"og:url\" content=\"https:\/\/madame-sensuelle.paris\/fr\/product\/bi-2019000048804-tu-noir\/\" \/>\n<meta property=\"og:site_name\" content=\"Madame Sensuelle\" \/>\n<meta property=\"article:publisher\" content=\"https:\/\/www.facebook.com\/madamesensuelle\" \/>\n<meta property=\"article:modified_time\" content=\"2026-04-03T09:27:59+00:00\" \/>\n<meta property=\"og:image\" content=\"http:\/\/madame-sensuelle.paris\/wp-content\/uploads\/2024\/03\/0351bijoux-au-naturel-tube-neutral_900x_1.jpg\" \/>\n\t<meta property=\"og:image:width\" content=\"800\" \/>\n\t<meta property=\"og:image:height\" content=\"1200\" \/>\n\t<meta property=\"og:image:type\" content=\"image\/jpeg\" \/>\n<meta name=\"twitter:card\" content=\"summary_large_image\" \/>\n<meta name=\"twitter:label1\" content=\"Dur\u00e9e de lecture estim\u00e9e\" \/>\n\t<meta name=\"twitter:data1\" content=\"2 minutes\" \/>\n<script type=\"application\/ld+json\" class=\"yoast-schema-graph\">{\"@context\":\"https:\\\/\\\/schema.org\",\"@graph\":[{\"@type\":\"WebPage\",\"@id\":\"https:\\\/\\\/madame-sensuelle.paris\\\/fr\\\/product\\\/bi-2019000048804-tu-noir\\\/\",\"url\":\"https:\\\/\\\/madame-sensuelle.paris\\\/fr\\\/product\\\/bi-2019000048804-tu-noir\\\/\",\"name\":\"Lubrifiant neutre \u00e0 base d'eau - sex au naturel \u2013 BIJOUX INDISCRETS - Madame Sensuelle\",\"isPartOf\":{\"@id\":\"https:\\\/\\\/madame-sensuelle.paris\\\/fr\\\/#website\"},\"primaryImageOfPage\":{\"@id\":\"https:\\\/\\\/madame-sensuelle.paris\\\/fr\\\/product\\\/bi-2019000048804-tu-noir\\\/#primaryimage\"},\"image\":{\"@id\":\"https:\\\/\\\/madame-sensuelle.paris\\\/fr\\\/product\\\/bi-2019000048804-tu-noir\\\/#primaryimage\"},\"thumbnailUrl\":\"https:\\\/\\\/madame-sensuelle.paris\\\/wp-content\\\/uploads\\\/2024\\\/03\\\/0351bijoux-au-naturel-tube-neutral_900x_1.jpg\",\"datePublished\":\"2024-03-10T13:11:17+00:00\",\"dateModified\":\"2026-04-03T09:27:59+00:00\",\"description\":\"Le mod\u00e8le Lubrifiant neutre \u00e0 base d'eau - sex au naturel sign\u00e9 BIJOUX INDISCRETS, \u00e0 d\u00e9couvrir chez Madame Sensuelle. Essayage VIP disponible.\",\"breadcrumb\":{\"@id\":\"https:\\\/\\\/madame-sensuelle.paris\\\/fr\\\/product\\\/bi-2019000048804-tu-noir\\\/#breadcrumb\"},\"inLanguage\":\"fr-FR\",\"potentialAction\":[{\"@type\":\"ReadAction\",\"target\":[\"https:\\\/\\\/madame-sensuelle.paris\\\/fr\\\/product\\\/bi-2019000048804-tu-noir\\\/\"]}]},{\"@type\":\"ImageObject\",\"inLanguage\":\"fr-FR\",\"@id\":\"https:\\\/\\\/madame-sensuelle.paris\\\/fr\\\/product\\\/bi-2019000048804-tu-noir\\\/#primaryimage\",\"url\":\"https:\\\/\\\/madame-sensuelle.paris\\\/wp-content\\\/uploads\\\/2024\\\/03\\\/0351bijoux-au-naturel-tube-neutral_900x_1.jpg\",\"contentUrl\":\"https:\\\/\\\/madame-sensuelle.paris\\\/wp-content\\\/uploads\\\/2024\\\/03\\\/0351bijoux-au-naturel-tube-neutral_900x_1.jpg\",\"width\":800,\"height\":1200},{\"@type\":\"BreadcrumbList\",\"@id\":\"https:\\\/\\\/madame-sensuelle.paris\\\/fr\\\/product\\\/bi-2019000048804-tu-noir\\\/#breadcrumb\",\"itemListElement\":[{\"@type\":\"ListItem\",\"position\":1,\"name\":\"Acceuil\",\"item\":\"https:\\\/\\\/madame-sensuelle.paris\\\/fr\\\/\"},{\"@type\":\"ListItem\",\"position\":2,\"name\":\"Catalogue\",\"item\":\"https:\\\/\\\/madame-sensuelle.paris\\\/fr\\\/catalogue\\\/\"},{\"@type\":\"ListItem\",\"position\":3,\"name\":\"BIJOUX INDISCRETS\",\"item\":\"https:\\\/\\\/madame-sensuelle.paris\\\/fr\\\/brand\\\/bijoux-indiscrets\\\/\"},{\"@type\":\"ListItem\",\"position\":4,\"name\":\"Lubrifiant neutre \u00e0 base d&#8217;eau &#8211; sex au naturel\"}]},{\"@type\":\"WebSite\",\"@id\":\"https:\\\/\\\/madame-sensuelle.paris\\\/fr\\\/#website\",\"url\":\"https:\\\/\\\/madame-sensuelle.paris\\\/fr\\\/\",\"name\":\"MADAME SENSUELLE\",\"description\":\"MADAME SENSUELLE: Found the biggest exciting brands of chic &amp; SEXY LINGERIE in Paris Boutique and on the WEB: Aubade, Dita Von Teese, Maison Close, Marjolaine, Bluebella, Atelier Amour, Luxxa, Catanzaro, Gracija Rim. You will found the big pleasure of sexy belt or bra make for you\",\"publisher\":{\"@id\":\"https:\\\/\\\/madame-sensuelle.paris\\\/fr\\\/#organization\"},\"potentialAction\":[{\"@type\":\"SearchAction\",\"target\":{\"@type\":\"EntryPoint\",\"urlTemplate\":\"https:\\\/\\\/madame-sensuelle.paris\\\/fr\\\/?s={search_term_string}\"},\"query-input\":{\"@type\":\"PropertyValueSpecification\",\"valueRequired\":true,\"valueName\":\"search_term_string\"}}],\"inLanguage\":\"fr-FR\"},{\"@type\":\"Organization\",\"@id\":\"https:\\\/\\\/madame-sensuelle.paris\\\/fr\\\/#organization\",\"name\":\"Madame Sensuelle\",\"url\":\"https:\\\/\\\/madame-sensuelle.paris\\\/fr\\\/\",\"logo\":{\"@type\":\"ImageObject\",\"inLanguage\":\"fr-FR\",\"@id\":\"https:\\\/\\\/madame-sensuelle.paris\\\/fr\\\/#\\\/schema\\\/logo\\\/image\\\/\",\"url\":\"https:\\\/\\\/madame-sensuelle.paris\\\/wp-content\\\/uploads\\\/2024\\\/12\\\/logo_a-1-1_696.webp\",\"contentUrl\":\"https:\\\/\\\/madame-sensuelle.paris\\\/wp-content\\\/uploads\\\/2024\\\/12\\\/logo_a-1-1_696.webp\",\"width\":696,\"height\":696,\"caption\":\"Madame Sensuelle\"},\"image\":{\"@id\":\"https:\\\/\\\/madame-sensuelle.paris\\\/fr\\\/#\\\/schema\\\/logo\\\/image\\\/\"},\"sameAs\":[\"https:\\\/\\\/www.facebook.com\\\/madamesensuelle\",\"https:\\\/\\\/www.instagram.com\\\/madame_sensuelle\\\/\"]}]}<\/script>\n<!-- \/ Yoast SEO plugin. -->","yoast_head_json":{"title":"Lubrifiant neutre \u00e0 base d'eau - sex au naturel \u2013 BIJOUX INDISCRETS - Madame Sensuelle","description":"Le mod\u00e8le Lubrifiant neutre \u00e0 base d'eau - sex au naturel sign\u00e9 BIJOUX INDISCRETS, \u00e0 d\u00e9couvrir chez Madame Sensuelle. Essayage VIP disponible.","robots":{"index":"index","follow":"follow","max-snippet":"max-snippet:-1","max-image-preview":"max-image-preview:large","max-video-preview":"max-video-preview:-1"},"canonical":"https:\/\/madame-sensuelle.paris\/fr\/product\/bi-2019000048804-tu-noir\/","og_locale":"fr_FR","og_type":"article","og_title":"Lubrifiant neutre \u00e0 base d'eau - sex au naturel \u2013 BIJOUX INDISCRETS - Madame Sensuelle","og_description":"Le mod\u00e8le Lubrifiant neutre \u00e0 base d'eau - sex au naturel sign\u00e9 BIJOUX INDISCRETS, \u00e0 d\u00e9couvrir chez Madame Sensuelle. Essayage VIP disponible.","og_url":"https:\/\/madame-sensuelle.paris\/fr\/product\/bi-2019000048804-tu-noir\/","og_site_name":"Madame Sensuelle","article_publisher":"https:\/\/www.facebook.com\/madamesensuelle","article_modified_time":"2026-04-03T09:27:59+00:00","og_image":[{"width":800,"height":1200,"url":"http:\/\/madame-sensuelle.paris\/wp-content\/uploads\/2024\/03\/0351bijoux-au-naturel-tube-neutral_900x_1.jpg","type":"image\/jpeg"}],"twitter_card":"summary_large_image","twitter_misc":{"Dur\u00e9e de lecture estim\u00e9e":"2 minutes"},"schema":{"@context":"https:\/\/schema.org","@graph":[{"@type":"WebPage","@id":"https:\/\/madame-sensuelle.paris\/fr\/product\/bi-2019000048804-tu-noir\/","url":"https:\/\/madame-sensuelle.paris\/fr\/product\/bi-2019000048804-tu-noir\/","name":"Lubrifiant neutre \u00e0 base d'eau - sex au naturel \u2013 BIJOUX INDISCRETS - Madame Sensuelle","isPartOf":{"@id":"https:\/\/madame-sensuelle.paris\/fr\/#website"},"primaryImageOfPage":{"@id":"https:\/\/madame-sensuelle.paris\/fr\/product\/bi-2019000048804-tu-noir\/#primaryimage"},"image":{"@id":"https:\/\/madame-sensuelle.paris\/fr\/product\/bi-2019000048804-tu-noir\/#primaryimage"},"thumbnailUrl":"https:\/\/madame-sensuelle.paris\/wp-content\/uploads\/2024\/03\/0351bijoux-au-naturel-tube-neutral_900x_1.jpg","datePublished":"2024-03-10T13:11:17+00:00","dateModified":"2026-04-03T09:27:59+00:00","description":"Le mod\u00e8le Lubrifiant neutre \u00e0 base d'eau - sex au naturel sign\u00e9 BIJOUX INDISCRETS, \u00e0 d\u00e9couvrir chez Madame Sensuelle. Essayage VIP disponible.","breadcrumb":{"@id":"https:\/\/madame-sensuelle.paris\/fr\/product\/bi-2019000048804-tu-noir\/#breadcrumb"},"inLanguage":"fr-FR","potentialAction":[{"@type":"ReadAction","target":["https:\/\/madame-sensuelle.paris\/fr\/product\/bi-2019000048804-tu-noir\/"]}]},{"@type":"ImageObject","inLanguage":"fr-FR","@id":"https:\/\/madame-sensuelle.paris\/fr\/product\/bi-2019000048804-tu-noir\/#primaryimage","url":"https:\/\/madame-sensuelle.paris\/wp-content\/uploads\/2024\/03\/0351bijoux-au-naturel-tube-neutral_900x_1.jpg","contentUrl":"https:\/\/madame-sensuelle.paris\/wp-content\/uploads\/2024\/03\/0351bijoux-au-naturel-tube-neutral_900x_1.jpg","width":800,"height":1200},{"@type":"BreadcrumbList","@id":"https:\/\/madame-sensuelle.paris\/fr\/product\/bi-2019000048804-tu-noir\/#breadcrumb","itemListElement":[{"@type":"ListItem","position":1,"name":"Acceuil","item":"https:\/\/madame-sensuelle.paris\/fr\/"},{"@type":"ListItem","position":2,"name":"Catalogue","item":"https:\/\/madame-sensuelle.paris\/fr\/catalogue\/"},{"@type":"ListItem","position":3,"name":"BIJOUX INDISCRETS","item":"https:\/\/madame-sensuelle.paris\/fr\/brand\/bijoux-indiscrets\/"},{"@type":"ListItem","position":4,"name":"Lubrifiant neutre \u00e0 base d&#8217;eau &#8211; sex au naturel"}]},{"@type":"WebSite","@id":"https:\/\/madame-sensuelle.paris\/fr\/#website","url":"https:\/\/madame-sensuelle.paris\/fr\/","name":"MADAME SENSUELLE","description":"MADAME SENSUELLE: Found the biggest exciting brands of chic &amp; SEXY LINGERIE in Paris Boutique and on the WEB: Aubade, Dita Von Teese, Maison Close, Marjolaine, Bluebella, Atelier Amour, Luxxa, Catanzaro, Gracija Rim. You will found the big pleasure of sexy belt or bra make for you","publisher":{"@id":"https:\/\/madame-sensuelle.paris\/fr\/#organization"},"potentialAction":[{"@type":"SearchAction","target":{"@type":"EntryPoint","urlTemplate":"https:\/\/madame-sensuelle.paris\/fr\/?s={search_term_string}"},"query-input":{"@type":"PropertyValueSpecification","valueRequired":true,"valueName":"search_term_string"}}],"inLanguage":"fr-FR"},{"@type":"Organization","@id":"https:\/\/madame-sensuelle.paris\/fr\/#organization","name":"Madame Sensuelle","url":"https:\/\/madame-sensuelle.paris\/fr\/","logo":{"@type":"ImageObject","inLanguage":"fr-FR","@id":"https:\/\/madame-sensuelle.paris\/fr\/#\/schema\/logo\/image\/","url":"https:\/\/madame-sensuelle.paris\/wp-content\/uploads\/2024\/12\/logo_a-1-1_696.webp","contentUrl":"https:\/\/madame-sensuelle.paris\/wp-content\/uploads\/2024\/12\/logo_a-1-1_696.webp","width":696,"height":696,"caption":"Madame Sensuelle"},"image":{"@id":"https:\/\/madame-sensuelle.paris\/fr\/#\/schema\/logo\/image\/"},"sameAs":["https:\/\/www.facebook.com\/madamesensuelle","https:\/\/www.instagram.com\/madame_sensuelle\/"]}]}},"brands":[{"id":2762,"name":"BIJOUX INDISCRETS","slug":"bijoux-indiscrets"}],"_links":{"self":[{"href":"https:\/\/madame-sensuelle.paris\/fr\/wp-json\/wp\/v2\/product\/70916","targetHints":{"allow":["GET"]}}],"collection":[{"href":"https:\/\/madame-sensuelle.paris\/fr\/wp-json\/wp\/v2\/product"}],"about":[{"href":"https:\/\/madame-sensuelle.paris\/fr\/wp-json\/wp\/v2\/types\/product"}],"version-history":[{"count":1,"href":"https:\/\/madame-sensuelle.paris\/fr\/wp-json\/wp\/v2\/product\/70916\/revisions"}],"predecessor-version":[{"id":115700,"href":"https:\/\/madame-sensuelle.paris\/fr\/wp-json\/wp\/v2\/product\/70916\/revisions\/115700"}],"wp:featuredmedia":[{"embeddable":true,"href":"https:\/\/madame-sensuelle.paris\/fr\/wp-json\/wp\/v2\/media\/87555"}],"wp:attachment":[{"href":"https:\/\/madame-sensuelle.paris\/fr\/wp-json\/wp\/v2\/media?parent=70916"}],"wp:term":[{"taxonomy":"pwb-brand","embeddable":true,"href":"https:\/\/madame-sensuelle.paris\/fr\/wp-json\/wp\/v2\/pwb-brand?post=70916"},{"taxonomy":"product_brand","embeddable":true,"href":"https:\/\/madame-sensuelle.paris\/fr\/wp-json\/wp\/v2\/product_brand?post=70916"},{"taxonomy":"product_cat","embeddable":true,"href":"https:\/\/madame-sensuelle.paris\/fr\/wp-json\/wp\/v2\/product_cat?post=70916"},{"taxonomy":"product_tag","embeddable":true,"href":"https:\/\/madame-sensuelle.paris\/fr\/wp-json\/wp\/v2\/product_tag?post=70916"},{"taxonomy":"giftcard-category","embeddable":true,"href":"https:\/\/madame-sensuelle.paris\/fr\/wp-json\/wp\/v2\/giftcard-category?post=70916"}],"curies":[{"name":"wp","href":"https:\/\/api.w.org\/{rel}","templated":true}]}}