{"id":99568,"date":"2024-03-25T11:42:29","date_gmt":"2024-03-25T11:42:29","guid":{"rendered":"https:\/\/madame-sensuelle.eu\/product\/robe-courte-manches-longues-bi-matiere-nuit-fauve\/"},"modified":"2026-03-30T06:45:25","modified_gmt":"2026-03-30T06:45:25","slug":"robe-courte-manches-longues-bi-matiere-nuit-fauve","status":"publish","type":"product","link":"https:\/\/madame-sensuelle.paris\/fr\/product\/robe-courte-manches-longues-bi-matiere-nuit-fauve\/","title":{"rendered":"Robe courte manches longues bi-mati\u00e8re Nuit Fauve"},"content":{"rendered":"<p data-start=\"148\" data-end=\"597\">Succombez au charme magn\u00e9tique de la Nuit Fauve.<\/p>\n<ul>\n<li data-start=\"148\" data-end=\"597\">Cette robe courte marie deux mati\u00e8res fines pour sublimer votre allure.<\/li>\n<li data-start=\"148\" data-end=\"597\">Son haut fluide apporte douceur et confort.<\/li>\n<li data-start=\"148\" data-end=\"597\">Sa jupe ajust\u00e9e affine la silhouette avec style.<\/li>\n<li data-start=\"148\" data-end=\"597\">Parfaite pour un d\u00eener ou une soir\u00e9e chic.<\/li>\n<\/ul>\n<p>Ses finitions soign\u00e9es et sa coupe nette refl\u00e8tent un charme intemporel.<\/p>\n","protected":false},"excerpt":{"rendered":"<p>Succombez au charme magn\u00e9tique de la Nuit Fauve. Cette robe courte marie deux mati\u00e8res fines pour sublimer votre allure. Son haut fluide apporte douceur et confort. Sa jupe ajust\u00e9e affine la silhouette avec style. Parfaite pour un d\u00eener ou une soir\u00e9e chic. Ses finitions soign\u00e9es et sa coupe nette refl\u00e8tent un charme intemporel.<\/p>\n","protected":false},"featured_media":104098,"template":"","meta":[],"pwb-brand":[2776],"product_brand":[],"product_cat":[1239,1235],"product_tag":[],"giftcard-category":[],"class_list":{"0":"post-99568","1":"product","2":"type-product","3":"status-publish","4":"has-post-thumbnail","6":"pwb-brand-maison-close","7":"product_cat-longewear","8":"product_cat-robes-sexy","9":"pa_collection-nuit-fauve-fr","11":"first","12":"instock","13":"taxable","14":"shipping-taxable","15":"purchasable","16":"product-type-variable","17":"has-default-attributes"},"yoast_head":"<!-- This site is optimized with the Yoast SEO plugin v27.3 - https:\/\/yoast.com\/product\/yoast-seo-wordpress\/ -->\n<title>Robe de la nouvelle collection NUIT FAUVE de Maison Close.<\/title>\n<meta name=\"description\" content=\"Robe courte manches longues bi-mati\u00e8re Nuit Fauve : \u00e9l\u00e9gance moderne, mati\u00e8res raffin\u00e9es et coupe flatteuse pour vos soir\u00e9es chic. ESSAYEZ LA !!\" \/>\n<meta name=\"robots\" content=\"index, follow, max-snippet:-1, max-image-preview:large, max-video-preview:-1\" \/>\n<link rel=\"canonical\" href=\"https:\/\/madame-sensuelle.paris\/fr\/product\/robe-courte-manches-longues-bi-matiere-nuit-fauve\/\" \/>\n<meta property=\"og:locale\" content=\"fr_FR\" \/>\n<meta property=\"og:type\" content=\"article\" \/>\n<meta property=\"og:title\" content=\"Robe de la nouvelle collection NUIT FAUVE de Maison Close.\" \/>\n<meta property=\"og:description\" content=\"Robe courte manches longues bi-mati\u00e8re Nuit Fauve : \u00e9l\u00e9gance moderne, mati\u00e8res raffin\u00e9es et coupe flatteuse pour vos soir\u00e9es chic. ESSAYEZ LA !!\" \/>\n<meta property=\"og:url\" content=\"https:\/\/madame-sensuelle.paris\/fr\/product\/robe-courte-manches-longues-bi-matiere-nuit-fauve\/\" \/>\n<meta property=\"og:site_name\" content=\"Madame Sensuelle\" \/>\n<meta property=\"article:publisher\" content=\"https:\/\/www.facebook.com\/madamesensuelle\" \/>\n<meta property=\"article:modified_time\" content=\"2026-03-30T06:45:25+00:00\" \/>\n<meta property=\"og:image\" content=\"http:\/\/madame-sensuelle.paris\/wp-content\/uploads\/2024\/07\/XSHD1TJ677.jpg\" \/>\n\t<meta property=\"og:image:width\" content=\"450\" \/>\n\t<meta property=\"og:image:height\" content=\"600\" \/>\n\t<meta property=\"og:image:type\" content=\"image\/jpeg\" \/>\n<meta name=\"twitter:card\" content=\"summary_large_image\" \/>\n<meta name=\"twitter:label1\" content=\"Dur\u00e9e de lecture estim\u00e9e\" \/>\n\t<meta name=\"twitter:data1\" content=\"2 minutes\" \/>\n<script type=\"application\/ld+json\" class=\"yoast-schema-graph\">{\"@context\":\"https:\\\/\\\/schema.org\",\"@graph\":[{\"@type\":\"WebPage\",\"@id\":\"https:\\\/\\\/madame-sensuelle.paris\\\/fr\\\/product\\\/robe-courte-manches-longues-bi-matiere-nuit-fauve\\\/\",\"url\":\"https:\\\/\\\/madame-sensuelle.paris\\\/fr\\\/product\\\/robe-courte-manches-longues-bi-matiere-nuit-fauve\\\/\",\"name\":\"Robe de la nouvelle collection NUIT FAUVE de Maison Close.\",\"isPartOf\":{\"@id\":\"https:\\\/\\\/madame-sensuelle.paris\\\/fr\\\/#website\"},\"primaryImageOfPage\":{\"@id\":\"https:\\\/\\\/madame-sensuelle.paris\\\/fr\\\/product\\\/robe-courte-manches-longues-bi-matiere-nuit-fauve\\\/#primaryimage\"},\"image\":{\"@id\":\"https:\\\/\\\/madame-sensuelle.paris\\\/fr\\\/product\\\/robe-courte-manches-longues-bi-matiere-nuit-fauve\\\/#primaryimage\"},\"thumbnailUrl\":\"https:\\\/\\\/madame-sensuelle.paris\\\/wp-content\\\/uploads\\\/2024\\\/07\\\/XSHD1TJ677.jpg\",\"datePublished\":\"2024-03-25T11:42:29+00:00\",\"dateModified\":\"2026-03-30T06:45:25+00:00\",\"description\":\"Robe courte manches longues bi-mati\u00e8re Nuit Fauve : \u00e9l\u00e9gance moderne, mati\u00e8res raffin\u00e9es et coupe flatteuse pour vos soir\u00e9es chic. ESSAYEZ LA !!\",\"breadcrumb\":{\"@id\":\"https:\\\/\\\/madame-sensuelle.paris\\\/fr\\\/product\\\/robe-courte-manches-longues-bi-matiere-nuit-fauve\\\/#breadcrumb\"},\"inLanguage\":\"fr-FR\",\"potentialAction\":[{\"@type\":\"ReadAction\",\"target\":[\"https:\\\/\\\/madame-sensuelle.paris\\\/fr\\\/product\\\/robe-courte-manches-longues-bi-matiere-nuit-fauve\\\/\"]}]},{\"@type\":\"ImageObject\",\"inLanguage\":\"fr-FR\",\"@id\":\"https:\\\/\\\/madame-sensuelle.paris\\\/fr\\\/product\\\/robe-courte-manches-longues-bi-matiere-nuit-fauve\\\/#primaryimage\",\"url\":\"https:\\\/\\\/madame-sensuelle.paris\\\/wp-content\\\/uploads\\\/2024\\\/07\\\/XSHD1TJ677.jpg\",\"contentUrl\":\"https:\\\/\\\/madame-sensuelle.paris\\\/wp-content\\\/uploads\\\/2024\\\/07\\\/XSHD1TJ677.jpg\",\"width\":450,\"height\":600},{\"@type\":\"BreadcrumbList\",\"@id\":\"https:\\\/\\\/madame-sensuelle.paris\\\/fr\\\/product\\\/robe-courte-manches-longues-bi-matiere-nuit-fauve\\\/#breadcrumb\",\"itemListElement\":[{\"@type\":\"ListItem\",\"position\":1,\"name\":\"Acceuil\",\"item\":\"https:\\\/\\\/madame-sensuelle.paris\\\/fr\\\/\"},{\"@type\":\"ListItem\",\"position\":2,\"name\":\"Catalogue\",\"item\":\"https:\\\/\\\/madame-sensuelle.paris\\\/fr\\\/catalogue\\\/\"},{\"@type\":\"ListItem\",\"position\":3,\"name\":\"MAISON CLOSE\",\"item\":\"https:\\\/\\\/madame-sensuelle.paris\\\/fr\\\/brand\\\/maison-close\\\/\"},{\"@type\":\"ListItem\",\"position\":4,\"name\":\"Robe courte manches longues bi-mati\u00e8re Nuit Fauve\"}]},{\"@type\":\"WebSite\",\"@id\":\"https:\\\/\\\/madame-sensuelle.paris\\\/fr\\\/#website\",\"url\":\"https:\\\/\\\/madame-sensuelle.paris\\\/fr\\\/\",\"name\":\"MADAME SENSUELLE\",\"description\":\"MADAME SENSUELLE: Found the biggest exciting brands of chic &amp; SEXY LINGERIE in Paris Boutique and on the WEB: Aubade, Dita Von Teese, Maison Close, Marjolaine, Bluebella, Atelier Amour, Luxxa, Catanzaro, Gracija Rim. You will found the big pleasure of sexy belt or bra make for you\",\"publisher\":{\"@id\":\"https:\\\/\\\/madame-sensuelle.paris\\\/fr\\\/#organization\"},\"potentialAction\":[{\"@type\":\"SearchAction\",\"target\":{\"@type\":\"EntryPoint\",\"urlTemplate\":\"https:\\\/\\\/madame-sensuelle.paris\\\/fr\\\/?s={search_term_string}\"},\"query-input\":{\"@type\":\"PropertyValueSpecification\",\"valueRequired\":true,\"valueName\":\"search_term_string\"}}],\"inLanguage\":\"fr-FR\"},{\"@type\":\"Organization\",\"@id\":\"https:\\\/\\\/madame-sensuelle.paris\\\/fr\\\/#organization\",\"name\":\"Madame Sensuelle\",\"url\":\"https:\\\/\\\/madame-sensuelle.paris\\\/fr\\\/\",\"logo\":{\"@type\":\"ImageObject\",\"inLanguage\":\"fr-FR\",\"@id\":\"https:\\\/\\\/madame-sensuelle.paris\\\/fr\\\/#\\\/schema\\\/logo\\\/image\\\/\",\"url\":\"https:\\\/\\\/madame-sensuelle.paris\\\/wp-content\\\/uploads\\\/2024\\\/12\\\/logo_a-1-1_696.webp\",\"contentUrl\":\"https:\\\/\\\/madame-sensuelle.paris\\\/wp-content\\\/uploads\\\/2024\\\/12\\\/logo_a-1-1_696.webp\",\"width\":696,\"height\":696,\"caption\":\"Madame Sensuelle\"},\"image\":{\"@id\":\"https:\\\/\\\/madame-sensuelle.paris\\\/fr\\\/#\\\/schema\\\/logo\\\/image\\\/\"},\"sameAs\":[\"https:\\\/\\\/www.facebook.com\\\/madamesensuelle\",\"https:\\\/\\\/www.instagram.com\\\/madame_sensuelle\\\/\"]}]}<\/script>\n<!-- \/ Yoast SEO plugin. -->","yoast_head_json":{"title":"Robe de la nouvelle collection NUIT FAUVE de Maison Close.","description":"Robe courte manches longues bi-mati\u00e8re Nuit Fauve : \u00e9l\u00e9gance moderne, mati\u00e8res raffin\u00e9es et coupe flatteuse pour vos soir\u00e9es chic. ESSAYEZ LA !!","robots":{"index":"index","follow":"follow","max-snippet":"max-snippet:-1","max-image-preview":"max-image-preview:large","max-video-preview":"max-video-preview:-1"},"canonical":"https:\/\/madame-sensuelle.paris\/fr\/product\/robe-courte-manches-longues-bi-matiere-nuit-fauve\/","og_locale":"fr_FR","og_type":"article","og_title":"Robe de la nouvelle collection NUIT FAUVE de Maison Close.","og_description":"Robe courte manches longues bi-mati\u00e8re Nuit Fauve : \u00e9l\u00e9gance moderne, mati\u00e8res raffin\u00e9es et coupe flatteuse pour vos soir\u00e9es chic. ESSAYEZ LA !!","og_url":"https:\/\/madame-sensuelle.paris\/fr\/product\/robe-courte-manches-longues-bi-matiere-nuit-fauve\/","og_site_name":"Madame Sensuelle","article_publisher":"https:\/\/www.facebook.com\/madamesensuelle","article_modified_time":"2026-03-30T06:45:25+00:00","og_image":[{"width":450,"height":600,"url":"http:\/\/madame-sensuelle.paris\/wp-content\/uploads\/2024\/07\/XSHD1TJ677.jpg","type":"image\/jpeg"}],"twitter_card":"summary_large_image","twitter_misc":{"Dur\u00e9e de lecture estim\u00e9e":"2 minutes"},"schema":{"@context":"https:\/\/schema.org","@graph":[{"@type":"WebPage","@id":"https:\/\/madame-sensuelle.paris\/fr\/product\/robe-courte-manches-longues-bi-matiere-nuit-fauve\/","url":"https:\/\/madame-sensuelle.paris\/fr\/product\/robe-courte-manches-longues-bi-matiere-nuit-fauve\/","name":"Robe de la nouvelle collection NUIT FAUVE de Maison Close.","isPartOf":{"@id":"https:\/\/madame-sensuelle.paris\/fr\/#website"},"primaryImageOfPage":{"@id":"https:\/\/madame-sensuelle.paris\/fr\/product\/robe-courte-manches-longues-bi-matiere-nuit-fauve\/#primaryimage"},"image":{"@id":"https:\/\/madame-sensuelle.paris\/fr\/product\/robe-courte-manches-longues-bi-matiere-nuit-fauve\/#primaryimage"},"thumbnailUrl":"https:\/\/madame-sensuelle.paris\/wp-content\/uploads\/2024\/07\/XSHD1TJ677.jpg","datePublished":"2024-03-25T11:42:29+00:00","dateModified":"2026-03-30T06:45:25+00:00","description":"Robe courte manches longues bi-mati\u00e8re Nuit Fauve : \u00e9l\u00e9gance moderne, mati\u00e8res raffin\u00e9es et coupe flatteuse pour vos soir\u00e9es chic. ESSAYEZ LA !!","breadcrumb":{"@id":"https:\/\/madame-sensuelle.paris\/fr\/product\/robe-courte-manches-longues-bi-matiere-nuit-fauve\/#breadcrumb"},"inLanguage":"fr-FR","potentialAction":[{"@type":"ReadAction","target":["https:\/\/madame-sensuelle.paris\/fr\/product\/robe-courte-manches-longues-bi-matiere-nuit-fauve\/"]}]},{"@type":"ImageObject","inLanguage":"fr-FR","@id":"https:\/\/madame-sensuelle.paris\/fr\/product\/robe-courte-manches-longues-bi-matiere-nuit-fauve\/#primaryimage","url":"https:\/\/madame-sensuelle.paris\/wp-content\/uploads\/2024\/07\/XSHD1TJ677.jpg","contentUrl":"https:\/\/madame-sensuelle.paris\/wp-content\/uploads\/2024\/07\/XSHD1TJ677.jpg","width":450,"height":600},{"@type":"BreadcrumbList","@id":"https:\/\/madame-sensuelle.paris\/fr\/product\/robe-courte-manches-longues-bi-matiere-nuit-fauve\/#breadcrumb","itemListElement":[{"@type":"ListItem","position":1,"name":"Acceuil","item":"https:\/\/madame-sensuelle.paris\/fr\/"},{"@type":"ListItem","position":2,"name":"Catalogue","item":"https:\/\/madame-sensuelle.paris\/fr\/catalogue\/"},{"@type":"ListItem","position":3,"name":"MAISON CLOSE","item":"https:\/\/madame-sensuelle.paris\/fr\/brand\/maison-close\/"},{"@type":"ListItem","position":4,"name":"Robe courte manches longues bi-mati\u00e8re Nuit Fauve"}]},{"@type":"WebSite","@id":"https:\/\/madame-sensuelle.paris\/fr\/#website","url":"https:\/\/madame-sensuelle.paris\/fr\/","name":"MADAME SENSUELLE","description":"MADAME SENSUELLE: Found the biggest exciting brands of chic &amp; SEXY LINGERIE in Paris Boutique and on the WEB: Aubade, Dita Von Teese, Maison Close, Marjolaine, Bluebella, Atelier Amour, Luxxa, Catanzaro, Gracija Rim. You will found the big pleasure of sexy belt or bra make for you","publisher":{"@id":"https:\/\/madame-sensuelle.paris\/fr\/#organization"},"potentialAction":[{"@type":"SearchAction","target":{"@type":"EntryPoint","urlTemplate":"https:\/\/madame-sensuelle.paris\/fr\/?s={search_term_string}"},"query-input":{"@type":"PropertyValueSpecification","valueRequired":true,"valueName":"search_term_string"}}],"inLanguage":"fr-FR"},{"@type":"Organization","@id":"https:\/\/madame-sensuelle.paris\/fr\/#organization","name":"Madame Sensuelle","url":"https:\/\/madame-sensuelle.paris\/fr\/","logo":{"@type":"ImageObject","inLanguage":"fr-FR","@id":"https:\/\/madame-sensuelle.paris\/fr\/#\/schema\/logo\/image\/","url":"https:\/\/madame-sensuelle.paris\/wp-content\/uploads\/2024\/12\/logo_a-1-1_696.webp","contentUrl":"https:\/\/madame-sensuelle.paris\/wp-content\/uploads\/2024\/12\/logo_a-1-1_696.webp","width":696,"height":696,"caption":"Madame Sensuelle"},"image":{"@id":"https:\/\/madame-sensuelle.paris\/fr\/#\/schema\/logo\/image\/"},"sameAs":["https:\/\/www.facebook.com\/madamesensuelle","https:\/\/www.instagram.com\/madame_sensuelle\/"]}]}},"brands":[{"id":2776,"name":"MAISON CLOSE","slug":"maison-close"}],"_links":{"self":[{"href":"https:\/\/madame-sensuelle.paris\/fr\/wp-json\/wp\/v2\/product\/99568","targetHints":{"allow":["GET"]}}],"collection":[{"href":"https:\/\/madame-sensuelle.paris\/fr\/wp-json\/wp\/v2\/product"}],"about":[{"href":"https:\/\/madame-sensuelle.paris\/fr\/wp-json\/wp\/v2\/types\/product"}],"version-history":[{"count":1,"href":"https:\/\/madame-sensuelle.paris\/fr\/wp-json\/wp\/v2\/product\/99568\/revisions"}],"predecessor-version":[{"id":122375,"href":"https:\/\/madame-sensuelle.paris\/fr\/wp-json\/wp\/v2\/product\/99568\/revisions\/122375"}],"wp:featuredmedia":[{"embeddable":true,"href":"https:\/\/madame-sensuelle.paris\/fr\/wp-json\/wp\/v2\/media\/104098"}],"wp:attachment":[{"href":"https:\/\/madame-sensuelle.paris\/fr\/wp-json\/wp\/v2\/media?parent=99568"}],"wp:term":[{"taxonomy":"pwb-brand","embeddable":true,"href":"https:\/\/madame-sensuelle.paris\/fr\/wp-json\/wp\/v2\/pwb-brand?post=99568"},{"taxonomy":"product_brand","embeddable":true,"href":"https:\/\/madame-sensuelle.paris\/fr\/wp-json\/wp\/v2\/product_brand?post=99568"},{"taxonomy":"product_cat","embeddable":true,"href":"https:\/\/madame-sensuelle.paris\/fr\/wp-json\/wp\/v2\/product_cat?post=99568"},{"taxonomy":"product_tag","embeddable":true,"href":"https:\/\/madame-sensuelle.paris\/fr\/wp-json\/wp\/v2\/product_tag?post=99568"},{"taxonomy":"giftcard-category","embeddable":true,"href":"https:\/\/madame-sensuelle.paris\/fr\/wp-json\/wp\/v2\/giftcard-category?post=99568"}],"curies":[{"name":"wp","href":"https:\/\/api.w.org\/{rel}","templated":true}]}}